{"id":14717,"date":"2023-06-10T14:51:05","date_gmt":"2023-06-10T11:51:05","guid":{"rendered":"https:\/\/fluterm.eu\/prod\/rozdzielacz-ogrzewania-podlogowego-z-zestawem-pomp-i-zaworami-pompa-znamionowa-ibo-amg-a-7-obwodow\/"},"modified":"2023-06-10T14:51:05","modified_gmt":"2023-06-10T11:51:05","slug":"ogrzewanie-podlogowe-manifold-z-pompa-zaworami-ibo-amg-a-rated-pump-7-ports","status":"publish","type":"product","link":"https:\/\/fluterm.eu\/pl\/prod\/ogrzewanie-podlogowe-manifold-z-pompa-zaworami-ibo-amg-a-rated-pump-7-ports\/","title":{"rendered":"Rozdzielacz ogrzewania pod\u0142ogowego z zestawem pomp i zaworami \u2013 pompa znamionowa ibo amg A \u2013 7 obwod\u00f3w"},"content":{"rendered":"<h1>Rozdzielacz ogrzewania pod\u0142ogowego z zestawem pomp i zaworami &#8211; pompa bio amg A -7 port\u00f3w<\/h1>\n<p><strong>Co zawieraj\u0105 nasze zestawy pomp i rozdzielaczy?<\/strong><\/p>\n<p>Rozdzielacze ogrzewania pod\u0142ogowego s\u0105 dostarczane z:<\/p>\n<p>&#8222;A&#8221; Znamionowy zestaw pomp ibo.<\/p>\n<p>Przedmioty w zestawie:<\/p>\n<p>1 x wst\u0119pnie zamontowany kolektor z przep\u0142ywomierzami<\/p>\n<p>1 x odpowietrznik ko\u0144cowy<\/p>\n<p>1 x manometr<\/p>\n<p>2 x zawory kulowe<\/p>\n<p>2 x wska\u017anik temperatury (zamontowany na zaworach kulowych)<\/p>\n<p>1 x metalowe pude\u0142ko<\/p>\n<p>Eurocones fitting 16\/17 14 szt.<\/p>\n<p>Stacja pomp (zaw\u00f3r mieszaj\u0105cy)<\/p>\n<p>Dostarczany na wst\u0119pnie zamontowanym wsporniku.<\/p>\n<p>CMax ci\u015bnienie robocze 3 bar maks. ci\u015bnienie testowe 10 bar.<\/p>\n<p>Zakres temperatur: 35C &#8211; 65CMax ci\u015bnienie robocze:<\/p>\n<p>Nasze rozdzielacze s\u0105 przeznaczone do stosowania w wodnych systemach ogrzewania pod\u0142ogowego.<\/p>\n<p>Sk\u0142adaj\u0105 si\u0119 one z dw\u00f3ch kolektor\u00f3w, jednego dla przep\u0142ywu i jednego dla powrotu, wraz z zaworami kulowymi, zaworami spustowymi\/nape\u0142niaj\u0105cymi i odpowietrznikiem. Na pasku przep\u0142ywu ka\u017cdy port ma wysokowydajny wska\u017anik przep\u0142ywu, z izolatorem zawieraj\u0105cym \u0142atwe do odczytania szk\u0142o pomiarowe.<\/p>\n<p>Ka\u017cdy port na belce powrotnej jest wyposa\u017cony w zintegrowany zaw\u00f3r steruj\u0105cy i nasadk\u0119 ochronn\u0105, kt\u00f3ra umo\u017cliwia u\u017cytkownikowi regulacj\u0119 obj\u0119to\u015bci wody lub mo\u017ce zosta\u0107 usuni\u0119ta w celu pod\u0142\u0105czenia g\u0142owicy termoelektrycznej Manifold.<\/p>\n<p>&nbsp;<\/p>\n<p><strong>Wymiary rozdzielacza:<\/strong><\/p>\n<p>Po zamontowaniu pompy i miksera nale\u017cy doda\u0107 150 mm do d\u0142ugo\u015bci.<\/p>\n<p>Klucz znajduje si\u0119 na obrazku 12.<\/p>\n<p>A B C D E<\/p>\n<p>2-obwodowy zestaw rozdzielacza UFH 320 mm 210 mm 50 mm 276 mm 90 mm<\/p>\n<p>3-obwodowy zestaw rozdzielacza UFH 320 mm 210 mm 50 mm 326 mm 90 mm<\/p>\n<p>4-obwodowy zestaw rozdzielacza UFH 320 mm 210 mm 50 mm 376 mm 90 mm<\/p>\n<p>5-obwodowy zestaw rozdzielacza UFH 320 mm 210 mm 50 mm 426 mm 90 mm<\/p>\n<p>6-obwodowy zestaw rozdzielacza UFH 320 mm 210 mm 50 mm 476 mm 90 mm<\/p>\n<p>7-obwodowy zestaw rozdzielacza UFH 320 mm 210 mm 50 mm 526 mm 90 mm<\/p>\n<p>8-obwodowy zestaw rozdzielacza UFH 320 mm 210 mm 50 mm 576 mm 90 mm<\/p>\n<p>9-obwodowy zestaw rozdzielacza UFH 320 mm 210 mm 50 mm 626 mm 90 mm<\/p>\n<p>10-obwodowy zestaw rozdzielacza UFH 320 mm 210 mm 50 mm 676 mm 90 mm<\/p>\n<p>11-obwodowy zestaw rozdzielacza UFH 320 mm 210 mm 50 mm 726 mm 90 mm<\/p>\n<p>12-obwodowy zestaw rozdzielacza UFH 320 mm 210 mm 50 mm 776 mm 90 mm<\/p>\n<p>&nbsp;<\/p>\n<p><strong>Ogrzewanie pod\u0142ogowe:<\/strong><\/p>\n<p>The Underfloor Heating Site jest jednym z wiod\u0105cych dostawc\u00f3w ogrzewania pod\u0142ogowego w Wielkiej Brytanii, wspieranym przez wiod\u0105cych dostawc\u00f3w z wieloletnim do\u015bwiadczeniem w bran\u017cy ogrzewania pod\u0142ogowego. Naszym celem jest dostarczanie najwy\u017cszej jako\u015bci produkt\u00f3w do ogrzewania pod\u0142ogowego w przyst\u0119pnych cenach, co jest poparte pierwszorz\u0119dn\u0105 obs\u0142ug\u0105 klienta i doradztwem. Niezale\u017cnie od tego, czy chcesz tylko wy\u0142o\u017cy\u0107 p\u0142ytkami ma\u0142\u0105 \u0142azienk\u0119, czy szukasz pe\u0142nego systemu ogrzewania domu, jeste\u015bmy przekonani, \u017ce mamy dla Ciebie odpowiedni system.<\/p>\n<p>Nasza oferta obejmuje zestawy wodnego ogrzewania pod\u0142ogowego lub tylko rozdzielacz ogrzewania pod\u0142ogowego, rur\u0119 ogrzewania pod\u0142ogowego, podgrzewan\u0105 mat\u0119 pod\u0142ogow\u0105, darmowy kabel, izolacj\u0119, lustrzane podk\u0142adki odmg\u0142awiaj\u0105ce oraz wiele innych produkt\u00f3w.<\/p>\n","protected":false},"excerpt":{"rendered":"<p>Rozdzielacz ogrzewania pod\u0142ogowego z zestawem pomp i zaworami &#8211; pompa bio amg A -7 port\u00f3w Co zawieraj\u0105 nasze zestawy pomp i rozdzielaczy? Rozdzielacze ogrzewania pod\u0142ogowego s\u0105 dostarczane z: &#8222;A&#8221; Znamionowy zestaw pomp ibo. Przedmioty w zestawie: 1 x wst\u0119pnie zamontowany kolektor z przep\u0142ywomierzami 1 x odpowietrznik ko\u0144cowy 1 x manometr 2 x zawory kulowe 2&hellip;<\/p>\n","protected":false},"featured_media":3144,"comment_status":"open","ping_status":"closed","template":"","meta":[],"product_cat":[819],"product_tag":[],"class_list":{"0":"post-14717","1":"product","2":"type-product","3":"status-publish","4":"has-post-thumbnail","6":"product_cat-dystrybutorzy-ogrzewania-podlogowego","8":"first","9":"instock","10":"taxable","11":"shipping-taxable","12":"purchasable","13":"product-type-simple","14":"col-xs-6 col-sm-4","15":"col-md-4 col-lg-4","16":"un-3-cols"},"acf":[],"yoast_head":"<!-- This site is optimized with the Yoast SEO plugin v21.2 - https:\/\/yoast.com\/wordpress\/plugins\/seo\/ -->\n<title>Rozdzielacz ogrzewania pod\u0142ogowego z zestawem pomp i zaworami \u2013 pompa znamionowa ibo amg A \u2013 7 obwod\u00f3w<\/title>\n<meta name=\"description\" content=\"Order Rozdzielacz ogrzewania pod\u0142ogowego z zestawem pomp i zaworami \u2013 pompa znamionowa ibo amg A \u2013 7 obwod\u00f3w at a best price.\" \/>\n<meta name=\"robots\" content=\"index, follow, max-snippet:-1, max-image-preview:large, max-video-preview:-1\" \/>\n<link rel=\"canonical\" href=\"https:\/\/fluterm.eu\/pl\/prod\/rozdzielacz-ogrzewania-podlogowego-z-zestawem-pomp-i-zaworami-pompa-znamionowa-ibo-amg-a-7-obwodow\/\" \/>\n<meta property=\"og:locale\" content=\"pl_PL\" \/>\n<meta property=\"og:type\" content=\"article\" \/>\n<meta property=\"og:title\" content=\"Rozdzielacz ogrzewania pod\u0142ogowego z zestawem pomp i zaworami \u2013 pompa znamionowa ibo amg A \u2013 7 obwod\u00f3w\" \/>\n<meta property=\"og:description\" content=\"Order Rozdzielacz ogrzewania pod\u0142ogowego z zestawem pomp i zaworami \u2013 pompa znamionowa ibo amg A \u2013 7 obwod\u00f3w at a best price.\" \/>\n<meta property=\"og:url\" content=\"https:\/\/fluterm.eu\/pl\/prod\/rozdzielacz-ogrzewania-podlogowego-z-zestawem-pomp-i-zaworami-pompa-znamionowa-ibo-amg-a-7-obwodow\/\" \/>\n<meta property=\"og:site_name\" content=\"fluterm.eu\" \/>\n<meta property=\"og:image\" content=\"https:\/\/fluterm.eu\/wp-content\/uploads\/2023\/06\/PROD-89.jpeg\" \/>\n\t<meta property=\"og:image:width\" content=\"2000\" \/>\n\t<meta property=\"og:image:height\" content=\"2000\" \/>\n\t<meta property=\"og:image:type\" content=\"image\/jpeg\" \/>\n<meta name=\"twitter:card\" content=\"summary_large_image\" \/>\n<meta name=\"twitter:label1\" content=\"Szacowany czas czytania\" \/>\n\t<meta name=\"twitter:data1\" content=\"2 minuty\" \/>\n<script type=\"application\/ld+json\" class=\"yoast-schema-graph\">{\"@context\":\"https:\/\/schema.org\",\"@graph\":[{\"@type\":\"WebPage\",\"@id\":\"https:\/\/fluterm.eu\/pl\/prod\/rozdzielacz-ogrzewania-podlogowego-z-zestawem-pomp-i-zaworami-pompa-znamionowa-ibo-amg-a-7-obwodow\/\",\"url\":\"https:\/\/fluterm.eu\/pl\/prod\/rozdzielacz-ogrzewania-podlogowego-z-zestawem-pomp-i-zaworami-pompa-znamionowa-ibo-amg-a-7-obwodow\/\",\"name\":\"Rozdzielacz ogrzewania pod\u0142ogowego z zestawem pomp i zaworami \u2013 pompa znamionowa ibo amg A \u2013 7 obwod\u00f3w\",\"isPartOf\":{\"@id\":\"https:\/\/fluterm.eu\/#website\"},\"datePublished\":\"2023-06-10T11:51:05+00:00\",\"dateModified\":\"2023-06-10T11:51:05+00:00\",\"description\":\"Order Rozdzielacz ogrzewania pod\u0142ogowego z zestawem pomp i zaworami \u2013 pompa znamionowa ibo amg A \u2013 7 obwod\u00f3w at a best price.\",\"breadcrumb\":{\"@id\":\"https:\/\/fluterm.eu\/pl\/prod\/rozdzielacz-ogrzewania-podlogowego-z-zestawem-pomp-i-zaworami-pompa-znamionowa-ibo-amg-a-7-obwodow\/#breadcrumb\"},\"inLanguage\":\"pl-PL\",\"potentialAction\":[{\"@type\":\"ReadAction\",\"target\":[\"https:\/\/fluterm.eu\/pl\/prod\/rozdzielacz-ogrzewania-podlogowego-z-zestawem-pomp-i-zaworami-pompa-znamionowa-ibo-amg-a-7-obwodow\/\"]}]},{\"@type\":\"BreadcrumbList\",\"@id\":\"https:\/\/fluterm.eu\/pl\/prod\/rozdzielacz-ogrzewania-podlogowego-z-zestawem-pomp-i-zaworami-pompa-znamionowa-ibo-amg-a-7-obwodow\/#breadcrumb\",\"itemListElement\":[{\"@type\":\"ListItem\",\"position\":1,\"name\":\"Home\",\"item\":\"https:\/\/fluterm.eu\/pl\/sklep\/\"},{\"@type\":\"ListItem\",\"position\":2,\"name\":\"Sklep\",\"item\":\"https:\/\/fluterm.eu\/pl\/sklep\/\"},{\"@type\":\"ListItem\",\"position\":3,\"name\":\"Rozdzielacz ogrzewania pod\u0142ogowego z zestawem pomp i zaworami \u2013 pompa znamionowa ibo amg A \u2013 7 obwod\u00f3w\"}]},{\"@type\":\"WebSite\",\"@id\":\"https:\/\/fluterm.eu\/#website\",\"url\":\"https:\/\/fluterm.eu\/\",\"name\":\"fluterm.eu\",\"description\":\"\",\"potentialAction\":[{\"@type\":\"SearchAction\",\"target\":{\"@type\":\"EntryPoint\",\"urlTemplate\":\"https:\/\/fluterm.eu\/?s={search_term_string}\"},\"query-input\":\"required name=search_term_string\"}],\"inLanguage\":\"pl-PL\"}]}<\/script>\n<!-- \/ Yoast SEO plugin. -->","yoast_head_json":{"title":"Rozdzielacz ogrzewania pod\u0142ogowego z zestawem pomp i zaworami \u2013 pompa znamionowa ibo amg A \u2013 7 obwod\u00f3w","description":"Order Rozdzielacz ogrzewania pod\u0142ogowego z zestawem pomp i zaworami \u2013 pompa znamionowa ibo amg A \u2013 7 obwod\u00f3w at a best price.","robots":{"index":"index","follow":"follow","max-snippet":"max-snippet:-1","max-image-preview":"max-image-preview:large","max-video-preview":"max-video-preview:-1"},"canonical":"https:\/\/fluterm.eu\/pl\/prod\/rozdzielacz-ogrzewania-podlogowego-z-zestawem-pomp-i-zaworami-pompa-znamionowa-ibo-amg-a-7-obwodow\/","og_locale":"pl_PL","og_type":"article","og_title":"Rozdzielacz ogrzewania pod\u0142ogowego z zestawem pomp i zaworami \u2013 pompa znamionowa ibo amg A \u2013 7 obwod\u00f3w","og_description":"Order Rozdzielacz ogrzewania pod\u0142ogowego z zestawem pomp i zaworami \u2013 pompa znamionowa ibo amg A \u2013 7 obwod\u00f3w at a best price.","og_url":"https:\/\/fluterm.eu\/pl\/prod\/rozdzielacz-ogrzewania-podlogowego-z-zestawem-pomp-i-zaworami-pompa-znamionowa-ibo-amg-a-7-obwodow\/","og_site_name":"fluterm.eu","og_image":[{"width":2000,"height":2000,"url":"https:\/\/fluterm.eu\/wp-content\/uploads\/2023\/06\/PROD-89.jpeg","type":"image\/jpeg"}],"twitter_card":"summary_large_image","twitter_misc":{"Szacowany czas czytania":"2 minuty"},"schema":{"@context":"https:\/\/schema.org","@graph":[{"@type":"WebPage","@id":"https:\/\/fluterm.eu\/pl\/prod\/rozdzielacz-ogrzewania-podlogowego-z-zestawem-pomp-i-zaworami-pompa-znamionowa-ibo-amg-a-7-obwodow\/","url":"https:\/\/fluterm.eu\/pl\/prod\/rozdzielacz-ogrzewania-podlogowego-z-zestawem-pomp-i-zaworami-pompa-znamionowa-ibo-amg-a-7-obwodow\/","name":"Rozdzielacz ogrzewania pod\u0142ogowego z zestawem pomp i zaworami \u2013 pompa znamionowa ibo amg A \u2013 7 obwod\u00f3w","isPartOf":{"@id":"https:\/\/fluterm.eu\/#website"},"datePublished":"2023-06-10T11:51:05+00:00","dateModified":"2023-06-10T11:51:05+00:00","description":"Order Rozdzielacz ogrzewania pod\u0142ogowego z zestawem pomp i zaworami \u2013 pompa znamionowa ibo amg A \u2013 7 obwod\u00f3w at a best price.","breadcrumb":{"@id":"https:\/\/fluterm.eu\/pl\/prod\/rozdzielacz-ogrzewania-podlogowego-z-zestawem-pomp-i-zaworami-pompa-znamionowa-ibo-amg-a-7-obwodow\/#breadcrumb"},"inLanguage":"pl-PL","potentialAction":[{"@type":"ReadAction","target":["https:\/\/fluterm.eu\/pl\/prod\/rozdzielacz-ogrzewania-podlogowego-z-zestawem-pomp-i-zaworami-pompa-znamionowa-ibo-amg-a-7-obwodow\/"]}]},{"@type":"BreadcrumbList","@id":"https:\/\/fluterm.eu\/pl\/prod\/rozdzielacz-ogrzewania-podlogowego-z-zestawem-pomp-i-zaworami-pompa-znamionowa-ibo-amg-a-7-obwodow\/#breadcrumb","itemListElement":[{"@type":"ListItem","position":1,"name":"Home","item":"https:\/\/fluterm.eu\/pl\/sklep\/"},{"@type":"ListItem","position":2,"name":"Sklep","item":"https:\/\/fluterm.eu\/pl\/sklep\/"},{"@type":"ListItem","position":3,"name":"Rozdzielacz ogrzewania pod\u0142ogowego z zestawem pomp i zaworami \u2013 pompa znamionowa ibo amg A \u2013 7 obwod\u00f3w"}]},{"@type":"WebSite","@id":"https:\/\/fluterm.eu\/#website","url":"https:\/\/fluterm.eu\/","name":"fluterm.eu","description":"","potentialAction":[{"@type":"SearchAction","target":{"@type":"EntryPoint","urlTemplate":"https:\/\/fluterm.eu\/?s={search_term_string}"},"query-input":"required name=search_term_string"}],"inLanguage":"pl-PL"}]}},"_links":{"self":[{"href":"https:\/\/fluterm.eu\/pl\/wp-json\/wp\/v2\/product\/14717","targetHints":{"allow":["GET"]}}],"collection":[{"href":"https:\/\/fluterm.eu\/pl\/wp-json\/wp\/v2\/product"}],"about":[{"href":"https:\/\/fluterm.eu\/pl\/wp-json\/wp\/v2\/types\/product"}],"replies":[{"embeddable":true,"href":"https:\/\/fluterm.eu\/pl\/wp-json\/wp\/v2\/comments?post=14717"}],"version-history":[{"count":0,"href":"https:\/\/fluterm.eu\/pl\/wp-json\/wp\/v2\/product\/14717\/revisions"}],"wp:featuredmedia":[{"embeddable":true,"href":"https:\/\/fluterm.eu\/pl\/wp-json\/wp\/v2\/media\/3144"}],"wp:attachment":[{"href":"https:\/\/fluterm.eu\/pl\/wp-json\/wp\/v2\/media?parent=14717"}],"wp:term":[{"taxonomy":"product_cat","embeddable":true,"href":"https:\/\/fluterm.eu\/pl\/wp-json\/wp\/v2\/product_cat?post=14717"},{"taxonomy":"product_tag","embeddable":true,"href":"https:\/\/fluterm.eu\/pl\/wp-json\/wp\/v2\/product_tag?post=14717"}],"curies":[{"name":"wp","href":"https:\/\/api.w.org\/{rel}","templated":true}]}}