{"id":15052,"date":"2023-07-17T20:26:30","date_gmt":"2023-07-17T17:26:30","guid":{"rendered":"https:\/\/fluterm.eu\/prod\/uponor-smatrix-wave-pulse-l-zestaw-startowy-typu-l-1093287\/"},"modified":"2023-07-17T20:26:30","modified_gmt":"2023-07-17T17:26:30","slug":"uponor-smatrix-wave-pulse-l-starter-kit-type-l-1093287","status":"publish","type":"product","link":"https:\/\/fluterm.eu\/pl\/prod\/uponor-smatrix-wave-pulse-l-starter-kit-type-l-1093287\/","title":{"rendered":"UPONOR SMATRIX WAVE PULSE L &#8211; zestaw startowy typu L &#8211; 1093287"},"content":{"rendered":"<pre id=\"tw-target-text\" class=\"tw-data-text tw-text-large tw-ta\" dir=\"ltr\" data-placeholder=\"Translation\"><span class=\"Y2IQFc\" lang=\"en\">Uponor Smatrix is \u200b\u200ba fully integrated control system for radiant heating and cooling. Being intelligent and \nable to adapt, Uponor Smatrix is \u200b\u200bequipped with self-balancing technology, which constantly anticipates and \nadjusts the exact amount of energy needed to ensure optimal comfort at all times.<\/span><\/pre>\n<p><img loading=\"lazy\" decoding=\"async\" class=\" lazyloaded\" src=\"https:\/\/s.cdnmpro.com\/499367508\/content\/smatrix%20pulse.png\" alt=\"\" width=\"750\" height=\"473\" data-src=\"https:\/\/s.cdnmpro.com\/499367508\/content\/smatrix%20pulse.png\"><\/p>\n<p>Inteligentny system automatyki dla system\u00f3w promiennikowych<\/p>\n<p>&#8211; W jednym systemie mo\u017cna pod\u0142\u0105czy\u0107 do 4 jednostek steruj\u0105cych<br \/>\n&#8211; Napi\u0119cie zasilania: 230 V<br \/>\n&#8211; Samobalansowanie poprawia zu\u017cycie energii i komfort<br \/>\n&#8211; Sterowanie elektryczne<br \/>\n&#8211; Do jednej jednostki steruj\u0105cej mo\u017cna pod\u0142\u0105czy\u0107 do 6 termostat\u00f3w i 8 si\u0142ownik\u00f3w (24 V).<br \/>\n&#8211; Przeka\u017aniki pompy i bojlera<br \/>\n&#8211; Funkcja zapobiegaj\u0105ca zatarciu pompy i si\u0142ownika<br \/>\n&#8211; Kontrola wilgotno\u015bci wzgl\u0119dnej<br \/>\n&#8211; Wiele mo\u017cliwo\u015bci po\u0142\u0105cze\u0144 (szeregowe \/ gwiazda)<br \/>\n&#8211; Zasilanie 4-\u017cy\u0142owym, podw\u00f3jnie ekranowanym kablem BUS<br \/>\n&#8211; Protok\u00f3\u0142 komunikacyjny: RS485 magistrala szeregowa<br \/>\n&#8211; Maksymalna moc wej\u015bciowa si\u0142ownika: 24 VAC \/ 0,2 A (0,4 A w szczycie)<\/p>\n<p>&#8211; Dost\u0119p lokalny (Wi-Fi) lub zdalny (wymaga po\u0142\u0105czenia z Internetem) za pomoc\u0105 aplikacji Uponor Smatrix Pulse (z R-208)<br \/>\n&#8211; Tymczasowy punkt dost\u0119pu Wi-Fi do bezpo\u015bredniego dost\u0119pu (je\u015bli po\u0142\u0105czenie Wi-Fi nie jest dost\u0119pne (z R-208))<br \/>\n&#8211; Integracja z systemem inteligentnego domu (Amazon Alexa, Google Home, IFTTT) (z R-208)<br \/>\n&#8211; Kontrola nad kilkoma domami<br \/>\n&#8211; Dost\u0119p stron trzecich do zdalnego wsparcia (wymaga zgody klienta) (z R-208)<br \/>\n&#8211; Analiza trend\u00f3w historycznych za pomoc\u0105 aplikacji Uponor Smatrix Pulse (z R-208)<br \/>\n&#8211; Programowanie godzinowe (z R-208)<br \/>\n&#8211; Ustawienia komfortu (z R-208)<br \/>\n&#8211; Kontrola temperatury czynnika (z R-208)<\/p>\n","protected":false},"excerpt":{"rendered":"<p>Uponor Smatrix is \u200b\u200ba fully integrated control system for radiant heating and cooling. Being intelligent and able to adapt, Uponor Smatrix is \u200b\u200bequipped with self-balancing technology, which constantly anticipates and adjusts the exact amount of energy needed to ensure optimal comfort at all times. Inteligentny system automatyki dla system\u00f3w promiennikowych &#8211; W jednym systemie mo\u017cna&hellip;<\/p>\n","protected":false},"featured_media":4257,"comment_status":"open","ping_status":"closed","template":"","meta":[],"product_cat":[977],"product_tag":[],"class_list":{"0":"post-15052","1":"product","2":"type-product","3":"status-publish","4":"has-post-thumbnail","6":"product_cat-automatyka-ogrzewania-podlogowego","8":"first","9":"instock","10":"taxable","11":"shipping-taxable","12":"purchasable","13":"product-type-simple","14":"col-xs-6 col-sm-4","15":"col-md-4 col-lg-4","16":"un-3-cols"},"acf":[],"yoast_head":"<!-- This site is optimized with the Yoast SEO plugin v21.2 - https:\/\/yoast.com\/wordpress\/plugins\/seo\/ -->\n<title>UPONOR SMATRIX WAVE PULSE L - zestaw startowy typu L - 1093287<\/title>\n<meta name=\"description\" content=\"Order UPONOR SMATRIX WAVE PULSE L - zestaw startowy typu L - 1093287 at a best price.\" \/>\n<meta name=\"robots\" content=\"index, follow, max-snippet:-1, max-image-preview:large, max-video-preview:-1\" \/>\n<link rel=\"canonical\" href=\"https:\/\/fluterm.eu\/pl\/prod\/uponor-smatrix-wave-pulse-l-zestaw-startowy-typu-l-1093287\/\" \/>\n<meta property=\"og:locale\" content=\"pl_PL\" \/>\n<meta property=\"og:type\" content=\"article\" \/>\n<meta property=\"og:title\" content=\"UPONOR SMATRIX WAVE PULSE L - zestaw startowy typu L - 1093287\" \/>\n<meta property=\"og:description\" content=\"Order UPONOR SMATRIX WAVE PULSE L - zestaw startowy typu L - 1093287 at a best price.\" \/>\n<meta property=\"og:url\" content=\"https:\/\/fluterm.eu\/pl\/prod\/uponor-smatrix-wave-pulse-l-zestaw-startowy-typu-l-1093287\/\" \/>\n<meta property=\"og:site_name\" content=\"fluterm.eu\" \/>\n<meta property=\"og:image\" content=\"https:\/\/fluterm.eu\/wp-content\/uploads\/2023\/07\/16FABFBB-5D15-4216-9483-0400BFD6BCF9.jpeg\" \/>\n\t<meta property=\"og:image:width\" content=\"600\" \/>\n\t<meta property=\"og:image:height\" content=\"600\" \/>\n\t<meta property=\"og:image:type\" content=\"image\/jpeg\" \/>\n<meta name=\"twitter:card\" content=\"summary_large_image\" \/>\n<meta name=\"twitter:label1\" content=\"Szacowany czas czytania\" \/>\n\t<meta name=\"twitter:data1\" content=\"1 minuta\" \/>\n<script type=\"application\/ld+json\" class=\"yoast-schema-graph\">{\"@context\":\"https:\/\/schema.org\",\"@graph\":[{\"@type\":\"WebPage\",\"@id\":\"https:\/\/fluterm.eu\/pl\/prod\/uponor-smatrix-wave-pulse-l-zestaw-startowy-typu-l-1093287\/\",\"url\":\"https:\/\/fluterm.eu\/pl\/prod\/uponor-smatrix-wave-pulse-l-zestaw-startowy-typu-l-1093287\/\",\"name\":\"UPONOR SMATRIX WAVE PULSE L - zestaw startowy typu L - 1093287\",\"isPartOf\":{\"@id\":\"https:\/\/fluterm.eu\/#website\"},\"datePublished\":\"2023-07-17T17:26:30+00:00\",\"dateModified\":\"2023-07-17T17:26:30+00:00\",\"description\":\"Order UPONOR SMATRIX WAVE PULSE L - zestaw startowy typu L - 1093287 at a best price.\",\"breadcrumb\":{\"@id\":\"https:\/\/fluterm.eu\/pl\/prod\/uponor-smatrix-wave-pulse-l-zestaw-startowy-typu-l-1093287\/#breadcrumb\"},\"inLanguage\":\"pl-PL\",\"potentialAction\":[{\"@type\":\"ReadAction\",\"target\":[\"https:\/\/fluterm.eu\/pl\/prod\/uponor-smatrix-wave-pulse-l-zestaw-startowy-typu-l-1093287\/\"]}]},{\"@type\":\"BreadcrumbList\",\"@id\":\"https:\/\/fluterm.eu\/pl\/prod\/uponor-smatrix-wave-pulse-l-zestaw-startowy-typu-l-1093287\/#breadcrumb\",\"itemListElement\":[{\"@type\":\"ListItem\",\"position\":1,\"name\":\"Home\",\"item\":\"https:\/\/fluterm.eu\/pl\/sklep\/\"},{\"@type\":\"ListItem\",\"position\":2,\"name\":\"Sklep\",\"item\":\"https:\/\/fluterm.eu\/pl\/sklep\/\"},{\"@type\":\"ListItem\",\"position\":3,\"name\":\"UPONOR SMATRIX WAVE PULSE L &#8211; zestaw startowy typu L &#8211; 1093287\"}]},{\"@type\":\"WebSite\",\"@id\":\"https:\/\/fluterm.eu\/#website\",\"url\":\"https:\/\/fluterm.eu\/\",\"name\":\"fluterm.eu\",\"description\":\"\",\"potentialAction\":[{\"@type\":\"SearchAction\",\"target\":{\"@type\":\"EntryPoint\",\"urlTemplate\":\"https:\/\/fluterm.eu\/?s={search_term_string}\"},\"query-input\":\"required name=search_term_string\"}],\"inLanguage\":\"pl-PL\"}]}<\/script>\n<!-- \/ Yoast SEO plugin. -->","yoast_head_json":{"title":"UPONOR SMATRIX WAVE PULSE L - zestaw startowy typu L - 1093287","description":"Order UPONOR SMATRIX WAVE PULSE L - zestaw startowy typu L - 1093287 at a best price.","robots":{"index":"index","follow":"follow","max-snippet":"max-snippet:-1","max-image-preview":"max-image-preview:large","max-video-preview":"max-video-preview:-1"},"canonical":"https:\/\/fluterm.eu\/pl\/prod\/uponor-smatrix-wave-pulse-l-zestaw-startowy-typu-l-1093287\/","og_locale":"pl_PL","og_type":"article","og_title":"UPONOR SMATRIX WAVE PULSE L - zestaw startowy typu L - 1093287","og_description":"Order UPONOR SMATRIX WAVE PULSE L - zestaw startowy typu L - 1093287 at a best price.","og_url":"https:\/\/fluterm.eu\/pl\/prod\/uponor-smatrix-wave-pulse-l-zestaw-startowy-typu-l-1093287\/","og_site_name":"fluterm.eu","og_image":[{"width":600,"height":600,"url":"https:\/\/fluterm.eu\/wp-content\/uploads\/2023\/07\/16FABFBB-5D15-4216-9483-0400BFD6BCF9.jpeg","type":"image\/jpeg"}],"twitter_card":"summary_large_image","twitter_misc":{"Szacowany czas czytania":"1 minuta"},"schema":{"@context":"https:\/\/schema.org","@graph":[{"@type":"WebPage","@id":"https:\/\/fluterm.eu\/pl\/prod\/uponor-smatrix-wave-pulse-l-zestaw-startowy-typu-l-1093287\/","url":"https:\/\/fluterm.eu\/pl\/prod\/uponor-smatrix-wave-pulse-l-zestaw-startowy-typu-l-1093287\/","name":"UPONOR SMATRIX WAVE PULSE L - zestaw startowy typu L - 1093287","isPartOf":{"@id":"https:\/\/fluterm.eu\/#website"},"datePublished":"2023-07-17T17:26:30+00:00","dateModified":"2023-07-17T17:26:30+00:00","description":"Order UPONOR SMATRIX WAVE PULSE L - zestaw startowy typu L - 1093287 at a best price.","breadcrumb":{"@id":"https:\/\/fluterm.eu\/pl\/prod\/uponor-smatrix-wave-pulse-l-zestaw-startowy-typu-l-1093287\/#breadcrumb"},"inLanguage":"pl-PL","potentialAction":[{"@type":"ReadAction","target":["https:\/\/fluterm.eu\/pl\/prod\/uponor-smatrix-wave-pulse-l-zestaw-startowy-typu-l-1093287\/"]}]},{"@type":"BreadcrumbList","@id":"https:\/\/fluterm.eu\/pl\/prod\/uponor-smatrix-wave-pulse-l-zestaw-startowy-typu-l-1093287\/#breadcrumb","itemListElement":[{"@type":"ListItem","position":1,"name":"Home","item":"https:\/\/fluterm.eu\/pl\/sklep\/"},{"@type":"ListItem","position":2,"name":"Sklep","item":"https:\/\/fluterm.eu\/pl\/sklep\/"},{"@type":"ListItem","position":3,"name":"UPONOR SMATRIX WAVE PULSE L &#8211; zestaw startowy typu L &#8211; 1093287"}]},{"@type":"WebSite","@id":"https:\/\/fluterm.eu\/#website","url":"https:\/\/fluterm.eu\/","name":"fluterm.eu","description":"","potentialAction":[{"@type":"SearchAction","target":{"@type":"EntryPoint","urlTemplate":"https:\/\/fluterm.eu\/?s={search_term_string}"},"query-input":"required name=search_term_string"}],"inLanguage":"pl-PL"}]}},"_links":{"self":[{"href":"https:\/\/fluterm.eu\/pl\/wp-json\/wp\/v2\/product\/15052","targetHints":{"allow":["GET"]}}],"collection":[{"href":"https:\/\/fluterm.eu\/pl\/wp-json\/wp\/v2\/product"}],"about":[{"href":"https:\/\/fluterm.eu\/pl\/wp-json\/wp\/v2\/types\/product"}],"replies":[{"embeddable":true,"href":"https:\/\/fluterm.eu\/pl\/wp-json\/wp\/v2\/comments?post=15052"}],"version-history":[{"count":0,"href":"https:\/\/fluterm.eu\/pl\/wp-json\/wp\/v2\/product\/15052\/revisions"}],"wp:featuredmedia":[{"embeddable":true,"href":"https:\/\/fluterm.eu\/pl\/wp-json\/wp\/v2\/media\/4257"}],"wp:attachment":[{"href":"https:\/\/fluterm.eu\/pl\/wp-json\/wp\/v2\/media?parent=15052"}],"wp:term":[{"taxonomy":"product_cat","embeddable":true,"href":"https:\/\/fluterm.eu\/pl\/wp-json\/wp\/v2\/product_cat?post=15052"},{"taxonomy":"product_tag","embeddable":true,"href":"https:\/\/fluterm.eu\/pl\/wp-json\/wp\/v2\/product_tag?post=15052"}],"curies":[{"name":"wp","href":"https:\/\/api.w.org\/{rel}","templated":true}]}}