{"id":15278,"date":"2023-07-12T21:24:42","date_gmt":"2023-07-12T18:24:42","guid":{"rendered":"https:\/\/fluterm.eu\/prod\/pompa-ciepla-hidrotank-powietrze-woda-mitsubishi-electric-zubadan-ecodan-erst20c-vm2dpuhz-shw80vaa-8-kw-model-kompaktowy\/"},"modified":"2023-07-12T21:24:42","modified_gmt":"2023-07-12T18:24:42","slug":"pompa-ciepla-hidrotank-powietrze-woda-mitsubishi-electric-zubadan-ecodan-erst20c-vm2dpuhz-shw80vaa-8-kw-kompaktowy-model","status":"publish","type":"product","link":"https:\/\/fluterm.eu\/pl\/prod\/pompa-ciepla-hidrotank-powietrze-woda-mitsubishi-electric-zubadan-ecodan-erst20c-vm2dpuhz-shw80vaa-8-kw-kompaktowy-model\/","title":{"rendered":"Pompa ciep\u0142a Hidrotank powietrze-woda Mitsubishi Electric Zubadan Ecodan ERST20C-VM2D+PUHZ-SHW80VAA 8 kW &#8211; model kompaktowy"},"content":{"rendered":"<p><strong>Pompa ciep\u0142a Hidrotank powietrze-woda Mitsubishi Electric Zubadan Ecodan ERST20C-VM2D+PUHZ-SHW80VAA 8 kW &#8211; model kompaktowy<\/strong><br \/>\n<strong>Zasilanie jednofazowe<\/strong><br \/>\n<strong>Niski poziom ha\u0142asu (-10dB w por\u00f3wnaniu do poprzedniego modelu)<\/strong><br \/>\n<strong>Nowa i kompaktowa konstrukcja<\/strong><br \/>\n<strong>Wysoka wydajno\u015b\u0107 dzi\u0119ki nowej spr\u0119\u017carce<\/strong><br \/>\n<strong>Ulepszony drena\u017c<\/strong><br \/>\n<strong>Gwarantowane dzia\u0142anie w temperaturze -28 stopni Celsjusza<\/strong><br \/>\n<strong>100% wydajno\u015bci grzewczej przy -15 stopniach Celsjusza<\/strong><br \/>\nG\u0142\u00f3wne cechy:<\/p>\n<p>Mitsubishi Zubadan mo\u017ce zapewni\u0107 3 funkcje: ogrzewanie, ch\u0142odzenie i przygotowanie ciep\u0142ej wody u\u017cytkowej.<br \/>\nModel typu Split, kt\u00f3ry nie stwarza ryzyka zamarzni\u0119cia (wymaga jednostki zewn\u0119trznej + jednostki wewn\u0119trznej)<br \/>\nPraca w trybie ogrzewania do -25\u00b0C<br \/>\nMaksymalna temperatura czynnika termicznego wynosi 60\u00b0C<br \/>\nSta\u0142a wydajno\u015b\u0107 grzewcza do -15\u00b0C<br \/>\nSpr\u0119\u017carka inwerterowa Mitsubishi Scroll (R410A) z funkcj\u0105 Flash Injection dla odleg\u0142o\u015bci do 30 m<br \/>\n\u0141atwa instalacja, niewielka przestrze\u0144, kompaktowa konstrukcja<br \/>\nWysoka wydajno\u015b\u0107 dzi\u0119ki wysokowydajnym komponentom, klasa energetyczna A++.<\/p>\n<p>Pompy ciep\u0142a, odnawialne \u017ar\u00f3d\u0142a ciep\u0142a, maj\u0105 o 60% wy\u017csz\u0105 wydajno\u015b\u0107 energetyczn\u0105 ni\u017c tradycyjne systemy spalania; nie emituj\u0105 CO2 w miejscu instalacji; wykorzystuj\u0105 energi\u0119 odnawialn\u0105 z powietrza.<br \/>\nPompa ciep\u0142a jest maszyn\u0105 elektryczn\u0105 opart\u0105 na cyklu termodynamicznym czynnika ch\u0142odniczego, przenosz\u0105c\u0105 ciep\u0142o ze \u015brodowiska o niskiej temperaturze do \u015brodowiska o wy\u017cszej temperaturze.<br \/>\nSystemy pomp ciep\u0142a Ecodan\u00ae gwarantuj\u0105 wysok\u0105 wydajno\u015b\u0107 energetyczn\u0105 nawet w niskich temperaturach. Wszystkie urz\u0105dzenia zewn\u0119trzne s\u0105 w stanie podnie\u015b\u0107 temperatur\u0119 na okr\u0105g\u0142o do 60\u00b0C, aby umo\u017cliwi\u0107 szybkie i wydajne gromadzenie ciep\u0142ej wody u\u017cytkowej (domowej).<br \/>\nWysoka efektywno\u015b\u0107 energetyczna pomp ciep\u0142a Ecodan\u00ae jest mo\u017cliwa dzi\u0119ki zastosowaniu najlepszych technologii w ka\u017cdym komponencie pompy ciep\u0142a. Na przyk\u0142ad, dzi\u0119ki wyj\u0105tkowemu urz\u0105dzeniu &#8222;Flash Injection&#8221;, jednostki zewn\u0119trzne serii Zubadan utrzymuj\u0105 sta\u0142\u0105 wydajno\u015b\u0107 przep\u0142ywu powietrza do -15\u00b0C.<\/p>\n<p><strong>Ekonomiczne i ekologiczne najnowocze\u015bniejsze systemy grzewcze<\/strong><br \/>\nZar\u00f3wno ekonomiczne, jak i bezpieczne dla \u015brodowiska, pompy ciep\u0142a ecodan od Mitsubishi Electric zawieraj\u0105 bardzo wydajny system pompy ciep\u0142a, kt\u00f3ry pobiera &#8222;ciep\u0142o z powietrza&#8221;, odnawialne \u017ar\u00f3d\u0142o energii. S\u0105 one wyposa\u017cone w zaawansowane systemy sterowania, kt\u00f3re zapewniaj\u0105 skrupulatn\u0105 regulacj\u0119 temperatury, zapewniaj\u0105c komfortowe ogrzewanie, a tak\u017ce oszcz\u0119dno\u015b\u0107 miejsca dzi\u0119ki zastosowaniu jednostek wewn\u0119trznych &#8222;All-in-one&#8221;, kt\u00f3re s\u0105 \u0142atwe w instalacji. Oszcz\u0119dno\u015b\u0107 energii, wysoki komfort, prosta instalacja sprawi\u0142y, \u017ce systemy grzewcze ecodan znalaz\u0142y si\u0119 w centrum uwagi pomp ciep\u0142a.<\/p>\n<p>Funkcjonalno\u015b\u0107 zapewniana przez ecodan obejmuje potrzeby ogrzewania, przygotowania ciep\u0142ej wody u\u017cytkowej, a tak\u017ce ch\u0142odzenia. Ch\u0142odzenie mo\u017ce odbywa\u0107 si\u0119 za pomoc\u0105 klimakonwektor\u00f3w, promiennik\u00f3w \u015bciennych i sufitowych w przypadku jednostek typu split i monoblok lub wewn\u0119trznych jednostek klimatyzacyjnych w przypadku system\u00f3w hybrydowych.<\/p>\n<p><strong>Seria Zubadan<\/strong><br \/>\nJest on wyposa\u017cony w obw\u00f3d wtrysku Flash opracowany przez Mitsubishi Electric, kt\u00f3ry sk\u0142ada si\u0119 z obwodu obej\u015bciowego i wymiennika ciep\u0142a (HIC). Wymiennik ciep\u0142a przekszta\u0142ca ciek\u0142y czynnik ch\u0142odniczy, przekierowany przez obw\u00f3d obej\u015bciowy, w stan gaz-ciecz w celu zmniejszenia obci\u0105\u017cenia spr\u0119\u017carki. Proces ten zapewnia doskona\u0142\u0105 wydajno\u015b\u0107 ogrzewania, nawet gdy temperatura na zewn\u0105trz spada bardzo nisko. W tradycyjnych urz\u0105dzeniach, gdy temperatura zewn\u0119trzna spada, obj\u0119to\u015b\u0107 czynnika ch\u0142odniczego przep\u0142ywaj\u0105cego przez spr\u0119\u017cark\u0119 zmniejsza si\u0119 z powodu spadku ci\u015bnienia czynnika ch\u0142odniczego i zabezpieczenia przed przegrzaniem spowodowanego wysokim spr\u0119\u017cem, co skutkuje spadkiem wydajno\u015bci grzewczej. Obw\u00f3d wtrysku Flash wtryskuje czynnik ch\u0142odniczy, aby utrzyma\u0107 obj\u0119to\u015b\u0107 kr\u0105\u017c\u0105cego czynnika ch\u0142odniczego, a tak\u017ce obci\u0105\u017cenie spr\u0119\u017carki, utrzymuj\u0105c w ten spos\u00f3b wydajno\u015b\u0107 grzewcz\u0105.<\/p>\n","protected":false},"excerpt":{"rendered":"<p>Pompa ciep\u0142a Hidrotank powietrze-woda Mitsubishi Electric Zubadan Ecodan ERST20C-VM2D+PUHZ-SHW80VAA 8 kW &#8211; model kompaktowy Zasilanie jednofazowe Niski poziom ha\u0142asu (-10dB w por\u00f3wnaniu do poprzedniego modelu) Nowa i kompaktowa konstrukcja Wysoka wydajno\u015b\u0107 dzi\u0119ki nowej spr\u0119\u017carce Ulepszony drena\u017c Gwarantowane dzia\u0142anie w temperaturze -28 stopni Celsjusza 100% wydajno\u015bci grzewczej przy -15 stopniach Celsjusza G\u0142\u00f3wne cechy: Mitsubishi Zubadan mo\u017ce&hellip;<\/p>\n","protected":false},"featured_media":12827,"comment_status":"open","ping_status":"closed","template":"","meta":[],"product_cat":[1009],"product_tag":[],"class_list":{"0":"post-15278","1":"product","2":"type-product","3":"status-publish","4":"has-post-thumbnail","6":"product_cat-pompy-ciepla","8":"first","9":"instock","10":"taxable","11":"shipping-taxable","12":"purchasable","13":"product-type-simple","14":"col-xs-6 col-sm-4","15":"col-md-4 col-lg-4","16":"un-3-cols"},"acf":[],"yoast_head":"<!-- This site is optimized with the Yoast SEO plugin v21.2 - https:\/\/yoast.com\/wordpress\/plugins\/seo\/ -->\n<title>Pompa ciep\u0142a Hidrotank powietrze-woda Mitsubishi Electric Zubadan Ecodan ERST20C-VM2D+PUHZ-SHW80VAA 8 kW - model kompaktowy<\/title>\n<meta name=\"description\" content=\"Order Pompa ciep\u0142a Hidrotank powietrze-woda Mitsubishi Electric Zubadan Ecodan ERST20C-VM2D+PUHZ-SHW80VAA 8 kW - model kompaktowy at a best price.\" \/>\n<meta name=\"robots\" content=\"index, follow, max-snippet:-1, max-image-preview:large, max-video-preview:-1\" \/>\n<link rel=\"canonical\" href=\"https:\/\/fluterm.eu\/pl\/prod\/pompa-ciepla-hidrotank-powietrze-woda-mitsubishi-electric-zubadan-ecodan-erst20c-vm2dpuhz-shw80vaa-8-kw-model-kompaktowy\/\" \/>\n<meta property=\"og:locale\" content=\"pl_PL\" \/>\n<meta property=\"og:type\" content=\"article\" \/>\n<meta property=\"og:title\" content=\"Pompa ciep\u0142a Hidrotank powietrze-woda Mitsubishi Electric Zubadan Ecodan ERST20C-VM2D+PUHZ-SHW80VAA 8 kW - model kompaktowy\" \/>\n<meta property=\"og:description\" content=\"Order Pompa ciep\u0142a Hidrotank powietrze-woda Mitsubishi Electric Zubadan Ecodan ERST20C-VM2D+PUHZ-SHW80VAA 8 kW - model kompaktowy at a best price.\" \/>\n<meta property=\"og:url\" content=\"https:\/\/fluterm.eu\/pl\/prod\/pompa-ciepla-hidrotank-powietrze-woda-mitsubishi-electric-zubadan-ecodan-erst20c-vm2dpuhz-shw80vaa-8-kw-model-kompaktowy\/\" \/>\n<meta property=\"og:site_name\" content=\"fluterm.eu\" \/>\n<meta name=\"twitter:card\" content=\"summary_large_image\" \/>\n<meta name=\"twitter:label1\" content=\"Szacowany czas czytania\" \/>\n\t<meta name=\"twitter:data1\" content=\"3 minuty\" \/>\n<script type=\"application\/ld+json\" class=\"yoast-schema-graph\">{\"@context\":\"https:\/\/schema.org\",\"@graph\":[{\"@type\":\"WebPage\",\"@id\":\"https:\/\/fluterm.eu\/pl\/prod\/pompa-ciepla-hidrotank-powietrze-woda-mitsubishi-electric-zubadan-ecodan-erst20c-vm2dpuhz-shw80vaa-8-kw-model-kompaktowy\/\",\"url\":\"https:\/\/fluterm.eu\/pl\/prod\/pompa-ciepla-hidrotank-powietrze-woda-mitsubishi-electric-zubadan-ecodan-erst20c-vm2dpuhz-shw80vaa-8-kw-model-kompaktowy\/\",\"name\":\"Pompa ciep\u0142a Hidrotank powietrze-woda Mitsubishi Electric Zubadan Ecodan ERST20C-VM2D+PUHZ-SHW80VAA 8 kW - model kompaktowy\",\"isPartOf\":{\"@id\":\"https:\/\/fluterm.eu\/#website\"},\"datePublished\":\"2023-07-12T18:24:42+00:00\",\"dateModified\":\"2023-07-12T18:24:42+00:00\",\"description\":\"Order Pompa ciep\u0142a Hidrotank powietrze-woda Mitsubishi Electric Zubadan Ecodan ERST20C-VM2D+PUHZ-SHW80VAA 8 kW - model kompaktowy at a best price.\",\"breadcrumb\":{\"@id\":\"https:\/\/fluterm.eu\/pl\/prod\/pompa-ciepla-hidrotank-powietrze-woda-mitsubishi-electric-zubadan-ecodan-erst20c-vm2dpuhz-shw80vaa-8-kw-model-kompaktowy\/#breadcrumb\"},\"inLanguage\":\"pl-PL\",\"potentialAction\":[{\"@type\":\"ReadAction\",\"target\":[\"https:\/\/fluterm.eu\/pl\/prod\/pompa-ciepla-hidrotank-powietrze-woda-mitsubishi-electric-zubadan-ecodan-erst20c-vm2dpuhz-shw80vaa-8-kw-model-kompaktowy\/\"]}]},{\"@type\":\"BreadcrumbList\",\"@id\":\"https:\/\/fluterm.eu\/pl\/prod\/pompa-ciepla-hidrotank-powietrze-woda-mitsubishi-electric-zubadan-ecodan-erst20c-vm2dpuhz-shw80vaa-8-kw-model-kompaktowy\/#breadcrumb\",\"itemListElement\":[{\"@type\":\"ListItem\",\"position\":1,\"name\":\"Home\",\"item\":\"https:\/\/fluterm.eu\/pl\/sklep\/\"},{\"@type\":\"ListItem\",\"position\":2,\"name\":\"Sklep\",\"item\":\"https:\/\/fluterm.eu\/pl\/sklep\/\"},{\"@type\":\"ListItem\",\"position\":3,\"name\":\"Pompa ciep\u0142a Hidrotank powietrze-woda Mitsubishi Electric Zubadan Ecodan ERST20C-VM2D+PUHZ-SHW80VAA 8 kW &#8211; model kompaktowy\"}]},{\"@type\":\"WebSite\",\"@id\":\"https:\/\/fluterm.eu\/#website\",\"url\":\"https:\/\/fluterm.eu\/\",\"name\":\"fluterm.eu\",\"description\":\"\",\"potentialAction\":[{\"@type\":\"SearchAction\",\"target\":{\"@type\":\"EntryPoint\",\"urlTemplate\":\"https:\/\/fluterm.eu\/?s={search_term_string}\"},\"query-input\":\"required name=search_term_string\"}],\"inLanguage\":\"pl-PL\"}]}<\/script>\n<!-- \/ Yoast SEO plugin. -->","yoast_head_json":{"title":"Pompa ciep\u0142a Hidrotank powietrze-woda Mitsubishi Electric Zubadan Ecodan ERST20C-VM2D+PUHZ-SHW80VAA 8 kW - model kompaktowy","description":"Order Pompa ciep\u0142a Hidrotank powietrze-woda Mitsubishi Electric Zubadan Ecodan ERST20C-VM2D+PUHZ-SHW80VAA 8 kW - model kompaktowy at a best price.","robots":{"index":"index","follow":"follow","max-snippet":"max-snippet:-1","max-image-preview":"max-image-preview:large","max-video-preview":"max-video-preview:-1"},"canonical":"https:\/\/fluterm.eu\/pl\/prod\/pompa-ciepla-hidrotank-powietrze-woda-mitsubishi-electric-zubadan-ecodan-erst20c-vm2dpuhz-shw80vaa-8-kw-model-kompaktowy\/","og_locale":"pl_PL","og_type":"article","og_title":"Pompa ciep\u0142a Hidrotank powietrze-woda Mitsubishi Electric Zubadan Ecodan ERST20C-VM2D+PUHZ-SHW80VAA 8 kW - model kompaktowy","og_description":"Order Pompa ciep\u0142a Hidrotank powietrze-woda Mitsubishi Electric Zubadan Ecodan ERST20C-VM2D+PUHZ-SHW80VAA 8 kW - model kompaktowy at a best price.","og_url":"https:\/\/fluterm.eu\/pl\/prod\/pompa-ciepla-hidrotank-powietrze-woda-mitsubishi-electric-zubadan-ecodan-erst20c-vm2dpuhz-shw80vaa-8-kw-model-kompaktowy\/","og_site_name":"fluterm.eu","twitter_card":"summary_large_image","twitter_misc":{"Szacowany czas czytania":"3 minuty"},"schema":{"@context":"https:\/\/schema.org","@graph":[{"@type":"WebPage","@id":"https:\/\/fluterm.eu\/pl\/prod\/pompa-ciepla-hidrotank-powietrze-woda-mitsubishi-electric-zubadan-ecodan-erst20c-vm2dpuhz-shw80vaa-8-kw-model-kompaktowy\/","url":"https:\/\/fluterm.eu\/pl\/prod\/pompa-ciepla-hidrotank-powietrze-woda-mitsubishi-electric-zubadan-ecodan-erst20c-vm2dpuhz-shw80vaa-8-kw-model-kompaktowy\/","name":"Pompa ciep\u0142a Hidrotank powietrze-woda Mitsubishi Electric Zubadan Ecodan ERST20C-VM2D+PUHZ-SHW80VAA 8 kW - model kompaktowy","isPartOf":{"@id":"https:\/\/fluterm.eu\/#website"},"datePublished":"2023-07-12T18:24:42+00:00","dateModified":"2023-07-12T18:24:42+00:00","description":"Order Pompa ciep\u0142a Hidrotank powietrze-woda Mitsubishi Electric Zubadan Ecodan ERST20C-VM2D+PUHZ-SHW80VAA 8 kW - model kompaktowy at a best price.","breadcrumb":{"@id":"https:\/\/fluterm.eu\/pl\/prod\/pompa-ciepla-hidrotank-powietrze-woda-mitsubishi-electric-zubadan-ecodan-erst20c-vm2dpuhz-shw80vaa-8-kw-model-kompaktowy\/#breadcrumb"},"inLanguage":"pl-PL","potentialAction":[{"@type":"ReadAction","target":["https:\/\/fluterm.eu\/pl\/prod\/pompa-ciepla-hidrotank-powietrze-woda-mitsubishi-electric-zubadan-ecodan-erst20c-vm2dpuhz-shw80vaa-8-kw-model-kompaktowy\/"]}]},{"@type":"BreadcrumbList","@id":"https:\/\/fluterm.eu\/pl\/prod\/pompa-ciepla-hidrotank-powietrze-woda-mitsubishi-electric-zubadan-ecodan-erst20c-vm2dpuhz-shw80vaa-8-kw-model-kompaktowy\/#breadcrumb","itemListElement":[{"@type":"ListItem","position":1,"name":"Home","item":"https:\/\/fluterm.eu\/pl\/sklep\/"},{"@type":"ListItem","position":2,"name":"Sklep","item":"https:\/\/fluterm.eu\/pl\/sklep\/"},{"@type":"ListItem","position":3,"name":"Pompa ciep\u0142a Hidrotank powietrze-woda Mitsubishi Electric Zubadan Ecodan ERST20C-VM2D+PUHZ-SHW80VAA 8 kW &#8211; model kompaktowy"}]},{"@type":"WebSite","@id":"https:\/\/fluterm.eu\/#website","url":"https:\/\/fluterm.eu\/","name":"fluterm.eu","description":"","potentialAction":[{"@type":"SearchAction","target":{"@type":"EntryPoint","urlTemplate":"https:\/\/fluterm.eu\/?s={search_term_string}"},"query-input":"required name=search_term_string"}],"inLanguage":"pl-PL"}]}},"_links":{"self":[{"href":"https:\/\/fluterm.eu\/pl\/wp-json\/wp\/v2\/product\/15278","targetHints":{"allow":["GET"]}}],"collection":[{"href":"https:\/\/fluterm.eu\/pl\/wp-json\/wp\/v2\/product"}],"about":[{"href":"https:\/\/fluterm.eu\/pl\/wp-json\/wp\/v2\/types\/product"}],"replies":[{"embeddable":true,"href":"https:\/\/fluterm.eu\/pl\/wp-json\/wp\/v2\/comments?post=15278"}],"version-history":[{"count":0,"href":"https:\/\/fluterm.eu\/pl\/wp-json\/wp\/v2\/product\/15278\/revisions"}],"wp:featuredmedia":[{"embeddable":true,"href":"https:\/\/fluterm.eu\/pl\/wp-json\/wp\/v2\/media\/12827"}],"wp:attachment":[{"href":"https:\/\/fluterm.eu\/pl\/wp-json\/wp\/v2\/media?parent=15278"}],"wp:term":[{"taxonomy":"product_cat","embeddable":true,"href":"https:\/\/fluterm.eu\/pl\/wp-json\/wp\/v2\/product_cat?post=15278"},{"taxonomy":"product_tag","embeddable":true,"href":"https:\/\/fluterm.eu\/pl\/wp-json\/wp\/v2\/product_tag?post=15278"}],"curies":[{"name":"wp","href":"https:\/\/api.w.org\/{rel}","templated":true}]}}