{"id":15322,"date":"2023-07-14T21:58:24","date_gmt":"2023-07-14T18:58:24","guid":{"rendered":"https:\/\/fluterm.eu\/prod\/zestaw-rozdzielaczy-mosieznych-5-obwodow-rura-pexal-16x2-do-grzejnikow-w-pelni-wyposazony\/"},"modified":"2023-07-14T21:58:24","modified_gmt":"2023-07-14T18:58:24","slug":"brass-manifold-set-5-circuits-pexal-pipe-16x2-for-radiators-ful-equipped","status":"publish","type":"product","link":"https:\/\/fluterm.eu\/pl\/prod\/brass-manifold-set-5-circuits-pexal-pipe-16x2-for-radiators-ful-equipped\/","title":{"rendered":"Zestaw rozdzielaczy mosi\u0119\u017cnych 5 obwod\u00f3w rura pexal 16\u00d72 do grzejnik\u00f3w w pe\u0142ni wyposa\u017cony"},"content":{"rendered":"<ol>\n<li>kolektor<\/li>\n<li>wsporniki \u015bcienne<\/li>\n<li>zestaw zacisk\u00f3w z automatycznym odpowietrznikiem<\/li>\n<li>zawory kulowe<\/li>\n<li>eurocone 16&#215;2<\/li>\n<li>szafka metalowa<\/li>\n<\/ol>\n","protected":false},"excerpt":{"rendered":"<p>kolektor wsporniki \u015bcienne zestaw zacisk\u00f3w z automatycznym odpowietrznikiem zawory kulowe eurocone 16&#215;2 szafka metalowa<\/p>\n","protected":false},"featured_media":3501,"comment_status":"open","ping_status":"closed","template":"","meta":[],"product_cat":[1030],"product_tag":[],"class_list":{"0":"post-15322","1":"product","2":"type-product","3":"status-publish","4":"has-post-thumbnail","6":"product_cat-rozdzielacze-chlodnic","8":"first","9":"instock","10":"taxable","11":"shipping-taxable","12":"purchasable","13":"product-type-simple","14":"col-xs-6 col-sm-4","15":"col-md-4 col-lg-4","16":"un-3-cols"},"acf":[],"yoast_head":"<!-- This site is optimized with the Yoast SEO plugin v21.2 - https:\/\/yoast.com\/wordpress\/plugins\/seo\/ -->\n<title>Zestaw rozdzielaczy mosi\u0119\u017cnych 5 obwod\u00f3w rura pexal 16\u00d72 do grzejnik\u00f3w w pe\u0142ni wyposa\u017cony<\/title>\n<meta name=\"description\" content=\"Order Zestaw rozdzielaczy mosi\u0119\u017cnych 5 obwod\u00f3w rura pexal 16\u00d72 do grzejnik\u00f3w w pe\u0142ni wyposa\u017cony at a best price.\" \/>\n<meta name=\"robots\" content=\"index, follow, max-snippet:-1, max-image-preview:large, max-video-preview:-1\" \/>\n<link rel=\"canonical\" href=\"https:\/\/fluterm.eu\/pl\/prod\/zestaw-rozdzielaczy-mosieznych-5-obwodow-rura-pexal-16x2-do-grzejnikow-w-pelni-wyposazony\/\" \/>\n<meta property=\"og:locale\" content=\"pl_PL\" \/>\n<meta property=\"og:type\" content=\"article\" \/>\n<meta property=\"og:title\" content=\"Zestaw rozdzielaczy mosi\u0119\u017cnych 5 obwod\u00f3w rura pexal 16\u00d72 do grzejnik\u00f3w w pe\u0142ni wyposa\u017cony\" \/>\n<meta property=\"og:description\" content=\"Order Zestaw rozdzielaczy mosi\u0119\u017cnych 5 obwod\u00f3w rura pexal 16\u00d72 do grzejnik\u00f3w w pe\u0142ni wyposa\u017cony at a best price.\" \/>\n<meta property=\"og:url\" content=\"https:\/\/fluterm.eu\/pl\/prod\/zestaw-rozdzielaczy-mosieznych-5-obwodow-rura-pexal-16x2-do-grzejnikow-w-pelni-wyposazony\/\" \/>\n<meta property=\"og:site_name\" content=\"fluterm.eu\" \/>\n<meta property=\"og:image\" content=\"https:\/\/fluterm.eu\/wp-content\/uploads\/2023\/07\/BD620ABE-93E7-44DD-98F3-7B0E44F1669E.jpeg\" \/>\n\t<meta property=\"og:image:width\" content=\"2000\" \/>\n\t<meta property=\"og:image:height\" content=\"2000\" \/>\n\t<meta property=\"og:image:type\" content=\"image\/jpeg\" \/>\n<meta name=\"twitter:card\" content=\"summary_large_image\" \/>\n<script type=\"application\/ld+json\" class=\"yoast-schema-graph\">{\"@context\":\"https:\/\/schema.org\",\"@graph\":[{\"@type\":\"WebPage\",\"@id\":\"https:\/\/fluterm.eu\/pl\/prod\/zestaw-rozdzielaczy-mosieznych-5-obwodow-rura-pexal-16x2-do-grzejnikow-w-pelni-wyposazony\/\",\"url\":\"https:\/\/fluterm.eu\/pl\/prod\/zestaw-rozdzielaczy-mosieznych-5-obwodow-rura-pexal-16x2-do-grzejnikow-w-pelni-wyposazony\/\",\"name\":\"Zestaw rozdzielaczy mosi\u0119\u017cnych 5 obwod\u00f3w rura pexal 16\u00d72 do grzejnik\u00f3w w pe\u0142ni wyposa\u017cony\",\"isPartOf\":{\"@id\":\"https:\/\/fluterm.eu\/#website\"},\"datePublished\":\"2023-07-14T18:58:24+00:00\",\"dateModified\":\"2023-07-14T18:58:24+00:00\",\"description\":\"Order Zestaw rozdzielaczy mosi\u0119\u017cnych 5 obwod\u00f3w rura pexal 16\u00d72 do grzejnik\u00f3w w pe\u0142ni wyposa\u017cony at a best price.\",\"breadcrumb\":{\"@id\":\"https:\/\/fluterm.eu\/pl\/prod\/zestaw-rozdzielaczy-mosieznych-5-obwodow-rura-pexal-16x2-do-grzejnikow-w-pelni-wyposazony\/#breadcrumb\"},\"inLanguage\":\"pl-PL\",\"potentialAction\":[{\"@type\":\"ReadAction\",\"target\":[\"https:\/\/fluterm.eu\/pl\/prod\/zestaw-rozdzielaczy-mosieznych-5-obwodow-rura-pexal-16x2-do-grzejnikow-w-pelni-wyposazony\/\"]}]},{\"@type\":\"BreadcrumbList\",\"@id\":\"https:\/\/fluterm.eu\/pl\/prod\/zestaw-rozdzielaczy-mosieznych-5-obwodow-rura-pexal-16x2-do-grzejnikow-w-pelni-wyposazony\/#breadcrumb\",\"itemListElement\":[{\"@type\":\"ListItem\",\"position\":1,\"name\":\"Home\",\"item\":\"https:\/\/fluterm.eu\/pl\/sklep\/\"},{\"@type\":\"ListItem\",\"position\":2,\"name\":\"Sklep\",\"item\":\"https:\/\/fluterm.eu\/pl\/sklep\/\"},{\"@type\":\"ListItem\",\"position\":3,\"name\":\"Zestaw rozdzielaczy mosi\u0119\u017cnych 5 obwod\u00f3w rura pexal 16\u00d72 do grzejnik\u00f3w w pe\u0142ni wyposa\u017cony\"}]},{\"@type\":\"WebSite\",\"@id\":\"https:\/\/fluterm.eu\/#website\",\"url\":\"https:\/\/fluterm.eu\/\",\"name\":\"fluterm.eu\",\"description\":\"\",\"potentialAction\":[{\"@type\":\"SearchAction\",\"target\":{\"@type\":\"EntryPoint\",\"urlTemplate\":\"https:\/\/fluterm.eu\/?s={search_term_string}\"},\"query-input\":\"required name=search_term_string\"}],\"inLanguage\":\"pl-PL\"}]}<\/script>\n<!-- \/ Yoast SEO plugin. -->","yoast_head_json":{"title":"Zestaw rozdzielaczy mosi\u0119\u017cnych 5 obwod\u00f3w rura pexal 16\u00d72 do grzejnik\u00f3w w pe\u0142ni wyposa\u017cony","description":"Order Zestaw rozdzielaczy mosi\u0119\u017cnych 5 obwod\u00f3w rura pexal 16\u00d72 do grzejnik\u00f3w w pe\u0142ni wyposa\u017cony at a best price.","robots":{"index":"index","follow":"follow","max-snippet":"max-snippet:-1","max-image-preview":"max-image-preview:large","max-video-preview":"max-video-preview:-1"},"canonical":"https:\/\/fluterm.eu\/pl\/prod\/zestaw-rozdzielaczy-mosieznych-5-obwodow-rura-pexal-16x2-do-grzejnikow-w-pelni-wyposazony\/","og_locale":"pl_PL","og_type":"article","og_title":"Zestaw rozdzielaczy mosi\u0119\u017cnych 5 obwod\u00f3w rura pexal 16\u00d72 do grzejnik\u00f3w w pe\u0142ni wyposa\u017cony","og_description":"Order Zestaw rozdzielaczy mosi\u0119\u017cnych 5 obwod\u00f3w rura pexal 16\u00d72 do grzejnik\u00f3w w pe\u0142ni wyposa\u017cony at a best price.","og_url":"https:\/\/fluterm.eu\/pl\/prod\/zestaw-rozdzielaczy-mosieznych-5-obwodow-rura-pexal-16x2-do-grzejnikow-w-pelni-wyposazony\/","og_site_name":"fluterm.eu","og_image":[{"width":2000,"height":2000,"url":"https:\/\/fluterm.eu\/wp-content\/uploads\/2023\/07\/BD620ABE-93E7-44DD-98F3-7B0E44F1669E.jpeg","type":"image\/jpeg"}],"twitter_card":"summary_large_image","schema":{"@context":"https:\/\/schema.org","@graph":[{"@type":"WebPage","@id":"https:\/\/fluterm.eu\/pl\/prod\/zestaw-rozdzielaczy-mosieznych-5-obwodow-rura-pexal-16x2-do-grzejnikow-w-pelni-wyposazony\/","url":"https:\/\/fluterm.eu\/pl\/prod\/zestaw-rozdzielaczy-mosieznych-5-obwodow-rura-pexal-16x2-do-grzejnikow-w-pelni-wyposazony\/","name":"Zestaw rozdzielaczy mosi\u0119\u017cnych 5 obwod\u00f3w rura pexal 16\u00d72 do grzejnik\u00f3w w pe\u0142ni wyposa\u017cony","isPartOf":{"@id":"https:\/\/fluterm.eu\/#website"},"datePublished":"2023-07-14T18:58:24+00:00","dateModified":"2023-07-14T18:58:24+00:00","description":"Order Zestaw rozdzielaczy mosi\u0119\u017cnych 5 obwod\u00f3w rura pexal 16\u00d72 do grzejnik\u00f3w w pe\u0142ni wyposa\u017cony at a best price.","breadcrumb":{"@id":"https:\/\/fluterm.eu\/pl\/prod\/zestaw-rozdzielaczy-mosieznych-5-obwodow-rura-pexal-16x2-do-grzejnikow-w-pelni-wyposazony\/#breadcrumb"},"inLanguage":"pl-PL","potentialAction":[{"@type":"ReadAction","target":["https:\/\/fluterm.eu\/pl\/prod\/zestaw-rozdzielaczy-mosieznych-5-obwodow-rura-pexal-16x2-do-grzejnikow-w-pelni-wyposazony\/"]}]},{"@type":"BreadcrumbList","@id":"https:\/\/fluterm.eu\/pl\/prod\/zestaw-rozdzielaczy-mosieznych-5-obwodow-rura-pexal-16x2-do-grzejnikow-w-pelni-wyposazony\/#breadcrumb","itemListElement":[{"@type":"ListItem","position":1,"name":"Home","item":"https:\/\/fluterm.eu\/pl\/sklep\/"},{"@type":"ListItem","position":2,"name":"Sklep","item":"https:\/\/fluterm.eu\/pl\/sklep\/"},{"@type":"ListItem","position":3,"name":"Zestaw rozdzielaczy mosi\u0119\u017cnych 5 obwod\u00f3w rura pexal 16\u00d72 do grzejnik\u00f3w w pe\u0142ni wyposa\u017cony"}]},{"@type":"WebSite","@id":"https:\/\/fluterm.eu\/#website","url":"https:\/\/fluterm.eu\/","name":"fluterm.eu","description":"","potentialAction":[{"@type":"SearchAction","target":{"@type":"EntryPoint","urlTemplate":"https:\/\/fluterm.eu\/?s={search_term_string}"},"query-input":"required name=search_term_string"}],"inLanguage":"pl-PL"}]}},"_links":{"self":[{"href":"https:\/\/fluterm.eu\/pl\/wp-json\/wp\/v2\/product\/15322","targetHints":{"allow":["GET"]}}],"collection":[{"href":"https:\/\/fluterm.eu\/pl\/wp-json\/wp\/v2\/product"}],"about":[{"href":"https:\/\/fluterm.eu\/pl\/wp-json\/wp\/v2\/types\/product"}],"replies":[{"embeddable":true,"href":"https:\/\/fluterm.eu\/pl\/wp-json\/wp\/v2\/comments?post=15322"}],"version-history":[{"count":0,"href":"https:\/\/fluterm.eu\/pl\/wp-json\/wp\/v2\/product\/15322\/revisions"}],"wp:featuredmedia":[{"embeddable":true,"href":"https:\/\/fluterm.eu\/pl\/wp-json\/wp\/v2\/media\/3501"}],"wp:attachment":[{"href":"https:\/\/fluterm.eu\/pl\/wp-json\/wp\/v2\/media?parent=15322"}],"wp:term":[{"taxonomy":"product_cat","embeddable":true,"href":"https:\/\/fluterm.eu\/pl\/wp-json\/wp\/v2\/product_cat?post=15322"},{"taxonomy":"product_tag","embeddable":true,"href":"https:\/\/fluterm.eu\/pl\/wp-json\/wp\/v2\/product_tag?post=15322"}],"curies":[{"name":"wp","href":"https:\/\/api.w.org\/{rel}","templated":true}]}}