{"id":15526,"date":"2023-07-02T17:13:51","date_gmt":"2023-07-02T14:13:51","guid":{"rendered":"https:\/\/fluterm.eu\/prod\/falownik-huawei-sun2000-6ktl-l1-6-000w-jednofazowy\/"},"modified":"2023-09-16T00:56:47","modified_gmt":"2023-09-15T21:56:47","slug":"huawei-sun2000-6ktl-l1-invertes-6-000w-single-phase","status":"publish","type":"product","link":"https:\/\/fluterm.eu\/pl\/prod\/huawei-sun2000-6ktl-l1-invertes-6-000w-single-phase\/","title":{"rendered":"Falownik Huawei SUN2000-6KTL-L1 &#8211; 6.000W jednofazowy"},"content":{"rendered":"<p>Falownik hybrydowy Huawei <strong>SUN2000L-6KTL-L1<\/strong> jest cz\u0119\u015bci\u0105 nowej, innowacyjnej gamy falownik\u00f3w Huawei do zastosowa\u0144 domowych. Ten inteligentny falownik Huawei ma aktywn\u0105 ochron\u0119 przed \u0142ukiem elektrycznym, wy\u017csz\u0105 wydajno\u015b\u0107 z nawet 30% wi\u0119cej energii dzi\u0119ki nowym optymalizatorom SUN2000-450W-P, a tak\u017ce oferuje mo\u017cliwo\u015b\u0107 pod\u0142\u0105czenia akumulator\u00f3w litowych, takich jak lg 10 charm lub nowy modu\u0142owy akumulator Huawei LUNA2000-SO.<\/p>\n<p>Aby otrzyma\u0107 niezb\u0119dne wsparcie techniczne w celu uruchomienia i konfiguracji sprz\u0119tu lub w celu przetworzenia gwarancji, je\u015bli to konieczne, nale\u017cy wybra\u0107 j\u0105 w menu rozwijanym. W przeciwnym razie nale\u017cy zawsze skontaktowa\u0107 si\u0119 z producentem.<\/p>\n","protected":false},"excerpt":{"rendered":"<p>Falownik hybrydowy Huawei SUN2000L-6KTL-L1 jest cz\u0119\u015bci\u0105 nowej, innowacyjnej gamy falownik\u00f3w Huawei do zastosowa\u0144 domowych. Ten inteligentny falownik Huawei ma aktywn\u0105 ochron\u0119 przed \u0142ukiem elektrycznym, wy\u017csz\u0105 wydajno\u015b\u0107 z nawet 30% wi\u0119cej energii dzi\u0119ki nowym optymalizatorom SUN2000-450W-P, a tak\u017ce oferuje mo\u017cliwo\u015b\u0107 pod\u0142\u0105czenia akumulator\u00f3w litowych, takich jak lg 10 charm lub nowy modu\u0142owy akumulator Huawei LUNA2000-SO. Aby otrzyma\u0107&hellip;<\/p>\n","protected":false},"featured_media":3312,"comment_status":"open","ping_status":"closed","template":"","meta":[],"product_cat":[782],"product_tag":[],"class_list":{"0":"post-15526","1":"product","2":"type-product","3":"status-publish","4":"has-post-thumbnail","6":"product_cat-zestawy-fotowoltaiczne","8":"first","9":"instock","10":"sale","11":"taxable","12":"shipping-taxable","13":"purchasable","14":"product-type-simple","15":"col-xs-6 col-sm-4","16":"col-md-4 col-lg-4","17":"un-3-cols"},"acf":[],"yoast_head":"<!-- This site is optimized with the Yoast SEO plugin v21.2 - https:\/\/yoast.com\/wordpress\/plugins\/seo\/ -->\n<title>Falownik Huawei SUN2000-6KTL-L1 - 6.000W jednofazowy<\/title>\n<meta name=\"description\" content=\"Order Falownik Huawei SUN2000-6KTL-L1 - 6.000W jednofazowy at a best price.\" \/>\n<meta name=\"robots\" content=\"index, follow, max-snippet:-1, max-image-preview:large, max-video-preview:-1\" \/>\n<link rel=\"canonical\" href=\"https:\/\/fluterm.eu\/pl\/prod\/huawei-sun2000-6ktl-l1-invertes-6-000w-single-phase\/\" \/>\n<meta property=\"og:locale\" content=\"pl_PL\" \/>\n<meta property=\"og:type\" content=\"article\" \/>\n<meta property=\"og:title\" content=\"Falownik Huawei SUN2000-6KTL-L1 - 6.000W jednofazowy\" \/>\n<meta property=\"og:description\" content=\"Order Falownik Huawei SUN2000-6KTL-L1 - 6.000W jednofazowy at a best price.\" \/>\n<meta property=\"og:url\" content=\"https:\/\/fluterm.eu\/pl\/prod\/huawei-sun2000-6ktl-l1-invertes-6-000w-single-phase\/\" \/>\n<meta property=\"og:site_name\" content=\"fluterm.eu\" \/>\n<meta property=\"article:modified_time\" content=\"2023-09-15T21:56:47+00:00\" \/>\n<meta property=\"og:image\" content=\"https:\/\/fluterm.eu\/wp-content\/uploads\/2023\/07\/35E72A15-B2C9-4988-86E8-3F18C03F1AE3.jpeg\" \/>\n\t<meta property=\"og:image:width\" content=\"432\" \/>\n\t<meta property=\"og:image:height\" content=\"432\" \/>\n\t<meta property=\"og:image:type\" content=\"image\/jpeg\" \/>\n<meta name=\"twitter:card\" content=\"summary_large_image\" \/>\n<meta name=\"twitter:label1\" content=\"Szacowany czas czytania\" \/>\n\t<meta name=\"twitter:data1\" content=\"1 minuta\" \/>\n<script type=\"application\/ld+json\" class=\"yoast-schema-graph\">{\"@context\":\"https:\/\/schema.org\",\"@graph\":[{\"@type\":\"WebPage\",\"@id\":\"https:\/\/fluterm.eu\/pl\/prod\/huawei-sun2000-6ktl-l1-invertes-6-000w-single-phase\/\",\"url\":\"https:\/\/fluterm.eu\/pl\/prod\/huawei-sun2000-6ktl-l1-invertes-6-000w-single-phase\/\",\"name\":\"Falownik Huawei SUN2000-6KTL-L1 - 6.000W jednofazowy\",\"isPartOf\":{\"@id\":\"https:\/\/fluterm.eu\/#website\"},\"datePublished\":\"2023-07-02T14:13:51+00:00\",\"dateModified\":\"2023-09-15T21:56:47+00:00\",\"description\":\"Order Falownik Huawei SUN2000-6KTL-L1 - 6.000W jednofazowy at a best price.\",\"breadcrumb\":{\"@id\":\"https:\/\/fluterm.eu\/pl\/prod\/huawei-sun2000-6ktl-l1-invertes-6-000w-single-phase\/#breadcrumb\"},\"inLanguage\":\"pl-PL\",\"potentialAction\":[{\"@type\":\"ReadAction\",\"target\":[\"https:\/\/fluterm.eu\/pl\/prod\/huawei-sun2000-6ktl-l1-invertes-6-000w-single-phase\/\"]}]},{\"@type\":\"BreadcrumbList\",\"@id\":\"https:\/\/fluterm.eu\/pl\/prod\/huawei-sun2000-6ktl-l1-invertes-6-000w-single-phase\/#breadcrumb\",\"itemListElement\":[{\"@type\":\"ListItem\",\"position\":1,\"name\":\"Home\",\"item\":\"https:\/\/fluterm.eu\/pl\/sklep\/\"},{\"@type\":\"ListItem\",\"position\":2,\"name\":\"Sklep\",\"item\":\"https:\/\/fluterm.eu\/pl\/sklep\/\"},{\"@type\":\"ListItem\",\"position\":3,\"name\":\"Falownik Huawei SUN2000-6KTL-L1 &#8211; 6.000W jednofazowy\"}]},{\"@type\":\"WebSite\",\"@id\":\"https:\/\/fluterm.eu\/#website\",\"url\":\"https:\/\/fluterm.eu\/\",\"name\":\"fluterm.eu\",\"description\":\"\",\"potentialAction\":[{\"@type\":\"SearchAction\",\"target\":{\"@type\":\"EntryPoint\",\"urlTemplate\":\"https:\/\/fluterm.eu\/?s={search_term_string}\"},\"query-input\":\"required name=search_term_string\"}],\"inLanguage\":\"pl-PL\"}]}<\/script>\n<!-- \/ Yoast SEO plugin. -->","yoast_head_json":{"title":"Falownik Huawei SUN2000-6KTL-L1 - 6.000W jednofazowy","description":"Order Falownik Huawei SUN2000-6KTL-L1 - 6.000W jednofazowy at a best price.","robots":{"index":"index","follow":"follow","max-snippet":"max-snippet:-1","max-image-preview":"max-image-preview:large","max-video-preview":"max-video-preview:-1"},"canonical":"https:\/\/fluterm.eu\/pl\/prod\/huawei-sun2000-6ktl-l1-invertes-6-000w-single-phase\/","og_locale":"pl_PL","og_type":"article","og_title":"Falownik Huawei SUN2000-6KTL-L1 - 6.000W jednofazowy","og_description":"Order Falownik Huawei SUN2000-6KTL-L1 - 6.000W jednofazowy at a best price.","og_url":"https:\/\/fluterm.eu\/pl\/prod\/huawei-sun2000-6ktl-l1-invertes-6-000w-single-phase\/","og_site_name":"fluterm.eu","article_modified_time":"2023-09-15T21:56:47+00:00","og_image":[{"width":432,"height":432,"url":"https:\/\/fluterm.eu\/wp-content\/uploads\/2023\/07\/35E72A15-B2C9-4988-86E8-3F18C03F1AE3.jpeg","type":"image\/jpeg"}],"twitter_card":"summary_large_image","twitter_misc":{"Szacowany czas czytania":"1 minuta"},"schema":{"@context":"https:\/\/schema.org","@graph":[{"@type":"WebPage","@id":"https:\/\/fluterm.eu\/pl\/prod\/huawei-sun2000-6ktl-l1-invertes-6-000w-single-phase\/","url":"https:\/\/fluterm.eu\/pl\/prod\/huawei-sun2000-6ktl-l1-invertes-6-000w-single-phase\/","name":"Falownik Huawei SUN2000-6KTL-L1 - 6.000W jednofazowy","isPartOf":{"@id":"https:\/\/fluterm.eu\/#website"},"datePublished":"2023-07-02T14:13:51+00:00","dateModified":"2023-09-15T21:56:47+00:00","description":"Order Falownik Huawei SUN2000-6KTL-L1 - 6.000W jednofazowy at a best price.","breadcrumb":{"@id":"https:\/\/fluterm.eu\/pl\/prod\/huawei-sun2000-6ktl-l1-invertes-6-000w-single-phase\/#breadcrumb"},"inLanguage":"pl-PL","potentialAction":[{"@type":"ReadAction","target":["https:\/\/fluterm.eu\/pl\/prod\/huawei-sun2000-6ktl-l1-invertes-6-000w-single-phase\/"]}]},{"@type":"BreadcrumbList","@id":"https:\/\/fluterm.eu\/pl\/prod\/huawei-sun2000-6ktl-l1-invertes-6-000w-single-phase\/#breadcrumb","itemListElement":[{"@type":"ListItem","position":1,"name":"Home","item":"https:\/\/fluterm.eu\/pl\/sklep\/"},{"@type":"ListItem","position":2,"name":"Sklep","item":"https:\/\/fluterm.eu\/pl\/sklep\/"},{"@type":"ListItem","position":3,"name":"Falownik Huawei SUN2000-6KTL-L1 &#8211; 6.000W jednofazowy"}]},{"@type":"WebSite","@id":"https:\/\/fluterm.eu\/#website","url":"https:\/\/fluterm.eu\/","name":"fluterm.eu","description":"","potentialAction":[{"@type":"SearchAction","target":{"@type":"EntryPoint","urlTemplate":"https:\/\/fluterm.eu\/?s={search_term_string}"},"query-input":"required name=search_term_string"}],"inLanguage":"pl-PL"}]}},"_links":{"self":[{"href":"https:\/\/fluterm.eu\/pl\/wp-json\/wp\/v2\/product\/15526","targetHints":{"allow":["GET"]}}],"collection":[{"href":"https:\/\/fluterm.eu\/pl\/wp-json\/wp\/v2\/product"}],"about":[{"href":"https:\/\/fluterm.eu\/pl\/wp-json\/wp\/v2\/types\/product"}],"replies":[{"embeddable":true,"href":"https:\/\/fluterm.eu\/pl\/wp-json\/wp\/v2\/comments?post=15526"}],"version-history":[{"count":1,"href":"https:\/\/fluterm.eu\/pl\/wp-json\/wp\/v2\/product\/15526\/revisions"}],"predecessor-version":[{"id":15685,"href":"https:\/\/fluterm.eu\/pl\/wp-json\/wp\/v2\/product\/15526\/revisions\/15685"}],"wp:featuredmedia":[{"embeddable":true,"href":"https:\/\/fluterm.eu\/pl\/wp-json\/wp\/v2\/media\/3312"}],"wp:attachment":[{"href":"https:\/\/fluterm.eu\/pl\/wp-json\/wp\/v2\/media?parent=15526"}],"wp:term":[{"taxonomy":"product_cat","embeddable":true,"href":"https:\/\/fluterm.eu\/pl\/wp-json\/wp\/v2\/product_cat?post=15526"},{"taxonomy":"product_tag","embeddable":true,"href":"https:\/\/fluterm.eu\/pl\/wp-json\/wp\/v2\/product_tag?post=15526"}],"curies":[{"name":"wp","href":"https:\/\/api.w.org\/{rel}","templated":true}]}}