{"id":15554,"date":"2023-06-10T14:51:29","date_gmt":"2023-06-10T11:51:29","guid":{"rendered":"https:\/\/fluterm.eu\/prod\/zestaw-mieszajacy-do-ogrzewania-podlogowego-z-pompa\/"},"modified":"2024-12-18T10:05:06","modified_gmt":"2024-12-18T08:05:06","slug":"ogrzewanie-podlogowe-zestaw-mieszajacy-z-pompa","status":"publish","type":"product","link":"https:\/\/fluterm.eu\/pl\/prod\/ogrzewanie-podlogowe-zestaw-mieszajacy-z-pompa\/","title":{"rendered":"Zestaw mieszaj\u0105cy do ogrzewania pod\u0142ogowego z pomp\u0105"},"content":{"rendered":"<p>Nasz kompaktowy i lekki termostatyczny regulator mieszaj\u0105cy do ogrzewania pod\u0142ogowego umo\u017cliwia bezpo\u015brednie pod\u0142\u0105czenie do naszej gamy rozdzielaczy ogrzewania pod\u0142ogowego i jest dostarczany w pe\u0142ni zmontowany w formacie lewostronnym z m\u0119skimi obrotowymi z\u0142\u0105czami z p\u0142askim uszczelnieniem G1 w standardzie.<\/p>\n<p>Wszechstronna konstrukcja i po\u0142\u0105czenia z\u0142\u0105czkowe sprawiaj\u0105, \u017ce instalacja do kolektora jest prosta, a poniewa\u017c nie wymaga dodatkowych wspornik\u00f3w, eliminuje potrzeb\u0119 czasoch\u0142onnego wiercenia i mocowania.<\/p>\n<p>Zaw\u00f3r mieszaj\u0105cy umo\u017cliwia ustawienie temperatury zasilania w zakresie od 35 do 65\u00b0C w celu precyzyjnego sterowania og\u00f3ln\u0105 temperatur\u0105 ogrzewania pod\u0142ogowego i mo\u017ce by\u0107 zasilany z dowolnego \u017ar\u00f3d\u0142a ciep\u0142a, w tym kot\u0142\u00f3w olejowych i gazowych, piec\u00f3w opalanych drewnem i ekologicznych \u017ar\u00f3de\u0142 energii, takich jak pompy ciep\u0142a wykorzystuj\u0105ce energi\u0119 s\u0142oneczn\u0105, gruntow\u0105 i powietrzn\u0105.<\/p>\n<p>Ka\u017cdy zestaw sterownika sk\u0142ada si\u0119 z termostatycznego zaworu mieszaj\u0105cego, energooszcz\u0119dnej pompy obiegowej Wilo klasy A, adaptera rozdzielacza i wszystkich niezb\u0119dnych uszczelek.<\/p>\n<p><strong>Regulacja kontroli mieszania  <\/strong><\/p>\n<p>Termostatyczny zaw\u00f3r mieszaj\u0105cy jest fabrycznie ustawiony na dostarczanie wody zmieszanej w temperaturze 45\u00b0C do rozdzielacza ogrzewania pod\u0142ogowego. Temperatur\u0119 wody zmieszanej mo\u017cna regulowa\u0107 w zakresie od 35\u00b0C do 65\u00b0C, obracaj\u0105c pokr\u0119t\u0142o zaworu mieszaj\u0105cego w prawo w celu zwi\u0119kszenia temperatury i w lewo w celu jej zmniejszenia.<\/p>\n<p>Pompa ibo amg klasy A z 3-letni\u0105 gwarancj\u0105<\/p>\n","protected":false},"excerpt":{"rendered":"<p>Nasz kompaktowy i lekki termostatyczny regulator mieszaj\u0105cy do ogrzewania pod\u0142ogowego umo\u017cliwia bezpo\u015brednie pod\u0142\u0105czenie do naszej gamy rozdzielaczy ogrzewania pod\u0142ogowego i jest dostarczany w pe\u0142ni zmontowany w formacie lewostronnym z m\u0119skimi obrotowymi z\u0142\u0105czami z p\u0142askim uszczelnieniem G1 w standardzie. Wszechstronna konstrukcja i po\u0142\u0105czenia z\u0142\u0105czkowe sprawiaj\u0105, \u017ce instalacja do kolektora jest prosta, a poniewa\u017c nie wymaga dodatkowych&hellip;<\/p>\n","protected":false},"featured_media":3228,"comment_status":"open","ping_status":"closed","template":"","meta":[],"product_cat":[848],"product_tag":[],"class_list":{"0":"post-15554","1":"product","2":"type-product","3":"status-publish","4":"has-post-thumbnail","6":"product_cat-grupy-mieszajace-ogrzewania-podlogowego","8":"first","9":"instock","10":"sale","11":"taxable","12":"shipping-taxable","13":"purchasable","14":"product-type-simple","15":"col-xs-6 col-sm-4","16":"col-md-4 col-lg-4","17":"un-3-cols"},"acf":[],"yoast_head":"<!-- This site is optimized with the Yoast SEO plugin v21.2 - https:\/\/yoast.com\/wordpress\/plugins\/seo\/ -->\n<title>Zestaw mieszaj\u0105cy do ogrzewania pod\u0142ogowego z pomp\u0105<\/title>\n<meta name=\"description\" content=\"Order Zestaw mieszaj\u0105cy do ogrzewania pod\u0142ogowego z pomp\u0105 at a best price.\" \/>\n<meta name=\"robots\" content=\"index, follow, max-snippet:-1, max-image-preview:large, max-video-preview:-1\" \/>\n<link rel=\"canonical\" href=\"https:\/\/fluterm.eu\/pl\/prod\/ogrzewanie-podlogowe-zestaw-mieszajacy-z-pompa\/\" \/>\n<meta property=\"og:locale\" content=\"pl_PL\" \/>\n<meta property=\"og:type\" content=\"article\" \/>\n<meta property=\"og:title\" content=\"Zestaw mieszaj\u0105cy do ogrzewania pod\u0142ogowego z pomp\u0105\" \/>\n<meta property=\"og:description\" content=\"Order Zestaw mieszaj\u0105cy do ogrzewania pod\u0142ogowego z pomp\u0105 at a best price.\" \/>\n<meta property=\"og:url\" content=\"https:\/\/fluterm.eu\/pl\/prod\/ogrzewanie-podlogowe-zestaw-mieszajacy-z-pompa\/\" \/>\n<meta property=\"og:site_name\" content=\"fluterm.eu\" \/>\n<meta property=\"article:modified_time\" content=\"2024-12-18T08:05:06+00:00\" \/>\n<meta property=\"og:image\" content=\"https:\/\/fluterm.eu\/wp-content\/uploads\/2023\/06\/2928A4CC-4987-46F4-B58E-9B651F4546DE.jpeg\" \/>\n\t<meta property=\"og:image:width\" content=\"2000\" \/>\n\t<meta property=\"og:image:height\" content=\"2000\" \/>\n\t<meta property=\"og:image:type\" content=\"image\/jpeg\" \/>\n<meta name=\"twitter:card\" content=\"summary_large_image\" \/>\n<meta name=\"twitter:label1\" content=\"Szacowany czas czytania\" \/>\n\t<meta name=\"twitter:data1\" content=\"1 minuta\" \/>\n<script type=\"application\/ld+json\" class=\"yoast-schema-graph\">{\"@context\":\"https:\/\/schema.org\",\"@graph\":[{\"@type\":\"WebPage\",\"@id\":\"https:\/\/fluterm.eu\/pl\/prod\/ogrzewanie-podlogowe-zestaw-mieszajacy-z-pompa\/\",\"url\":\"https:\/\/fluterm.eu\/pl\/prod\/ogrzewanie-podlogowe-zestaw-mieszajacy-z-pompa\/\",\"name\":\"Zestaw mieszaj\u0105cy do ogrzewania pod\u0142ogowego z pomp\u0105\",\"isPartOf\":{\"@id\":\"https:\/\/fluterm.eu\/#website\"},\"datePublished\":\"2023-06-10T11:51:29+00:00\",\"dateModified\":\"2024-12-18T08:05:06+00:00\",\"description\":\"Order Zestaw mieszaj\u0105cy do ogrzewania pod\u0142ogowego z pomp\u0105 at a best price.\",\"breadcrumb\":{\"@id\":\"https:\/\/fluterm.eu\/pl\/prod\/ogrzewanie-podlogowe-zestaw-mieszajacy-z-pompa\/#breadcrumb\"},\"inLanguage\":\"pl-PL\",\"potentialAction\":[{\"@type\":\"ReadAction\",\"target\":[\"https:\/\/fluterm.eu\/pl\/prod\/ogrzewanie-podlogowe-zestaw-mieszajacy-z-pompa\/\"]}]},{\"@type\":\"BreadcrumbList\",\"@id\":\"https:\/\/fluterm.eu\/pl\/prod\/ogrzewanie-podlogowe-zestaw-mieszajacy-z-pompa\/#breadcrumb\",\"itemListElement\":[{\"@type\":\"ListItem\",\"position\":1,\"name\":\"Home\",\"item\":\"https:\/\/fluterm.eu\/pl\/sklep\/\"},{\"@type\":\"ListItem\",\"position\":2,\"name\":\"Sklep\",\"item\":\"https:\/\/fluterm.eu\/pl\/sklep\/\"},{\"@type\":\"ListItem\",\"position\":3,\"name\":\"Zestaw mieszaj\u0105cy do ogrzewania pod\u0142ogowego z pomp\u0105\"}]},{\"@type\":\"WebSite\",\"@id\":\"https:\/\/fluterm.eu\/#website\",\"url\":\"https:\/\/fluterm.eu\/\",\"name\":\"fluterm.eu\",\"description\":\"\",\"potentialAction\":[{\"@type\":\"SearchAction\",\"target\":{\"@type\":\"EntryPoint\",\"urlTemplate\":\"https:\/\/fluterm.eu\/?s={search_term_string}\"},\"query-input\":\"required name=search_term_string\"}],\"inLanguage\":\"pl-PL\"}]}<\/script>\n<!-- \/ Yoast SEO plugin. -->","yoast_head_json":{"title":"Zestaw mieszaj\u0105cy do ogrzewania pod\u0142ogowego z pomp\u0105","description":"Order Zestaw mieszaj\u0105cy do ogrzewania pod\u0142ogowego z pomp\u0105 at a best price.","robots":{"index":"index","follow":"follow","max-snippet":"max-snippet:-1","max-image-preview":"max-image-preview:large","max-video-preview":"max-video-preview:-1"},"canonical":"https:\/\/fluterm.eu\/pl\/prod\/ogrzewanie-podlogowe-zestaw-mieszajacy-z-pompa\/","og_locale":"pl_PL","og_type":"article","og_title":"Zestaw mieszaj\u0105cy do ogrzewania pod\u0142ogowego z pomp\u0105","og_description":"Order Zestaw mieszaj\u0105cy do ogrzewania pod\u0142ogowego z pomp\u0105 at a best price.","og_url":"https:\/\/fluterm.eu\/pl\/prod\/ogrzewanie-podlogowe-zestaw-mieszajacy-z-pompa\/","og_site_name":"fluterm.eu","article_modified_time":"2024-12-18T08:05:06+00:00","og_image":[{"width":2000,"height":2000,"url":"https:\/\/fluterm.eu\/wp-content\/uploads\/2023\/06\/2928A4CC-4987-46F4-B58E-9B651F4546DE.jpeg","type":"image\/jpeg"}],"twitter_card":"summary_large_image","twitter_misc":{"Szacowany czas czytania":"1 minuta"},"schema":{"@context":"https:\/\/schema.org","@graph":[{"@type":"WebPage","@id":"https:\/\/fluterm.eu\/pl\/prod\/ogrzewanie-podlogowe-zestaw-mieszajacy-z-pompa\/","url":"https:\/\/fluterm.eu\/pl\/prod\/ogrzewanie-podlogowe-zestaw-mieszajacy-z-pompa\/","name":"Zestaw mieszaj\u0105cy do ogrzewania pod\u0142ogowego z pomp\u0105","isPartOf":{"@id":"https:\/\/fluterm.eu\/#website"},"datePublished":"2023-06-10T11:51:29+00:00","dateModified":"2024-12-18T08:05:06+00:00","description":"Order Zestaw mieszaj\u0105cy do ogrzewania pod\u0142ogowego z pomp\u0105 at a best price.","breadcrumb":{"@id":"https:\/\/fluterm.eu\/pl\/prod\/ogrzewanie-podlogowe-zestaw-mieszajacy-z-pompa\/#breadcrumb"},"inLanguage":"pl-PL","potentialAction":[{"@type":"ReadAction","target":["https:\/\/fluterm.eu\/pl\/prod\/ogrzewanie-podlogowe-zestaw-mieszajacy-z-pompa\/"]}]},{"@type":"BreadcrumbList","@id":"https:\/\/fluterm.eu\/pl\/prod\/ogrzewanie-podlogowe-zestaw-mieszajacy-z-pompa\/#breadcrumb","itemListElement":[{"@type":"ListItem","position":1,"name":"Home","item":"https:\/\/fluterm.eu\/pl\/sklep\/"},{"@type":"ListItem","position":2,"name":"Sklep","item":"https:\/\/fluterm.eu\/pl\/sklep\/"},{"@type":"ListItem","position":3,"name":"Zestaw mieszaj\u0105cy do ogrzewania pod\u0142ogowego z pomp\u0105"}]},{"@type":"WebSite","@id":"https:\/\/fluterm.eu\/#website","url":"https:\/\/fluterm.eu\/","name":"fluterm.eu","description":"","potentialAction":[{"@type":"SearchAction","target":{"@type":"EntryPoint","urlTemplate":"https:\/\/fluterm.eu\/?s={search_term_string}"},"query-input":"required name=search_term_string"}],"inLanguage":"pl-PL"}]}},"_links":{"self":[{"href":"https:\/\/fluterm.eu\/pl\/wp-json\/wp\/v2\/product\/15554","targetHints":{"allow":["GET"]}}],"collection":[{"href":"https:\/\/fluterm.eu\/pl\/wp-json\/wp\/v2\/product"}],"about":[{"href":"https:\/\/fluterm.eu\/pl\/wp-json\/wp\/v2\/types\/product"}],"replies":[{"embeddable":true,"href":"https:\/\/fluterm.eu\/pl\/wp-json\/wp\/v2\/comments?post=15554"}],"version-history":[{"count":0,"href":"https:\/\/fluterm.eu\/pl\/wp-json\/wp\/v2\/product\/15554\/revisions"}],"wp:featuredmedia":[{"embeddable":true,"href":"https:\/\/fluterm.eu\/pl\/wp-json\/wp\/v2\/media\/3228"}],"wp:attachment":[{"href":"https:\/\/fluterm.eu\/pl\/wp-json\/wp\/v2\/media?parent=15554"}],"wp:term":[{"taxonomy":"product_cat","embeddable":true,"href":"https:\/\/fluterm.eu\/pl\/wp-json\/wp\/v2\/product_cat?post=15554"},{"taxonomy":"product_tag","embeddable":true,"href":"https:\/\/fluterm.eu\/pl\/wp-json\/wp\/v2\/product_tag?post=15554"}],"curies":[{"name":"wp","href":"https:\/\/api.w.org\/{rel}","templated":true}]}}