{"id":9153,"date":"2023-09-03T13:57:55","date_gmt":"2023-09-03T10:57:55","guid":{"rendered":"https:\/\/fluterm.eu\/prod\/falownik-hybrydowy-growatt-sph6000tl3-bh-up-o-mocy-6-kw-z-zestawem-do-magazynowania-energii-slonecznej-o-pojemnosci-76-kwh\/"},"modified":"2023-09-06T18:17:26","modified_gmt":"2023-09-06T15:17:26","slug":"falownik-hybrydowy-growatt-sph6000tl3-bh-up-o-mocy-6-kw-z-zestawem-do-magazynowania-energii-slonecznej-o-pojemnosci-76-kwh","status":"publish","type":"product","link":"https:\/\/fluterm.eu\/pl\/prod\/falownik-hybrydowy-growatt-sph6000tl3-bh-up-o-mocy-6-kw-z-zestawem-do-magazynowania-energii-slonecznej-o-pojemnosci-76-kwh\/","title":{"rendered":"Falownik hybrydowy Growatt SPH6000TL3-BH-UP o mocy 6 kW z zestawem do magazynowania energii s\u0142onecznej o pojemno\u015bci 7,6 kWh"},"content":{"rendered":"<div class=\"product-properties-description-title\">\n<h2>szczeg\u00f3\u0142y produktu<\/h2>\n<\/div>\n<div class=\"product-detail-properties\">\n<div class=\"row product-detail-properties-container\">\n<div class=\"col-12\">\n<table class=\"table table-striped product-detail-properties-table\">\n<tbody>\n<tr class=\"properties-row clickable\" data-toggle=\"collapse\">\n<th class=\"properties-label\">Wymiary (d\u0142. x szer. x wys.):<\/th>\n<td class=\"properties-value\">610x250x770mm<\/td>\n<\/tr>\n<tr class=\"properties-row\">\n<th class=\"properties-label\">Mo\u017cliwo\u015b\u0107 rozbudowy:<\/th>\n<td class=\"properties-value\">Tak<\/td>\n<\/tr>\n<tr class=\"properties-row\">\n<th class=\"properties-label\">Pojemno\u015b\u0107 w Wh:<\/th>\n<td class=\"properties-value\">7680<\/td>\n<\/tr>\n<tr class=\"properties-row\">\n<th class=\"properties-label\">Moc w W:<\/th>\n<td class=\"properties-value\">6000<\/td>\n<\/tr>\n<\/tbody>\n<\/table>\n<\/div>\n<\/div>\n<\/div>\n<div class=\"twt-product-detail-properties-info\">Informacje wed\u0142ug producenta. Zastrzega si\u0119 prawo do b\u0142\u0119d\u00f3w i zmian.<\/div>\n<div class=\"product-detail-description-text\">\n<h2>Falownik hybrydowy Growatt SPH6000TL3-BH-UP o mocy 6 kW z zestawem do magazynowania energii s\u0142onecznej o pojemno\u015bci 7,6 kWh<\/h2>\n<p>Te produkty czekaj\u0105 na Ciebie w tym zestawie:<\/p>\n<ul>\n<li>1 Hybrydowy falownik solarny Growatt SPH6000TL3-BH-UP 6kW 3-fazowy<\/li>\n<li>3 Akumulator wysokonapi\u0119ciowy Growatt ARK 2.5H-A1 do SPH i MOD<\/li>\n<li>1 Growatt Smart Meter TPM-E 3-fazowy<\/li>\n<li>1 Growatt HVC 60050-A1 wysokonapi\u0119ciowy system zarz\u0105dzania bateri\u0105 dla systemu ARK HV<\/li>\n<li>1 Podstawa Growatt ARK-2.5H-A1 do akumulator\u00f3w wysokonapi\u0119ciowych<\/li>\n<li>1 Zestaw kabli po\u0142\u0105czeniowych wysokiego napi\u0119cia Growatt ARK-2.5H-A1 dla SPH<\/li>\n<li>1 Growatt Shine-Wifi-X WiFi stick<\/li>\n<\/ul>\n<h3>Oto, jakie wra\u017cenie zrobi Tw\u00f3j nowy falownik hybrydowy<\/h3>\n<p>Inwerter hybrydowy Growatt SPH6000TL3-BH-UP zapewnia zwi\u0119kszone zu\u017cycie energii s\u0142onecznej i zmniejsza zale\u017cno\u015b\u0107 od sieci. Produkt ma maksymaln\u0105 moc wyj\u015bciow\u0105 6000 W. Europejski poziom sprawno\u015bci, a tym samym wydajno\u015b\u0107, wynosi 97,3%. Produkt pasuje do systemu o maksymalnej mocy 7,8 kWp. Nawet je\u015bli system solarny sk\u0142ada si\u0119 z powierzchni o r\u00f3\u017cnej grubo\u015bci, ich optymalna wydajno\u015b\u0107 jest wspierana przez 2 trackery MPP w SPH6000TL3-BH-UP.<\/p>\n<h3>ARK 7.6H: nowy zasobnik solarny w skr\u00f3cie<\/h3>\n<p>Do\u0142\u0105czony akumulator Growatt ma pojemno\u015b\u0107 7 680 Wh. Ten magazyn pasuje do systemu solarnego. ARK 7.6H zaspokaja potrzeby energetyczne czterech os\u00f3b w domu jednorodzinnym z samochodem elektrycznym lub pomp\u0105 ciep\u0142a. Jest on obliczany na mniej ni\u017c 9000 kWh rocznie.<\/p>\n<h3>Interfejsy: W ten spos\u00f3b komunikuje si\u0119 zestaw solarny<\/h3>\n<p>Wystarczaj\u0105ce interfejsy zapewniaj\u0105 po\u0142\u0105czenie zestawu solarnego z innymi urz\u0105dzeniami. Pakiet wsp\u00f3\u0142pracuje z tymi interfejsami:<\/p>\n<ul>\n<li>RS232, RS485, CAN, USB, WLAN<\/li>\n<\/ul>\n<\/div>\n<div class=\"h4 twt-product-properties-description-title\">Dane techniczne<\/div>\n<div class=\"product-detail-properties\">\n<div class=\"row product-detail-properties-container\">\n<div class=\"col-12\">\n<table class=\"table table-striped product-detail-properties-table\">\n<tbody>\n<tr class=\"properties-row\">\n<th class=\"properties-label\">Liczba MPPT:<\/th>\n<td class=\"properties-value\">2<\/td>\n<\/tr>\n<tr class=\"properties-row\">\n<th class=\"properties-label\">Mo\u017cliwo\u015b\u0107 rozbudowy:<\/th>\n<td class=\"properties-value\">Tak<\/td>\n<\/tr>\n<tr class=\"properties-row\">\n<th class=\"properties-label\">Pojemno\u015b\u0107 w Wh:<\/th>\n<td class=\"properties-value\">7680<\/td>\n<\/tr>\n<tr class=\"properties-row\">\n<th class=\"properties-label\">Moc w W:<\/th>\n<td class=\"properties-value\">6000<\/td>\n<\/tr>\n<tr class=\"properties-row\">\n<th class=\"properties-label\">Maksymalna wielko\u015b\u0107 systemu KWp:<\/th>\n<td class=\"properties-value\">7.8<\/td>\n<\/tr>\n<tr class=\"properties-row\">\n<th class=\"properties-label\">fazy:<\/th>\n<td class=\"properties-value\">3<\/td>\n<\/tr>\n<tr class=\"properties-row\">\n<th class=\"properties-label\">Interfejsy:<\/th>\n<td class=\"properties-value\">RS232, RS485, CAN, USB, WLAN<\/td>\n<\/tr>\n<tr class=\"properties-row\">\n<th class=\"properties-label\">Klasa ochrony:<\/th>\n<td class=\"properties-value\">IP65<\/td>\n<\/tr>\n<tr class=\"properties-row\">\n<th class=\"properties-label\">Czas prze\u0142\u0105czania w ms:<\/th>\n<td class=\"properties-value\">10<\/td>\n<\/tr>\n<tr class=\"properties-row\">\n<th class=\"properties-label\">Wydajno\u015b\u0107 w procentach:<\/th>\n<td class=\"properties-value\">97.3<\/td>\n<\/tr>\n<\/tbody>\n<\/table>\n<\/div>\n<\/div>\n<\/div>\n","protected":false},"excerpt":{"rendered":"<p>szczeg\u00f3\u0142y produktu Wymiary (d\u0142. x szer. x wys.): 610x250x770mm Mo\u017cliwo\u015b\u0107 rozbudowy: Tak Pojemno\u015b\u0107 w Wh: 7680 Moc w W: 6000 Informacje wed\u0142ug producenta. Zastrzega si\u0119 prawo do b\u0142\u0119d\u00f3w i zmian. Falownik hybrydowy Growatt SPH6000TL3-BH-UP o mocy 6 kW z zestawem do magazynowania energii s\u0142onecznej o pojemno\u015bci 7,6 kWh Te produkty czekaj\u0105 na Ciebie w tym&hellip;<\/p>\n","protected":false},"featured_media":9036,"comment_status":"open","ping_status":"closed","template":"","meta":[],"product_cat":[782],"product_tag":[],"class_list":{"0":"post-9153","1":"product","2":"type-product","3":"status-publish","4":"has-post-thumbnail","6":"product_cat-zestawy-fotowoltaiczne","8":"first","9":"instock","10":"taxable","11":"shipping-taxable","12":"purchasable","13":"product-type-simple","14":"col-xs-6 col-sm-4","15":"col-md-4 col-lg-4","16":"un-3-cols"},"acf":[],"yoast_head":"<!-- This site is optimized with the Yoast SEO plugin v21.2 - https:\/\/yoast.com\/wordpress\/plugins\/seo\/ -->\n<title>Falownik hybrydowy Growatt SPH6000TL3-BH-UP o mocy 6 kW z zestawem do magazynowania energii s\u0142onecznej o pojemno\u015bci 7,6 kWh<\/title>\n<meta name=\"description\" content=\"Order Falownik hybrydowy Growatt SPH6000TL3-BH-UP o mocy 6 kW z zestawem do magazynowania energii s\u0142onecznej o pojemno\u015bci 7,6 kWh at a best price.\" \/>\n<meta name=\"robots\" content=\"index, follow, max-snippet:-1, max-image-preview:large, max-video-preview:-1\" \/>\n<link rel=\"canonical\" href=\"https:\/\/fluterm.eu\/pl\/prod\/falownik-hybrydowy-growatt-sph6000tl3-bh-up-o-mocy-6-kw-z-zestawem-do-magazynowania-energii-slonecznej-o-pojemnosci-76-kwh\/\" \/>\n<meta property=\"og:locale\" content=\"pl_PL\" \/>\n<meta property=\"og:type\" content=\"article\" \/>\n<meta property=\"og:title\" content=\"Falownik hybrydowy Growatt SPH6000TL3-BH-UP o mocy 6 kW z zestawem do magazynowania energii s\u0142onecznej o pojemno\u015bci 7,6 kWh\" \/>\n<meta property=\"og:description\" content=\"Order Falownik hybrydowy Growatt SPH6000TL3-BH-UP o mocy 6 kW z zestawem do magazynowania energii s\u0142onecznej o pojemno\u015bci 7,6 kWh at a best price.\" \/>\n<meta property=\"og:url\" content=\"https:\/\/fluterm.eu\/pl\/prod\/falownik-hybrydowy-growatt-sph6000tl3-bh-up-o-mocy-6-kw-z-zestawem-do-magazynowania-energii-slonecznej-o-pojemnosci-76-kwh\/\" \/>\n<meta property=\"og:site_name\" content=\"fluterm.eu\" \/>\n<meta property=\"article:modified_time\" content=\"2023-09-06T15:17:26+00:00\" \/>\n<meta property=\"og:image\" content=\"https:\/\/fluterm.eu\/wp-content\/uploads\/2023\/08\/8C2F61C0-EFAD-4C01-9428-CD91962D0463.jpeg\" \/>\n\t<meta property=\"og:image:width\" content=\"560\" \/>\n\t<meta property=\"og:image:height\" content=\"560\" \/>\n\t<meta property=\"og:image:type\" content=\"image\/jpeg\" \/>\n<meta name=\"twitter:card\" content=\"summary_large_image\" \/>\n<meta name=\"twitter:label1\" content=\"Szacowany czas czytania\" \/>\n\t<meta name=\"twitter:data1\" content=\"2 minuty\" \/>\n<script type=\"application\/ld+json\" class=\"yoast-schema-graph\">{\"@context\":\"https:\/\/schema.org\",\"@graph\":[{\"@type\":\"WebPage\",\"@id\":\"https:\/\/fluterm.eu\/pl\/prod\/falownik-hybrydowy-growatt-sph6000tl3-bh-up-o-mocy-6-kw-z-zestawem-do-magazynowania-energii-slonecznej-o-pojemnosci-76-kwh\/\",\"url\":\"https:\/\/fluterm.eu\/pl\/prod\/falownik-hybrydowy-growatt-sph6000tl3-bh-up-o-mocy-6-kw-z-zestawem-do-magazynowania-energii-slonecznej-o-pojemnosci-76-kwh\/\",\"name\":\"Falownik hybrydowy Growatt SPH6000TL3-BH-UP o mocy 6 kW z zestawem do magazynowania energii s\u0142onecznej o pojemno\u015bci 7,6 kWh\",\"isPartOf\":{\"@id\":\"https:\/\/fluterm.eu\/#website\"},\"datePublished\":\"2023-09-03T10:57:55+00:00\",\"dateModified\":\"2023-09-06T15:17:26+00:00\",\"description\":\"Order Falownik hybrydowy Growatt SPH6000TL3-BH-UP o mocy 6 kW z zestawem do magazynowania energii s\u0142onecznej o pojemno\u015bci 7,6 kWh at a best price.\",\"breadcrumb\":{\"@id\":\"https:\/\/fluterm.eu\/pl\/prod\/falownik-hybrydowy-growatt-sph6000tl3-bh-up-o-mocy-6-kw-z-zestawem-do-magazynowania-energii-slonecznej-o-pojemnosci-76-kwh\/#breadcrumb\"},\"inLanguage\":\"pl-PL\",\"potentialAction\":[{\"@type\":\"ReadAction\",\"target\":[\"https:\/\/fluterm.eu\/pl\/prod\/falownik-hybrydowy-growatt-sph6000tl3-bh-up-o-mocy-6-kw-z-zestawem-do-magazynowania-energii-slonecznej-o-pojemnosci-76-kwh\/\"]}]},{\"@type\":\"BreadcrumbList\",\"@id\":\"https:\/\/fluterm.eu\/pl\/prod\/falownik-hybrydowy-growatt-sph6000tl3-bh-up-o-mocy-6-kw-z-zestawem-do-magazynowania-energii-slonecznej-o-pojemnosci-76-kwh\/#breadcrumb\",\"itemListElement\":[{\"@type\":\"ListItem\",\"position\":1,\"name\":\"Home\",\"item\":\"https:\/\/fluterm.eu\/pl\/sklep\/\"},{\"@type\":\"ListItem\",\"position\":2,\"name\":\"Sklep\",\"item\":\"https:\/\/fluterm.eu\/pl\/sklep\/\"},{\"@type\":\"ListItem\",\"position\":3,\"name\":\"Falownik hybrydowy Growatt SPH6000TL3-BH-UP o mocy 6 kW z zestawem do magazynowania energii s\u0142onecznej o pojemno\u015bci 7,6 kWh\"}]},{\"@type\":\"WebSite\",\"@id\":\"https:\/\/fluterm.eu\/#website\",\"url\":\"https:\/\/fluterm.eu\/\",\"name\":\"fluterm.eu\",\"description\":\"\",\"potentialAction\":[{\"@type\":\"SearchAction\",\"target\":{\"@type\":\"EntryPoint\",\"urlTemplate\":\"https:\/\/fluterm.eu\/?s={search_term_string}\"},\"query-input\":\"required name=search_term_string\"}],\"inLanguage\":\"pl-PL\"}]}<\/script>\n<!-- \/ Yoast SEO plugin. -->","yoast_head_json":{"title":"Falownik hybrydowy Growatt SPH6000TL3-BH-UP o mocy 6 kW z zestawem do magazynowania energii s\u0142onecznej o pojemno\u015bci 7,6 kWh","description":"Order Falownik hybrydowy Growatt SPH6000TL3-BH-UP o mocy 6 kW z zestawem do magazynowania energii s\u0142onecznej o pojemno\u015bci 7,6 kWh at a best price.","robots":{"index":"index","follow":"follow","max-snippet":"max-snippet:-1","max-image-preview":"max-image-preview:large","max-video-preview":"max-video-preview:-1"},"canonical":"https:\/\/fluterm.eu\/pl\/prod\/falownik-hybrydowy-growatt-sph6000tl3-bh-up-o-mocy-6-kw-z-zestawem-do-magazynowania-energii-slonecznej-o-pojemnosci-76-kwh\/","og_locale":"pl_PL","og_type":"article","og_title":"Falownik hybrydowy Growatt SPH6000TL3-BH-UP o mocy 6 kW z zestawem do magazynowania energii s\u0142onecznej o pojemno\u015bci 7,6 kWh","og_description":"Order Falownik hybrydowy Growatt SPH6000TL3-BH-UP o mocy 6 kW z zestawem do magazynowania energii s\u0142onecznej o pojemno\u015bci 7,6 kWh at a best price.","og_url":"https:\/\/fluterm.eu\/pl\/prod\/falownik-hybrydowy-growatt-sph6000tl3-bh-up-o-mocy-6-kw-z-zestawem-do-magazynowania-energii-slonecznej-o-pojemnosci-76-kwh\/","og_site_name":"fluterm.eu","article_modified_time":"2023-09-06T15:17:26+00:00","og_image":[{"width":560,"height":560,"url":"https:\/\/fluterm.eu\/wp-content\/uploads\/2023\/08\/8C2F61C0-EFAD-4C01-9428-CD91962D0463.jpeg","type":"image\/jpeg"}],"twitter_card":"summary_large_image","twitter_misc":{"Szacowany czas czytania":"2 minuty"},"schema":{"@context":"https:\/\/schema.org","@graph":[{"@type":"WebPage","@id":"https:\/\/fluterm.eu\/pl\/prod\/falownik-hybrydowy-growatt-sph6000tl3-bh-up-o-mocy-6-kw-z-zestawem-do-magazynowania-energii-slonecznej-o-pojemnosci-76-kwh\/","url":"https:\/\/fluterm.eu\/pl\/prod\/falownik-hybrydowy-growatt-sph6000tl3-bh-up-o-mocy-6-kw-z-zestawem-do-magazynowania-energii-slonecznej-o-pojemnosci-76-kwh\/","name":"Falownik hybrydowy Growatt SPH6000TL3-BH-UP o mocy 6 kW z zestawem do magazynowania energii s\u0142onecznej o pojemno\u015bci 7,6 kWh","isPartOf":{"@id":"https:\/\/fluterm.eu\/#website"},"datePublished":"2023-09-03T10:57:55+00:00","dateModified":"2023-09-06T15:17:26+00:00","description":"Order Falownik hybrydowy Growatt SPH6000TL3-BH-UP o mocy 6 kW z zestawem do magazynowania energii s\u0142onecznej o pojemno\u015bci 7,6 kWh at a best price.","breadcrumb":{"@id":"https:\/\/fluterm.eu\/pl\/prod\/falownik-hybrydowy-growatt-sph6000tl3-bh-up-o-mocy-6-kw-z-zestawem-do-magazynowania-energii-slonecznej-o-pojemnosci-76-kwh\/#breadcrumb"},"inLanguage":"pl-PL","potentialAction":[{"@type":"ReadAction","target":["https:\/\/fluterm.eu\/pl\/prod\/falownik-hybrydowy-growatt-sph6000tl3-bh-up-o-mocy-6-kw-z-zestawem-do-magazynowania-energii-slonecznej-o-pojemnosci-76-kwh\/"]}]},{"@type":"BreadcrumbList","@id":"https:\/\/fluterm.eu\/pl\/prod\/falownik-hybrydowy-growatt-sph6000tl3-bh-up-o-mocy-6-kw-z-zestawem-do-magazynowania-energii-slonecznej-o-pojemnosci-76-kwh\/#breadcrumb","itemListElement":[{"@type":"ListItem","position":1,"name":"Home","item":"https:\/\/fluterm.eu\/pl\/sklep\/"},{"@type":"ListItem","position":2,"name":"Sklep","item":"https:\/\/fluterm.eu\/pl\/sklep\/"},{"@type":"ListItem","position":3,"name":"Falownik hybrydowy Growatt SPH6000TL3-BH-UP o mocy 6 kW z zestawem do magazynowania energii s\u0142onecznej o pojemno\u015bci 7,6 kWh"}]},{"@type":"WebSite","@id":"https:\/\/fluterm.eu\/#website","url":"https:\/\/fluterm.eu\/","name":"fluterm.eu","description":"","potentialAction":[{"@type":"SearchAction","target":{"@type":"EntryPoint","urlTemplate":"https:\/\/fluterm.eu\/?s={search_term_string}"},"query-input":"required name=search_term_string"}],"inLanguage":"pl-PL"}]}},"_links":{"self":[{"href":"https:\/\/fluterm.eu\/pl\/wp-json\/wp\/v2\/product\/9153","targetHints":{"allow":["GET"]}}],"collection":[{"href":"https:\/\/fluterm.eu\/pl\/wp-json\/wp\/v2\/product"}],"about":[{"href":"https:\/\/fluterm.eu\/pl\/wp-json\/wp\/v2\/types\/product"}],"replies":[{"embeddable":true,"href":"https:\/\/fluterm.eu\/pl\/wp-json\/wp\/v2\/comments?post=9153"}],"version-history":[{"count":1,"href":"https:\/\/fluterm.eu\/pl\/wp-json\/wp\/v2\/product\/9153\/revisions"}],"predecessor-version":[{"id":13630,"href":"https:\/\/fluterm.eu\/pl\/wp-json\/wp\/v2\/product\/9153\/revisions\/13630"}],"wp:featuredmedia":[{"embeddable":true,"href":"https:\/\/fluterm.eu\/pl\/wp-json\/wp\/v2\/media\/9036"}],"wp:attachment":[{"href":"https:\/\/fluterm.eu\/pl\/wp-json\/wp\/v2\/media?parent=9153"}],"wp:term":[{"taxonomy":"product_cat","embeddable":true,"href":"https:\/\/fluterm.eu\/pl\/wp-json\/wp\/v2\/product_cat?post=9153"},{"taxonomy":"product_tag","embeddable":true,"href":"https:\/\/fluterm.eu\/pl\/wp-json\/wp\/v2\/product_tag?post=9153"}],"curies":[{"name":"wp","href":"https:\/\/api.w.org\/{rel}","templated":true}]}}