{"id":9878,"date":"2023-08-27T13:52:52","date_gmt":"2023-08-27T10:52:52","guid":{"rendered":"https:\/\/fluterm.eu\/prod\/manifold-connector-uponor-16x3-4-eurocone\/"},"modified":"2023-09-06T18:17:26","modified_gmt":"2023-09-06T15:17:26","slug":"manifold-connector-uponor-16x3-4-eurocone","status":"publish","type":"product","link":"https:\/\/fluterm.eu\/pl\/prod\/manifold-connector-uponor-16x3-4-eurocone\/","title":{"rendered":"MANIFOLD CONNECTOR UPONOR 16&#215;3\/4 EUROCONE"},"content":{"rendered":"<div class=\"columns__section\">\n<h3>Specyfikacja techniczna<\/h3>\n<div class=\"technical-specifications\">\n<div class=\"technical-specifications-row\"><span class=\"technical-specifications-row__label\">Materia\u0142 pier\u015bcienia \u015bciskaj\u0105cego<\/span><span class=\"technical-specifications-row__value\">Mosi\u0105dz<\/span><\/div>\n<div class=\"technical-specifications-row\"><span class=\"technical-specifications-row__label\">Materia\u0142 nakr\u0119tki z\u0142\u0105czkowej-<\/span><span class=\"technical-specifications-row__value\">Mosi\u0105dz<\/span><\/div>\n<div class=\"technical-specifications-row\"><span class=\"technical-specifications-row__label\">Zewn\u0119trzna \u015brednica rury-<\/span><span class=\"technical-specifications-row__value\">17 mm<\/span><\/div>\n<div class=\"technical-specifications-row\"><span class=\"technical-specifications-row__label\">Nadaje si\u0119 do rur aluminiowych<\/span><span class=\"technical-specifications-row__value\">fa\u0142szywy<\/span><\/div>\n<div class=\"technical-specifications-row\"><span class=\"technical-specifications-row__label\">Nadaje si\u0119 do rur miedzianych<\/span><span class=\"technical-specifications-row__value\">fa\u0142szywy<\/span><\/div>\n<div class=\"technical-specifications-row\"><span class=\"technical-specifications-row__label\">Nadaje si\u0119 do plastikowych rur wielowarstwowych-<\/span><span class=\"technical-specifications-row__value\">fa\u0142szywy<\/span><\/div>\n<div class=\"technical-specifications-row\"><span class=\"technical-specifications-row__label\">Nadaje si\u0119 do rur z tworzyw sztucznych-<\/span><span class=\"technical-specifications-row__value\">prawdziwy<\/span><\/div>\n<div class=\"technical-specifications-row\"><span class=\"technical-specifications-row__label\">Nadaje si\u0119 do plastikowych rurek-<\/span><span class=\"technical-specifications-row__value\">prawdziwy<\/span><\/div>\n<div class=\"technical-specifications-row\"><span class=\"technical-specifications-row__label\">Nadaje si\u0119 do rur ze stali nierdzewnej-<\/span><span class=\"technical-specifications-row__value\">fa\u0142szywy<\/span><\/div>\n<div class=\"technical-specifications-row\"><span class=\"technical-specifications-row__label\">Nadaje si\u0119 do rur stalowych i miedzianych-<\/span><span class=\"technical-specifications-row__value\">fa\u0142szywy<\/span><\/div>\n<div class=\"technical-specifications-row\"><span class=\"technical-specifications-row__label\">Nadaje si\u0119 do rur stalowych-<\/span><span class=\"technical-specifications-row__value\">fa\u0142szywy<\/span><\/div>\n<div class=\"technical-specifications-row\"><span class=\"technical-specifications-row__label\">Odpowiednie dla grubo\u015bci \u015bciany-<\/span><span class=\"technical-specifications-row__value\">2 mm<\/span><\/div>\n<div class=\"technical-specifications-row\"><span class=\"technical-specifications-row__label\">Po\u0142\u0105czenie gwintowe-<\/span><span class=\"technical-specifications-row__value\">Euroconus<\/span><\/div>\n<div class=\"technical-specifications-row\"><span class=\"technical-specifications-row__label\">\u015arednica gwintu-<\/span><span class=\"technical-specifications-row__value\">G 3\/4 cala<\/span><\/div>\n<div class=\"technical-specifications-row\"><span class=\"technical-specifications-row__label\">Rozmiar gwintu nakr\u0119tki-<\/span><span class=\"technical-specifications-row__value\">3\/4 cala<\/span><\/div>\n<\/div>\n<\/div>\n<div class=\"columns__section\">\n<h3>Kody produkt\u00f3w<\/h3>\n<div class=\"product-codes\">\n<div class=\"product-codes-row\"><span class=\"product-codes-row__label\">SAP<\/span><span class=\"product-codes-row__value\">AFA167<\/span><\/div>\n<div class=\"product-codes-row\"><span class=\"product-codes-row__label\">HPAC<\/span><span class=\"product-codes-row__value\">2025028<\/span><\/div>\n<div class=\"product-codes-row\"><span class=\"product-codes-row__label\">PLC<\/span><span class=\"product-codes-row__value\">2025028<\/span><\/div>\n<div class=\"product-codes-row\"><span class=\"product-codes-row__label\">GTIN\/EAN<\/span><span class=\"product-codes-row__value\">4021598127951<\/span><\/div>\n<div class=\"product-codes-row\"><span class=\"product-codes-row__label\">Numer cz\u0119\u015bci producenta<\/span><span class=\"product-codes-row__value\">1065286<\/span><\/div>\n<div class=\"product-codes-row\"><span class=\"product-codes-row__label\">Numer materia\u0142u dostawcy<\/span><span class=\"product-codes-row__value\">2025028<\/span><\/div>\n<\/div>\n<\/div>\n","protected":false},"excerpt":{"rendered":"<p>Specyfikacja techniczna Materia\u0142 pier\u015bcienia \u015bciskaj\u0105cegoMosi\u0105dz Materia\u0142 nakr\u0119tki z\u0142\u0105czkowej-Mosi\u0105dz Zewn\u0119trzna \u015brednica rury-17 mm Nadaje si\u0119 do rur aluminiowychfa\u0142szywy Nadaje si\u0119 do rur miedzianychfa\u0142szywy Nadaje si\u0119 do plastikowych rur wielowarstwowych-fa\u0142szywy Nadaje si\u0119 do rur z tworzyw sztucznych-prawdziwy Nadaje si\u0119 do plastikowych rurek-prawdziwy Nadaje si\u0119 do rur ze stali nierdzewnej-fa\u0142szywy Nadaje si\u0119 do rur stalowych i miedzianych-fa\u0142szywy Nadaje&hellip;<\/p>\n","protected":false},"featured_media":9854,"comment_status":"open","ping_status":"closed","template":"","meta":[],"product_cat":[831],"product_tag":[],"class_list":{"0":"post-9878","1":"product","2":"type-product","3":"status-publish","4":"has-post-thumbnail","6":"product_cat-rozne","8":"first","9":"instock","10":"taxable","11":"shipping-taxable","12":"purchasable","13":"product-type-simple","14":"col-xs-6 col-sm-4","15":"col-md-4 col-lg-4","16":"un-3-cols"},"acf":[],"yoast_head":"<!-- This site is optimized with the Yoast SEO plugin v21.2 - https:\/\/yoast.com\/wordpress\/plugins\/seo\/ -->\n<title>MANIFOLD CONNECTOR UPONOR 16x3\/4 EUROCONE<\/title>\n<meta name=\"description\" content=\"Order MANIFOLD CONNECTOR UPONOR 16x3\/4 EUROCONE at a best price.\" \/>\n<meta name=\"robots\" content=\"index, follow, max-snippet:-1, max-image-preview:large, max-video-preview:-1\" \/>\n<link rel=\"canonical\" href=\"https:\/\/fluterm.eu\/pl\/prod\/manifold-connector-uponor-16x3-4-eurocone\/\" \/>\n<meta property=\"og:locale\" content=\"pl_PL\" \/>\n<meta property=\"og:type\" content=\"article\" \/>\n<meta property=\"og:title\" content=\"MANIFOLD CONNECTOR UPONOR 16x3\/4 EUROCONE\" \/>\n<meta property=\"og:description\" content=\"Order MANIFOLD CONNECTOR UPONOR 16x3\/4 EUROCONE at a best price.\" \/>\n<meta property=\"og:url\" content=\"https:\/\/fluterm.eu\/pl\/prod\/manifold-connector-uponor-16x3-4-eurocone\/\" \/>\n<meta property=\"og:site_name\" content=\"fluterm.eu\" \/>\n<meta property=\"article:modified_time\" content=\"2023-09-06T15:17:26+00:00\" \/>\n<meta property=\"og:image\" content=\"https:\/\/fluterm.eu\/wp-content\/uploads\/2023\/08\/eurocon-uponor-vario-pex-3-4-fi8269.webp\" \/>\n\t<meta property=\"og:image:width\" content=\"700\" \/>\n\t<meta property=\"og:image:height\" content=\"440\" \/>\n\t<meta property=\"og:image:type\" content=\"image\/webp\" \/>\n<meta name=\"twitter:card\" content=\"summary_large_image\" \/>\n<meta name=\"twitter:label1\" content=\"Szacowany czas czytania\" \/>\n\t<meta name=\"twitter:data1\" content=\"1 minuta\" \/>\n<script type=\"application\/ld+json\" class=\"yoast-schema-graph\">{\"@context\":\"https:\/\/schema.org\",\"@graph\":[{\"@type\":\"WebPage\",\"@id\":\"https:\/\/fluterm.eu\/pl\/prod\/manifold-connector-uponor-16x3-4-eurocone\/\",\"url\":\"https:\/\/fluterm.eu\/pl\/prod\/manifold-connector-uponor-16x3-4-eurocone\/\",\"name\":\"MANIFOLD CONNECTOR UPONOR 16x3\/4 EUROCONE\",\"isPartOf\":{\"@id\":\"https:\/\/fluterm.eu\/#website\"},\"datePublished\":\"2023-08-27T10:52:52+00:00\",\"dateModified\":\"2023-09-06T15:17:26+00:00\",\"description\":\"Order MANIFOLD CONNECTOR UPONOR 16x3\/4 EUROCONE at a best price.\",\"breadcrumb\":{\"@id\":\"https:\/\/fluterm.eu\/pl\/prod\/manifold-connector-uponor-16x3-4-eurocone\/#breadcrumb\"},\"inLanguage\":\"pl-PL\",\"potentialAction\":[{\"@type\":\"ReadAction\",\"target\":[\"https:\/\/fluterm.eu\/pl\/prod\/manifold-connector-uponor-16x3-4-eurocone\/\"]}]},{\"@type\":\"BreadcrumbList\",\"@id\":\"https:\/\/fluterm.eu\/pl\/prod\/manifold-connector-uponor-16x3-4-eurocone\/#breadcrumb\",\"itemListElement\":[{\"@type\":\"ListItem\",\"position\":1,\"name\":\"Home\",\"item\":\"https:\/\/fluterm.eu\/pl\/sklep\/\"},{\"@type\":\"ListItem\",\"position\":2,\"name\":\"Sklep\",\"item\":\"https:\/\/fluterm.eu\/pl\/sklep\/\"},{\"@type\":\"ListItem\",\"position\":3,\"name\":\"MANIFOLD CONNECTOR UPONOR 16&#215;3\/4 EUROCONE\"}]},{\"@type\":\"WebSite\",\"@id\":\"https:\/\/fluterm.eu\/#website\",\"url\":\"https:\/\/fluterm.eu\/\",\"name\":\"fluterm.eu\",\"description\":\"\",\"potentialAction\":[{\"@type\":\"SearchAction\",\"target\":{\"@type\":\"EntryPoint\",\"urlTemplate\":\"https:\/\/fluterm.eu\/?s={search_term_string}\"},\"query-input\":\"required name=search_term_string\"}],\"inLanguage\":\"pl-PL\"}]}<\/script>\n<!-- \/ Yoast SEO plugin. -->","yoast_head_json":{"title":"MANIFOLD CONNECTOR UPONOR 16x3\/4 EUROCONE","description":"Order MANIFOLD CONNECTOR UPONOR 16x3\/4 EUROCONE at a best price.","robots":{"index":"index","follow":"follow","max-snippet":"max-snippet:-1","max-image-preview":"max-image-preview:large","max-video-preview":"max-video-preview:-1"},"canonical":"https:\/\/fluterm.eu\/pl\/prod\/manifold-connector-uponor-16x3-4-eurocone\/","og_locale":"pl_PL","og_type":"article","og_title":"MANIFOLD CONNECTOR UPONOR 16x3\/4 EUROCONE","og_description":"Order MANIFOLD CONNECTOR UPONOR 16x3\/4 EUROCONE at a best price.","og_url":"https:\/\/fluterm.eu\/pl\/prod\/manifold-connector-uponor-16x3-4-eurocone\/","og_site_name":"fluterm.eu","article_modified_time":"2023-09-06T15:17:26+00:00","og_image":[{"width":700,"height":440,"url":"https:\/\/fluterm.eu\/wp-content\/uploads\/2023\/08\/eurocon-uponor-vario-pex-3-4-fi8269.webp","type":"image\/webp"}],"twitter_card":"summary_large_image","twitter_misc":{"Szacowany czas czytania":"1 minuta"},"schema":{"@context":"https:\/\/schema.org","@graph":[{"@type":"WebPage","@id":"https:\/\/fluterm.eu\/pl\/prod\/manifold-connector-uponor-16x3-4-eurocone\/","url":"https:\/\/fluterm.eu\/pl\/prod\/manifold-connector-uponor-16x3-4-eurocone\/","name":"MANIFOLD CONNECTOR UPONOR 16x3\/4 EUROCONE","isPartOf":{"@id":"https:\/\/fluterm.eu\/#website"},"datePublished":"2023-08-27T10:52:52+00:00","dateModified":"2023-09-06T15:17:26+00:00","description":"Order MANIFOLD CONNECTOR UPONOR 16x3\/4 EUROCONE at a best price.","breadcrumb":{"@id":"https:\/\/fluterm.eu\/pl\/prod\/manifold-connector-uponor-16x3-4-eurocone\/#breadcrumb"},"inLanguage":"pl-PL","potentialAction":[{"@type":"ReadAction","target":["https:\/\/fluterm.eu\/pl\/prod\/manifold-connector-uponor-16x3-4-eurocone\/"]}]},{"@type":"BreadcrumbList","@id":"https:\/\/fluterm.eu\/pl\/prod\/manifold-connector-uponor-16x3-4-eurocone\/#breadcrumb","itemListElement":[{"@type":"ListItem","position":1,"name":"Home","item":"https:\/\/fluterm.eu\/pl\/sklep\/"},{"@type":"ListItem","position":2,"name":"Sklep","item":"https:\/\/fluterm.eu\/pl\/sklep\/"},{"@type":"ListItem","position":3,"name":"MANIFOLD CONNECTOR UPONOR 16&#215;3\/4 EUROCONE"}]},{"@type":"WebSite","@id":"https:\/\/fluterm.eu\/#website","url":"https:\/\/fluterm.eu\/","name":"fluterm.eu","description":"","potentialAction":[{"@type":"SearchAction","target":{"@type":"EntryPoint","urlTemplate":"https:\/\/fluterm.eu\/?s={search_term_string}"},"query-input":"required name=search_term_string"}],"inLanguage":"pl-PL"}]}},"_links":{"self":[{"href":"https:\/\/fluterm.eu\/pl\/wp-json\/wp\/v2\/product\/9878","targetHints":{"allow":["GET"]}}],"collection":[{"href":"https:\/\/fluterm.eu\/pl\/wp-json\/wp\/v2\/product"}],"about":[{"href":"https:\/\/fluterm.eu\/pl\/wp-json\/wp\/v2\/types\/product"}],"replies":[{"embeddable":true,"href":"https:\/\/fluterm.eu\/pl\/wp-json\/wp\/v2\/comments?post=9878"}],"version-history":[{"count":1,"href":"https:\/\/fluterm.eu\/pl\/wp-json\/wp\/v2\/product\/9878\/revisions"}],"predecessor-version":[{"id":13631,"href":"https:\/\/fluterm.eu\/pl\/wp-json\/wp\/v2\/product\/9878\/revisions\/13631"}],"wp:featuredmedia":[{"embeddable":true,"href":"https:\/\/fluterm.eu\/pl\/wp-json\/wp\/v2\/media\/9854"}],"wp:attachment":[{"href":"https:\/\/fluterm.eu\/pl\/wp-json\/wp\/v2\/media?parent=9878"}],"wp:term":[{"taxonomy":"product_cat","embeddable":true,"href":"https:\/\/fluterm.eu\/pl\/wp-json\/wp\/v2\/product_cat?post=9878"},{"taxonomy":"product_tag","embeddable":true,"href":"https:\/\/fluterm.eu\/pl\/wp-json\/wp\/v2\/product_tag?post=9878"}],"curies":[{"name":"wp","href":"https:\/\/api.w.org\/{rel}","templated":true}]}}