{"id":4869,"date":"2023-07-03T11:10:08","date_gmt":"2023-07-03T08:10:08","guid":{"rendered":"https:\/\/fluterm.eu\/garantia\/"},"modified":"2023-09-04T22:01:50","modified_gmt":"2023-09-04T19:01:50","slug":"garantia","status":"publish","type":"page","link":"https:\/\/fluterm.eu\/pt-pt\/garantia\/","title":{"rendered":"Garantia"},"content":{"rendered":"<h1>Garantia<\/h1>\n<p>Oferecemos igualmente um per\u00edodo de garantia de <strong>24 meses a partir da data de compra<\/strong>. Se tiver algum problema com o seu produto durante este per\u00edodo, contacte-nos e trabalharemos consigo para resolver o problema o mais rapidamente poss\u00edvel.<\/p>\n<p>Orgulhamo-nos do nosso empenho na satisfa\u00e7\u00e3o do cliente e esfor\u00e7amo-nos por prestar um excelente servi\u00e7o aos nossos clientes. Se tiver alguma d\u00favida ou preocupa\u00e7\u00e3o, n\u00e3o hesite em <a href=\"https:\/\/fluterm.eu\/contact\/\">contactar-nos<\/a>. Obrigado por ter escolhido o fluterm.eu.<\/p>\n","protected":false},"excerpt":{"rendered":"<p>Garantia Oferecemos igualmente um per\u00edodo de garantia de 24 meses a partir da data de compra. Se tiver algum problema com o seu produto durante este per\u00edodo, contacte-nos e trabalharemos consigo para resolver o problema o mais rapidamente poss\u00edvel. Orgulhamo-nos do nosso empenho na satisfa\u00e7\u00e3o do cliente e esfor\u00e7amo-nos por prestar um excelente servi\u00e7o aos&hellip;<\/p>\n","protected":false},"author":3,"featured_media":0,"parent":0,"menu_order":0,"comment_status":"closed","ping_status":"closed","template":"","meta":{"footnotes":""},"class_list":["post-4869","page","type-page","status-publish","hentry"],"acf":[],"yoast_head":"<!-- This site is optimized with the Yoast SEO plugin v21.2 - https:\/\/yoast.com\/wordpress\/plugins\/seo\/ -->\n<title>Garantia<\/title>\n<meta name=\"robots\" content=\"index, follow, max-snippet:-1, max-image-preview:large, max-video-preview:-1\" \/>\n<link rel=\"canonical\" href=\"https:\/\/fluterm.eu\/pt-pt\/garantia\/\" \/>\n<meta property=\"og:locale\" content=\"pt_PT\" \/>\n<meta property=\"og:type\" content=\"article\" \/>\n<meta property=\"og:title\" content=\"Garantia\" \/>\n<meta property=\"og:description\" content=\"Garantia Oferecemos igualmente um per\u00edodo de garantia de 24 meses a partir da data de compra. Se tiver algum problema com o seu produto durante este per\u00edodo, contacte-nos e trabalharemos consigo para resolver o problema o mais rapidamente poss\u00edvel. Orgulhamo-nos do nosso empenho na satisfa\u00e7\u00e3o do cliente e esfor\u00e7amo-nos por prestar um excelente servi\u00e7o aos&hellip;\" \/>\n<meta property=\"og:url\" content=\"https:\/\/fluterm.eu\/pt-pt\/garantia\/\" \/>\n<meta property=\"og:site_name\" content=\"fluterm.eu\" \/>\n<meta property=\"article:modified_time\" content=\"2023-09-04T19:01:50+00:00\" \/>\n<meta name=\"twitter:card\" content=\"summary_large_image\" \/>\n<script type=\"application\/ld+json\" class=\"yoast-schema-graph\">{\"@context\":\"https:\/\/schema.org\",\"@graph\":[{\"@type\":\"WebPage\",\"@id\":\"https:\/\/fluterm.eu\/pt-pt\/garantia\/\",\"url\":\"https:\/\/fluterm.eu\/pt-pt\/garantia\/\",\"name\":\"Garantia\",\"isPartOf\":{\"@id\":\"https:\/\/fluterm.eu\/#website\"},\"datePublished\":\"2023-07-03T08:10:08+00:00\",\"dateModified\":\"2023-09-04T19:01:50+00:00\",\"breadcrumb\":{\"@id\":\"https:\/\/fluterm.eu\/pt-pt\/garantia\/#breadcrumb\"},\"inLanguage\":\"pt-PT\",\"potentialAction\":[{\"@type\":\"ReadAction\",\"target\":[\"https:\/\/fluterm.eu\/pt-pt\/garantia\/\"]}]},{\"@type\":\"BreadcrumbList\",\"@id\":\"https:\/\/fluterm.eu\/pt-pt\/garantia\/#breadcrumb\",\"itemListElement\":[{\"@type\":\"ListItem\",\"position\":1,\"name\":\"Home\",\"item\":\"https:\/\/fluterm.eu\/pt-pt\/loja\/\"},{\"@type\":\"ListItem\",\"position\":2,\"name\":\"Garantia\"}]},{\"@type\":\"WebSite\",\"@id\":\"https:\/\/fluterm.eu\/#website\",\"url\":\"https:\/\/fluterm.eu\/\",\"name\":\"fluterm.eu\",\"description\":\"\",\"potentialAction\":[{\"@type\":\"SearchAction\",\"target\":{\"@type\":\"EntryPoint\",\"urlTemplate\":\"https:\/\/fluterm.eu\/?s={search_term_string}\"},\"query-input\":\"required name=search_term_string\"}],\"inLanguage\":\"pt-PT\"}]}<\/script>\n<!-- \/ Yoast SEO plugin. -->","yoast_head_json":{"title":"Garantia","robots":{"index":"index","follow":"follow","max-snippet":"max-snippet:-1","max-image-preview":"max-image-preview:large","max-video-preview":"max-video-preview:-1"},"canonical":"https:\/\/fluterm.eu\/pt-pt\/garantia\/","og_locale":"pt_PT","og_type":"article","og_title":"Garantia","og_description":"Garantia Oferecemos igualmente um per\u00edodo de garantia de 24 meses a partir da data de compra. Se tiver algum problema com o seu produto durante este per\u00edodo, contacte-nos e trabalharemos consigo para resolver o problema o mais rapidamente poss\u00edvel. Orgulhamo-nos do nosso empenho na satisfa\u00e7\u00e3o do cliente e esfor\u00e7amo-nos por prestar um excelente servi\u00e7o aos&hellip;","og_url":"https:\/\/fluterm.eu\/pt-pt\/garantia\/","og_site_name":"fluterm.eu","article_modified_time":"2023-09-04T19:01:50+00:00","twitter_card":"summary_large_image","schema":{"@context":"https:\/\/schema.org","@graph":[{"@type":"WebPage","@id":"https:\/\/fluterm.eu\/pt-pt\/garantia\/","url":"https:\/\/fluterm.eu\/pt-pt\/garantia\/","name":"Garantia","isPartOf":{"@id":"https:\/\/fluterm.eu\/#website"},"datePublished":"2023-07-03T08:10:08+00:00","dateModified":"2023-09-04T19:01:50+00:00","breadcrumb":{"@id":"https:\/\/fluterm.eu\/pt-pt\/garantia\/#breadcrumb"},"inLanguage":"pt-PT","potentialAction":[{"@type":"ReadAction","target":["https:\/\/fluterm.eu\/pt-pt\/garantia\/"]}]},{"@type":"BreadcrumbList","@id":"https:\/\/fluterm.eu\/pt-pt\/garantia\/#breadcrumb","itemListElement":[{"@type":"ListItem","position":1,"name":"Home","item":"https:\/\/fluterm.eu\/pt-pt\/loja\/"},{"@type":"ListItem","position":2,"name":"Garantia"}]},{"@type":"WebSite","@id":"https:\/\/fluterm.eu\/#website","url":"https:\/\/fluterm.eu\/","name":"fluterm.eu","description":"","potentialAction":[{"@type":"SearchAction","target":{"@type":"EntryPoint","urlTemplate":"https:\/\/fluterm.eu\/?s={search_term_string}"},"query-input":"required name=search_term_string"}],"inLanguage":"pt-PT"}]}},"_links":{"self":[{"href":"https:\/\/fluterm.eu\/pt-pt\/wp-json\/wp\/v2\/pages\/4869","targetHints":{"allow":["GET"]}}],"collection":[{"href":"https:\/\/fluterm.eu\/pt-pt\/wp-json\/wp\/v2\/pages"}],"about":[{"href":"https:\/\/fluterm.eu\/pt-pt\/wp-json\/wp\/v2\/types\/page"}],"author":[{"embeddable":true,"href":"https:\/\/fluterm.eu\/pt-pt\/wp-json\/wp\/v2\/users\/3"}],"replies":[{"embeddable":true,"href":"https:\/\/fluterm.eu\/pt-pt\/wp-json\/wp\/v2\/comments?post=4869"}],"version-history":[{"count":1,"href":"https:\/\/fluterm.eu\/pt-pt\/wp-json\/wp\/v2\/pages\/4869\/revisions"}],"predecessor-version":[{"id":4870,"href":"https:\/\/fluterm.eu\/pt-pt\/wp-json\/wp\/v2\/pages\/4869\/revisions\/4870"}],"wp:attachment":[{"href":"https:\/\/fluterm.eu\/pt-pt\/wp-json\/wp\/v2\/media?parent=4869"}],"curies":[{"name":"wp","href":"https:\/\/api.w.org\/{rel}","templated":true}]}}