{"id":10044,"date":"2023-08-26T09:57:24","date_gmt":"2023-08-26T06:57:24","guid":{"rendered":"https:\/\/fluterm.eu\/prod\/huawei-hybrid-sun2000-20ktl-m1-inverte-20-000w-trifasico\/"},"modified":"2023-09-06T13:36:58","modified_gmt":"2023-09-06T10:36:58","slug":"huawei-hybrid-sun2000-20ktl-m1-inverte-20-000w-trifasico","status":"publish","type":"product","link":"https:\/\/fluterm.eu\/pt-pt\/prod\/huawei-hybrid-sun2000-20ktl-m1-inverte-20-000w-trifasico\/","title":{"rendered":"Huawei Hybrid SUN2000-20KTL-M1 Inverte &#8211; 20.000W Trif\u00e1sico"},"content":{"rendered":"<p>O inversor h\u00edbrido Huawei <strong>SUN2000L-20KTL-M5<\/strong> faz parte da nova e inovadora gama de inversores residenciais da Huawei. Este inversor inteligente da Huawei tem prote\u00e7\u00e3o ativa contra arcos de corrente, maior efici\u00eancia com at\u00e9 30% mais energia gra\u00e7as aos novos optimizadores SUN2000-450W-P e oferece tamb\u00e9m a possibilidade de ligar baterias de acumula\u00e7\u00e3o de l\u00edtio, como a lg 10 charm ou a nova bateria modular da Huawei LUNA2000-SO.<\/p>\n<h2>Caracter\u00edsticas t\u00e9cnicas<\/h2>\n<table border=\"1\">\n<tbody>\n<tr>\n<td colspan=\"2\">Entrada<\/td>\n<\/tr>\n<tr>\n<td width=\"50%\">Pot\u00eancia fotovoltaica m\u00e1xima sugerida<\/td>\n<td width=\"50%\">30.000Wp<\/td>\n<\/tr>\n<tr>\n<td>Tens\u00e3o m\u00e1xima de entrada<\/td>\n<td>1.100V<\/td>\n<\/tr>\n<tr>\n<td>M\u00e1x. corrente de entrada para MPPT<\/td>\n<td>30A (dois fios) \/ 20A (fio \u00fanico)<\/td>\n<\/tr>\n<tr>\n<td>corrente m\u00e1xima de curto-circuito<\/td>\n<td>40A<\/td>\n<\/tr>\n<tr>\n<td>Tens\u00e3o de arranque<\/td>\n<td>200V<\/td>\n<\/tr>\n<tr>\n<td>Gama de tens\u00e3o nominal MPPT<\/td>\n<td>200V~1000V<\/td>\n<\/tr>\n<tr>\n<td>Tens\u00e3o nominal de entrada<\/td>\n<td>600V<\/td>\n<\/tr>\n<tr>\n<td>N\u00famero m\u00e1ximo de entradas para MPPT<\/td>\n<td>4<\/td>\n<\/tr>\n<tr>\n<td>N\u00famero de MPPTs<\/td>\n<td>2<\/td>\n<\/tr>\n<tr>\n<td colspan=\"2\">Sair<\/td>\n<\/tr>\n<tr>\n<td>Pot\u00eancia nominal de sa\u00edda<\/td>\n<td>20,000W<\/td>\n<\/tr>\n<tr>\n<td>M\u00e1x. pot\u00eancia aparente<\/td>\n<td>22.000VA<\/td>\n<\/tr>\n<tr>\n<td>Tens\u00e3o nominal de sa\u00edda<\/td>\n<td>220Vac \/ 380Vac, 230Vac \/ 400Vac, 239.6Vac \/ 415Vac, 3W + N + PE<\/td>\n<\/tr>\n<tr>\n<td>Frequ\u00eancia nominal da rede el\u00e9ctrica CA<\/td>\n<td>50Hz \/ 60Hz<\/td>\n<\/tr>\n<tr>\n<td>Corrente m\u00e1xima de sa\u00edda<\/td>\n<td>33,6A\/380Vac<br \/>\n31,9A\/400Vac<br \/>\n30,8A\/415Vac<\/td>\n<\/tr>\n<tr>\n<td>Fator de pot\u00eancia ajust\u00e1vel<\/td>\n<td>0,8 capaci &#8230; 0,8 indu\u00e7\u00e3o<\/td>\n<\/tr>\n<tr>\n<td colspan=\"2\">Fun\u00e7\u00f5es e protec\u00e7\u00f5es<\/td>\n<\/tr>\n<tr>\n<td>Categoria de sobretens\u00e3o<\/td>\n<td>PV \u2161\/AC \u2162<\/td>\n<\/tr>\n<tr>\n<td>Dispositivo de corte do lado da entrada<\/td>\n<td>Sim<\/td>\n<\/tr>\n<tr>\n<td>Prote\u00e7\u00e3o anti-encalhe<\/td>\n<td>Sim<\/td>\n<\/tr>\n<tr>\n<td>Prote\u00e7\u00e3o contra sobrecorrente AC<\/td>\n<td>Sim<\/td>\n<\/tr>\n<tr>\n<td>Prote\u00e7\u00e3o contra polaridade inversa DC<\/td>\n<td>Sim<\/td>\n<\/tr>\n<tr>\n<td>Dete\u00e7\u00e3o de falhas de cordas<\/td>\n<td>Sim<\/td>\n<\/tr>\n<tr>\n<td>Protetor CC integrado<\/td>\n<td>Tipo II<\/td>\n<\/tr>\n<tr>\n<td>Descarregador AC integrado<\/td>\n<td>CLASSE II<\/td>\n<\/tr>\n<tr>\n<td colspan=\"2\">Conformidade com as normas<\/td>\n<\/tr>\n<tr>\n<td>Seguran\u00e7a<\/td>\n<td>EN\/IEC 62109-1, EN\/IEC 62109-2<\/td>\n<\/tr>\n<tr>\n<td>Norma de liga\u00e7\u00e3o de rede<\/td>\n<td>G99, EN 50549, CEI 0-21, CEI 0-16, VDE-AR-N-4105, VDE-AR-N-4110, C10\/11, ABNT, VFR 2019, UNE 217001, UNE 217002, RD 244, TOR D4, IEC61727, IEC62116<\/td>\n<\/tr>\n<tr>\n<td colspan=\"2\">Optimizador compat\u00edvel<\/td>\n<\/tr>\n<tr>\n<td>Optimizador compat\u00edvel com DC MBUS<\/td>\n<td>SUN2000-450W-P, SUN2000-450W-P2, SUN2000-600W-P, MERC-1300W-P, MERC-1100W-P<\/td>\n<\/tr>\n<tr>\n<td colspan=\"2\">Dados gerais<\/td>\n<\/tr>\n<tr>\n<td>Ecr\u00e3<\/td>\n<td>Indicadores LED; WLAN integrada + aplica\u00e7\u00e3o FusionSolar<\/td>\n<\/tr>\n<tr>\n<td>Comunica\u00e7\u00e3o<\/td>\n<td>RS485; WLAN\/Ethernet atrav\u00e9s de Smart Dongle-WLAN-FE (Opcional) 4G \/ 3G \/ 2G atrav\u00e9s de Smart Dongle-4G (Opcional)<\/td>\n<\/tr>\n<tr>\n<td>Gama de temperaturas de funcionamento<\/td>\n<td>-25 ~ +60\u00b0C (-13\u00b0F ~ 140\u00b0F)<\/td>\n<\/tr>\n<tr>\n<td>Arrefecimento<\/td>\n<td>Arrefecimento inteligente do ar<\/td>\n<\/tr>\n<tr>\n<td>Grau de prote\u00e7\u00e3o<\/td>\n<td>IP66<\/td>\n<\/tr>\n<tr>\n<td>Dimens\u00f5es (incluindo o suporte de montagem)<\/td>\n<td>546 x 460 x 228 mm<\/td>\n<\/tr>\n<tr>\n<td>Peso (incluindo suporte de montagem)<\/td>\n<td>21 kg (46,4 lbs)<\/td>\n<\/tr>\n<\/tbody>\n<\/table>\n<div dir=\"ltr\"><\/div>\n","protected":false},"excerpt":{"rendered":"<p>O inversor h\u00edbrido Huawei SUN2000L-20KTL-M5 faz parte da nova e inovadora gama de inversores residenciais da Huawei. Este inversor inteligente da Huawei tem prote\u00e7\u00e3o ativa contra arcos de corrente, maior efici\u00eancia com at\u00e9 30% mais energia gra\u00e7as aos novos optimizadores SUN2000-450W-P e oferece tamb\u00e9m a possibilidade de ligar baterias de acumula\u00e7\u00e3o de l\u00edtio, como a&hellip;<\/p>\n","protected":false},"featured_media":10052,"comment_status":"open","ping_status":"closed","template":"","meta":[],"product_cat":[785],"product_tag":[],"class_list":{"0":"post-10044","1":"product","2":"type-product","3":"status-publish","4":"has-post-thumbnail","6":"product_cat-kits-fotovoltaicos","8":"first","9":"instock","10":"taxable","11":"shipping-taxable","12":"purchasable","13":"product-type-simple","14":"col-xs-6 col-sm-4","15":"col-md-4 col-lg-4","16":"un-3-cols"},"acf":[],"yoast_head":"<!-- This site is optimized with the Yoast SEO plugin v21.2 - https:\/\/yoast.com\/wordpress\/plugins\/seo\/ -->\n<title>Huawei Hybrid SUN2000-20KTL-M1 Inverte - 20.000W Trif\u00e1sico<\/title>\n<meta name=\"description\" content=\"Order Huawei Hybrid SUN2000-20KTL-M1 Inverte - 20.000W Trif\u00e1sico at a best price.\" \/>\n<meta name=\"robots\" content=\"index, follow, max-snippet:-1, max-image-preview:large, max-video-preview:-1\" \/>\n<link rel=\"canonical\" href=\"https:\/\/fluterm.eu\/pt-pt\/prod\/huawei-hybrid-sun2000-20ktl-m1-inverte-20-000w-trifasico\/\" \/>\n<meta property=\"og:locale\" content=\"pt_PT\" \/>\n<meta property=\"og:type\" content=\"article\" \/>\n<meta property=\"og:title\" content=\"Huawei Hybrid SUN2000-20KTL-M1 Inverte - 20.000W Trif\u00e1sico\" \/>\n<meta property=\"og:description\" content=\"Order Huawei Hybrid SUN2000-20KTL-M1 Inverte - 20.000W Trif\u00e1sico at a best price.\" \/>\n<meta property=\"og:url\" content=\"https:\/\/fluterm.eu\/pt-pt\/prod\/huawei-hybrid-sun2000-20ktl-m1-inverte-20-000w-trifasico\/\" \/>\n<meta property=\"og:site_name\" content=\"fluterm.eu\" \/>\n<meta property=\"article:modified_time\" content=\"2023-09-06T10:36:58+00:00\" \/>\n<meta property=\"og:image\" content=\"https:\/\/fluterm.eu\/wp-content\/uploads\/2023\/08\/5DDCA596-E858-4E61-98D9-BF6E2FD8EFD3_4_5005_c.jpeg\" \/>\n\t<meta property=\"og:image:width\" content=\"296\" \/>\n\t<meta property=\"og:image:height\" content=\"296\" \/>\n\t<meta property=\"og:image:type\" content=\"image\/jpeg\" \/>\n<meta name=\"twitter:card\" content=\"summary_large_image\" \/>\n<meta name=\"twitter:label1\" content=\"Tempo estimado de leitura\" \/>\n\t<meta name=\"twitter:data1\" content=\"2 minutos\" \/>\n<script type=\"application\/ld+json\" class=\"yoast-schema-graph\">{\"@context\":\"https:\/\/schema.org\",\"@graph\":[{\"@type\":\"WebPage\",\"@id\":\"https:\/\/fluterm.eu\/pt-pt\/prod\/huawei-hybrid-sun2000-20ktl-m1-inverte-20-000w-trifasico\/\",\"url\":\"https:\/\/fluterm.eu\/pt-pt\/prod\/huawei-hybrid-sun2000-20ktl-m1-inverte-20-000w-trifasico\/\",\"name\":\"Huawei Hybrid SUN2000-20KTL-M1 Inverte - 20.000W Trif\u00e1sico\",\"isPartOf\":{\"@id\":\"https:\/\/fluterm.eu\/#website\"},\"datePublished\":\"2023-08-26T06:57:24+00:00\",\"dateModified\":\"2023-09-06T10:36:58+00:00\",\"description\":\"Order Huawei Hybrid SUN2000-20KTL-M1 Inverte - 20.000W Trif\u00e1sico at a best price.\",\"breadcrumb\":{\"@id\":\"https:\/\/fluterm.eu\/pt-pt\/prod\/huawei-hybrid-sun2000-20ktl-m1-inverte-20-000w-trifasico\/#breadcrumb\"},\"inLanguage\":\"pt-PT\",\"potentialAction\":[{\"@type\":\"ReadAction\",\"target\":[\"https:\/\/fluterm.eu\/pt-pt\/prod\/huawei-hybrid-sun2000-20ktl-m1-inverte-20-000w-trifasico\/\"]}]},{\"@type\":\"BreadcrumbList\",\"@id\":\"https:\/\/fluterm.eu\/pt-pt\/prod\/huawei-hybrid-sun2000-20ktl-m1-inverte-20-000w-trifasico\/#breadcrumb\",\"itemListElement\":[{\"@type\":\"ListItem\",\"position\":1,\"name\":\"Home\",\"item\":\"https:\/\/fluterm.eu\/pt-pt\/loja\/\"},{\"@type\":\"ListItem\",\"position\":2,\"name\":\"Loja\",\"item\":\"https:\/\/fluterm.eu\/pt-pt\/loja\/\"},{\"@type\":\"ListItem\",\"position\":3,\"name\":\"Huawei Hybrid SUN2000-20KTL-M1 Inverte &#8211; 20.000W Trif\u00e1sico\"}]},{\"@type\":\"WebSite\",\"@id\":\"https:\/\/fluterm.eu\/#website\",\"url\":\"https:\/\/fluterm.eu\/\",\"name\":\"fluterm.eu\",\"description\":\"\",\"potentialAction\":[{\"@type\":\"SearchAction\",\"target\":{\"@type\":\"EntryPoint\",\"urlTemplate\":\"https:\/\/fluterm.eu\/?s={search_term_string}\"},\"query-input\":\"required name=search_term_string\"}],\"inLanguage\":\"pt-PT\"}]}<\/script>\n<!-- \/ Yoast SEO plugin. -->","yoast_head_json":{"title":"Huawei Hybrid SUN2000-20KTL-M1 Inverte - 20.000W Trif\u00e1sico","description":"Order Huawei Hybrid SUN2000-20KTL-M1 Inverte - 20.000W Trif\u00e1sico at a best price.","robots":{"index":"index","follow":"follow","max-snippet":"max-snippet:-1","max-image-preview":"max-image-preview:large","max-video-preview":"max-video-preview:-1"},"canonical":"https:\/\/fluterm.eu\/pt-pt\/prod\/huawei-hybrid-sun2000-20ktl-m1-inverte-20-000w-trifasico\/","og_locale":"pt_PT","og_type":"article","og_title":"Huawei Hybrid SUN2000-20KTL-M1 Inverte - 20.000W Trif\u00e1sico","og_description":"Order Huawei Hybrid SUN2000-20KTL-M1 Inverte - 20.000W Trif\u00e1sico at a best price.","og_url":"https:\/\/fluterm.eu\/pt-pt\/prod\/huawei-hybrid-sun2000-20ktl-m1-inverte-20-000w-trifasico\/","og_site_name":"fluterm.eu","article_modified_time":"2023-09-06T10:36:58+00:00","og_image":[{"width":296,"height":296,"url":"https:\/\/fluterm.eu\/wp-content\/uploads\/2023\/08\/5DDCA596-E858-4E61-98D9-BF6E2FD8EFD3_4_5005_c.jpeg","type":"image\/jpeg"}],"twitter_card":"summary_large_image","twitter_misc":{"Tempo estimado de leitura":"2 minutos"},"schema":{"@context":"https:\/\/schema.org","@graph":[{"@type":"WebPage","@id":"https:\/\/fluterm.eu\/pt-pt\/prod\/huawei-hybrid-sun2000-20ktl-m1-inverte-20-000w-trifasico\/","url":"https:\/\/fluterm.eu\/pt-pt\/prod\/huawei-hybrid-sun2000-20ktl-m1-inverte-20-000w-trifasico\/","name":"Huawei Hybrid SUN2000-20KTL-M1 Inverte - 20.000W Trif\u00e1sico","isPartOf":{"@id":"https:\/\/fluterm.eu\/#website"},"datePublished":"2023-08-26T06:57:24+00:00","dateModified":"2023-09-06T10:36:58+00:00","description":"Order Huawei Hybrid SUN2000-20KTL-M1 Inverte - 20.000W Trif\u00e1sico at a best price.","breadcrumb":{"@id":"https:\/\/fluterm.eu\/pt-pt\/prod\/huawei-hybrid-sun2000-20ktl-m1-inverte-20-000w-trifasico\/#breadcrumb"},"inLanguage":"pt-PT","potentialAction":[{"@type":"ReadAction","target":["https:\/\/fluterm.eu\/pt-pt\/prod\/huawei-hybrid-sun2000-20ktl-m1-inverte-20-000w-trifasico\/"]}]},{"@type":"BreadcrumbList","@id":"https:\/\/fluterm.eu\/pt-pt\/prod\/huawei-hybrid-sun2000-20ktl-m1-inverte-20-000w-trifasico\/#breadcrumb","itemListElement":[{"@type":"ListItem","position":1,"name":"Home","item":"https:\/\/fluterm.eu\/pt-pt\/loja\/"},{"@type":"ListItem","position":2,"name":"Loja","item":"https:\/\/fluterm.eu\/pt-pt\/loja\/"},{"@type":"ListItem","position":3,"name":"Huawei Hybrid SUN2000-20KTL-M1 Inverte &#8211; 20.000W Trif\u00e1sico"}]},{"@type":"WebSite","@id":"https:\/\/fluterm.eu\/#website","url":"https:\/\/fluterm.eu\/","name":"fluterm.eu","description":"","potentialAction":[{"@type":"SearchAction","target":{"@type":"EntryPoint","urlTemplate":"https:\/\/fluterm.eu\/?s={search_term_string}"},"query-input":"required name=search_term_string"}],"inLanguage":"pt-PT"}]}},"_links":{"self":[{"href":"https:\/\/fluterm.eu\/pt-pt\/wp-json\/wp\/v2\/product\/10044","targetHints":{"allow":["GET"]}}],"collection":[{"href":"https:\/\/fluterm.eu\/pt-pt\/wp-json\/wp\/v2\/product"}],"about":[{"href":"https:\/\/fluterm.eu\/pt-pt\/wp-json\/wp\/v2\/types\/product"}],"replies":[{"embeddable":true,"href":"https:\/\/fluterm.eu\/pt-pt\/wp-json\/wp\/v2\/comments?post=10044"}],"version-history":[{"count":1,"href":"https:\/\/fluterm.eu\/pt-pt\/wp-json\/wp\/v2\/product\/10044\/revisions"}],"predecessor-version":[{"id":13704,"href":"https:\/\/fluterm.eu\/pt-pt\/wp-json\/wp\/v2\/product\/10044\/revisions\/13704"}],"wp:featuredmedia":[{"embeddable":true,"href":"https:\/\/fluterm.eu\/pt-pt\/wp-json\/wp\/v2\/media\/10052"}],"wp:attachment":[{"href":"https:\/\/fluterm.eu\/pt-pt\/wp-json\/wp\/v2\/media?parent=10044"}],"wp:term":[{"taxonomy":"product_cat","embeddable":true,"href":"https:\/\/fluterm.eu\/pt-pt\/wp-json\/wp\/v2\/product_cat?post=10044"},{"taxonomy":"product_tag","embeddable":true,"href":"https:\/\/fluterm.eu\/pt-pt\/wp-json\/wp\/v2\/product_tag?post=10044"}],"curies":[{"name":"wp","href":"https:\/\/api.w.org\/{rel}","templated":true}]}}