{"id":11076,"date":"2023-08-08T19:17:52","date_gmt":"2023-08-08T16:17:52","guid":{"rendered":"https:\/\/fluterm.eu\/prod\/pacote-completo-de-aquecimento-por-piso-radiante-uponor-90m2\/"},"modified":"2023-09-06T13:37:07","modified_gmt":"2023-09-06T10:37:07","slug":"pacote-completo-de-aquecimento-por-piso-radiante-uponor-90m2","status":"publish","type":"product","link":"https:\/\/fluterm.eu\/pt-pt\/prod\/pacote-completo-de-aquecimento-por-piso-radiante-uponor-90m2\/","title":{"rendered":"Pacote completo de aquecimento por piso radiante Uponor 90m2"},"content":{"rendered":"<div>Criar o sistema de aquecimento por piso radiante perfeito para a sua casa ou instala\u00e7\u00f5es comerciais est\u00e1 apenas a um passo de dist\u00e2ncia com o nosso sistema completo de aquecimento por piso radiante a \u00e1gua quente. Com um comprimento de tubo suficiente para cobrir 90m\u00b2, tem todos os produtos e pe\u00e7as de alta qualidade que seria de esperar.<\/div>\n<div><\/div>\n<p>O sistema de aquecimento por pavimento radiante Pipe &amp; Clip \u00e9 simples de instalar, o tubo da camada Pex \u00e9 encaixado na camada de isolamento antes de a betonilha ser aplicada com uma esp\u00e1tula ou de ser vertida a betonilha l\u00edquida.<\/p>\n<div>Recomendamos sempre que o tubo seja cortado com precis\u00e3o e escareado para proporcionar uma boa liga\u00e7\u00e3o com os acess\u00f3rios, evitando fugas.<\/div>\n<div><\/div>\n<div><b>Kit de Aquecimento &#8211; 90.0m\u00b2:<\/b><\/div>\n<div><\/div>\n<div>\n<ul>\n<li>720 metros de tubo de 16 mm uponor comfort pipe<\/li>\n<li>Classifica\u00e7\u00e3o &#8220;A&#8221; de baixa energia wilo yonos para bomba e v\u00e1lvula de mistura autom\u00e1tica thermomix <strong>UPONOR<\/strong><\/li>\n<li>Coletor de 9 orif\u00edcios &#8211; Lat\u00e3o niquelado de alta qualidade com montagem de coletor dualmix <strong>UPONOR<\/strong><\/li>\n<li>2 x V\u00e1lvulas de drenagem\/enchimento de \u00e1gua<\/li>\n<li>2 x V\u00e1lvulas de esfera<\/li>\n<li>2 x V\u00e1lvulas de purga<\/li>\n<li>Conectores para tubos de 18 x 16 mm (Eurocone)<\/li>\n<li>2400 Clipes para tubos de alta ader\u00eancia<\/li>\n<li>75m Isolamento de extremidades<\/li>\n<li>folha de alum\u00ednio 100m2<\/li>\n<\/ul>\n<p>Cobertura do piso: 90,0m\u00b2 &#8211; 110,0m\u00b2<br \/>\n&#8211; 90,0m\u00b2 @ 150mm de espa\u00e7amento para \u00e1reas de elevada perda de calor (jardins de inverno)<br \/>\n&#8211; 110,0m\u00b2 @ 200mm de espa\u00e7amento para aquecimento prim\u00e1rio (sala de estar, casa de banho, quartos)<\/p>\n<\/div>\n<div id=\"jp-relatedposts\" class=\"jp-relatedposts\">\n<h3 class=\"jp-relatedposts-headline\"><\/h3>\n<\/div>\n","protected":false},"excerpt":{"rendered":"<p>Criar o sistema de aquecimento por piso radiante perfeito para a sua casa ou instala\u00e7\u00f5es comerciais est\u00e1 apenas a um passo de dist\u00e2ncia com o nosso sistema completo de aquecimento por piso radiante a \u00e1gua quente. Com um comprimento de tubo suficiente para cobrir 90m\u00b2, tem todos os produtos e pe\u00e7as de alta qualidade que&hellip;<\/p>\n","protected":false},"featured_media":11097,"comment_status":"open","ping_status":"closed","template":"","meta":[],"product_cat":[876],"product_tag":[],"class_list":{"0":"post-11076","1":"product","2":"type-product","3":"status-publish","4":"has-post-thumbnail","6":"product_cat-pacotes-completos-de-aquecimento-por-piso-radiante","8":"first","9":"instock","10":"taxable","11":"shipping-taxable","12":"purchasable","13":"product-type-simple","14":"col-xs-6 col-sm-4","15":"col-md-4 col-lg-4","16":"un-3-cols"},"acf":[],"yoast_head":"<!-- This site is optimized with the Yoast SEO plugin v21.2 - https:\/\/yoast.com\/wordpress\/plugins\/seo\/ -->\n<title>Pacote completo de aquecimento por piso radiante Uponor 90m2<\/title>\n<meta name=\"description\" content=\"Order Pacote completo de aquecimento por piso radiante Uponor 90m2 at a best price.\" \/>\n<meta name=\"robots\" content=\"index, follow, max-snippet:-1, max-image-preview:large, max-video-preview:-1\" \/>\n<link rel=\"canonical\" href=\"https:\/\/fluterm.eu\/pt-pt\/prod\/pacote-completo-de-aquecimento-por-piso-radiante-uponor-90m2\/\" \/>\n<meta property=\"og:locale\" content=\"pt_PT\" \/>\n<meta property=\"og:type\" content=\"article\" \/>\n<meta property=\"og:title\" content=\"Pacote completo de aquecimento por piso radiante Uponor 90m2\" \/>\n<meta property=\"og:description\" content=\"Order Pacote completo de aquecimento por piso radiante Uponor 90m2 at a best price.\" \/>\n<meta property=\"og:url\" content=\"https:\/\/fluterm.eu\/pt-pt\/prod\/pacote-completo-de-aquecimento-por-piso-radiante-uponor-90m2\/\" \/>\n<meta property=\"og:site_name\" content=\"fluterm.eu\" \/>\n<meta property=\"article:modified_time\" content=\"2023-09-06T10:37:07+00:00\" \/>\n<meta property=\"og:image\" content=\"https:\/\/fluterm.eu\/wp-content\/uploads\/2023\/08\/A8388EBB-300C-45C5-8F6F-A2A425008098_1_201_a.jpeg\" \/>\n\t<meta property=\"og:image:width\" content=\"2048\" \/>\n\t<meta property=\"og:image:height\" content=\"2048\" \/>\n\t<meta property=\"og:image:type\" content=\"image\/jpeg\" \/>\n<meta name=\"twitter:card\" content=\"summary_large_image\" \/>\n<meta name=\"twitter:label1\" content=\"Tempo estimado de leitura\" \/>\n\t<meta name=\"twitter:data1\" content=\"1 minuto\" \/>\n<script type=\"application\/ld+json\" class=\"yoast-schema-graph\">{\"@context\":\"https:\/\/schema.org\",\"@graph\":[{\"@type\":\"WebPage\",\"@id\":\"https:\/\/fluterm.eu\/pt-pt\/prod\/pacote-completo-de-aquecimento-por-piso-radiante-uponor-90m2\/\",\"url\":\"https:\/\/fluterm.eu\/pt-pt\/prod\/pacote-completo-de-aquecimento-por-piso-radiante-uponor-90m2\/\",\"name\":\"Pacote completo de aquecimento por piso radiante Uponor 90m2\",\"isPartOf\":{\"@id\":\"https:\/\/fluterm.eu\/#website\"},\"datePublished\":\"2023-08-08T16:17:52+00:00\",\"dateModified\":\"2023-09-06T10:37:07+00:00\",\"description\":\"Order Pacote completo de aquecimento por piso radiante Uponor 90m2 at a best price.\",\"breadcrumb\":{\"@id\":\"https:\/\/fluterm.eu\/pt-pt\/prod\/pacote-completo-de-aquecimento-por-piso-radiante-uponor-90m2\/#breadcrumb\"},\"inLanguage\":\"pt-PT\",\"potentialAction\":[{\"@type\":\"ReadAction\",\"target\":[\"https:\/\/fluterm.eu\/pt-pt\/prod\/pacote-completo-de-aquecimento-por-piso-radiante-uponor-90m2\/\"]}]},{\"@type\":\"BreadcrumbList\",\"@id\":\"https:\/\/fluterm.eu\/pt-pt\/prod\/pacote-completo-de-aquecimento-por-piso-radiante-uponor-90m2\/#breadcrumb\",\"itemListElement\":[{\"@type\":\"ListItem\",\"position\":1,\"name\":\"Home\",\"item\":\"https:\/\/fluterm.eu\/pt-pt\/loja\/\"},{\"@type\":\"ListItem\",\"position\":2,\"name\":\"Loja\",\"item\":\"https:\/\/fluterm.eu\/pt-pt\/loja\/\"},{\"@type\":\"ListItem\",\"position\":3,\"name\":\"Pacote completo de aquecimento por piso radiante Uponor 90m2\"}]},{\"@type\":\"WebSite\",\"@id\":\"https:\/\/fluterm.eu\/#website\",\"url\":\"https:\/\/fluterm.eu\/\",\"name\":\"fluterm.eu\",\"description\":\"\",\"potentialAction\":[{\"@type\":\"SearchAction\",\"target\":{\"@type\":\"EntryPoint\",\"urlTemplate\":\"https:\/\/fluterm.eu\/?s={search_term_string}\"},\"query-input\":\"required name=search_term_string\"}],\"inLanguage\":\"pt-PT\"}]}<\/script>\n<!-- \/ Yoast SEO plugin. -->","yoast_head_json":{"title":"Pacote completo de aquecimento por piso radiante Uponor 90m2","description":"Order Pacote completo de aquecimento por piso radiante Uponor 90m2 at a best price.","robots":{"index":"index","follow":"follow","max-snippet":"max-snippet:-1","max-image-preview":"max-image-preview:large","max-video-preview":"max-video-preview:-1"},"canonical":"https:\/\/fluterm.eu\/pt-pt\/prod\/pacote-completo-de-aquecimento-por-piso-radiante-uponor-90m2\/","og_locale":"pt_PT","og_type":"article","og_title":"Pacote completo de aquecimento por piso radiante Uponor 90m2","og_description":"Order Pacote completo de aquecimento por piso radiante Uponor 90m2 at a best price.","og_url":"https:\/\/fluterm.eu\/pt-pt\/prod\/pacote-completo-de-aquecimento-por-piso-radiante-uponor-90m2\/","og_site_name":"fluterm.eu","article_modified_time":"2023-09-06T10:37:07+00:00","og_image":[{"width":2048,"height":2048,"url":"https:\/\/fluterm.eu\/wp-content\/uploads\/2023\/08\/A8388EBB-300C-45C5-8F6F-A2A425008098_1_201_a.jpeg","type":"image\/jpeg"}],"twitter_card":"summary_large_image","twitter_misc":{"Tempo estimado de leitura":"1 minuto"},"schema":{"@context":"https:\/\/schema.org","@graph":[{"@type":"WebPage","@id":"https:\/\/fluterm.eu\/pt-pt\/prod\/pacote-completo-de-aquecimento-por-piso-radiante-uponor-90m2\/","url":"https:\/\/fluterm.eu\/pt-pt\/prod\/pacote-completo-de-aquecimento-por-piso-radiante-uponor-90m2\/","name":"Pacote completo de aquecimento por piso radiante Uponor 90m2","isPartOf":{"@id":"https:\/\/fluterm.eu\/#website"},"datePublished":"2023-08-08T16:17:52+00:00","dateModified":"2023-09-06T10:37:07+00:00","description":"Order Pacote completo de aquecimento por piso radiante Uponor 90m2 at a best price.","breadcrumb":{"@id":"https:\/\/fluterm.eu\/pt-pt\/prod\/pacote-completo-de-aquecimento-por-piso-radiante-uponor-90m2\/#breadcrumb"},"inLanguage":"pt-PT","potentialAction":[{"@type":"ReadAction","target":["https:\/\/fluterm.eu\/pt-pt\/prod\/pacote-completo-de-aquecimento-por-piso-radiante-uponor-90m2\/"]}]},{"@type":"BreadcrumbList","@id":"https:\/\/fluterm.eu\/pt-pt\/prod\/pacote-completo-de-aquecimento-por-piso-radiante-uponor-90m2\/#breadcrumb","itemListElement":[{"@type":"ListItem","position":1,"name":"Home","item":"https:\/\/fluterm.eu\/pt-pt\/loja\/"},{"@type":"ListItem","position":2,"name":"Loja","item":"https:\/\/fluterm.eu\/pt-pt\/loja\/"},{"@type":"ListItem","position":3,"name":"Pacote completo de aquecimento por piso radiante Uponor 90m2"}]},{"@type":"WebSite","@id":"https:\/\/fluterm.eu\/#website","url":"https:\/\/fluterm.eu\/","name":"fluterm.eu","description":"","potentialAction":[{"@type":"SearchAction","target":{"@type":"EntryPoint","urlTemplate":"https:\/\/fluterm.eu\/?s={search_term_string}"},"query-input":"required name=search_term_string"}],"inLanguage":"pt-PT"}]}},"_links":{"self":[{"href":"https:\/\/fluterm.eu\/pt-pt\/wp-json\/wp\/v2\/product\/11076","targetHints":{"allow":["GET"]}}],"collection":[{"href":"https:\/\/fluterm.eu\/pt-pt\/wp-json\/wp\/v2\/product"}],"about":[{"href":"https:\/\/fluterm.eu\/pt-pt\/wp-json\/wp\/v2\/types\/product"}],"replies":[{"embeddable":true,"href":"https:\/\/fluterm.eu\/pt-pt\/wp-json\/wp\/v2\/comments?post=11076"}],"version-history":[{"count":1,"href":"https:\/\/fluterm.eu\/pt-pt\/wp-json\/wp\/v2\/product\/11076\/revisions"}],"predecessor-version":[{"id":13733,"href":"https:\/\/fluterm.eu\/pt-pt\/wp-json\/wp\/v2\/product\/11076\/revisions\/13733"}],"wp:featuredmedia":[{"embeddable":true,"href":"https:\/\/fluterm.eu\/pt-pt\/wp-json\/wp\/v2\/media\/11097"}],"wp:attachment":[{"href":"https:\/\/fluterm.eu\/pt-pt\/wp-json\/wp\/v2\/media?parent=11076"}],"wp:term":[{"taxonomy":"product_cat","embeddable":true,"href":"https:\/\/fluterm.eu\/pt-pt\/wp-json\/wp\/v2\/product_cat?post=11076"},{"taxonomy":"product_tag","embeddable":true,"href":"https:\/\/fluterm.eu\/pt-pt\/wp-json\/wp\/v2\/product_tag?post=11076"}],"curies":[{"name":"wp","href":"https:\/\/api.w.org\/{rel}","templated":true}]}}