{"id":14251,"date":"2023-06-10T14:50:41","date_gmt":"2023-06-10T11:50:41","guid":{"rendered":"https:\/\/fluterm.eu\/prod\/placa-de-montagem-para-aquecimento-por-piso-radiante-3cm-isolamento-eps-150\/"},"modified":"2023-06-10T14:50:41","modified_gmt":"2023-06-10T11:50:41","slug":"placa-de-ranhura-de-3-cm-com-isolamento-de-2-cm-e-ranhura-de-1-cm-para-aquecimento-por-baixo-do-pavimento","status":"publish","type":"product","link":"https:\/\/fluterm.eu\/pt-pt\/prod\/placa-de-ranhura-de-3-cm-com-isolamento-de-2-cm-e-ranhura-de-1-cm-para-aquecimento-por-baixo-do-pavimento\/","title":{"rendered":"Placa de montagem para aquecimento por piso radiante 3cm Isolamento Eps 150"},"content":{"rendered":"<p>Tabuleiro Castelado para Aquecimento por Piso Radiante 20 mm mais 30 mm de altura de isolamento, cada sec\u00e7\u00e3o castelada com centros de 50 mm, com centros de tubos de 50 mm, 100 mm e 150 mm e assim por diante.<\/p>\n<p><span style=\"color: #ff0000;\">EPS 150<\/span><\/p>\n<p>Dimens\u00f5es do painel UFH: 1220 x 820 x 50 mm de altura.<br \/>\n1 Painel cobre Aprox. 1m2<\/p>\n","protected":false},"excerpt":{"rendered":"<p>Tabuleiro Castelado para Aquecimento por Piso Radiante 20 mm mais 30 mm de altura de isolamento, cada sec\u00e7\u00e3o castelada com centros de 50 mm, com centros de tubos de 50 mm, 100 mm e 150 mm e assim por diante. EPS 150 Dimens\u00f5es do painel UFH: 1220 x 820 x 50 mm de altura. 1&hellip;<\/p>\n","protected":false},"featured_media":2767,"comment_status":"open","ping_status":"closed","template":"","meta":[],"product_cat":[836],"product_tag":[],"class_list":{"0":"post-14251","1":"product","2":"type-product","3":"status-publish","4":"has-post-thumbnail","6":"product_cat-diversos","8":"first","9":"instock","10":"sale","11":"taxable","12":"shipping-taxable","13":"purchasable","14":"product-type-simple","15":"col-xs-6 col-sm-4","16":"col-md-4 col-lg-4","17":"un-3-cols"},"acf":[],"yoast_head":"<!-- This site is optimized with the Yoast SEO plugin v21.2 - https:\/\/yoast.com\/wordpress\/plugins\/seo\/ -->\n<title>Placa de montagem para aquecimento por piso radiante 3cm Isolamento Eps 150<\/title>\n<meta name=\"description\" content=\"Order Placa de montagem para aquecimento por piso radiante 3cm Isolamento Eps 150 at a best price.\" \/>\n<meta name=\"robots\" content=\"index, follow, max-snippet:-1, max-image-preview:large, max-video-preview:-1\" \/>\n<link rel=\"canonical\" href=\"https:\/\/fluterm.eu\/pt-pt\/prod\/placa-de-montagem-para-aquecimento-por-piso-radiante-3cm-isolamento-eps-150\/\" \/>\n<meta property=\"og:locale\" content=\"pt_PT\" \/>\n<meta property=\"og:type\" content=\"article\" \/>\n<meta property=\"og:title\" content=\"Placa de montagem para aquecimento por piso radiante 3cm Isolamento Eps 150\" \/>\n<meta property=\"og:description\" content=\"Order Placa de montagem para aquecimento por piso radiante 3cm Isolamento Eps 150 at a best price.\" \/>\n<meta property=\"og:url\" content=\"https:\/\/fluterm.eu\/pt-pt\/prod\/placa-de-montagem-para-aquecimento-por-piso-radiante-3cm-isolamento-eps-150\/\" \/>\n<meta property=\"og:site_name\" content=\"fluterm.eu\" \/>\n<meta property=\"og:image\" content=\"https:\/\/fluterm.eu\/wp-content\/uploads\/2023\/06\/F122A45B-F764-4206-961B-D30CCFCEF3D4.jpeg\" \/>\n\t<meta property=\"og:image:width\" content=\"800\" \/>\n\t<meta property=\"og:image:height\" content=\"446\" \/>\n\t<meta property=\"og:image:type\" content=\"image\/jpeg\" \/>\n<meta name=\"twitter:card\" content=\"summary_large_image\" \/>\n<script type=\"application\/ld+json\" class=\"yoast-schema-graph\">{\"@context\":\"https:\/\/schema.org\",\"@graph\":[{\"@type\":\"WebPage\",\"@id\":\"https:\/\/fluterm.eu\/pt-pt\/prod\/placa-de-montagem-para-aquecimento-por-piso-radiante-3cm-isolamento-eps-150\/\",\"url\":\"https:\/\/fluterm.eu\/pt-pt\/prod\/placa-de-montagem-para-aquecimento-por-piso-radiante-3cm-isolamento-eps-150\/\",\"name\":\"Placa de montagem para aquecimento por piso radiante 3cm Isolamento Eps 150\",\"isPartOf\":{\"@id\":\"https:\/\/fluterm.eu\/#website\"},\"datePublished\":\"2023-06-10T11:50:41+00:00\",\"dateModified\":\"2023-06-10T11:50:41+00:00\",\"description\":\"Order Placa de montagem para aquecimento por piso radiante 3cm Isolamento Eps 150 at a best price.\",\"breadcrumb\":{\"@id\":\"https:\/\/fluterm.eu\/pt-pt\/prod\/placa-de-montagem-para-aquecimento-por-piso-radiante-3cm-isolamento-eps-150\/#breadcrumb\"},\"inLanguage\":\"pt-PT\",\"potentialAction\":[{\"@type\":\"ReadAction\",\"target\":[\"https:\/\/fluterm.eu\/pt-pt\/prod\/placa-de-montagem-para-aquecimento-por-piso-radiante-3cm-isolamento-eps-150\/\"]}]},{\"@type\":\"BreadcrumbList\",\"@id\":\"https:\/\/fluterm.eu\/pt-pt\/prod\/placa-de-montagem-para-aquecimento-por-piso-radiante-3cm-isolamento-eps-150\/#breadcrumb\",\"itemListElement\":[{\"@type\":\"ListItem\",\"position\":1,\"name\":\"Home\",\"item\":\"https:\/\/fluterm.eu\/pt-pt\/loja\/\"},{\"@type\":\"ListItem\",\"position\":2,\"name\":\"Loja\",\"item\":\"https:\/\/fluterm.eu\/pt-pt\/loja\/\"},{\"@type\":\"ListItem\",\"position\":3,\"name\":\"Placa de montagem para aquecimento por piso radiante 3cm Isolamento Eps 150\"}]},{\"@type\":\"WebSite\",\"@id\":\"https:\/\/fluterm.eu\/#website\",\"url\":\"https:\/\/fluterm.eu\/\",\"name\":\"fluterm.eu\",\"description\":\"\",\"potentialAction\":[{\"@type\":\"SearchAction\",\"target\":{\"@type\":\"EntryPoint\",\"urlTemplate\":\"https:\/\/fluterm.eu\/?s={search_term_string}\"},\"query-input\":\"required name=search_term_string\"}],\"inLanguage\":\"pt-PT\"}]}<\/script>\n<!-- \/ Yoast SEO plugin. -->","yoast_head_json":{"title":"Placa de montagem para aquecimento por piso radiante 3cm Isolamento Eps 150","description":"Order Placa de montagem para aquecimento por piso radiante 3cm Isolamento Eps 150 at a best price.","robots":{"index":"index","follow":"follow","max-snippet":"max-snippet:-1","max-image-preview":"max-image-preview:large","max-video-preview":"max-video-preview:-1"},"canonical":"https:\/\/fluterm.eu\/pt-pt\/prod\/placa-de-montagem-para-aquecimento-por-piso-radiante-3cm-isolamento-eps-150\/","og_locale":"pt_PT","og_type":"article","og_title":"Placa de montagem para aquecimento por piso radiante 3cm Isolamento Eps 150","og_description":"Order Placa de montagem para aquecimento por piso radiante 3cm Isolamento Eps 150 at a best price.","og_url":"https:\/\/fluterm.eu\/pt-pt\/prod\/placa-de-montagem-para-aquecimento-por-piso-radiante-3cm-isolamento-eps-150\/","og_site_name":"fluterm.eu","og_image":[{"width":800,"height":446,"url":"https:\/\/fluterm.eu\/wp-content\/uploads\/2023\/06\/F122A45B-F764-4206-961B-D30CCFCEF3D4.jpeg","type":"image\/jpeg"}],"twitter_card":"summary_large_image","schema":{"@context":"https:\/\/schema.org","@graph":[{"@type":"WebPage","@id":"https:\/\/fluterm.eu\/pt-pt\/prod\/placa-de-montagem-para-aquecimento-por-piso-radiante-3cm-isolamento-eps-150\/","url":"https:\/\/fluterm.eu\/pt-pt\/prod\/placa-de-montagem-para-aquecimento-por-piso-radiante-3cm-isolamento-eps-150\/","name":"Placa de montagem para aquecimento por piso radiante 3cm Isolamento Eps 150","isPartOf":{"@id":"https:\/\/fluterm.eu\/#website"},"datePublished":"2023-06-10T11:50:41+00:00","dateModified":"2023-06-10T11:50:41+00:00","description":"Order Placa de montagem para aquecimento por piso radiante 3cm Isolamento Eps 150 at a best price.","breadcrumb":{"@id":"https:\/\/fluterm.eu\/pt-pt\/prod\/placa-de-montagem-para-aquecimento-por-piso-radiante-3cm-isolamento-eps-150\/#breadcrumb"},"inLanguage":"pt-PT","potentialAction":[{"@type":"ReadAction","target":["https:\/\/fluterm.eu\/pt-pt\/prod\/placa-de-montagem-para-aquecimento-por-piso-radiante-3cm-isolamento-eps-150\/"]}]},{"@type":"BreadcrumbList","@id":"https:\/\/fluterm.eu\/pt-pt\/prod\/placa-de-montagem-para-aquecimento-por-piso-radiante-3cm-isolamento-eps-150\/#breadcrumb","itemListElement":[{"@type":"ListItem","position":1,"name":"Home","item":"https:\/\/fluterm.eu\/pt-pt\/loja\/"},{"@type":"ListItem","position":2,"name":"Loja","item":"https:\/\/fluterm.eu\/pt-pt\/loja\/"},{"@type":"ListItem","position":3,"name":"Placa de montagem para aquecimento por piso radiante 3cm Isolamento Eps 150"}]},{"@type":"WebSite","@id":"https:\/\/fluterm.eu\/#website","url":"https:\/\/fluterm.eu\/","name":"fluterm.eu","description":"","potentialAction":[{"@type":"SearchAction","target":{"@type":"EntryPoint","urlTemplate":"https:\/\/fluterm.eu\/?s={search_term_string}"},"query-input":"required name=search_term_string"}],"inLanguage":"pt-PT"}]}},"_links":{"self":[{"href":"https:\/\/fluterm.eu\/pt-pt\/wp-json\/wp\/v2\/product\/14251","targetHints":{"allow":["GET"]}}],"collection":[{"href":"https:\/\/fluterm.eu\/pt-pt\/wp-json\/wp\/v2\/product"}],"about":[{"href":"https:\/\/fluterm.eu\/pt-pt\/wp-json\/wp\/v2\/types\/product"}],"replies":[{"embeddable":true,"href":"https:\/\/fluterm.eu\/pt-pt\/wp-json\/wp\/v2\/comments?post=14251"}],"version-history":[{"count":0,"href":"https:\/\/fluterm.eu\/pt-pt\/wp-json\/wp\/v2\/product\/14251\/revisions"}],"wp:featuredmedia":[{"embeddable":true,"href":"https:\/\/fluterm.eu\/pt-pt\/wp-json\/wp\/v2\/media\/2767"}],"wp:attachment":[{"href":"https:\/\/fluterm.eu\/pt-pt\/wp-json\/wp\/v2\/media?parent=14251"}],"wp:term":[{"taxonomy":"product_cat","embeddable":true,"href":"https:\/\/fluterm.eu\/pt-pt\/wp-json\/wp\/v2\/product_cat?post=14251"},{"taxonomy":"product_tag","embeddable":true,"href":"https:\/\/fluterm.eu\/pt-pt\/wp-json\/wp\/v2\/product_tag?post=14251"}],"curies":[{"name":"wp","href":"https:\/\/api.w.org\/{rel}","templated":true}]}}