{"id":14275,"date":"2023-06-10T14:50:40","date_gmt":"2023-06-10T11:50:40","guid":{"rendered":"https:\/\/fluterm.eu\/prod\/aditivo-para-betonilha-de-10-kg\/"},"modified":"2023-06-10T14:50:40","modified_gmt":"2023-06-10T11:50:40","slug":"aditivo-para-10kg-screed","status":"publish","type":"product","link":"https:\/\/fluterm.eu\/pt-pt\/prod\/aditivo-para-10kg-screed\/","title":{"rendered":"Aditivo para betonilha de 10 kg"},"content":{"rendered":"<div class=\"page\" title=\"P\u00e1gina 1\">\n<div class=\"layoutArea\">\n<div class=\"column\">\n<p>Trata-se de uma mistura composta por produtos espec\u00edficos para favorecer as misturas e a amassadura do bet\u00e3o: \u00e9 utilizada quer para bet\u00f5es autonivelantes para a coloca\u00e7\u00e3o de pavimentos, em particular para sistemas de pain\u00e9is radiantes, quer para a prepara\u00e7\u00e3o de bet\u00f5es com caracter\u00edsticas de elevada fluidez.<\/p>\n<\/div>\n<\/div>\n<div class=\"layoutArea\">\n<div class=\"column\">\n<p>Tem um elevado poder de dispers\u00e3o, de modo a favorecer a mistura do bet\u00e3o e a redu\u00e7\u00e3o dos tempos de coloca\u00e7\u00e3o. N\u00e3o necessita de vibra\u00e7\u00e3o. N\u00e3o cont\u00e9m componentes nocivos para o bet\u00e3o, os metais ou os tubos de pl\u00e1stico. Cont\u00e9m quantidades m\u00ednimas de cloretos e \u00e1lcalis.<\/p>\n<p>As vantagens da utiliza\u00e7\u00e3o deste sistema s\u00e3o as seguintes:<br \/>\n&#8211; redu\u00e7\u00e3o da quantidade de \u00e1gua at\u00e9 25%<br \/>\n&#8211; redu\u00e7\u00e3o dos ciclos de envelhecimento<br \/>\n&#8211; baixa retra\u00e7\u00e3o devido \u00e0 melhoria da rela\u00e7\u00e3o \u00e1gua\/bet\u00e3o &#8211; autonivelante<\/p>\n<p>&#8211; aumento da impermeabilidade do bet\u00e3o, de modo a obter produtos manufacturados com elevada resist\u00eancia aos ciclos gelo\/degelo e ao ataque de agentes qu\u00edmicos.<\/p>\n<p><strong>Utiliza\u00e7\u00e3o<\/strong><\/p>\n<p>\u00e9 adequado para todos os bet\u00f5es pr\u00e9-esfor\u00e7ados, armados, pr\u00e9-misturados, bombeados, etc., para os quais \u00e9 necess\u00e1ria uma mistura muito h\u00famida e resist\u00eancias elevadas. A adicionar diretamente \u00e0 betoneira durante a mistura, na quantidade de 1 litro por cada 100 kg de bet\u00e3o.<\/p>\n<p><strong>Precau\u00e7\u00f5es<\/strong><\/p>\n<p>Armazenar em ambiente seco e protegido, longe de fontes de calor e de raios ultra-violeta. N\u00e3o expor a temperaturas inferiores a 0 \u00b0C. Caso contr\u00e1rio, o produto tem de ser reaquecido \u00e0 temperatura ambiente e misturado. \u00c9 aconselh\u00e1vel misturar o produto antes de o utilizar, no caso de ter sido armazenado durante longos per\u00edodos. As caracter\u00edsticas do produto s\u00e3o garantidas, desde que a embalagem esteja intacta, por um per\u00edodo de dois anos. A data de produ\u00e7\u00e3o e de embalagem corresponde ao n\u00famero de identifica\u00e7\u00e3o do lote, indicado na embalagem.<\/p>\n<\/div>\n<\/div>\n<p><img decoding=\"async\" src=\"data:image\/png;base64,iVBORw0KGgoAAAANSUhEUgAAAO8AAAABCAYAAAA2PvlLAAAAAXNSR0IArs4c6QAAAHhlWElmTU0AKgAAAAgABAEaAAUAAAABAAAAPgEbAAUAAAABAAAARgEoAAMAAAABAAIAAIdpAAQAAAABAAAATgAAAAAABXgcAAAKpQAFeBwAAAqlAAOgAQADAAAAAQABAACgAgAEAAAAAQAAAO+gAwAEAAAAAQAAAAEAAAAA7eZq+AAAAAlwSFlzAAAUOgAAFDoB4pNfZwAAABNJREFUKBVjYBgFoyEwGgJDMgQAA70AAcm8xtoAAAAASUVORK5CYII=\" alt=\"p\u00e1gina1imagem4109937488\" width=\"238.710100\" height=\"0.300000\"><\/p>\n<\/div>\n","protected":false},"excerpt":{"rendered":"<p>Trata-se de uma mistura composta por produtos espec\u00edficos para favorecer as misturas e a amassadura do bet\u00e3o: \u00e9 utilizada quer para bet\u00f5es autonivelantes para a coloca\u00e7\u00e3o de pavimentos, em particular para sistemas de pain\u00e9is radiantes, quer para a prepara\u00e7\u00e3o de bet\u00f5es com caracter\u00edsticas de elevada fluidez. Tem um elevado poder de dispers\u00e3o, de modo a&hellip;<\/p>\n","protected":false},"featured_media":2746,"comment_status":"closed","ping_status":"closed","template":"","meta":[],"product_cat":[836],"product_tag":[],"class_list":{"0":"post-14275","1":"product","2":"type-product","3":"status-publish","4":"has-post-thumbnail","6":"product_cat-diversos","8":"first","9":"instock","10":"sale","11":"taxable","12":"shipping-taxable","13":"purchasable","14":"product-type-simple","15":"col-xs-6 col-sm-4","16":"col-md-4 col-lg-4","17":"un-3-cols"},"acf":[],"yoast_head":"<!-- This site is optimized with the Yoast SEO plugin v21.2 - https:\/\/yoast.com\/wordpress\/plugins\/seo\/ -->\n<title>Aditivo para betonilha de 10 kg<\/title>\n<meta name=\"description\" content=\"Order Aditivo para betonilha de 10 kg at a best price.\" \/>\n<meta name=\"robots\" content=\"index, follow, max-snippet:-1, max-image-preview:large, max-video-preview:-1\" \/>\n<link rel=\"canonical\" href=\"https:\/\/fluterm.eu\/pt-pt\/prod\/aditivo-para-betonilha-de-10-kg\/\" \/>\n<meta property=\"og:locale\" content=\"pt_PT\" \/>\n<meta property=\"og:type\" content=\"article\" \/>\n<meta property=\"og:title\" content=\"Aditivo para betonilha de 10 kg\" \/>\n<meta property=\"og:description\" content=\"Order Aditivo para betonilha de 10 kg at a best price.\" \/>\n<meta property=\"og:url\" content=\"https:\/\/fluterm.eu\/pt-pt\/prod\/aditivo-para-betonilha-de-10-kg\/\" \/>\n<meta property=\"og:site_name\" content=\"fluterm.eu\" \/>\n<meta property=\"og:image\" content=\"https:\/\/fluterm.eu\/wp-content\/uploads\/2023\/06\/A095D8E4-E468-496B-90A0-427E9C5CF73B.jpeg\" \/>\n\t<meta property=\"og:image:width\" content=\"819\" \/>\n\t<meta property=\"og:image:height\" content=\"625\" \/>\n\t<meta property=\"og:image:type\" content=\"image\/jpeg\" \/>\n<meta name=\"twitter:card\" content=\"summary_large_image\" \/>\n<meta name=\"twitter:label1\" content=\"Tempo estimado de leitura\" \/>\n\t<meta name=\"twitter:data1\" content=\"2 minutos\" \/>\n<script type=\"application\/ld+json\" class=\"yoast-schema-graph\">{\"@context\":\"https:\/\/schema.org\",\"@graph\":[{\"@type\":\"WebPage\",\"@id\":\"https:\/\/fluterm.eu\/pt-pt\/prod\/aditivo-para-betonilha-de-10-kg\/\",\"url\":\"https:\/\/fluterm.eu\/pt-pt\/prod\/aditivo-para-betonilha-de-10-kg\/\",\"name\":\"Aditivo para betonilha de 10 kg\",\"isPartOf\":{\"@id\":\"https:\/\/fluterm.eu\/#website\"},\"datePublished\":\"2023-06-10T11:50:40+00:00\",\"dateModified\":\"2023-06-10T11:50:40+00:00\",\"description\":\"Order Aditivo para betonilha de 10 kg at a best price.\",\"breadcrumb\":{\"@id\":\"https:\/\/fluterm.eu\/pt-pt\/prod\/aditivo-para-betonilha-de-10-kg\/#breadcrumb\"},\"inLanguage\":\"pt-PT\",\"potentialAction\":[{\"@type\":\"ReadAction\",\"target\":[\"https:\/\/fluterm.eu\/pt-pt\/prod\/aditivo-para-betonilha-de-10-kg\/\"]}]},{\"@type\":\"BreadcrumbList\",\"@id\":\"https:\/\/fluterm.eu\/pt-pt\/prod\/aditivo-para-betonilha-de-10-kg\/#breadcrumb\",\"itemListElement\":[{\"@type\":\"ListItem\",\"position\":1,\"name\":\"Home\",\"item\":\"https:\/\/fluterm.eu\/pt-pt\/loja\/\"},{\"@type\":\"ListItem\",\"position\":2,\"name\":\"Loja\",\"item\":\"https:\/\/fluterm.eu\/pt-pt\/loja\/\"},{\"@type\":\"ListItem\",\"position\":3,\"name\":\"Aditivo para betonilha de 10 kg\"}]},{\"@type\":\"WebSite\",\"@id\":\"https:\/\/fluterm.eu\/#website\",\"url\":\"https:\/\/fluterm.eu\/\",\"name\":\"fluterm.eu\",\"description\":\"\",\"potentialAction\":[{\"@type\":\"SearchAction\",\"target\":{\"@type\":\"EntryPoint\",\"urlTemplate\":\"https:\/\/fluterm.eu\/?s={search_term_string}\"},\"query-input\":\"required name=search_term_string\"}],\"inLanguage\":\"pt-PT\"}]}<\/script>\n<!-- \/ Yoast SEO plugin. -->","yoast_head_json":{"title":"Aditivo para betonilha de 10 kg","description":"Order Aditivo para betonilha de 10 kg at a best price.","robots":{"index":"index","follow":"follow","max-snippet":"max-snippet:-1","max-image-preview":"max-image-preview:large","max-video-preview":"max-video-preview:-1"},"canonical":"https:\/\/fluterm.eu\/pt-pt\/prod\/aditivo-para-betonilha-de-10-kg\/","og_locale":"pt_PT","og_type":"article","og_title":"Aditivo para betonilha de 10 kg","og_description":"Order Aditivo para betonilha de 10 kg at a best price.","og_url":"https:\/\/fluterm.eu\/pt-pt\/prod\/aditivo-para-betonilha-de-10-kg\/","og_site_name":"fluterm.eu","og_image":[{"width":819,"height":625,"url":"https:\/\/fluterm.eu\/wp-content\/uploads\/2023\/06\/A095D8E4-E468-496B-90A0-427E9C5CF73B.jpeg","type":"image\/jpeg"}],"twitter_card":"summary_large_image","twitter_misc":{"Tempo estimado de leitura":"2 minutos"},"schema":{"@context":"https:\/\/schema.org","@graph":[{"@type":"WebPage","@id":"https:\/\/fluterm.eu\/pt-pt\/prod\/aditivo-para-betonilha-de-10-kg\/","url":"https:\/\/fluterm.eu\/pt-pt\/prod\/aditivo-para-betonilha-de-10-kg\/","name":"Aditivo para betonilha de 10 kg","isPartOf":{"@id":"https:\/\/fluterm.eu\/#website"},"datePublished":"2023-06-10T11:50:40+00:00","dateModified":"2023-06-10T11:50:40+00:00","description":"Order Aditivo para betonilha de 10 kg at a best price.","breadcrumb":{"@id":"https:\/\/fluterm.eu\/pt-pt\/prod\/aditivo-para-betonilha-de-10-kg\/#breadcrumb"},"inLanguage":"pt-PT","potentialAction":[{"@type":"ReadAction","target":["https:\/\/fluterm.eu\/pt-pt\/prod\/aditivo-para-betonilha-de-10-kg\/"]}]},{"@type":"BreadcrumbList","@id":"https:\/\/fluterm.eu\/pt-pt\/prod\/aditivo-para-betonilha-de-10-kg\/#breadcrumb","itemListElement":[{"@type":"ListItem","position":1,"name":"Home","item":"https:\/\/fluterm.eu\/pt-pt\/loja\/"},{"@type":"ListItem","position":2,"name":"Loja","item":"https:\/\/fluterm.eu\/pt-pt\/loja\/"},{"@type":"ListItem","position":3,"name":"Aditivo para betonilha de 10 kg"}]},{"@type":"WebSite","@id":"https:\/\/fluterm.eu\/#website","url":"https:\/\/fluterm.eu\/","name":"fluterm.eu","description":"","potentialAction":[{"@type":"SearchAction","target":{"@type":"EntryPoint","urlTemplate":"https:\/\/fluterm.eu\/?s={search_term_string}"},"query-input":"required name=search_term_string"}],"inLanguage":"pt-PT"}]}},"_links":{"self":[{"href":"https:\/\/fluterm.eu\/pt-pt\/wp-json\/wp\/v2\/product\/14275","targetHints":{"allow":["GET"]}}],"collection":[{"href":"https:\/\/fluterm.eu\/pt-pt\/wp-json\/wp\/v2\/product"}],"about":[{"href":"https:\/\/fluterm.eu\/pt-pt\/wp-json\/wp\/v2\/types\/product"}],"replies":[{"embeddable":true,"href":"https:\/\/fluterm.eu\/pt-pt\/wp-json\/wp\/v2\/comments?post=14275"}],"version-history":[{"count":0,"href":"https:\/\/fluterm.eu\/pt-pt\/wp-json\/wp\/v2\/product\/14275\/revisions"}],"wp:featuredmedia":[{"embeddable":true,"href":"https:\/\/fluterm.eu\/pt-pt\/wp-json\/wp\/v2\/media\/2746"}],"wp:attachment":[{"href":"https:\/\/fluterm.eu\/pt-pt\/wp-json\/wp\/v2\/media?parent=14275"}],"wp:term":[{"taxonomy":"product_cat","embeddable":true,"href":"https:\/\/fluterm.eu\/pt-pt\/wp-json\/wp\/v2\/product_cat?post=14275"},{"taxonomy":"product_tag","embeddable":true,"href":"https:\/\/fluterm.eu\/pt-pt\/wp-json\/wp\/v2\/product_tag?post=14275"}],"curies":[{"name":"wp","href":"https:\/\/api.w.org\/{rel}","templated":true}]}}