{"id":14993,"date":"2023-07-16T17:19:26","date_gmt":"2023-07-16T14:19:26","guid":{"rendered":"https:\/\/fluterm.eu\/prod\/unidade-de-mistura-com-bomba-wilo-e-coletor-com-4-circuitos-de-aquecimento-por-piso-radiante\/"},"modified":"2023-07-16T17:19:26","modified_gmt":"2023-07-16T14:19:26","slug":"unidade-misturadora-com-bomba-de-wilo-e-gerador-com-aquecimento-por-piso-radiante-de-4-vias","status":"publish","type":"product","link":"https:\/\/fluterm.eu\/pt-pt\/prod\/unidade-misturadora-com-bomba-de-wilo-e-gerador-com-aquecimento-por-piso-radiante-de-4-vias\/","title":{"rendered":"Unidade de mistura com bomba Wilo e coletor com 4 circuitos de aquecimento por piso radiante"},"content":{"rendered":"<p><span class=\"Y2IQFc\" lang=\"en\">Descri\u00e7\u00e3o Sistema complexo para misturar o agente t\u00e9rmico necess\u00e1rio para o aquecimento por piso radiante com 4 circuitos, ideal para 70-85 metros quadrados,  <\/span><\/p>\n<p><span class=\"Y2IQFc\" lang=\"en\">Comprimento m\u00e1ximo da tubula\u00e7\u00e3o na rota 90 metros C\u00e1lculo gerado em uma etapa de 10 cm. Composto por:  <\/span><\/p>\n<p><span class=\"Y2IQFc\" lang=\"en\">1 x conjunto distribuidor 4 circuitos com medidores de vaz\u00e3o  <\/span><\/p>\n<p><span class=\"Y2IQFc\" lang=\"en\">1 x distribuidor conjunto 4 circuitos com v\u00e1lvulas (possibilidade de conectar o atuador com o comando ao termostato da sala)  <\/span><\/p>\n<p><span class=\"Y2IQFc\" lang=\"en\">1 x conjunto de bra\u00e7adeira distribuidor 8 x porca eurocone para tubo pex 16 mm x 2 mm de espessura (pe-xa, pe-xb, pe-xc, pe-rt)  <\/span><\/p>\n<p><span class=\"Y2IQFc\" lang=\"en\">2 x tee final distribuidor com ventila\u00e7\u00e3o autom\u00e1tica e esvaziamento  <\/span><\/p>\n<p><span class=\"Y2IQFc\" lang=\"en\">1 x grupo de mistura para aquecimento por piso radiante  <\/span><\/p>\n<p><span class=\"Y2IQFc\" lang=\"en\">1 x bomba Wilo Yonos Para 25\/6 Detalhes t\u00e9cnicos: Distribuidor com medidor de vaz\u00e3o 1&#8243;x 8 vias + porcas eurocone 16mm + distribuidor end tee com arejador autom\u00e1tico e esvaziamento  <\/span><\/p>\n<p><span class=\"Y2IQFc\" lang=\"en\">1 x 1&#8243; x 4-way distribuidor de a\u00e7o inoxid\u00e1vel conjunto com v\u00e1lvulas termost\u00e1ticas (predisposi\u00e7\u00e3o para montagem de uma cabe\u00e7a termoel\u00e9trica (atuador) para automa\u00e7\u00e3o em cada circuito)  <\/span><\/p>\n<p><span class=\"Y2IQFc\" lang=\"en\">1 x 1&#8243; x 4 conjunto distribuidor de a\u00e7o inoxid\u00e1vel com medidor de vaz\u00e3o (para ajustar o fluxo em cada circuito dependendo do comprimento do tubo usado no circuito)  <\/span><\/p>\n<p><span class=\"Y2IQFc\" lang=\"en\">1 x Distribuidor conjunto de montagem composto por 2 consoles 8 x porca Eurocon 16\u00d73\/4 (para fazer a conex\u00e3o do distribuidor para o pe-xa, pe-xb, pe-xc, pe-rt de 16mm com 2mm de espessura 16\u00d72) 2 x distribuidor end tee 1&#8243; (sa\u00edda de ar autom\u00e1tica para remover o ar dos distribuidores, v\u00e1lvula de esvaziamento)  <\/span><\/p>\n<p><span class=\"Y2IQFc\" lang=\"en\">Press\u00e3o m\u00e1xima 10 bar Temperatura m\u00e1xima 90 graus C Unidade de aquecimento por piso radiante equipada com bomba Wilo Yonos Para 25\/6  <\/span><\/p>\n<p><span class=\"Y2IQFc\" lang=\"en\">Dispon\u00edvel com ajuste fixo atrav\u00e9s da cabe\u00e7a do termostato com sonda: faixa de ajuste 20 &#8211; 60 graus C. A v\u00e1lvula de entrada controlada pela cabe\u00e7a termost\u00e1tica permite ajustar a temperatura de entrada do agente de aquecimento fornecido pela caldeira para manter uma temperatura constante no piso Permite misturar entre o agente de aquecimento fornecido pela caldeira e o de retorno no ch\u00e3o.<\/span><\/p>\n","protected":false},"excerpt":{"rendered":"<p>Descri\u00e7\u00e3o Sistema complexo para misturar o agente t\u00e9rmico necess\u00e1rio para o aquecimento por piso radiante com 4 circuitos, ideal para 70-85 metros quadrados, Comprimento m\u00e1ximo da tubula\u00e7\u00e3o na rota 90 metros C\u00e1lculo gerado em uma etapa de 10 cm. Composto por: 1 x conjunto distribuidor 4 circuitos com medidores de vaz\u00e3o 1 x distribuidor conjunto&hellip;<\/p>\n","protected":false},"featured_media":3985,"comment_status":"open","ping_status":"closed","template":"","meta":[],"product_cat":[806],"product_tag":[],"class_list":{"0":"post-14993","1":"product","2":"type-product","3":"status-publish","4":"has-post-thumbnail","6":"product_cat-distribuidores-de-aquecimento-por-piso-radiante","8":"first","9":"instock","10":"taxable","11":"shipping-taxable","12":"purchasable","13":"product-type-simple","14":"col-xs-6 col-sm-4","15":"col-md-4 col-lg-4","16":"un-3-cols"},"acf":[],"yoast_head":"<!-- This site is optimized with the Yoast SEO plugin v21.2 - https:\/\/yoast.com\/wordpress\/plugins\/seo\/ -->\n<title>Unidade de mistura com bomba Wilo e coletor com 4 circuitos de aquecimento por piso radiante<\/title>\n<meta name=\"description\" content=\"Order Unidade de mistura com bomba Wilo e coletor com 4 circuitos de aquecimento por piso radiante at a best price.\" \/>\n<meta name=\"robots\" content=\"index, follow, max-snippet:-1, max-image-preview:large, max-video-preview:-1\" \/>\n<link rel=\"canonical\" href=\"https:\/\/fluterm.eu\/pt-pt\/prod\/unidade-de-mistura-com-bomba-wilo-e-coletor-com-4-circuitos-de-aquecimento-por-piso-radiante\/\" \/>\n<meta property=\"og:locale\" content=\"pt_PT\" \/>\n<meta property=\"og:type\" content=\"article\" \/>\n<meta property=\"og:title\" content=\"Unidade de mistura com bomba Wilo e coletor com 4 circuitos de aquecimento por piso radiante\" \/>\n<meta property=\"og:description\" content=\"Order Unidade de mistura com bomba Wilo e coletor com 4 circuitos de aquecimento por piso radiante at a best price.\" \/>\n<meta property=\"og:url\" content=\"https:\/\/fluterm.eu\/pt-pt\/prod\/unidade-de-mistura-com-bomba-wilo-e-coletor-com-4-circuitos-de-aquecimento-por-piso-radiante\/\" \/>\n<meta property=\"og:site_name\" content=\"fluterm.eu\" \/>\n<meta property=\"og:image\" content=\"https:\/\/fluterm.eu\/wp-content\/uploads\/2023\/07\/sistem-complex-de-amestec-a-agentului-termic-neces_4225_1_1615571838.jpeg\" \/>\n\t<meta property=\"og:image:width\" content=\"1500\" \/>\n\t<meta property=\"og:image:height\" content=\"1500\" \/>\n\t<meta property=\"og:image:type\" content=\"image\/jpeg\" \/>\n<meta name=\"twitter:card\" content=\"summary_large_image\" \/>\n<meta name=\"twitter:label1\" content=\"Tempo estimado de leitura\" \/>\n\t<meta name=\"twitter:data1\" content=\"2 minutos\" \/>\n<script type=\"application\/ld+json\" class=\"yoast-schema-graph\">{\"@context\":\"https:\/\/schema.org\",\"@graph\":[{\"@type\":\"WebPage\",\"@id\":\"https:\/\/fluterm.eu\/pt-pt\/prod\/unidade-de-mistura-com-bomba-wilo-e-coletor-com-4-circuitos-de-aquecimento-por-piso-radiante\/\",\"url\":\"https:\/\/fluterm.eu\/pt-pt\/prod\/unidade-de-mistura-com-bomba-wilo-e-coletor-com-4-circuitos-de-aquecimento-por-piso-radiante\/\",\"name\":\"Unidade de mistura com bomba Wilo e coletor com 4 circuitos de aquecimento por piso radiante\",\"isPartOf\":{\"@id\":\"https:\/\/fluterm.eu\/#website\"},\"datePublished\":\"2023-07-16T14:19:26+00:00\",\"dateModified\":\"2023-07-16T14:19:26+00:00\",\"description\":\"Order Unidade de mistura com bomba Wilo e coletor com 4 circuitos de aquecimento por piso radiante at a best price.\",\"breadcrumb\":{\"@id\":\"https:\/\/fluterm.eu\/pt-pt\/prod\/unidade-de-mistura-com-bomba-wilo-e-coletor-com-4-circuitos-de-aquecimento-por-piso-radiante\/#breadcrumb\"},\"inLanguage\":\"pt-PT\",\"potentialAction\":[{\"@type\":\"ReadAction\",\"target\":[\"https:\/\/fluterm.eu\/pt-pt\/prod\/unidade-de-mistura-com-bomba-wilo-e-coletor-com-4-circuitos-de-aquecimento-por-piso-radiante\/\"]}]},{\"@type\":\"BreadcrumbList\",\"@id\":\"https:\/\/fluterm.eu\/pt-pt\/prod\/unidade-de-mistura-com-bomba-wilo-e-coletor-com-4-circuitos-de-aquecimento-por-piso-radiante\/#breadcrumb\",\"itemListElement\":[{\"@type\":\"ListItem\",\"position\":1,\"name\":\"Home\",\"item\":\"https:\/\/fluterm.eu\/pt-pt\/loja\/\"},{\"@type\":\"ListItem\",\"position\":2,\"name\":\"Loja\",\"item\":\"https:\/\/fluterm.eu\/pt-pt\/loja\/\"},{\"@type\":\"ListItem\",\"position\":3,\"name\":\"Unidade de mistura com bomba Wilo e coletor com 4 circuitos de aquecimento por piso radiante\"}]},{\"@type\":\"WebSite\",\"@id\":\"https:\/\/fluterm.eu\/#website\",\"url\":\"https:\/\/fluterm.eu\/\",\"name\":\"fluterm.eu\",\"description\":\"\",\"potentialAction\":[{\"@type\":\"SearchAction\",\"target\":{\"@type\":\"EntryPoint\",\"urlTemplate\":\"https:\/\/fluterm.eu\/?s={search_term_string}\"},\"query-input\":\"required name=search_term_string\"}],\"inLanguage\":\"pt-PT\"}]}<\/script>\n<!-- \/ Yoast SEO plugin. -->","yoast_head_json":{"title":"Unidade de mistura com bomba Wilo e coletor com 4 circuitos de aquecimento por piso radiante","description":"Order Unidade de mistura com bomba Wilo e coletor com 4 circuitos de aquecimento por piso radiante at a best price.","robots":{"index":"index","follow":"follow","max-snippet":"max-snippet:-1","max-image-preview":"max-image-preview:large","max-video-preview":"max-video-preview:-1"},"canonical":"https:\/\/fluterm.eu\/pt-pt\/prod\/unidade-de-mistura-com-bomba-wilo-e-coletor-com-4-circuitos-de-aquecimento-por-piso-radiante\/","og_locale":"pt_PT","og_type":"article","og_title":"Unidade de mistura com bomba Wilo e coletor com 4 circuitos de aquecimento por piso radiante","og_description":"Order Unidade de mistura com bomba Wilo e coletor com 4 circuitos de aquecimento por piso radiante at a best price.","og_url":"https:\/\/fluterm.eu\/pt-pt\/prod\/unidade-de-mistura-com-bomba-wilo-e-coletor-com-4-circuitos-de-aquecimento-por-piso-radiante\/","og_site_name":"fluterm.eu","og_image":[{"width":1500,"height":1500,"url":"https:\/\/fluterm.eu\/wp-content\/uploads\/2023\/07\/sistem-complex-de-amestec-a-agentului-termic-neces_4225_1_1615571838.jpeg","type":"image\/jpeg"}],"twitter_card":"summary_large_image","twitter_misc":{"Tempo estimado de leitura":"2 minutos"},"schema":{"@context":"https:\/\/schema.org","@graph":[{"@type":"WebPage","@id":"https:\/\/fluterm.eu\/pt-pt\/prod\/unidade-de-mistura-com-bomba-wilo-e-coletor-com-4-circuitos-de-aquecimento-por-piso-radiante\/","url":"https:\/\/fluterm.eu\/pt-pt\/prod\/unidade-de-mistura-com-bomba-wilo-e-coletor-com-4-circuitos-de-aquecimento-por-piso-radiante\/","name":"Unidade de mistura com bomba Wilo e coletor com 4 circuitos de aquecimento por piso radiante","isPartOf":{"@id":"https:\/\/fluterm.eu\/#website"},"datePublished":"2023-07-16T14:19:26+00:00","dateModified":"2023-07-16T14:19:26+00:00","description":"Order Unidade de mistura com bomba Wilo e coletor com 4 circuitos de aquecimento por piso radiante at a best price.","breadcrumb":{"@id":"https:\/\/fluterm.eu\/pt-pt\/prod\/unidade-de-mistura-com-bomba-wilo-e-coletor-com-4-circuitos-de-aquecimento-por-piso-radiante\/#breadcrumb"},"inLanguage":"pt-PT","potentialAction":[{"@type":"ReadAction","target":["https:\/\/fluterm.eu\/pt-pt\/prod\/unidade-de-mistura-com-bomba-wilo-e-coletor-com-4-circuitos-de-aquecimento-por-piso-radiante\/"]}]},{"@type":"BreadcrumbList","@id":"https:\/\/fluterm.eu\/pt-pt\/prod\/unidade-de-mistura-com-bomba-wilo-e-coletor-com-4-circuitos-de-aquecimento-por-piso-radiante\/#breadcrumb","itemListElement":[{"@type":"ListItem","position":1,"name":"Home","item":"https:\/\/fluterm.eu\/pt-pt\/loja\/"},{"@type":"ListItem","position":2,"name":"Loja","item":"https:\/\/fluterm.eu\/pt-pt\/loja\/"},{"@type":"ListItem","position":3,"name":"Unidade de mistura com bomba Wilo e coletor com 4 circuitos de aquecimento por piso radiante"}]},{"@type":"WebSite","@id":"https:\/\/fluterm.eu\/#website","url":"https:\/\/fluterm.eu\/","name":"fluterm.eu","description":"","potentialAction":[{"@type":"SearchAction","target":{"@type":"EntryPoint","urlTemplate":"https:\/\/fluterm.eu\/?s={search_term_string}"},"query-input":"required name=search_term_string"}],"inLanguage":"pt-PT"}]}},"_links":{"self":[{"href":"https:\/\/fluterm.eu\/pt-pt\/wp-json\/wp\/v2\/product\/14993","targetHints":{"allow":["GET"]}}],"collection":[{"href":"https:\/\/fluterm.eu\/pt-pt\/wp-json\/wp\/v2\/product"}],"about":[{"href":"https:\/\/fluterm.eu\/pt-pt\/wp-json\/wp\/v2\/types\/product"}],"replies":[{"embeddable":true,"href":"https:\/\/fluterm.eu\/pt-pt\/wp-json\/wp\/v2\/comments?post=14993"}],"version-history":[{"count":0,"href":"https:\/\/fluterm.eu\/pt-pt\/wp-json\/wp\/v2\/product\/14993\/revisions"}],"wp:featuredmedia":[{"embeddable":true,"href":"https:\/\/fluterm.eu\/pt-pt\/wp-json\/wp\/v2\/media\/3985"}],"wp:attachment":[{"href":"https:\/\/fluterm.eu\/pt-pt\/wp-json\/wp\/v2\/media?parent=14993"}],"wp:term":[{"taxonomy":"product_cat","embeddable":true,"href":"https:\/\/fluterm.eu\/pt-pt\/wp-json\/wp\/v2\/product_cat?post=14993"},{"taxonomy":"product_tag","embeddable":true,"href":"https:\/\/fluterm.eu\/pt-pt\/wp-json\/wp\/v2\/product_tag?post=14993"}],"curies":[{"name":"wp","href":"https:\/\/api.w.org\/{rel}","templated":true}]}}