{"id":15045,"date":"2023-07-17T20:31:53","date_gmt":"2023-07-17T17:31:53","guid":{"rendered":"https:\/\/fluterm.eu\/prod\/termostato-digital-uponor-smatrix-pulse\/"},"modified":"2023-07-17T20:31:53","modified_gmt":"2023-07-17T17:31:53","slug":"uponor-smatrix-pulse-digital-thermostat","status":"publish","type":"product","link":"https:\/\/fluterm.eu\/pt-pt\/prod\/uponor-smatrix-pulse-digital-thermostat\/","title":{"rendered":"Term\u00f3stato digital Uponor Smatrix Pulse"},"content":{"rendered":"<h1 class=\"StyledTitle-sc-8c9c6r jUevoN\">Term\u00f3statos digitais Smatrix Pulse<\/h1>\n<div class=\"StyledDescription-sc-bq5nix hfyfVf\">\n<div class=\"StyledRichText-sc-1dnstbl bmohoz\">\n<p>O Smatrix Pulse proporciona um controlo sem fios preciso do aquecimento por piso radiante, bem como dos sistemas de aquecimento e arrefecimento por ar for\u00e7ado, numa solu\u00e7\u00e3o que se liga a um assistente dom\u00e9stico inteligente e que tamb\u00e9m pode ser controlada remotamente atrav\u00e9s da aplica\u00e7\u00e3o Smatrix Pulse.<\/p>\n<p>O term\u00f3stato digital Smatrix Pulse (T-169) \u00e9 um sensor de temperatura operacional que fornece uma medi\u00e7\u00e3o precisa do conforto t\u00e9rmico. O term\u00f3stato apresenta no visor a temperatura ambiente atual, a temperatura definida ou a humidade relativa. O utilizador ajusta as defini\u00e7\u00f5es de temperatura atrav\u00e9s dos bot\u00f5es na parte lateral do term\u00f3stato. O term\u00f3stato liga-se atrav\u00e9s de tecnologia sem fios ao Controlador Smatrix Pulse (X-265), que pode ligar at\u00e9 seis (6) term\u00f3statos e oito (8) actuadores. O controlador opera os actuadores, que, por sua vez, afectam o fluxo da \u00e1gua de abastecimento para alterar a temperatura interior utilizando a informa\u00e7\u00e3o transmitida pelos term\u00f3statos registados e os par\u00e2metros do sistema.<\/p>\n<\/div>\n<\/div>\n","protected":false},"excerpt":{"rendered":"<p>Term\u00f3statos digitais Smatrix Pulse O Smatrix Pulse proporciona um controlo sem fios preciso do aquecimento por piso radiante, bem como dos sistemas de aquecimento e arrefecimento por ar for\u00e7ado, numa solu\u00e7\u00e3o que se liga a um assistente dom\u00e9stico inteligente e que tamb\u00e9m pode ser controlada remotamente atrav\u00e9s da aplica\u00e7\u00e3o Smatrix Pulse. O term\u00f3stato digital Smatrix&hellip;<\/p>\n","protected":false},"featured_media":4216,"comment_status":"open","ping_status":"closed","template":"","meta":[],"product_cat":[967],"product_tag":[],"class_list":{"0":"post-15045","1":"product","2":"type-product","3":"status-publish","4":"has-post-thumbnail","6":"product_cat-automatizacao-do-aquecimento-por-piso-radiante","8":"first","9":"instock","10":"taxable","11":"shipping-taxable","12":"purchasable","13":"product-type-simple","14":"col-xs-6 col-sm-4","15":"col-md-4 col-lg-4","16":"un-3-cols"},"acf":[],"yoast_head":"<!-- This site is optimized with the Yoast SEO plugin v21.2 - https:\/\/yoast.com\/wordpress\/plugins\/seo\/ -->\n<title>Term\u00f3stato digital Uponor Smatrix Pulse<\/title>\n<meta name=\"description\" content=\"Order Term\u00f3stato digital Uponor Smatrix Pulse at a best price.\" \/>\n<meta name=\"robots\" content=\"index, follow, max-snippet:-1, max-image-preview:large, max-video-preview:-1\" \/>\n<link rel=\"canonical\" href=\"https:\/\/fluterm.eu\/pt-pt\/prod\/termostato-digital-uponor-smatrix-pulse\/\" \/>\n<meta property=\"og:locale\" content=\"pt_PT\" \/>\n<meta property=\"og:type\" content=\"article\" \/>\n<meta property=\"og:title\" content=\"Term\u00f3stato digital Uponor Smatrix Pulse\" \/>\n<meta property=\"og:description\" content=\"Order Term\u00f3stato digital Uponor Smatrix Pulse at a best price.\" \/>\n<meta property=\"og:url\" content=\"https:\/\/fluterm.eu\/pt-pt\/prod\/termostato-digital-uponor-smatrix-pulse\/\" \/>\n<meta property=\"og:site_name\" content=\"fluterm.eu\" \/>\n<meta property=\"og:image\" content=\"https:\/\/fluterm.eu\/wp-content\/uploads\/2023\/07\/947DE7E1-F772-4EB8-9EA8-6039DA1679E0.jpeg\" \/>\n\t<meta property=\"og:image:width\" content=\"432\" \/>\n\t<meta property=\"og:image:height\" content=\"432\" \/>\n\t<meta property=\"og:image:type\" content=\"image\/jpeg\" \/>\n<meta name=\"twitter:card\" content=\"summary_large_image\" \/>\n<meta name=\"twitter:label1\" content=\"Tempo estimado de leitura\" \/>\n\t<meta name=\"twitter:data1\" content=\"1 minuto\" \/>\n<script type=\"application\/ld+json\" class=\"yoast-schema-graph\">{\"@context\":\"https:\/\/schema.org\",\"@graph\":[{\"@type\":\"WebPage\",\"@id\":\"https:\/\/fluterm.eu\/pt-pt\/prod\/termostato-digital-uponor-smatrix-pulse\/\",\"url\":\"https:\/\/fluterm.eu\/pt-pt\/prod\/termostato-digital-uponor-smatrix-pulse\/\",\"name\":\"Term\u00f3stato digital Uponor Smatrix Pulse\",\"isPartOf\":{\"@id\":\"https:\/\/fluterm.eu\/#website\"},\"datePublished\":\"2023-07-17T17:31:53+00:00\",\"dateModified\":\"2023-07-17T17:31:53+00:00\",\"description\":\"Order Term\u00f3stato digital Uponor Smatrix Pulse at a best price.\",\"breadcrumb\":{\"@id\":\"https:\/\/fluterm.eu\/pt-pt\/prod\/termostato-digital-uponor-smatrix-pulse\/#breadcrumb\"},\"inLanguage\":\"pt-PT\",\"potentialAction\":[{\"@type\":\"ReadAction\",\"target\":[\"https:\/\/fluterm.eu\/pt-pt\/prod\/termostato-digital-uponor-smatrix-pulse\/\"]}]},{\"@type\":\"BreadcrumbList\",\"@id\":\"https:\/\/fluterm.eu\/pt-pt\/prod\/termostato-digital-uponor-smatrix-pulse\/#breadcrumb\",\"itemListElement\":[{\"@type\":\"ListItem\",\"position\":1,\"name\":\"Home\",\"item\":\"https:\/\/fluterm.eu\/pt-pt\/loja\/\"},{\"@type\":\"ListItem\",\"position\":2,\"name\":\"Loja\",\"item\":\"https:\/\/fluterm.eu\/pt-pt\/loja\/\"},{\"@type\":\"ListItem\",\"position\":3,\"name\":\"Term\u00f3stato digital Uponor Smatrix Pulse\"}]},{\"@type\":\"WebSite\",\"@id\":\"https:\/\/fluterm.eu\/#website\",\"url\":\"https:\/\/fluterm.eu\/\",\"name\":\"fluterm.eu\",\"description\":\"\",\"potentialAction\":[{\"@type\":\"SearchAction\",\"target\":{\"@type\":\"EntryPoint\",\"urlTemplate\":\"https:\/\/fluterm.eu\/?s={search_term_string}\"},\"query-input\":\"required name=search_term_string\"}],\"inLanguage\":\"pt-PT\"}]}<\/script>\n<!-- \/ Yoast SEO plugin. -->","yoast_head_json":{"title":"Term\u00f3stato digital Uponor Smatrix Pulse","description":"Order Term\u00f3stato digital Uponor Smatrix Pulse at a best price.","robots":{"index":"index","follow":"follow","max-snippet":"max-snippet:-1","max-image-preview":"max-image-preview:large","max-video-preview":"max-video-preview:-1"},"canonical":"https:\/\/fluterm.eu\/pt-pt\/prod\/termostato-digital-uponor-smatrix-pulse\/","og_locale":"pt_PT","og_type":"article","og_title":"Term\u00f3stato digital Uponor Smatrix Pulse","og_description":"Order Term\u00f3stato digital Uponor Smatrix Pulse at a best price.","og_url":"https:\/\/fluterm.eu\/pt-pt\/prod\/termostato-digital-uponor-smatrix-pulse\/","og_site_name":"fluterm.eu","og_image":[{"width":432,"height":432,"url":"https:\/\/fluterm.eu\/wp-content\/uploads\/2023\/07\/947DE7E1-F772-4EB8-9EA8-6039DA1679E0.jpeg","type":"image\/jpeg"}],"twitter_card":"summary_large_image","twitter_misc":{"Tempo estimado de leitura":"1 minuto"},"schema":{"@context":"https:\/\/schema.org","@graph":[{"@type":"WebPage","@id":"https:\/\/fluterm.eu\/pt-pt\/prod\/termostato-digital-uponor-smatrix-pulse\/","url":"https:\/\/fluterm.eu\/pt-pt\/prod\/termostato-digital-uponor-smatrix-pulse\/","name":"Term\u00f3stato digital Uponor Smatrix Pulse","isPartOf":{"@id":"https:\/\/fluterm.eu\/#website"},"datePublished":"2023-07-17T17:31:53+00:00","dateModified":"2023-07-17T17:31:53+00:00","description":"Order Term\u00f3stato digital Uponor Smatrix Pulse at a best price.","breadcrumb":{"@id":"https:\/\/fluterm.eu\/pt-pt\/prod\/termostato-digital-uponor-smatrix-pulse\/#breadcrumb"},"inLanguage":"pt-PT","potentialAction":[{"@type":"ReadAction","target":["https:\/\/fluterm.eu\/pt-pt\/prod\/termostato-digital-uponor-smatrix-pulse\/"]}]},{"@type":"BreadcrumbList","@id":"https:\/\/fluterm.eu\/pt-pt\/prod\/termostato-digital-uponor-smatrix-pulse\/#breadcrumb","itemListElement":[{"@type":"ListItem","position":1,"name":"Home","item":"https:\/\/fluterm.eu\/pt-pt\/loja\/"},{"@type":"ListItem","position":2,"name":"Loja","item":"https:\/\/fluterm.eu\/pt-pt\/loja\/"},{"@type":"ListItem","position":3,"name":"Term\u00f3stato digital Uponor Smatrix Pulse"}]},{"@type":"WebSite","@id":"https:\/\/fluterm.eu\/#website","url":"https:\/\/fluterm.eu\/","name":"fluterm.eu","description":"","potentialAction":[{"@type":"SearchAction","target":{"@type":"EntryPoint","urlTemplate":"https:\/\/fluterm.eu\/?s={search_term_string}"},"query-input":"required name=search_term_string"}],"inLanguage":"pt-PT"}]}},"_links":{"self":[{"href":"https:\/\/fluterm.eu\/pt-pt\/wp-json\/wp\/v2\/product\/15045","targetHints":{"allow":["GET"]}}],"collection":[{"href":"https:\/\/fluterm.eu\/pt-pt\/wp-json\/wp\/v2\/product"}],"about":[{"href":"https:\/\/fluterm.eu\/pt-pt\/wp-json\/wp\/v2\/types\/product"}],"replies":[{"embeddable":true,"href":"https:\/\/fluterm.eu\/pt-pt\/wp-json\/wp\/v2\/comments?post=15045"}],"version-history":[{"count":0,"href":"https:\/\/fluterm.eu\/pt-pt\/wp-json\/wp\/v2\/product\/15045\/revisions"}],"wp:featuredmedia":[{"embeddable":true,"href":"https:\/\/fluterm.eu\/pt-pt\/wp-json\/wp\/v2\/media\/4216"}],"wp:attachment":[{"href":"https:\/\/fluterm.eu\/pt-pt\/wp-json\/wp\/v2\/media?parent=15045"}],"wp:term":[{"taxonomy":"product_cat","embeddable":true,"href":"https:\/\/fluterm.eu\/pt-pt\/wp-json\/wp\/v2\/product_cat?post=15045"},{"taxonomy":"product_tag","embeddable":true,"href":"https:\/\/fluterm.eu\/pt-pt\/wp-json\/wp\/v2\/product_tag?post=15045"}],"curies":[{"name":"wp","href":"https:\/\/api.w.org\/{rel}","templated":true}]}}