{"id":15199,"date":"2023-07-08T12:16:25","date_gmt":"2023-07-08T09:16:25","guid":{"rendered":"https:\/\/fluterm.eu\/prod\/rehau-rautitan-stabil-25x3-7\/"},"modified":"2023-07-08T12:16:25","modified_gmt":"2023-07-08T09:16:25","slug":"rehau-rautitan-stabil-25x3-7","status":"publish","type":"product","link":"https:\/\/fluterm.eu\/pt-pt\/prod\/rehau-rautitan-stabil-25x3-7\/","title":{"rendered":"Rehau Rautitan Stabil 25X3.7"},"content":{"rendered":"<p>O tubo universal Rehau RAUTITAN stabil pode ser utilizado em sistemas de abastecimento de \u00e1gua e sistemas de aquecimento. \u00c9 fabricado em polietileno reticulado (PE-X\/AI\/PE). O tubo est\u00e1 em conformidade com as normas DIN 16892, DIN EN 573-3 e DVGW W542. Classe de inflamabilidade B2. O tubo \u00e9 pintado em prateado.<\/p>\n<p>Os tubos estabilizados Rehau RAUTITAN caracterizam-se pela sua durabilidade, fiabilidade e simplicidade em rela\u00e7\u00e3o \u00e0s condi\u00e7\u00f5es do local de constru\u00e7\u00e3o. Os tubos s\u00e3o ligados aos acess\u00f3rios com mangas de instala\u00e7\u00e3o Rehau, para que a instala\u00e7\u00e3o da tubagem seja o mais simples e fi\u00e1vel poss\u00edvel.<\/p>\n<p>O tubo \u00e9 fornecido em rolos de 25 m, o tamanho \u00e9 25\u00d73,7 mm.<\/p>\n<table class=\"table-condensed\" cellspacing=\"1\">\n<tbody>\n<tr class=\"first\">\n<th>D<\/th>\n<th>S<\/th>\n<th>VOLUME<\/th>\n<th>PESO<\/th>\n<th>UNIDADE DE ENTREGA<\/th>\n<\/tr>\n<tr>\n<th>MM<\/th>\n<th>MM<\/th>\n<th>L\/M<\/th>\n<th>KG\/M<\/th>\n<th>PODEMOS CORTAR<\/th>\n<\/tr>\n<tr>\n<td>25<\/td>\n<td>3,7<\/td>\n<\/tr>\n<\/tbody>\n<\/table>\n","protected":false},"excerpt":{"rendered":"<p>O tubo universal Rehau RAUTITAN stabil pode ser utilizado em sistemas de abastecimento de \u00e1gua e sistemas de aquecimento. \u00c9 fabricado em polietileno reticulado (PE-X\/AI\/PE). O tubo est\u00e1 em conformidade com as normas DIN 16892, DIN EN 573-3 e DVGW W542. Classe de inflamabilidade B2. O tubo \u00e9 pintado em prateado. Os tubos estabilizados Rehau&hellip;<\/p>\n","protected":false},"featured_media":3397,"comment_status":"open","ping_status":"closed","template":"","meta":[],"product_cat":[991],"product_tag":[],"class_list":{"0":"post-15199","1":"product","2":"type-product","3":"status-publish","4":"has-post-thumbnail","6":"product_cat-tubo-composito-multicamada-pexal","8":"first","9":"instock","10":"taxable","11":"shipping-taxable","12":"purchasable","13":"product-type-simple","14":"col-xs-6 col-sm-4","15":"col-md-4 col-lg-4","16":"un-3-cols"},"acf":[],"yoast_head":"<!-- This site is optimized with the Yoast SEO plugin v21.2 - https:\/\/yoast.com\/wordpress\/plugins\/seo\/ -->\n<title>Rehau Rautitan Stabil 25X3.7<\/title>\n<meta name=\"description\" content=\"Order Rehau Rautitan Stabil 25X3.7 at a best price.\" \/>\n<meta name=\"robots\" content=\"index, follow, max-snippet:-1, max-image-preview:large, max-video-preview:-1\" \/>\n<link rel=\"canonical\" href=\"https:\/\/fluterm.eu\/pt-pt\/prod\/rehau-rautitan-stabil-25x3-7\/\" \/>\n<meta property=\"og:locale\" content=\"pt_PT\" \/>\n<meta property=\"og:type\" content=\"article\" \/>\n<meta property=\"og:title\" content=\"Rehau Rautitan Stabil 25X3.7\" \/>\n<meta property=\"og:description\" content=\"Order Rehau Rautitan Stabil 25X3.7 at a best price.\" \/>\n<meta property=\"og:url\" content=\"https:\/\/fluterm.eu\/pt-pt\/prod\/rehau-rautitan-stabil-25x3-7\/\" \/>\n<meta property=\"og:site_name\" content=\"fluterm.eu\" \/>\n<meta property=\"og:image\" content=\"https:\/\/fluterm.eu\/wp-content\/uploads\/2023\/07\/F924E67F-BEAB-4BD6-8BF6-89E00CB22654_4_5005_c.jpeg\" \/>\n\t<meta property=\"og:image:width\" content=\"224\" \/>\n\t<meta property=\"og:image:height\" content=\"224\" \/>\n\t<meta property=\"og:image:type\" content=\"image\/jpeg\" \/>\n<meta name=\"twitter:card\" content=\"summary_large_image\" \/>\n<meta name=\"twitter:label1\" content=\"Tempo estimado de leitura\" \/>\n\t<meta name=\"twitter:data1\" content=\"1 minuto\" \/>\n<script type=\"application\/ld+json\" class=\"yoast-schema-graph\">{\"@context\":\"https:\/\/schema.org\",\"@graph\":[{\"@type\":\"WebPage\",\"@id\":\"https:\/\/fluterm.eu\/pt-pt\/prod\/rehau-rautitan-stabil-25x3-7\/\",\"url\":\"https:\/\/fluterm.eu\/pt-pt\/prod\/rehau-rautitan-stabil-25x3-7\/\",\"name\":\"Rehau Rautitan Stabil 25X3.7\",\"isPartOf\":{\"@id\":\"https:\/\/fluterm.eu\/#website\"},\"datePublished\":\"2023-07-08T09:16:25+00:00\",\"dateModified\":\"2023-07-08T09:16:25+00:00\",\"description\":\"Order Rehau Rautitan Stabil 25X3.7 at a best price.\",\"breadcrumb\":{\"@id\":\"https:\/\/fluterm.eu\/pt-pt\/prod\/rehau-rautitan-stabil-25x3-7\/#breadcrumb\"},\"inLanguage\":\"pt-PT\",\"potentialAction\":[{\"@type\":\"ReadAction\",\"target\":[\"https:\/\/fluterm.eu\/pt-pt\/prod\/rehau-rautitan-stabil-25x3-7\/\"]}]},{\"@type\":\"BreadcrumbList\",\"@id\":\"https:\/\/fluterm.eu\/pt-pt\/prod\/rehau-rautitan-stabil-25x3-7\/#breadcrumb\",\"itemListElement\":[{\"@type\":\"ListItem\",\"position\":1,\"name\":\"Home\",\"item\":\"https:\/\/fluterm.eu\/pt-pt\/loja\/\"},{\"@type\":\"ListItem\",\"position\":2,\"name\":\"Loja\",\"item\":\"https:\/\/fluterm.eu\/pt-pt\/loja\/\"},{\"@type\":\"ListItem\",\"position\":3,\"name\":\"Rehau Rautitan Stabil 25X3.7\"}]},{\"@type\":\"WebSite\",\"@id\":\"https:\/\/fluterm.eu\/#website\",\"url\":\"https:\/\/fluterm.eu\/\",\"name\":\"fluterm.eu\",\"description\":\"\",\"potentialAction\":[{\"@type\":\"SearchAction\",\"target\":{\"@type\":\"EntryPoint\",\"urlTemplate\":\"https:\/\/fluterm.eu\/?s={search_term_string}\"},\"query-input\":\"required name=search_term_string\"}],\"inLanguage\":\"pt-PT\"}]}<\/script>\n<!-- \/ Yoast SEO plugin. -->","yoast_head_json":{"title":"Rehau Rautitan Stabil 25X3.7","description":"Order Rehau Rautitan Stabil 25X3.7 at a best price.","robots":{"index":"index","follow":"follow","max-snippet":"max-snippet:-1","max-image-preview":"max-image-preview:large","max-video-preview":"max-video-preview:-1"},"canonical":"https:\/\/fluterm.eu\/pt-pt\/prod\/rehau-rautitan-stabil-25x3-7\/","og_locale":"pt_PT","og_type":"article","og_title":"Rehau Rautitan Stabil 25X3.7","og_description":"Order Rehau Rautitan Stabil 25X3.7 at a best price.","og_url":"https:\/\/fluterm.eu\/pt-pt\/prod\/rehau-rautitan-stabil-25x3-7\/","og_site_name":"fluterm.eu","og_image":[{"width":224,"height":224,"url":"https:\/\/fluterm.eu\/wp-content\/uploads\/2023\/07\/F924E67F-BEAB-4BD6-8BF6-89E00CB22654_4_5005_c.jpeg","type":"image\/jpeg"}],"twitter_card":"summary_large_image","twitter_misc":{"Tempo estimado de leitura":"1 minuto"},"schema":{"@context":"https:\/\/schema.org","@graph":[{"@type":"WebPage","@id":"https:\/\/fluterm.eu\/pt-pt\/prod\/rehau-rautitan-stabil-25x3-7\/","url":"https:\/\/fluterm.eu\/pt-pt\/prod\/rehau-rautitan-stabil-25x3-7\/","name":"Rehau Rautitan Stabil 25X3.7","isPartOf":{"@id":"https:\/\/fluterm.eu\/#website"},"datePublished":"2023-07-08T09:16:25+00:00","dateModified":"2023-07-08T09:16:25+00:00","description":"Order Rehau Rautitan Stabil 25X3.7 at a best price.","breadcrumb":{"@id":"https:\/\/fluterm.eu\/pt-pt\/prod\/rehau-rautitan-stabil-25x3-7\/#breadcrumb"},"inLanguage":"pt-PT","potentialAction":[{"@type":"ReadAction","target":["https:\/\/fluterm.eu\/pt-pt\/prod\/rehau-rautitan-stabil-25x3-7\/"]}]},{"@type":"BreadcrumbList","@id":"https:\/\/fluterm.eu\/pt-pt\/prod\/rehau-rautitan-stabil-25x3-7\/#breadcrumb","itemListElement":[{"@type":"ListItem","position":1,"name":"Home","item":"https:\/\/fluterm.eu\/pt-pt\/loja\/"},{"@type":"ListItem","position":2,"name":"Loja","item":"https:\/\/fluterm.eu\/pt-pt\/loja\/"},{"@type":"ListItem","position":3,"name":"Rehau Rautitan Stabil 25X3.7"}]},{"@type":"WebSite","@id":"https:\/\/fluterm.eu\/#website","url":"https:\/\/fluterm.eu\/","name":"fluterm.eu","description":"","potentialAction":[{"@type":"SearchAction","target":{"@type":"EntryPoint","urlTemplate":"https:\/\/fluterm.eu\/?s={search_term_string}"},"query-input":"required name=search_term_string"}],"inLanguage":"pt-PT"}]}},"_links":{"self":[{"href":"https:\/\/fluterm.eu\/pt-pt\/wp-json\/wp\/v2\/product\/15199","targetHints":{"allow":["GET"]}}],"collection":[{"href":"https:\/\/fluterm.eu\/pt-pt\/wp-json\/wp\/v2\/product"}],"about":[{"href":"https:\/\/fluterm.eu\/pt-pt\/wp-json\/wp\/v2\/types\/product"}],"replies":[{"embeddable":true,"href":"https:\/\/fluterm.eu\/pt-pt\/wp-json\/wp\/v2\/comments?post=15199"}],"version-history":[{"count":0,"href":"https:\/\/fluterm.eu\/pt-pt\/wp-json\/wp\/v2\/product\/15199\/revisions"}],"wp:featuredmedia":[{"embeddable":true,"href":"https:\/\/fluterm.eu\/pt-pt\/wp-json\/wp\/v2\/media\/3397"}],"wp:attachment":[{"href":"https:\/\/fluterm.eu\/pt-pt\/wp-json\/wp\/v2\/media?parent=15199"}],"wp:term":[{"taxonomy":"product_cat","embeddable":true,"href":"https:\/\/fluterm.eu\/pt-pt\/wp-json\/wp\/v2\/product_cat?post=15199"},{"taxonomy":"product_tag","embeddable":true,"href":"https:\/\/fluterm.eu\/pt-pt\/wp-json\/wp\/v2\/product_tag?post=15199"}],"curies":[{"name":"wp","href":"https:\/\/api.w.org\/{rel}","templated":true}]}}