{"id":4491,"date":"2022-10-01T08:14:55","date_gmt":"2022-10-01T05:14:55","guid":{"rendered":"https:\/\/fluterm.eu\/zasady-vratenia-penazi-a-vratenia-tovaru\/"},"modified":"2023-09-04T19:12:02","modified_gmt":"2023-09-04T16:12:02","slug":"zasady-vratenia-penazi-a-vratenia-tovaru","status":"publish","type":"page","link":"https:\/\/fluterm.eu\/sk\/zasady-vratenia-penazi-a-vratenia-tovaru\/","title":{"rendered":"Z\u00e1sady vr\u00e1tenia pe\u0148az\u00ed a vr\u00e1tenia tovaru"},"content":{"rendered":"&#13;\n<p>\u00a0<\/p>&#13;\n<h1><strong>Refund and returns policy<\/strong><\/h1>&#13;\n<p><br\/>Na\u0161e z\u00e1sady platia po\u010das 14 kalend\u00e1rnych dn\u00ed od d\u00e1tumu n\u00e1kupu. Ak chcete po\u010das tohto obdobia vr\u00e1ti\u0165 v\u00fdrobok a \u017eiada\u0165 o vr\u00e1tenie pe\u0148az\u00ed, m\u00f4\u017eete tak urobi\u0165 za predpokladu, \u017ee s\u00fa splnen\u00e9 ni\u017e\u0161ie uveden\u00e9 podmienky. Upozor\u0148ujeme, \u017ee ak uplynula lehota 14 dn\u00ed, nem\u00f4\u017eeme v\u00e1m, \u017eia\u013e, pon\u00faknu\u0165 vr\u00e1tenie pe\u0148az\u00ed.<\/p>&#13;\n<p>Po\u017eiadavky na vr\u00e1tenie pe\u0148az\u00ed<\/p>&#13;\n<p>Na z\u00edskanie n\u00e1roku na vr\u00e1tenie pe\u0148az\u00ed musia by\u0165 splnen\u00e9 tieto krit\u00e9ri\u00e1:<\/p>&#13;\n<p>&#8211; V\u00fdrobok je chybn\u00fd<br\/>&#8211; V\u00fdrobok nie je v s\u00falade s opisom<br\/>&#8211; V\u00fdrobok mus\u00ed by\u0165 neotvoren\u00fd<br\/>&#8211; V\u00fdrobok mus\u00ed by\u0165 v p\u00f4vodnom obale<br\/>&#8211; V\u00fdrobok mus\u00ed by\u0165 nepou\u017eit\u00fd<br\/>&#8211; V\u00fdrobok nesmie by\u0165 po\u0161koden\u00fd<\/p>&#13;\n<p>Aby sa zabezpe\u010dilo splnenie vy\u0161\u0161ie uveden\u00fdch krit\u00e9ri\u00ed, v\u0161etky vr\u00e1ten\u00e9 v\u00fdrobky sa skontroluj\u00fa. Ak v\u00fdrobok nesp\u013a\u0148a uveden\u00e9 krit\u00e9ri\u00e1, vyhradzujeme si pr\u00e1vo nevr\u00e1ti\u0165 peniaze.<\/p>&#13;\n<p>Doklad o k\u00fape<\/p>&#13;\n<p>Na vr\u00e1tenie pe\u0148az\u00ed potrebujeme doklad o k\u00fape, objedn\u00e1vku alebo in\u00fd doklad o k\u00fape. Upozor\u0148ujeme, \u017ee bez vy\u0161\u0161ie uveden\u00e9ho dokladu o k\u00fape v\u00e1m peniaze nevr\u00e1time.<\/p>&#13;\n<p>Kontaktujte n\u00e1s<\/p>&#13;\n<p>Ak m\u00e1te ak\u00e9ko\u013evek ot\u00e1zky, obavy alebo s\u0165a\u017enosti t\u00fdkaj\u00face sa t\u00fdchto z\u00e1sad vr\u00e1tenia pe\u0148az\u00ed, odpor\u00fa\u010dame v\u00e1m, aby ste n\u00e1s kontaktovali pomocou ni\u017e\u0161ie uveden\u00fdch \u00fadajov:<\/p>&#13;\n<p>Office@fluterm.ro<\/p>&#13;\n<p>Tento dokument bol naposledy aktualizovan\u00fd 26. j\u00fana 2023<\/p>&#13;\n","protected":false},"excerpt":{"rendered":"<p>&#13; \u00a0 &#13; Refund and returns policy &#13; Na\u0161e z\u00e1sady platia po\u010das 14 kalend\u00e1rnych dn\u00ed od d\u00e1tumu n\u00e1kupu. Ak chcete po\u010das tohto obdobia vr\u00e1ti\u0165 v\u00fdrobok a \u017eiada\u0165 o vr\u00e1tenie pe\u0148az\u00ed, m\u00f4\u017eete tak urobi\u0165 za predpokladu, \u017ee s\u00fa splnen\u00e9 ni\u017e\u0161ie uveden\u00e9 podmienky. Upozor\u0148ujeme, \u017ee ak uplynula lehota 14 dn\u00ed, nem\u00f4\u017eeme v\u00e1m, \u017eia\u013e, pon\u00faknu\u0165 vr\u00e1tenie pe\u0148az\u00ed. &#13;&hellip;<\/p>\n","protected":false},"author":3,"featured_media":0,"parent":0,"menu_order":0,"comment_status":"closed","ping_status":"closed","template":"","meta":{"footnotes":""},"class_list":["post-4491","page","type-page","status-publish","hentry"],"acf":[],"yoast_head":"<!-- This site is optimized with the Yoast SEO plugin v21.2 - https:\/\/yoast.com\/wordpress\/plugins\/seo\/ -->\n<title>Z\u00e1sady vr\u00e1tenia pe\u0148az\u00ed a vr\u00e1tenia tovaru<\/title>\n<meta name=\"robots\" content=\"index, follow, max-snippet:-1, max-image-preview:large, max-video-preview:-1\" \/>\n<link rel=\"canonical\" href=\"https:\/\/fluterm.eu\/sk\/zasady-vratenia-penazi-a-vratenia-tovaru\/\" \/>\n<meta property=\"og:locale\" content=\"sk_SK\" \/>\n<meta property=\"og:type\" content=\"article\" \/>\n<meta property=\"og:title\" content=\"Z\u00e1sady vr\u00e1tenia pe\u0148az\u00ed a vr\u00e1tenia tovaru\" \/>\n<meta property=\"og:description\" content=\"&#013; \u00a0 &#013; Refund and returns policy &#013; Na\u0161e z\u00e1sady platia po\u010das 14 kalend\u00e1rnych dn\u00ed od d\u00e1tumu n\u00e1kupu. Ak chcete po\u010das tohto obdobia vr\u00e1ti\u0165 v\u00fdrobok a \u017eiada\u0165 o vr\u00e1tenie pe\u0148az\u00ed, m\u00f4\u017eete tak urobi\u0165 za predpokladu, \u017ee s\u00fa splnen\u00e9 ni\u017e\u0161ie uveden\u00e9 podmienky. Upozor\u0148ujeme, \u017ee ak uplynula lehota 14 dn\u00ed, nem\u00f4\u017eeme v\u00e1m, \u017eia\u013e, pon\u00faknu\u0165 vr\u00e1tenie pe\u0148az\u00ed. &#013;&hellip;\" \/>\n<meta property=\"og:url\" content=\"https:\/\/fluterm.eu\/sk\/zasady-vratenia-penazi-a-vratenia-tovaru\/\" \/>\n<meta property=\"og:site_name\" content=\"fluterm.eu\" \/>\n<meta property=\"article:modified_time\" content=\"2023-09-04T16:12:02+00:00\" \/>\n<meta name=\"twitter:card\" content=\"summary_large_image\" \/>\n<meta name=\"twitter:label1\" content=\"Predpokladan\u00fd \u010das \u010d\u00edtania\" \/>\n\t<meta name=\"twitter:data1\" content=\"1 min\u00fata\" \/>\n<script type=\"application\/ld+json\" class=\"yoast-schema-graph\">{\"@context\":\"https:\/\/schema.org\",\"@graph\":[{\"@type\":\"WebPage\",\"@id\":\"https:\/\/fluterm.eu\/sk\/zasady-vratenia-penazi-a-vratenia-tovaru\/\",\"url\":\"https:\/\/fluterm.eu\/sk\/zasady-vratenia-penazi-a-vratenia-tovaru\/\",\"name\":\"Z\u00e1sady vr\u00e1tenia pe\u0148az\u00ed a vr\u00e1tenia tovaru\",\"isPartOf\":{\"@id\":\"https:\/\/fluterm.eu\/#website\"},\"datePublished\":\"2022-10-01T05:14:55+00:00\",\"dateModified\":\"2023-09-04T16:12:02+00:00\",\"breadcrumb\":{\"@id\":\"https:\/\/fluterm.eu\/sk\/zasady-vratenia-penazi-a-vratenia-tovaru\/#breadcrumb\"},\"inLanguage\":\"sk-SK\",\"potentialAction\":[{\"@type\":\"ReadAction\",\"target\":[\"https:\/\/fluterm.eu\/sk\/zasady-vratenia-penazi-a-vratenia-tovaru\/\"]}]},{\"@type\":\"BreadcrumbList\",\"@id\":\"https:\/\/fluterm.eu\/sk\/zasady-vratenia-penazi-a-vratenia-tovaru\/#breadcrumb\",\"itemListElement\":[{\"@type\":\"ListItem\",\"position\":1,\"name\":\"Home\",\"item\":\"https:\/\/fluterm.eu\/sk\/obchod\/\"},{\"@type\":\"ListItem\",\"position\":2,\"name\":\"Z\u00e1sady vr\u00e1tenia pe\u0148az\u00ed a vr\u00e1tenia tovaru\"}]},{\"@type\":\"WebSite\",\"@id\":\"https:\/\/fluterm.eu\/#website\",\"url\":\"https:\/\/fluterm.eu\/\",\"name\":\"fluterm.eu\",\"description\":\"\",\"potentialAction\":[{\"@type\":\"SearchAction\",\"target\":{\"@type\":\"EntryPoint\",\"urlTemplate\":\"https:\/\/fluterm.eu\/?s={search_term_string}\"},\"query-input\":\"required name=search_term_string\"}],\"inLanguage\":\"sk-SK\"}]}<\/script>\n<!-- \/ Yoast SEO plugin. -->","yoast_head_json":{"title":"Z\u00e1sady vr\u00e1tenia pe\u0148az\u00ed a vr\u00e1tenia tovaru","robots":{"index":"index","follow":"follow","max-snippet":"max-snippet:-1","max-image-preview":"max-image-preview:large","max-video-preview":"max-video-preview:-1"},"canonical":"https:\/\/fluterm.eu\/sk\/zasady-vratenia-penazi-a-vratenia-tovaru\/","og_locale":"sk_SK","og_type":"article","og_title":"Z\u00e1sady vr\u00e1tenia pe\u0148az\u00ed a vr\u00e1tenia tovaru","og_description":"&#13; \u00a0 &#13; Refund and returns policy &#13; Na\u0161e z\u00e1sady platia po\u010das 14 kalend\u00e1rnych dn\u00ed od d\u00e1tumu n\u00e1kupu. Ak chcete po\u010das tohto obdobia vr\u00e1ti\u0165 v\u00fdrobok a \u017eiada\u0165 o vr\u00e1tenie pe\u0148az\u00ed, m\u00f4\u017eete tak urobi\u0165 za predpokladu, \u017ee s\u00fa splnen\u00e9 ni\u017e\u0161ie uveden\u00e9 podmienky. Upozor\u0148ujeme, \u017ee ak uplynula lehota 14 dn\u00ed, nem\u00f4\u017eeme v\u00e1m, \u017eia\u013e, pon\u00faknu\u0165 vr\u00e1tenie pe\u0148az\u00ed. &#13;&hellip;","og_url":"https:\/\/fluterm.eu\/sk\/zasady-vratenia-penazi-a-vratenia-tovaru\/","og_site_name":"fluterm.eu","article_modified_time":"2023-09-04T16:12:02+00:00","twitter_card":"summary_large_image","twitter_misc":{"Predpokladan\u00fd \u010das \u010d\u00edtania":"1 min\u00fata"},"schema":{"@context":"https:\/\/schema.org","@graph":[{"@type":"WebPage","@id":"https:\/\/fluterm.eu\/sk\/zasady-vratenia-penazi-a-vratenia-tovaru\/","url":"https:\/\/fluterm.eu\/sk\/zasady-vratenia-penazi-a-vratenia-tovaru\/","name":"Z\u00e1sady vr\u00e1tenia pe\u0148az\u00ed a vr\u00e1tenia tovaru","isPartOf":{"@id":"https:\/\/fluterm.eu\/#website"},"datePublished":"2022-10-01T05:14:55+00:00","dateModified":"2023-09-04T16:12:02+00:00","breadcrumb":{"@id":"https:\/\/fluterm.eu\/sk\/zasady-vratenia-penazi-a-vratenia-tovaru\/#breadcrumb"},"inLanguage":"sk-SK","potentialAction":[{"@type":"ReadAction","target":["https:\/\/fluterm.eu\/sk\/zasady-vratenia-penazi-a-vratenia-tovaru\/"]}]},{"@type":"BreadcrumbList","@id":"https:\/\/fluterm.eu\/sk\/zasady-vratenia-penazi-a-vratenia-tovaru\/#breadcrumb","itemListElement":[{"@type":"ListItem","position":1,"name":"Home","item":"https:\/\/fluterm.eu\/sk\/obchod\/"},{"@type":"ListItem","position":2,"name":"Z\u00e1sady vr\u00e1tenia pe\u0148az\u00ed a vr\u00e1tenia tovaru"}]},{"@type":"WebSite","@id":"https:\/\/fluterm.eu\/#website","url":"https:\/\/fluterm.eu\/","name":"fluterm.eu","description":"","potentialAction":[{"@type":"SearchAction","target":{"@type":"EntryPoint","urlTemplate":"https:\/\/fluterm.eu\/?s={search_term_string}"},"query-input":"required name=search_term_string"}],"inLanguage":"sk-SK"}]}},"_links":{"self":[{"href":"https:\/\/fluterm.eu\/sk\/wp-json\/wp\/v2\/pages\/4491","targetHints":{"allow":["GET"]}}],"collection":[{"href":"https:\/\/fluterm.eu\/sk\/wp-json\/wp\/v2\/pages"}],"about":[{"href":"https:\/\/fluterm.eu\/sk\/wp-json\/wp\/v2\/types\/page"}],"author":[{"embeddable":true,"href":"https:\/\/fluterm.eu\/sk\/wp-json\/wp\/v2\/users\/3"}],"replies":[{"embeddable":true,"href":"https:\/\/fluterm.eu\/sk\/wp-json\/wp\/v2\/comments?post=4491"}],"version-history":[{"count":2,"href":"https:\/\/fluterm.eu\/sk\/wp-json\/wp\/v2\/pages\/4491\/revisions"}],"predecessor-version":[{"id":4497,"href":"https:\/\/fluterm.eu\/sk\/wp-json\/wp\/v2\/pages\/4491\/revisions\/4497"}],"wp:attachment":[{"href":"https:\/\/fluterm.eu\/sk\/wp-json\/wp\/v2\/media?parent=4491"}],"curies":[{"name":"wp","href":"https:\/\/api.w.org\/{rel}","templated":true}]}}