{"id":10009,"date":"2023-08-26T10:11:27","date_gmt":"2023-08-26T07:11:27","guid":{"rendered":"https:\/\/fluterm.eu\/prod\/huawei-hybrid-sun2000-30ktl-m3-invertuje-30-000w-trojfazovo\/"},"modified":"2023-09-06T15:07:41","modified_gmt":"2023-09-06T12:07:41","slug":"huawei-hybrid-sun2000-30ktl-m3-invertuje-30-000w-trojfazovo","status":"publish","type":"product","link":"https:\/\/fluterm.eu\/sk\/prod\/huawei-hybrid-sun2000-30ktl-m3-invertuje-30-000w-trojfazovo\/","title":{"rendered":"Huawei Hybrid SUN2000-30KTL-M3 Invertuje &#8211; 30.000W trojf\u00e1zovo"},"content":{"rendered":"<p>Hybridn\u00fd meni\u010d Huawei <strong>SUN2000L-30KTL-M3<\/strong> je s\u00fa\u010das\u0165ou nov\u00e9ho inovat\u00edvneho radu meni\u010dov Huawei pre dom\u00e1cnosti. Tento inteligentn\u00fd strieda\u010d od spolo\u010dnosti Huawei m\u00e1 akt\u00edvnu ochranu proti obl\u00fakov\u00e9mu pr\u00fadu, vy\u0161\u0161iu \u00fa\u010dinnos\u0165 s a\u017e o 30 % vy\u0161\u0161ou spotrebou energie v\u010faka nov\u00fdm optimaliz\u00e1torom SUN2000-450W-P a pon\u00faka aj mo\u017enos\u0165 pripojenia l\u00edtiov\u00fdch akumula\u010dn\u00fdch bat\u00e9ri\u00ed, ako je napr\u00edklad lg 10 charm alebo nov\u00e1 modul\u00e1rna bat\u00e9ria od spolo\u010dnosti Huawei LUNA2000-SO.<\/p>\n<div dir=\"ltr\">\n<p><span>Strieda\u010d Huawei SUN2000-30KTL-M3 obsahuje 4 MPPT, ktor\u00e9 umo\u017e\u0148uj\u00fa in\u0161tal\u00e1ciu panelov v \u0161tyroch skupin\u00e1ch, tak\u017ee ka\u017ed\u00e1 zo skup\u00edn m\u00f4\u017ee by\u0165 in\u0161talovan\u00e1 s in\u00fdm sklonom, be\u017en\u00fdm pr\u00edkladom je in\u0161tal\u00e1cia ka\u017edej zo skup\u00edn v r\u00f4znych kr\u00eddlach strechy bytu. V\u010faka t\u00fdmto integrovan\u00fdm MPPT strieda\u010d Huawei SUN2000-30KTL-M3 maximalizuje \u00fa\u010dinnos\u0165 sol\u00e1rnych panelov tak\u00fdm sp\u00f4sobom, \u017ee sa vlo\u017een\u00e1 invest\u00edcia vr\u00e1ti r\u00fdchlej\u0161ie, preto\u017ee domu je v\u017edy pon\u00fakan\u00e9 maximum energie v z\u00e1vislosti od po\u010dtu a typu nain\u0161talovan\u00fdch sol\u00e1rnych panelov a slne\u010dn\u00e9ho \u017eiarenia, ktor\u00e9 prij\u00edmaj\u00fa.<\/span><\/p>\n<p><span>Okrem toho je meni\u010d Huawei SUN2000-30KTL-M3 vybaven\u00fd aj vyp\u00edna\u010dom jednosmern\u00e9ho pr\u00fadu, ochranou proti vynoreniu, nadpr\u00fadovou ochranou proti striedav\u00e9mu pr\u00fadu, ochranou proti prep\u00f3lovaniu jednosmern\u00e9ho pr\u00fadu a monitorovan\u00edm re\u0165azca. Meni\u010d Huawei SUN2000-30KTL-M3 m\u00e1 aj jednotku na detekciu izol\u00e1cie jednosmern\u00e9ho pr\u00fadu a monitorovanie zvy\u0161kov\u00e9ho pr\u00fadu. Jeho LCD displej navy\u0161e umo\u017e\u0148uje monitorova\u0165 v\u00fdkon syst\u00e9mu. Tento meni\u010d je schopn\u00fd prev\u00e1dzky pri teplot\u00e1ch od -25\u00baC do 60\u00baC a m\u00e1 krytie IP65.<\/span><\/p>\n<p><strong>Fyzik\u00e1lne vlastnosti Meni\u010d Huawei SUN2000-30KTL-M3 Trojf\u00e1zov\u00fd 33kVA<\/strong><\/p>\n<p><span>Meni\u010d Huawei SUN2000-30KTL-M3 m\u00e1 rozmery 930 x 550 x 283 mm a hmotnos\u0165 62 kg, preto sa odpor\u00fa\u010da ma\u0165 potrebn\u00e9 prostriedky na jeho spr\u00e1vnu manipul\u00e1ciu a in\u0161tal\u00e1ciu, aby sa predi\u0161lo zraneniu. Tento meni\u010d je vybaven\u00fd LCD displejom, ktor\u00fd v\u00e1m umo\u017en\u00ed zobrazi\u0165 jeho v\u00fdkon a hist\u00f3riu prev\u00e1dzky.<\/span><\/p>\n<p>&nbsp;<\/p>\n<p><strong>Be\u017en\u00e9 pou\u017eitie Meni\u010d Huawei SUN2000-30KTL-M3 Trojf\u00e1zov\u00fd 33kVA<\/strong><\/p>\n<p><span>Meni\u010d Huawei SUN2000-30KTL-M3 tak pon\u00faka zna\u010dn\u00fa \u00fasporu na \u00fa\u010dtoch za elektrinu pre dom\u00e1cnosti, ktor\u00e9 po\u010das d\u0148a be\u017ene spotreb\u00favaj\u00fa elektrinu. Strieda\u010d Huawei SUN2000-30KTL-M3 je ur\u010den\u00fd pre tie in\u0161tal\u00e1cie pripojen\u00e9 k sieti, ktor\u00e9 nemaj\u00fa bat\u00e9rie.<\/span><\/p>\n<p>In\u0161tal\u00e1cia meni\u010da Huawei SUN2000-30KTL-M3 Trojf\u00e1zov\u00fd 30KTL-M3<\/p>\n<p><span>Aplik\u00e1cia SUN2000 umo\u017e\u0148uje komunik\u00e1ciu meni\u010da s monitorovac\u00edm syst\u00e9mom prostredn\u00edctvom d\u00e1tov\u00e9ho k\u00e1bla USB alebo Bluetooth na zobrazenie alarmov, konfigur\u00e1ciu parametrov a vykon\u00e1vanie be\u017en\u00fdch \u00faloh \u00fadr\u017eby. Aplik\u00e1cia SUN2000 je vhodnou platformou na miestne monitorovanie a \u00fadr\u017ebu.<\/span><\/p>\n<p><span>Je d\u00f4le\u017eit\u00e9 poznamena\u0165, \u017ee tento syst\u00e9m je kompatibiln\u00fd s mobiln\u00fdmi telef\u00f3nmi: Android 4.0 alebo nov\u0161\u00ed a iOS 7.0 alebo nov\u0161\u00ed. Pri pou\u017e\u00edvan\u00ed syst\u00e9mu iOS aplik\u00e1cia podporuje iba pripojenie Bluetooth, tak\u017ee v z\u00e1vislosti od typu smartf\u00f3nu pripojte d\u00e1tov\u00fd k\u00e1bel USB alebo modul Bluetooth k portu USB meni\u010da, aby ste nadviazali komunik\u00e1ciu medzi meni\u010dom a aplik\u00e1ciou.<\/span><\/p>\n<p>Ak si chcete aplik\u00e1ciu stiahnu\u0165, nav\u0161t\u00edvte obchod Huawei App Store<a href=\"http:\/\/appstore.huawei.com\/\">(http:\/\/appstore.huawei.com)<\/a>, Google Play<a href=\"https:\/\/play.google.com\/\">(https:\/\/play.google.com)<\/a> alebo App Store (iOS), vyh\u013eadajte SUN2000 a stiahnite si in\u0161tala\u010dn\u00fd bal\u00edk aplik\u00e1cie SUN2000.<\/p>\n<\/div>\n","protected":false},"excerpt":{"rendered":"<p>Hybridn\u00fd meni\u010d Huawei SUN2000L-30KTL-M3 je s\u00fa\u010das\u0165ou nov\u00e9ho inovat\u00edvneho radu meni\u010dov Huawei pre dom\u00e1cnosti. Tento inteligentn\u00fd strieda\u010d od spolo\u010dnosti Huawei m\u00e1 akt\u00edvnu ochranu proti obl\u00fakov\u00e9mu pr\u00fadu, vy\u0161\u0161iu \u00fa\u010dinnos\u0165 s a\u017e o 30 % vy\u0161\u0161ou spotrebou energie v\u010faka nov\u00fdm optimaliz\u00e1torom SUN2000-450W-P a pon\u00faka aj mo\u017enos\u0165 pripojenia l\u00edtiov\u00fdch akumula\u010dn\u00fdch bat\u00e9ri\u00ed, ako je napr\u00edklad lg 10 charm alebo nov\u00e1&hellip;<\/p>\n","protected":false},"featured_media":10017,"comment_status":"open","ping_status":"closed","template":"","meta":[],"product_cat":[794],"product_tag":[],"class_list":{"0":"post-10009","1":"product","2":"type-product","3":"status-publish","4":"has-post-thumbnail","6":"product_cat-fotovoltaicke-supravy","8":"first","9":"instock","10":"taxable","11":"shipping-taxable","12":"purchasable","13":"product-type-simple","14":"col-xs-6 col-sm-4","15":"col-md-4 col-lg-4","16":"un-3-cols"},"acf":[],"yoast_head":"<!-- This site is optimized with the Yoast SEO plugin v21.2 - https:\/\/yoast.com\/wordpress\/plugins\/seo\/ -->\n<title>Huawei Hybrid SUN2000-30KTL-M3 Invertuje - 30.000W trojf\u00e1zovo<\/title>\n<meta name=\"description\" content=\"Order Huawei Hybrid SUN2000-30KTL-M3 Invertuje - 30.000W trojf\u00e1zovo at a best price.\" \/>\n<meta name=\"robots\" content=\"index, follow, max-snippet:-1, max-image-preview:large, max-video-preview:-1\" \/>\n<link rel=\"canonical\" href=\"https:\/\/fluterm.eu\/sk\/prod\/huawei-hybrid-sun2000-30ktl-m3-invertuje-30-000w-trojfazovo\/\" \/>\n<meta property=\"og:locale\" content=\"sk_SK\" \/>\n<meta property=\"og:type\" content=\"article\" \/>\n<meta property=\"og:title\" content=\"Huawei Hybrid SUN2000-30KTL-M3 Invertuje - 30.000W trojf\u00e1zovo\" \/>\n<meta property=\"og:description\" content=\"Order Huawei Hybrid SUN2000-30KTL-M3 Invertuje - 30.000W trojf\u00e1zovo at a best price.\" \/>\n<meta property=\"og:url\" content=\"https:\/\/fluterm.eu\/sk\/prod\/huawei-hybrid-sun2000-30ktl-m3-invertuje-30-000w-trojfazovo\/\" \/>\n<meta property=\"og:site_name\" content=\"fluterm.eu\" \/>\n<meta property=\"article:modified_time\" content=\"2023-09-06T12:07:41+00:00\" \/>\n<meta property=\"og:image\" content=\"https:\/\/fluterm.eu\/wp-content\/uploads\/2023\/08\/1E9E838C-EACF-419A-B06B-AABF7CEF5CD9_4_5005_c.jpeg\" \/>\n\t<meta property=\"og:image:width\" content=\"296\" \/>\n\t<meta property=\"og:image:height\" content=\"296\" \/>\n\t<meta property=\"og:image:type\" content=\"image\/jpeg\" \/>\n<meta name=\"twitter:card\" content=\"summary_large_image\" \/>\n<meta name=\"twitter:label1\" content=\"Predpokladan\u00fd \u010das \u010d\u00edtania\" \/>\n\t<meta name=\"twitter:data1\" content=\"3 min\u00faty\" \/>\n<script type=\"application\/ld+json\" class=\"yoast-schema-graph\">{\"@context\":\"https:\/\/schema.org\",\"@graph\":[{\"@type\":\"WebPage\",\"@id\":\"https:\/\/fluterm.eu\/sk\/prod\/huawei-hybrid-sun2000-30ktl-m3-invertuje-30-000w-trojfazovo\/\",\"url\":\"https:\/\/fluterm.eu\/sk\/prod\/huawei-hybrid-sun2000-30ktl-m3-invertuje-30-000w-trojfazovo\/\",\"name\":\"Huawei Hybrid SUN2000-30KTL-M3 Invertuje - 30.000W trojf\u00e1zovo\",\"isPartOf\":{\"@id\":\"https:\/\/fluterm.eu\/#website\"},\"datePublished\":\"2023-08-26T07:11:27+00:00\",\"dateModified\":\"2023-09-06T12:07:41+00:00\",\"description\":\"Order Huawei Hybrid SUN2000-30KTL-M3 Invertuje - 30.000W trojf\u00e1zovo at a best price.\",\"breadcrumb\":{\"@id\":\"https:\/\/fluterm.eu\/sk\/prod\/huawei-hybrid-sun2000-30ktl-m3-invertuje-30-000w-trojfazovo\/#breadcrumb\"},\"inLanguage\":\"sk-SK\",\"potentialAction\":[{\"@type\":\"ReadAction\",\"target\":[\"https:\/\/fluterm.eu\/sk\/prod\/huawei-hybrid-sun2000-30ktl-m3-invertuje-30-000w-trojfazovo\/\"]}]},{\"@type\":\"BreadcrumbList\",\"@id\":\"https:\/\/fluterm.eu\/sk\/prod\/huawei-hybrid-sun2000-30ktl-m3-invertuje-30-000w-trojfazovo\/#breadcrumb\",\"itemListElement\":[{\"@type\":\"ListItem\",\"position\":1,\"name\":\"Home\",\"item\":\"https:\/\/fluterm.eu\/sk\/obchod\/\"},{\"@type\":\"ListItem\",\"position\":2,\"name\":\"Obchod\",\"item\":\"https:\/\/fluterm.eu\/sk\/obchod\/\"},{\"@type\":\"ListItem\",\"position\":3,\"name\":\"Huawei Hybrid SUN2000-30KTL-M3 Invertuje &#8211; 30.000W trojf\u00e1zovo\"}]},{\"@type\":\"WebSite\",\"@id\":\"https:\/\/fluterm.eu\/#website\",\"url\":\"https:\/\/fluterm.eu\/\",\"name\":\"fluterm.eu\",\"description\":\"\",\"potentialAction\":[{\"@type\":\"SearchAction\",\"target\":{\"@type\":\"EntryPoint\",\"urlTemplate\":\"https:\/\/fluterm.eu\/?s={search_term_string}\"},\"query-input\":\"required name=search_term_string\"}],\"inLanguage\":\"sk-SK\"}]}<\/script>\n<!-- \/ Yoast SEO plugin. -->","yoast_head_json":{"title":"Huawei Hybrid SUN2000-30KTL-M3 Invertuje - 30.000W trojf\u00e1zovo","description":"Order Huawei Hybrid SUN2000-30KTL-M3 Invertuje - 30.000W trojf\u00e1zovo at a best price.","robots":{"index":"index","follow":"follow","max-snippet":"max-snippet:-1","max-image-preview":"max-image-preview:large","max-video-preview":"max-video-preview:-1"},"canonical":"https:\/\/fluterm.eu\/sk\/prod\/huawei-hybrid-sun2000-30ktl-m3-invertuje-30-000w-trojfazovo\/","og_locale":"sk_SK","og_type":"article","og_title":"Huawei Hybrid SUN2000-30KTL-M3 Invertuje - 30.000W trojf\u00e1zovo","og_description":"Order Huawei Hybrid SUN2000-30KTL-M3 Invertuje - 30.000W trojf\u00e1zovo at a best price.","og_url":"https:\/\/fluterm.eu\/sk\/prod\/huawei-hybrid-sun2000-30ktl-m3-invertuje-30-000w-trojfazovo\/","og_site_name":"fluterm.eu","article_modified_time":"2023-09-06T12:07:41+00:00","og_image":[{"width":296,"height":296,"url":"https:\/\/fluterm.eu\/wp-content\/uploads\/2023\/08\/1E9E838C-EACF-419A-B06B-AABF7CEF5CD9_4_5005_c.jpeg","type":"image\/jpeg"}],"twitter_card":"summary_large_image","twitter_misc":{"Predpokladan\u00fd \u010das \u010d\u00edtania":"3 min\u00faty"},"schema":{"@context":"https:\/\/schema.org","@graph":[{"@type":"WebPage","@id":"https:\/\/fluterm.eu\/sk\/prod\/huawei-hybrid-sun2000-30ktl-m3-invertuje-30-000w-trojfazovo\/","url":"https:\/\/fluterm.eu\/sk\/prod\/huawei-hybrid-sun2000-30ktl-m3-invertuje-30-000w-trojfazovo\/","name":"Huawei Hybrid SUN2000-30KTL-M3 Invertuje - 30.000W trojf\u00e1zovo","isPartOf":{"@id":"https:\/\/fluterm.eu\/#website"},"datePublished":"2023-08-26T07:11:27+00:00","dateModified":"2023-09-06T12:07:41+00:00","description":"Order Huawei Hybrid SUN2000-30KTL-M3 Invertuje - 30.000W trojf\u00e1zovo at a best price.","breadcrumb":{"@id":"https:\/\/fluterm.eu\/sk\/prod\/huawei-hybrid-sun2000-30ktl-m3-invertuje-30-000w-trojfazovo\/#breadcrumb"},"inLanguage":"sk-SK","potentialAction":[{"@type":"ReadAction","target":["https:\/\/fluterm.eu\/sk\/prod\/huawei-hybrid-sun2000-30ktl-m3-invertuje-30-000w-trojfazovo\/"]}]},{"@type":"BreadcrumbList","@id":"https:\/\/fluterm.eu\/sk\/prod\/huawei-hybrid-sun2000-30ktl-m3-invertuje-30-000w-trojfazovo\/#breadcrumb","itemListElement":[{"@type":"ListItem","position":1,"name":"Home","item":"https:\/\/fluterm.eu\/sk\/obchod\/"},{"@type":"ListItem","position":2,"name":"Obchod","item":"https:\/\/fluterm.eu\/sk\/obchod\/"},{"@type":"ListItem","position":3,"name":"Huawei Hybrid SUN2000-30KTL-M3 Invertuje &#8211; 30.000W trojf\u00e1zovo"}]},{"@type":"WebSite","@id":"https:\/\/fluterm.eu\/#website","url":"https:\/\/fluterm.eu\/","name":"fluterm.eu","description":"","potentialAction":[{"@type":"SearchAction","target":{"@type":"EntryPoint","urlTemplate":"https:\/\/fluterm.eu\/?s={search_term_string}"},"query-input":"required name=search_term_string"}],"inLanguage":"sk-SK"}]}},"_links":{"self":[{"href":"https:\/\/fluterm.eu\/sk\/wp-json\/wp\/v2\/product\/10009","targetHints":{"allow":["GET"]}}],"collection":[{"href":"https:\/\/fluterm.eu\/sk\/wp-json\/wp\/v2\/product"}],"about":[{"href":"https:\/\/fluterm.eu\/sk\/wp-json\/wp\/v2\/types\/product"}],"replies":[{"embeddable":true,"href":"https:\/\/fluterm.eu\/sk\/wp-json\/wp\/v2\/comments?post=10009"}],"version-history":[{"count":1,"href":"https:\/\/fluterm.eu\/sk\/wp-json\/wp\/v2\/product\/10009\/revisions"}],"predecessor-version":[{"id":13758,"href":"https:\/\/fluterm.eu\/sk\/wp-json\/wp\/v2\/product\/10009\/revisions\/13758"}],"wp:featuredmedia":[{"embeddable":true,"href":"https:\/\/fluterm.eu\/sk\/wp-json\/wp\/v2\/media\/10017"}],"wp:attachment":[{"href":"https:\/\/fluterm.eu\/sk\/wp-json\/wp\/v2\/media?parent=10009"}],"wp:term":[{"taxonomy":"product_cat","embeddable":true,"href":"https:\/\/fluterm.eu\/sk\/wp-json\/wp\/v2\/product_cat?post=10009"},{"taxonomy":"product_tag","embeddable":true,"href":"https:\/\/fluterm.eu\/sk\/wp-json\/wp\/v2\/product_tag?post=10009"}],"curies":[{"name":"wp","href":"https:\/\/api.w.org\/{rel}","templated":true}]}}