{"id":10103,"date":"2023-08-26T09:50:31","date_gmt":"2023-08-26T06:50:31","guid":{"rendered":"https:\/\/fluterm.eu\/prod\/huawei-hybrid-sun2000-15ktl-m5-invertuje-15-000w-trojfazovo\/"},"modified":"2023-09-06T15:07:42","modified_gmt":"2023-09-06T12:07:42","slug":"huawei-hybrid-sun2000-15ktl-m5-invertuje-15-000w-trojfazovo","status":"publish","type":"product","link":"https:\/\/fluterm.eu\/sk\/prod\/huawei-hybrid-sun2000-15ktl-m5-invertuje-15-000w-trojfazovo\/","title":{"rendered":"Huawei Hybrid SUN2000-15KTL-M5 Invertuje &#8211; 15.000W trojf\u00e1zovo"},"content":{"rendered":"<p>Hybridn\u00fd meni\u010d Huawei <strong>SUN2000L-15KTL-M5<\/strong> je s\u00fa\u010das\u0165ou nov\u00e9ho inovat\u00edvneho radu meni\u010dov Huawei pre dom\u00e1cnosti. Tento inteligentn\u00fd strieda\u010d od spolo\u010dnosti Huawei m\u00e1 akt\u00edvnu ochranu proti obl\u00fakov\u00e9mu pr\u00fadu, vy\u0161\u0161iu \u00fa\u010dinnos\u0165 s a\u017e o 30 % vy\u0161\u0161ou spotrebou energie v\u010faka nov\u00fdm optimaliz\u00e1torom SUN2000-450W-P a pon\u00faka aj mo\u017enos\u0165 pripojenia l\u00edtiov\u00fdch akumula\u010dn\u00fdch bat\u00e9ri\u00ed, ako je napr\u00edklad lg 10 charm alebo nov\u00e1 modul\u00e1rna bat\u00e9ria od spolo\u010dnosti Huawei LUNA2000-SO.<\/p>\n<div>\n<h2><span>Technick\u00e9 vlastnosti<\/span><\/h2>\n<table border=\"1\">\n<tbody>\n<tr>\n<td colspan=\"2\">Vstup<\/td>\n<\/tr>\n<tr>\n<td width=\"50%\">Navrhovan\u00fd maxim\u00e1lny v\u00fdkon FV<\/td>\n<td width=\"50%\"><span>22 500 Wp<\/span><\/td>\n<\/tr>\n<tr>\n<td>Maxim\u00e1lne vstupn\u00e9 nap\u00e4tie<\/td>\n<td><span>1.100V<\/span><\/td>\n<\/tr>\n<tr>\n<td><span>Max. vstupn\u00fd pr\u00fad pre MPPT<\/span><\/td>\n<td><span>30 A (dva re\u0165azce) \/ 20 A (jeden re\u0165azec)<\/span><\/td>\n<\/tr>\n<tr>\n<td>skratov\u00fd pr\u00fad max<\/td>\n<td><span>40A<\/span><\/td>\n<\/tr>\n<tr>\n<td>Sp\u00fa\u0161\u0165acie nap\u00e4tie<\/td>\n<td><span>200V<\/span><\/td>\n<\/tr>\n<tr>\n<td>Rozsah menovit\u00e9ho nap\u00e4tia MPPT<\/td>\n<td><span>200V ~ 1000V<\/span><\/td>\n<\/tr>\n<tr>\n<td>Menovit\u00e9 vstupn\u00e9 nap\u00e4tie<\/td>\n<td><span>600V<\/span><\/td>\n<\/tr>\n<tr>\n<td>Maxim\u00e1lny po\u010det vstupov pre MPPT<\/td>\n<td><span>4<\/span><\/td>\n<\/tr>\n<tr>\n<td>Po\u010det MPPT<\/td>\n<td><span>2  <\/span><\/td>\n<\/tr>\n<tr>\n<td colspan=\"2\">Exit<\/td>\n<\/tr>\n<tr>\n<td>Menovit\u00fd v\u00fdstupn\u00fd v\u00fdkon<\/td>\n<td><span>15,000W<\/span><\/td>\n<\/tr>\n<tr>\n<td>Max. zdanliv\u00fd v\u00fdkon<\/td>\n<td><span>16 500 VA<\/span><\/td>\n<\/tr>\n<tr>\n<td>Menovit\u00e9 v\u00fdstupn\u00e9 nap\u00e4tie<\/td>\n<td><span>220Vac \/ 380Vac, 230Vac \/ 400Vac, 239,6Vac \/ 415Vac, 3W + N + PE<\/span><\/td>\n<\/tr>\n<tr>\n<td>Menovit\u00e1 frekvencia siete AC<\/td>\n<td><span>50Hz \/ 60Hz<\/span><\/td>\n<\/tr>\n<tr>\n<td>Maxim\u00e1lny v\u00fdstupn\u00fd pr\u00fad<\/td>\n<td><span>25,2 A\/380 Vac  <\/span><br \/>\n<span>23,9 A\/400 Vac  <\/span><br \/>\n<span>23,1 A\/415 Vac<\/span><\/td>\n<\/tr>\n<tr>\n<td>Nastavite\u013en\u00fd \u00fa\u010dinn\u00edk<\/td>\n<td><span>0,8 kapacity &#8230; 0,8 indukcia<\/span><\/td>\n<\/tr>\n<tr>\n<td colspan=\"2\">Funkcie a ochrana<\/td>\n<\/tr>\n<tr>\n<td>Kateg\u00f3ria prep\u00e4tia<\/td>\n<td><span>PV \u2161\/AC \u2162<\/span><\/td>\n<\/tr>\n<tr>\n<td>Odpojovacie zariadenie na vstupnej strane<\/td>\n<td><span>\u00c1no<\/span><\/td>\n<\/tr>\n<tr>\n<td>Ochrana proti vylodeniu<\/td>\n<td><span>\u00c1no<\/span><\/td>\n<\/tr>\n<tr>\n<td>Ochrana proti striedav\u00e9mu pr\u00fadu<\/td>\n<td><span>\u00c1no<\/span><\/td>\n<\/tr>\n<tr>\n<td>Ochrana proti prep\u00f3lovaniu jednosmern\u00e9ho pr\u00fadu<\/td>\n<td><span>\u00c1no<\/span><\/td>\n<\/tr>\n<tr>\n<td>Zis\u0165ovanie por\u00fach re\u0165azca<\/td>\n<td><span>\u00c1no<\/span><\/td>\n<\/tr>\n<tr>\n<td>Integrovan\u00fd DC zvodi\u010d<\/td>\n<td><span>Typ II<\/span><\/td>\n<\/tr>\n<tr>\n<td>Integrovan\u00e1 nab\u00edja\u010dka striedav\u00e9ho pr\u00fadu<\/td>\n<td><span>TRIEDA II<\/span><\/td>\n<\/tr>\n<tr>\n<td colspan=\"2\">Dodr\u017eiavanie noriem<\/td>\n<\/tr>\n<tr>\n<td>Bezpe\u010dnos\u0165<\/td>\n<td><span>EN\/IEC 62109-1, EN\/IEC 62109-2<\/span><\/td>\n<\/tr>\n<tr>\n<td>\u0160tandard sie\u0165ov\u00e9ho pripojenia<\/td>\n<td><span>G99, EN 50549, CEI 0-21, CEI 0-16, VDE-AR-N-4105, VDE-AR-N-4110, C10\/11, ABNT, VFR 2019, UNE 217001, UNE 217002, RD 244, TOR D4, IEC61727, IEC62116<\/span><\/td>\n<\/tr>\n<tr>\n<td colspan=\"2\">Kompatibiln\u00fd optimaliz\u00e1tor<\/td>\n<\/tr>\n<tr>\n<td>Optimaliz\u00e1tor kompatibiln\u00fd s DC MBUS<\/td>\n<td><span>SUN2000-450W-P, SUN2000-450W-P2, SUN2000-600W-P, MERC-1300W-P, MERC-1100W-P<\/span><\/td>\n<\/tr>\n<tr>\n<td colspan=\"2\">V\u0161eobecn\u00e9 \u00fadaje<\/td>\n<\/tr>\n<tr>\n<td>Zobrazenie<\/td>\n<td><span>Indik\u00e1tory LED; integrovan\u00e1 sie\u0165 WLAN + aplik\u00e1cia FusionSolar<\/span><\/td>\n<\/tr>\n<tr>\n<td>Komunik\u00e1cia<\/td>\n<td><span>RS485; WLAN\/Ethernet cez Smart Dongle-WLAN-FE (volite\u013en\u00e9) 4G \/ 3G \/ 2G cez Smart Dongle-4G (volite\u013en\u00e9)<\/span><\/td>\n<\/tr>\n<tr>\n<td>Rozsah prev\u00e1dzkov\u00fdch tepl\u00f4t<\/td>\n<td><span>-25 ~ +60\u00b0C (-13\u00b0F ~ 140\u00b0F)<\/span><\/td>\n<\/tr>\n<tr>\n<td>Ochladzovanie<\/td>\n<td><span>Inteligentn\u00e9 chladenie vzduchom<\/span><\/td>\n<\/tr>\n<tr>\n<td>Stupe\u0148 ochrany<\/td>\n<td><span>IP66<\/span><\/td>\n<\/tr>\n<tr>\n<td>Rozmery (vr\u00e1tane mont\u00e1\u017enej konzoly)<\/td>\n<td><span>546 x 460 x 228 mm<\/span><\/td>\n<\/tr>\n<tr>\n<td>Hmotnos\u0165 (vr\u00e1tane mont\u00e1\u017enej konzoly)<\/td>\n<td><span>21 kg (46,4 libier)<\/span><\/td>\n<\/tr>\n<\/tbody>\n<\/table>\n<\/div>\n<hr>\n","protected":false},"excerpt":{"rendered":"<p>Hybridn\u00fd meni\u010d Huawei SUN2000L-15KTL-M5 je s\u00fa\u010das\u0165ou nov\u00e9ho inovat\u00edvneho radu meni\u010dov Huawei pre dom\u00e1cnosti. Tento inteligentn\u00fd strieda\u010d od spolo\u010dnosti Huawei m\u00e1 akt\u00edvnu ochranu proti obl\u00fakov\u00e9mu pr\u00fadu, vy\u0161\u0161iu \u00fa\u010dinnos\u0165 s a\u017e o 30 % vy\u0161\u0161ou spotrebou energie v\u010faka nov\u00fdm optimaliz\u00e1torom SUN2000-450W-P a pon\u00faka aj mo\u017enos\u0165 pripojenia l\u00edtiov\u00fdch akumula\u010dn\u00fdch bat\u00e9ri\u00ed, ako je napr\u00edklad lg 10 charm alebo nov\u00e1&hellip;<\/p>\n","protected":false},"featured_media":10071,"comment_status":"open","ping_status":"closed","template":"","meta":[],"product_cat":[794],"product_tag":[],"class_list":{"0":"post-10103","1":"product","2":"type-product","3":"status-publish","4":"has-post-thumbnail","6":"product_cat-fotovoltaicke-supravy","8":"first","9":"instock","10":"taxable","11":"shipping-taxable","12":"purchasable","13":"product-type-simple","14":"col-xs-6 col-sm-4","15":"col-md-4 col-lg-4","16":"un-3-cols"},"acf":[],"yoast_head":"<!-- This site is optimized with the Yoast SEO plugin v21.2 - https:\/\/yoast.com\/wordpress\/plugins\/seo\/ -->\n<title>Huawei Hybrid SUN2000-15KTL-M5 Invertuje - 15.000W trojf\u00e1zovo<\/title>\n<meta name=\"description\" content=\"Order Huawei Hybrid SUN2000-15KTL-M5 Invertuje - 15.000W trojf\u00e1zovo at a best price.\" \/>\n<meta name=\"robots\" content=\"index, follow, max-snippet:-1, max-image-preview:large, max-video-preview:-1\" \/>\n<link rel=\"canonical\" href=\"https:\/\/fluterm.eu\/sk\/prod\/huawei-hybrid-sun2000-15ktl-m5-invertuje-15-000w-trojfazovo\/\" \/>\n<meta property=\"og:locale\" content=\"sk_SK\" \/>\n<meta property=\"og:type\" content=\"article\" \/>\n<meta property=\"og:title\" content=\"Huawei Hybrid SUN2000-15KTL-M5 Invertuje - 15.000W trojf\u00e1zovo\" \/>\n<meta property=\"og:description\" content=\"Order Huawei Hybrid SUN2000-15KTL-M5 Invertuje - 15.000W trojf\u00e1zovo at a best price.\" \/>\n<meta property=\"og:url\" content=\"https:\/\/fluterm.eu\/sk\/prod\/huawei-hybrid-sun2000-15ktl-m5-invertuje-15-000w-trojfazovo\/\" \/>\n<meta property=\"og:site_name\" content=\"fluterm.eu\" \/>\n<meta property=\"article:modified_time\" content=\"2023-09-06T12:07:42+00:00\" \/>\n<meta property=\"og:image\" content=\"https:\/\/fluterm.eu\/wp-content\/uploads\/2023\/08\/5DDCA596-E858-4E61-98D9-BF6E2FD8EFD3_4_5005_c.jpeg\" \/>\n\t<meta property=\"og:image:width\" content=\"296\" \/>\n\t<meta property=\"og:image:height\" content=\"296\" \/>\n\t<meta property=\"og:image:type\" content=\"image\/jpeg\" \/>\n<meta name=\"twitter:card\" content=\"summary_large_image\" \/>\n<meta name=\"twitter:label1\" content=\"Predpokladan\u00fd \u010das \u010d\u00edtania\" \/>\n\t<meta name=\"twitter:data1\" content=\"2 min\u00faty\" \/>\n<script type=\"application\/ld+json\" class=\"yoast-schema-graph\">{\"@context\":\"https:\/\/schema.org\",\"@graph\":[{\"@type\":\"WebPage\",\"@id\":\"https:\/\/fluterm.eu\/sk\/prod\/huawei-hybrid-sun2000-15ktl-m5-invertuje-15-000w-trojfazovo\/\",\"url\":\"https:\/\/fluterm.eu\/sk\/prod\/huawei-hybrid-sun2000-15ktl-m5-invertuje-15-000w-trojfazovo\/\",\"name\":\"Huawei Hybrid SUN2000-15KTL-M5 Invertuje - 15.000W trojf\u00e1zovo\",\"isPartOf\":{\"@id\":\"https:\/\/fluterm.eu\/#website\"},\"datePublished\":\"2023-08-26T06:50:31+00:00\",\"dateModified\":\"2023-09-06T12:07:42+00:00\",\"description\":\"Order Huawei Hybrid SUN2000-15KTL-M5 Invertuje - 15.000W trojf\u00e1zovo at a best price.\",\"breadcrumb\":{\"@id\":\"https:\/\/fluterm.eu\/sk\/prod\/huawei-hybrid-sun2000-15ktl-m5-invertuje-15-000w-trojfazovo\/#breadcrumb\"},\"inLanguage\":\"sk-SK\",\"potentialAction\":[{\"@type\":\"ReadAction\",\"target\":[\"https:\/\/fluterm.eu\/sk\/prod\/huawei-hybrid-sun2000-15ktl-m5-invertuje-15-000w-trojfazovo\/\"]}]},{\"@type\":\"BreadcrumbList\",\"@id\":\"https:\/\/fluterm.eu\/sk\/prod\/huawei-hybrid-sun2000-15ktl-m5-invertuje-15-000w-trojfazovo\/#breadcrumb\",\"itemListElement\":[{\"@type\":\"ListItem\",\"position\":1,\"name\":\"Home\",\"item\":\"https:\/\/fluterm.eu\/sk\/obchod\/\"},{\"@type\":\"ListItem\",\"position\":2,\"name\":\"Obchod\",\"item\":\"https:\/\/fluterm.eu\/sk\/obchod\/\"},{\"@type\":\"ListItem\",\"position\":3,\"name\":\"Huawei Hybrid SUN2000-15KTL-M5 Invertuje &#8211; 15.000W trojf\u00e1zovo\"}]},{\"@type\":\"WebSite\",\"@id\":\"https:\/\/fluterm.eu\/#website\",\"url\":\"https:\/\/fluterm.eu\/\",\"name\":\"fluterm.eu\",\"description\":\"\",\"potentialAction\":[{\"@type\":\"SearchAction\",\"target\":{\"@type\":\"EntryPoint\",\"urlTemplate\":\"https:\/\/fluterm.eu\/?s={search_term_string}\"},\"query-input\":\"required name=search_term_string\"}],\"inLanguage\":\"sk-SK\"}]}<\/script>\n<!-- \/ Yoast SEO plugin. -->","yoast_head_json":{"title":"Huawei Hybrid SUN2000-15KTL-M5 Invertuje - 15.000W trojf\u00e1zovo","description":"Order Huawei Hybrid SUN2000-15KTL-M5 Invertuje - 15.000W trojf\u00e1zovo at a best price.","robots":{"index":"index","follow":"follow","max-snippet":"max-snippet:-1","max-image-preview":"max-image-preview:large","max-video-preview":"max-video-preview:-1"},"canonical":"https:\/\/fluterm.eu\/sk\/prod\/huawei-hybrid-sun2000-15ktl-m5-invertuje-15-000w-trojfazovo\/","og_locale":"sk_SK","og_type":"article","og_title":"Huawei Hybrid SUN2000-15KTL-M5 Invertuje - 15.000W trojf\u00e1zovo","og_description":"Order Huawei Hybrid SUN2000-15KTL-M5 Invertuje - 15.000W trojf\u00e1zovo at a best price.","og_url":"https:\/\/fluterm.eu\/sk\/prod\/huawei-hybrid-sun2000-15ktl-m5-invertuje-15-000w-trojfazovo\/","og_site_name":"fluterm.eu","article_modified_time":"2023-09-06T12:07:42+00:00","og_image":[{"width":296,"height":296,"url":"https:\/\/fluterm.eu\/wp-content\/uploads\/2023\/08\/5DDCA596-E858-4E61-98D9-BF6E2FD8EFD3_4_5005_c.jpeg","type":"image\/jpeg"}],"twitter_card":"summary_large_image","twitter_misc":{"Predpokladan\u00fd \u010das \u010d\u00edtania":"2 min\u00faty"},"schema":{"@context":"https:\/\/schema.org","@graph":[{"@type":"WebPage","@id":"https:\/\/fluterm.eu\/sk\/prod\/huawei-hybrid-sun2000-15ktl-m5-invertuje-15-000w-trojfazovo\/","url":"https:\/\/fluterm.eu\/sk\/prod\/huawei-hybrid-sun2000-15ktl-m5-invertuje-15-000w-trojfazovo\/","name":"Huawei Hybrid SUN2000-15KTL-M5 Invertuje - 15.000W trojf\u00e1zovo","isPartOf":{"@id":"https:\/\/fluterm.eu\/#website"},"datePublished":"2023-08-26T06:50:31+00:00","dateModified":"2023-09-06T12:07:42+00:00","description":"Order Huawei Hybrid SUN2000-15KTL-M5 Invertuje - 15.000W trojf\u00e1zovo at a best price.","breadcrumb":{"@id":"https:\/\/fluterm.eu\/sk\/prod\/huawei-hybrid-sun2000-15ktl-m5-invertuje-15-000w-trojfazovo\/#breadcrumb"},"inLanguage":"sk-SK","potentialAction":[{"@type":"ReadAction","target":["https:\/\/fluterm.eu\/sk\/prod\/huawei-hybrid-sun2000-15ktl-m5-invertuje-15-000w-trojfazovo\/"]}]},{"@type":"BreadcrumbList","@id":"https:\/\/fluterm.eu\/sk\/prod\/huawei-hybrid-sun2000-15ktl-m5-invertuje-15-000w-trojfazovo\/#breadcrumb","itemListElement":[{"@type":"ListItem","position":1,"name":"Home","item":"https:\/\/fluterm.eu\/sk\/obchod\/"},{"@type":"ListItem","position":2,"name":"Obchod","item":"https:\/\/fluterm.eu\/sk\/obchod\/"},{"@type":"ListItem","position":3,"name":"Huawei Hybrid SUN2000-15KTL-M5 Invertuje &#8211; 15.000W trojf\u00e1zovo"}]},{"@type":"WebSite","@id":"https:\/\/fluterm.eu\/#website","url":"https:\/\/fluterm.eu\/","name":"fluterm.eu","description":"","potentialAction":[{"@type":"SearchAction","target":{"@type":"EntryPoint","urlTemplate":"https:\/\/fluterm.eu\/?s={search_term_string}"},"query-input":"required name=search_term_string"}],"inLanguage":"sk-SK"}]}},"_links":{"self":[{"href":"https:\/\/fluterm.eu\/sk\/wp-json\/wp\/v2\/product\/10103","targetHints":{"allow":["GET"]}}],"collection":[{"href":"https:\/\/fluterm.eu\/sk\/wp-json\/wp\/v2\/product"}],"about":[{"href":"https:\/\/fluterm.eu\/sk\/wp-json\/wp\/v2\/types\/product"}],"replies":[{"embeddable":true,"href":"https:\/\/fluterm.eu\/sk\/wp-json\/wp\/v2\/comments?post=10103"}],"version-history":[{"count":1,"href":"https:\/\/fluterm.eu\/sk\/wp-json\/wp\/v2\/product\/10103\/revisions"}],"predecessor-version":[{"id":13760,"href":"https:\/\/fluterm.eu\/sk\/wp-json\/wp\/v2\/product\/10103\/revisions\/13760"}],"wp:featuredmedia":[{"embeddable":true,"href":"https:\/\/fluterm.eu\/sk\/wp-json\/wp\/v2\/media\/10071"}],"wp:attachment":[{"href":"https:\/\/fluterm.eu\/sk\/wp-json\/wp\/v2\/media?parent=10103"}],"wp:term":[{"taxonomy":"product_cat","embeddable":true,"href":"https:\/\/fluterm.eu\/sk\/wp-json\/wp\/v2\/product_cat?post=10103"},{"taxonomy":"product_tag","embeddable":true,"href":"https:\/\/fluterm.eu\/sk\/wp-json\/wp\/v2\/product_tag?post=10103"}],"curies":[{"name":"wp","href":"https:\/\/api.w.org\/{rel}","templated":true}]}}