{"id":10104,"date":"2023-08-26T09:38:46","date_gmt":"2023-08-26T06:38:46","guid":{"rendered":"https:\/\/fluterm.eu\/prod\/huawei-hybrid-sun2000-5ktl-m1-invertuje-5-000w-trojfazovo\/"},"modified":"2023-09-06T15:07:44","modified_gmt":"2023-09-06T12:07:44","slug":"huawei-hybrid-sun2000-5ktl-m1-invertuje-5-000w-trojfazovo","status":"publish","type":"product","link":"https:\/\/fluterm.eu\/sk\/prod\/huawei-hybrid-sun2000-5ktl-m1-invertuje-5-000w-trojfazovo\/","title":{"rendered":"Huawei Hybrid SUN2000-5KTL-M1 Invertuje &#8211; 5.000W trojf\u00e1zovo"},"content":{"rendered":"<p>Hybridn\u00fd meni\u010d Huawei <strong>SUN2000L-5KTL-M1<\/strong> je s\u00fa\u010das\u0165ou nov\u00e9ho inovat\u00edvneho radu meni\u010dov Huawei pre dom\u00e1cnosti. Tento inteligentn\u00fd strieda\u010d od spolo\u010dnosti Huawei m\u00e1 akt\u00edvnu ochranu proti obl\u00fakov\u00e9mu pr\u00fadu, vy\u0161\u0161iu \u00fa\u010dinnos\u0165 s a\u017e o 30 % vy\u0161\u0161ou spotrebou energie v\u010faka nov\u00fdm optimaliz\u00e1torom SUN2000-450W-P a pon\u00faka aj mo\u017enos\u0165 pripojenia l\u00edtiov\u00fdch akumula\u010dn\u00fdch bat\u00e9ri\u00ed, ako je napr\u00edklad lg 10 charm alebo nov\u00e1 modul\u00e1rna bat\u00e9ria od spolo\u010dnosti Huawei LUNA2000-SO.<\/p>\n","protected":false},"excerpt":{"rendered":"<p>Hybridn\u00fd meni\u010d Huawei SUN2000L-5KTL-M1 je s\u00fa\u010das\u0165ou nov\u00e9ho inovat\u00edvneho radu meni\u010dov Huawei pre dom\u00e1cnosti. Tento inteligentn\u00fd strieda\u010d od spolo\u010dnosti Huawei m\u00e1 akt\u00edvnu ochranu proti obl\u00fakov\u00e9mu pr\u00fadu, vy\u0161\u0161iu \u00fa\u010dinnos\u0165 s a\u017e o 30 % vy\u0161\u0161ou spotrebou energie v\u010faka nov\u00fdm optimaliz\u00e1torom SUN2000-450W-P a pon\u00faka aj mo\u017enos\u0165 pripojenia l\u00edtiov\u00fdch akumula\u010dn\u00fdch bat\u00e9ri\u00ed, ako je napr\u00edklad lg 10 charm alebo nov\u00e1&hellip;<\/p>\n","protected":false},"featured_media":9785,"comment_status":"open","ping_status":"closed","template":"","meta":[],"product_cat":[794],"product_tag":[],"class_list":{"0":"post-10104","1":"product","2":"type-product","3":"status-publish","4":"has-post-thumbnail","6":"product_cat-fotovoltaicke-supravy","8":"first","9":"instock","10":"taxable","11":"shipping-taxable","12":"purchasable","13":"product-type-simple","14":"col-xs-6 col-sm-4","15":"col-md-4 col-lg-4","16":"un-3-cols"},"acf":[],"yoast_head":"<!-- This site is optimized with the Yoast SEO plugin v21.2 - https:\/\/yoast.com\/wordpress\/plugins\/seo\/ -->\n<title>Huawei Hybrid SUN2000-5KTL-M1 Invertuje - 5.000W trojf\u00e1zovo<\/title>\n<meta name=\"description\" content=\"Order Huawei Hybrid SUN2000-5KTL-M1 Invertuje - 5.000W trojf\u00e1zovo at a best price.\" \/>\n<meta name=\"robots\" content=\"index, follow, max-snippet:-1, max-image-preview:large, max-video-preview:-1\" \/>\n<link rel=\"canonical\" href=\"https:\/\/fluterm.eu\/sk\/prod\/huawei-hybrid-sun2000-5ktl-m1-invertuje-5-000w-trojfazovo\/\" \/>\n<meta property=\"og:locale\" content=\"sk_SK\" \/>\n<meta property=\"og:type\" content=\"article\" \/>\n<meta property=\"og:title\" content=\"Huawei Hybrid SUN2000-5KTL-M1 Invertuje - 5.000W trojf\u00e1zovo\" \/>\n<meta property=\"og:description\" content=\"Order Huawei Hybrid SUN2000-5KTL-M1 Invertuje - 5.000W trojf\u00e1zovo at a best price.\" \/>\n<meta property=\"og:url\" content=\"https:\/\/fluterm.eu\/sk\/prod\/huawei-hybrid-sun2000-5ktl-m1-invertuje-5-000w-trojfazovo\/\" \/>\n<meta property=\"og:site_name\" content=\"fluterm.eu\" \/>\n<meta property=\"article:modified_time\" content=\"2023-09-06T12:07:44+00:00\" \/>\n<meta property=\"og:image\" content=\"https:\/\/fluterm.eu\/wp-content\/uploads\/2023\/08\/35E72A15-B2C9-4988-86E8-3F18C03F1AE3.jpeg\" \/>\n\t<meta property=\"og:image:width\" content=\"432\" \/>\n\t<meta property=\"og:image:height\" content=\"432\" \/>\n\t<meta property=\"og:image:type\" content=\"image\/jpeg\" \/>\n<meta name=\"twitter:card\" content=\"summary_large_image\" \/>\n<script type=\"application\/ld+json\" class=\"yoast-schema-graph\">{\"@context\":\"https:\/\/schema.org\",\"@graph\":[{\"@type\":\"WebPage\",\"@id\":\"https:\/\/fluterm.eu\/sk\/prod\/huawei-hybrid-sun2000-5ktl-m1-invertuje-5-000w-trojfazovo\/\",\"url\":\"https:\/\/fluterm.eu\/sk\/prod\/huawei-hybrid-sun2000-5ktl-m1-invertuje-5-000w-trojfazovo\/\",\"name\":\"Huawei Hybrid SUN2000-5KTL-M1 Invertuje - 5.000W trojf\u00e1zovo\",\"isPartOf\":{\"@id\":\"https:\/\/fluterm.eu\/#website\"},\"datePublished\":\"2023-08-26T06:38:46+00:00\",\"dateModified\":\"2023-09-06T12:07:44+00:00\",\"description\":\"Order Huawei Hybrid SUN2000-5KTL-M1 Invertuje - 5.000W trojf\u00e1zovo at a best price.\",\"breadcrumb\":{\"@id\":\"https:\/\/fluterm.eu\/sk\/prod\/huawei-hybrid-sun2000-5ktl-m1-invertuje-5-000w-trojfazovo\/#breadcrumb\"},\"inLanguage\":\"sk-SK\",\"potentialAction\":[{\"@type\":\"ReadAction\",\"target\":[\"https:\/\/fluterm.eu\/sk\/prod\/huawei-hybrid-sun2000-5ktl-m1-invertuje-5-000w-trojfazovo\/\"]}]},{\"@type\":\"BreadcrumbList\",\"@id\":\"https:\/\/fluterm.eu\/sk\/prod\/huawei-hybrid-sun2000-5ktl-m1-invertuje-5-000w-trojfazovo\/#breadcrumb\",\"itemListElement\":[{\"@type\":\"ListItem\",\"position\":1,\"name\":\"Home\",\"item\":\"https:\/\/fluterm.eu\/sk\/obchod\/\"},{\"@type\":\"ListItem\",\"position\":2,\"name\":\"Obchod\",\"item\":\"https:\/\/fluterm.eu\/sk\/obchod\/\"},{\"@type\":\"ListItem\",\"position\":3,\"name\":\"Huawei Hybrid SUN2000-5KTL-M1 Invertuje &#8211; 5.000W trojf\u00e1zovo\"}]},{\"@type\":\"WebSite\",\"@id\":\"https:\/\/fluterm.eu\/#website\",\"url\":\"https:\/\/fluterm.eu\/\",\"name\":\"fluterm.eu\",\"description\":\"\",\"potentialAction\":[{\"@type\":\"SearchAction\",\"target\":{\"@type\":\"EntryPoint\",\"urlTemplate\":\"https:\/\/fluterm.eu\/?s={search_term_string}\"},\"query-input\":\"required name=search_term_string\"}],\"inLanguage\":\"sk-SK\"}]}<\/script>\n<!-- \/ Yoast SEO plugin. -->","yoast_head_json":{"title":"Huawei Hybrid SUN2000-5KTL-M1 Invertuje - 5.000W trojf\u00e1zovo","description":"Order Huawei Hybrid SUN2000-5KTL-M1 Invertuje - 5.000W trojf\u00e1zovo at a best price.","robots":{"index":"index","follow":"follow","max-snippet":"max-snippet:-1","max-image-preview":"max-image-preview:large","max-video-preview":"max-video-preview:-1"},"canonical":"https:\/\/fluterm.eu\/sk\/prod\/huawei-hybrid-sun2000-5ktl-m1-invertuje-5-000w-trojfazovo\/","og_locale":"sk_SK","og_type":"article","og_title":"Huawei Hybrid SUN2000-5KTL-M1 Invertuje - 5.000W trojf\u00e1zovo","og_description":"Order Huawei Hybrid SUN2000-5KTL-M1 Invertuje - 5.000W trojf\u00e1zovo at a best price.","og_url":"https:\/\/fluterm.eu\/sk\/prod\/huawei-hybrid-sun2000-5ktl-m1-invertuje-5-000w-trojfazovo\/","og_site_name":"fluterm.eu","article_modified_time":"2023-09-06T12:07:44+00:00","og_image":[{"width":432,"height":432,"url":"https:\/\/fluterm.eu\/wp-content\/uploads\/2023\/08\/35E72A15-B2C9-4988-86E8-3F18C03F1AE3.jpeg","type":"image\/jpeg"}],"twitter_card":"summary_large_image","schema":{"@context":"https:\/\/schema.org","@graph":[{"@type":"WebPage","@id":"https:\/\/fluterm.eu\/sk\/prod\/huawei-hybrid-sun2000-5ktl-m1-invertuje-5-000w-trojfazovo\/","url":"https:\/\/fluterm.eu\/sk\/prod\/huawei-hybrid-sun2000-5ktl-m1-invertuje-5-000w-trojfazovo\/","name":"Huawei Hybrid SUN2000-5KTL-M1 Invertuje - 5.000W trojf\u00e1zovo","isPartOf":{"@id":"https:\/\/fluterm.eu\/#website"},"datePublished":"2023-08-26T06:38:46+00:00","dateModified":"2023-09-06T12:07:44+00:00","description":"Order Huawei Hybrid SUN2000-5KTL-M1 Invertuje - 5.000W trojf\u00e1zovo at a best price.","breadcrumb":{"@id":"https:\/\/fluterm.eu\/sk\/prod\/huawei-hybrid-sun2000-5ktl-m1-invertuje-5-000w-trojfazovo\/#breadcrumb"},"inLanguage":"sk-SK","potentialAction":[{"@type":"ReadAction","target":["https:\/\/fluterm.eu\/sk\/prod\/huawei-hybrid-sun2000-5ktl-m1-invertuje-5-000w-trojfazovo\/"]}]},{"@type":"BreadcrumbList","@id":"https:\/\/fluterm.eu\/sk\/prod\/huawei-hybrid-sun2000-5ktl-m1-invertuje-5-000w-trojfazovo\/#breadcrumb","itemListElement":[{"@type":"ListItem","position":1,"name":"Home","item":"https:\/\/fluterm.eu\/sk\/obchod\/"},{"@type":"ListItem","position":2,"name":"Obchod","item":"https:\/\/fluterm.eu\/sk\/obchod\/"},{"@type":"ListItem","position":3,"name":"Huawei Hybrid SUN2000-5KTL-M1 Invertuje &#8211; 5.000W trojf\u00e1zovo"}]},{"@type":"WebSite","@id":"https:\/\/fluterm.eu\/#website","url":"https:\/\/fluterm.eu\/","name":"fluterm.eu","description":"","potentialAction":[{"@type":"SearchAction","target":{"@type":"EntryPoint","urlTemplate":"https:\/\/fluterm.eu\/?s={search_term_string}"},"query-input":"required name=search_term_string"}],"inLanguage":"sk-SK"}]}},"_links":{"self":[{"href":"https:\/\/fluterm.eu\/sk\/wp-json\/wp\/v2\/product\/10104","targetHints":{"allow":["GET"]}}],"collection":[{"href":"https:\/\/fluterm.eu\/sk\/wp-json\/wp\/v2\/product"}],"about":[{"href":"https:\/\/fluterm.eu\/sk\/wp-json\/wp\/v2\/types\/product"}],"replies":[{"embeddable":true,"href":"https:\/\/fluterm.eu\/sk\/wp-json\/wp\/v2\/comments?post=10104"}],"version-history":[{"count":1,"href":"https:\/\/fluterm.eu\/sk\/wp-json\/wp\/v2\/product\/10104\/revisions"}],"predecessor-version":[{"id":13762,"href":"https:\/\/fluterm.eu\/sk\/wp-json\/wp\/v2\/product\/10104\/revisions\/13762"}],"wp:featuredmedia":[{"embeddable":true,"href":"https:\/\/fluterm.eu\/sk\/wp-json\/wp\/v2\/media\/9785"}],"wp:attachment":[{"href":"https:\/\/fluterm.eu\/sk\/wp-json\/wp\/v2\/media?parent=10104"}],"wp:term":[{"taxonomy":"product_cat","embeddable":true,"href":"https:\/\/fluterm.eu\/sk\/wp-json\/wp\/v2\/product_cat?post=10104"},{"taxonomy":"product_tag","embeddable":true,"href":"https:\/\/fluterm.eu\/sk\/wp-json\/wp\/v2\/product_tag?post=10104"}],"curies":[{"name":"wp","href":"https:\/\/api.w.org\/{rel}","templated":true}]}}