{"id":10268,"date":"2023-08-20T23:10:15","date_gmt":"2023-08-20T20:10:15","guid":{"rendered":"https:\/\/fluterm.eu\/prod\/pe-rt-mono-layer-pipe-pre-podlahove-vykurovanie-16-x-2-dozivotna-zaruka\/"},"modified":"2023-09-06T15:07:47","modified_gmt":"2023-09-06T12:07:47","slug":"pe-rt-mono-layer-pipe-pre-podlahove-vykurovanie-16-x-2-dozivotna-zaruka","status":"publish","type":"product","link":"https:\/\/fluterm.eu\/sk\/prod\/pe-rt-mono-layer-pipe-pre-podlahove-vykurovanie-16-x-2-dozivotna-zaruka\/","title":{"rendered":"Pe-Rt Mono Layer Pipe pre podlahov\u00e9 vykurovanie 16 \u00d7 2 Do\u017eivotn\u00e1 z\u00e1ruka"},"content":{"rendered":"<p><span style=\"color: #ff0000;\"><strong>  Dok\u00e1\u017eeme zostriha\u0165 \u013eubovo\u013en\u00fa d\u013a\u017eku, sta\u010d\u00ed poskytn\u00fa\u0165 z\u00e1znam.<\/strong><\/span><\/p>\n<table class=\"table table-light table-bordered\" width=\"586\">\n<tbody>\n<tr>\n<td>V\u00fdrobca:<\/td>\n<td>Mplast<\/td>\n<\/tr>\n<tr>\n<td>Priemer:<\/td>\n<td>16 mm<\/td>\n<\/tr>\n<tr>\n<td>Materi\u00e1l:<\/td>\n<td>pe-rt<\/td>\n<\/tr>\n<tr>\n<td>Max. pracovn\u00e1 teplota:<\/p>\n<p>Oxig\u00e9nov\u00e1 bari\u00e9ra<\/td>\n<td>70 \u00b0C<\/p>\n<p>&nbsp;<\/td>\n<\/tr>\n<\/tbody>\n<\/table>\n","protected":false},"excerpt":{"rendered":"<p>Dok\u00e1\u017eeme zostriha\u0165 \u013eubovo\u013en\u00fa d\u013a\u017eku, sta\u010d\u00ed poskytn\u00fa\u0165 z\u00e1znam. V\u00fdrobca: Mplast Priemer: 16 mm Materi\u00e1l: pe-rt Max. pracovn\u00e1 teplota: Oxig\u00e9nov\u00e1 bari\u00e9ra 70 \u00b0C &nbsp;<\/p>\n","protected":false},"featured_media":10276,"comment_status":"open","ping_status":"closed","template":"","meta":[],"product_cat":[872],"product_tag":[],"class_list":{"0":"post-10268","1":"product","2":"type-product","3":"status-publish","4":"has-post-thumbnail","6":"product_cat-potrubie-podlahoveho-vykurovania","8":"first","9":"instock","10":"taxable","11":"shipping-taxable","12":"purchasable","13":"product-type-simple","14":"col-xs-6 col-sm-4","15":"col-md-4 col-lg-4","16":"un-3-cols"},"acf":[],"yoast_head":"<!-- This site is optimized with the Yoast SEO plugin v21.2 - https:\/\/yoast.com\/wordpress\/plugins\/seo\/ -->\n<title>Pe-Rt Mono Layer Pipe pre podlahov\u00e9 vykurovanie 16 \u00d7 2 Do\u017eivotn\u00e1 z\u00e1ruka<\/title>\n<meta name=\"description\" content=\"Order Pe-Rt Mono Layer Pipe pre podlahov\u00e9 vykurovanie 16 \u00d7 2 Do\u017eivotn\u00e1 z\u00e1ruka at a best price.\" \/>\n<meta name=\"robots\" content=\"index, follow, max-snippet:-1, max-image-preview:large, max-video-preview:-1\" \/>\n<link rel=\"canonical\" href=\"https:\/\/fluterm.eu\/sk\/prod\/pe-rt-mono-layer-pipe-pre-podlahove-vykurovanie-16-x-2-dozivotna-zaruka\/\" \/>\n<meta property=\"og:locale\" content=\"sk_SK\" \/>\n<meta property=\"og:type\" content=\"article\" \/>\n<meta property=\"og:title\" content=\"Pe-Rt Mono Layer Pipe pre podlahov\u00e9 vykurovanie 16 \u00d7 2 Do\u017eivotn\u00e1 z\u00e1ruka\" \/>\n<meta property=\"og:description\" content=\"Order Pe-Rt Mono Layer Pipe pre podlahov\u00e9 vykurovanie 16 \u00d7 2 Do\u017eivotn\u00e1 z\u00e1ruka at a best price.\" \/>\n<meta property=\"og:url\" content=\"https:\/\/fluterm.eu\/sk\/prod\/pe-rt-mono-layer-pipe-pre-podlahove-vykurovanie-16-x-2-dozivotna-zaruka\/\" \/>\n<meta property=\"og:site_name\" content=\"fluterm.eu\" \/>\n<meta property=\"article:modified_time\" content=\"2023-09-06T12:07:47+00:00\" \/>\n<meta property=\"og:image\" content=\"https:\/\/fluterm.eu\/wp-content\/uploads\/2023\/08\/8289343C-1679-4F74-B25A-ABC4AB29F6F3_4_5005_c.jpeg\" \/>\n\t<meta property=\"og:image:width\" content=\"224\" \/>\n\t<meta property=\"og:image:height\" content=\"224\" \/>\n\t<meta property=\"og:image:type\" content=\"image\/jpeg\" \/>\n<meta name=\"twitter:card\" content=\"summary_large_image\" \/>\n<script type=\"application\/ld+json\" class=\"yoast-schema-graph\">{\"@context\":\"https:\/\/schema.org\",\"@graph\":[{\"@type\":\"WebPage\",\"@id\":\"https:\/\/fluterm.eu\/sk\/prod\/pe-rt-mono-layer-pipe-pre-podlahove-vykurovanie-16-x-2-dozivotna-zaruka\/\",\"url\":\"https:\/\/fluterm.eu\/sk\/prod\/pe-rt-mono-layer-pipe-pre-podlahove-vykurovanie-16-x-2-dozivotna-zaruka\/\",\"name\":\"Pe-Rt Mono Layer Pipe pre podlahov\u00e9 vykurovanie 16 \u00d7 2 Do\u017eivotn\u00e1 z\u00e1ruka\",\"isPartOf\":{\"@id\":\"https:\/\/fluterm.eu\/#website\"},\"datePublished\":\"2023-08-20T20:10:15+00:00\",\"dateModified\":\"2023-09-06T12:07:47+00:00\",\"description\":\"Order Pe-Rt Mono Layer Pipe pre podlahov\u00e9 vykurovanie 16 \u00d7 2 Do\u017eivotn\u00e1 z\u00e1ruka at a best price.\",\"breadcrumb\":{\"@id\":\"https:\/\/fluterm.eu\/sk\/prod\/pe-rt-mono-layer-pipe-pre-podlahove-vykurovanie-16-x-2-dozivotna-zaruka\/#breadcrumb\"},\"inLanguage\":\"sk-SK\",\"potentialAction\":[{\"@type\":\"ReadAction\",\"target\":[\"https:\/\/fluterm.eu\/sk\/prod\/pe-rt-mono-layer-pipe-pre-podlahove-vykurovanie-16-x-2-dozivotna-zaruka\/\"]}]},{\"@type\":\"BreadcrumbList\",\"@id\":\"https:\/\/fluterm.eu\/sk\/prod\/pe-rt-mono-layer-pipe-pre-podlahove-vykurovanie-16-x-2-dozivotna-zaruka\/#breadcrumb\",\"itemListElement\":[{\"@type\":\"ListItem\",\"position\":1,\"name\":\"Home\",\"item\":\"https:\/\/fluterm.eu\/sk\/obchod\/\"},{\"@type\":\"ListItem\",\"position\":2,\"name\":\"Obchod\",\"item\":\"https:\/\/fluterm.eu\/sk\/obchod\/\"},{\"@type\":\"ListItem\",\"position\":3,\"name\":\"Pe-Rt Mono Layer Pipe pre podlahov\u00e9 vykurovanie 16 \u00d7 2 Do\u017eivotn\u00e1 z\u00e1ruka\"}]},{\"@type\":\"WebSite\",\"@id\":\"https:\/\/fluterm.eu\/#website\",\"url\":\"https:\/\/fluterm.eu\/\",\"name\":\"fluterm.eu\",\"description\":\"\",\"potentialAction\":[{\"@type\":\"SearchAction\",\"target\":{\"@type\":\"EntryPoint\",\"urlTemplate\":\"https:\/\/fluterm.eu\/?s={search_term_string}\"},\"query-input\":\"required name=search_term_string\"}],\"inLanguage\":\"sk-SK\"}]}<\/script>\n<!-- \/ Yoast SEO plugin. -->","yoast_head_json":{"title":"Pe-Rt Mono Layer Pipe pre podlahov\u00e9 vykurovanie 16 \u00d7 2 Do\u017eivotn\u00e1 z\u00e1ruka","description":"Order Pe-Rt Mono Layer Pipe pre podlahov\u00e9 vykurovanie 16 \u00d7 2 Do\u017eivotn\u00e1 z\u00e1ruka at a best price.","robots":{"index":"index","follow":"follow","max-snippet":"max-snippet:-1","max-image-preview":"max-image-preview:large","max-video-preview":"max-video-preview:-1"},"canonical":"https:\/\/fluterm.eu\/sk\/prod\/pe-rt-mono-layer-pipe-pre-podlahove-vykurovanie-16-x-2-dozivotna-zaruka\/","og_locale":"sk_SK","og_type":"article","og_title":"Pe-Rt Mono Layer Pipe pre podlahov\u00e9 vykurovanie 16 \u00d7 2 Do\u017eivotn\u00e1 z\u00e1ruka","og_description":"Order Pe-Rt Mono Layer Pipe pre podlahov\u00e9 vykurovanie 16 \u00d7 2 Do\u017eivotn\u00e1 z\u00e1ruka at a best price.","og_url":"https:\/\/fluterm.eu\/sk\/prod\/pe-rt-mono-layer-pipe-pre-podlahove-vykurovanie-16-x-2-dozivotna-zaruka\/","og_site_name":"fluterm.eu","article_modified_time":"2023-09-06T12:07:47+00:00","og_image":[{"width":224,"height":224,"url":"https:\/\/fluterm.eu\/wp-content\/uploads\/2023\/08\/8289343C-1679-4F74-B25A-ABC4AB29F6F3_4_5005_c.jpeg","type":"image\/jpeg"}],"twitter_card":"summary_large_image","schema":{"@context":"https:\/\/schema.org","@graph":[{"@type":"WebPage","@id":"https:\/\/fluterm.eu\/sk\/prod\/pe-rt-mono-layer-pipe-pre-podlahove-vykurovanie-16-x-2-dozivotna-zaruka\/","url":"https:\/\/fluterm.eu\/sk\/prod\/pe-rt-mono-layer-pipe-pre-podlahove-vykurovanie-16-x-2-dozivotna-zaruka\/","name":"Pe-Rt Mono Layer Pipe pre podlahov\u00e9 vykurovanie 16 \u00d7 2 Do\u017eivotn\u00e1 z\u00e1ruka","isPartOf":{"@id":"https:\/\/fluterm.eu\/#website"},"datePublished":"2023-08-20T20:10:15+00:00","dateModified":"2023-09-06T12:07:47+00:00","description":"Order Pe-Rt Mono Layer Pipe pre podlahov\u00e9 vykurovanie 16 \u00d7 2 Do\u017eivotn\u00e1 z\u00e1ruka at a best price.","breadcrumb":{"@id":"https:\/\/fluterm.eu\/sk\/prod\/pe-rt-mono-layer-pipe-pre-podlahove-vykurovanie-16-x-2-dozivotna-zaruka\/#breadcrumb"},"inLanguage":"sk-SK","potentialAction":[{"@type":"ReadAction","target":["https:\/\/fluterm.eu\/sk\/prod\/pe-rt-mono-layer-pipe-pre-podlahove-vykurovanie-16-x-2-dozivotna-zaruka\/"]}]},{"@type":"BreadcrumbList","@id":"https:\/\/fluterm.eu\/sk\/prod\/pe-rt-mono-layer-pipe-pre-podlahove-vykurovanie-16-x-2-dozivotna-zaruka\/#breadcrumb","itemListElement":[{"@type":"ListItem","position":1,"name":"Home","item":"https:\/\/fluterm.eu\/sk\/obchod\/"},{"@type":"ListItem","position":2,"name":"Obchod","item":"https:\/\/fluterm.eu\/sk\/obchod\/"},{"@type":"ListItem","position":3,"name":"Pe-Rt Mono Layer Pipe pre podlahov\u00e9 vykurovanie 16 \u00d7 2 Do\u017eivotn\u00e1 z\u00e1ruka"}]},{"@type":"WebSite","@id":"https:\/\/fluterm.eu\/#website","url":"https:\/\/fluterm.eu\/","name":"fluterm.eu","description":"","potentialAction":[{"@type":"SearchAction","target":{"@type":"EntryPoint","urlTemplate":"https:\/\/fluterm.eu\/?s={search_term_string}"},"query-input":"required name=search_term_string"}],"inLanguage":"sk-SK"}]}},"_links":{"self":[{"href":"https:\/\/fluterm.eu\/sk\/wp-json\/wp\/v2\/product\/10268","targetHints":{"allow":["GET"]}}],"collection":[{"href":"https:\/\/fluterm.eu\/sk\/wp-json\/wp\/v2\/product"}],"about":[{"href":"https:\/\/fluterm.eu\/sk\/wp-json\/wp\/v2\/types\/product"}],"replies":[{"embeddable":true,"href":"https:\/\/fluterm.eu\/sk\/wp-json\/wp\/v2\/comments?post=10268"}],"version-history":[{"count":1,"href":"https:\/\/fluterm.eu\/sk\/wp-json\/wp\/v2\/product\/10268\/revisions"}],"predecessor-version":[{"id":13767,"href":"https:\/\/fluterm.eu\/sk\/wp-json\/wp\/v2\/product\/10268\/revisions\/13767"}],"wp:featuredmedia":[{"embeddable":true,"href":"https:\/\/fluterm.eu\/sk\/wp-json\/wp\/v2\/media\/10276"}],"wp:attachment":[{"href":"https:\/\/fluterm.eu\/sk\/wp-json\/wp\/v2\/media?parent=10268"}],"wp:term":[{"taxonomy":"product_cat","embeddable":true,"href":"https:\/\/fluterm.eu\/sk\/wp-json\/wp\/v2\/product_cat?post=10268"},{"taxonomy":"product_tag","embeddable":true,"href":"https:\/\/fluterm.eu\/sk\/wp-json\/wp\/v2\/product_tag?post=10268"}],"curies":[{"name":"wp","href":"https:\/\/api.w.org\/{rel}","templated":true}]}}