{"id":10302,"date":"2023-08-20T23:01:46","date_gmt":"2023-08-20T20:01:46","guid":{"rendered":"https:\/\/fluterm.eu\/prod\/17x2mm-pex-a-rurka-pre-podlahove-vykurovanie-dozivotna-zaruka\/"},"modified":"2023-09-06T15:07:48","modified_gmt":"2023-09-06T12:07:48","slug":"17x2mm-pex-a-rurka-pre-podlahove-vykurovanie-dozivotna-zaruka","status":"publish","type":"product","link":"https:\/\/fluterm.eu\/sk\/prod\/17x2mm-pex-a-rurka-pre-podlahove-vykurovanie-dozivotna-zaruka\/","title":{"rendered":"17x2mm PEX-A r\u00farka pre podlahov\u00e9 vykurovanie Do\u017eivotn\u00e1 z\u00e1ruka"},"content":{"rendered":"<p><span class=\"Y2IQFc\" lang=\"en\">  Potrubie s kysl\u00edkovou bari\u00e9rou je polyetyl\u00e9nov\u00e9 potrubie zosie\u0165ovan\u00e9 peroxidom TRIGONOX 311 (Akzo Nobel).<br \/>\n\u0160peci\u00e1lnym procesom sie\u0165ovania sa molekuly polyetyl\u00e9nu sp\u00e1jaj\u00fa do trojrozmernej \u0161trukt\u00fary, ktor\u00e1 d\u00e1va r\u00faram odolnos\u0165 a trvanlivos\u0165, vynikaj\u00face mechanick\u00e9 a tepeln\u00e9 vlastnosti na pou\u017eitie vo vykurovac\u00edch zariadeniach. Polyetyl\u00e9nov\u00e9 r\u00farky pex-a maj\u00fa vysok\u00fd faktor zosie\u0165ovania (&gt;70 %), \u010do zaru\u010duje ich vynikaj\u00facu odolnos\u0165 v priebehu \u010dasu. Technol\u00f3gia peroxidov\u00e9ho sie\u0165ovania vytv\u00e1ra hustej\u0161ie r\u00fary PE-Xa s vynikaj\u00facimi mechanick\u00fdmi vlastnos\u0165ami v\u010faka<br \/>\nkrat\u0161ie molekulov\u00e9 v\u00e4zby v porovnan\u00ed s polyetyl\u00e9nom zosie\u0165ovan\u00fdm in\u00fdmi postupmi. Z\u00e1rove\u0148 je tu<br \/>\nv\u00fdhodou je aj lep\u0161ie kontrolovan\u00e1 retikul\u00e1cia, preto\u017ee k nej doch\u00e1dza po\u010das vytl\u00e1\u010dania a bezprostredne po<br \/>\nto. Na vytvorenie kysl\u00edkovej bari\u00e9ry sa pou\u017e\u00edva kopolym\u00e9r EVOH (etyl\u00e9n &#8211; vinylalkohol), ktor\u00fd sa prid\u00e1va do cel\u00e9ho<br \/>\nvonkaj\u0161\u00ed povrch r\u00farky. M\u00e1 tri vrstvy kysl\u00edkovej bari\u00e9ry (EVOH) spojen\u00e9 \u0161pecifick\u00fdm lepidlom (male\u00ednov\u00e1<br \/>\nanhydrid). \u00daloha kysl\u00edkovej bari\u00e9ry: zabra\u0148uje tvorbe mikroorganizmov, ktor\u00e9 by sa usadzovali na vn\u00fatorn\u00fdch sten\u00e1ch potrubia; zni\u017euje kor\u00f3ziu kovov\u00fdch prvkov, s ktor\u00fdmi prich\u00e1dza vykurovacia voda do styku (vykurovanie a spojenie<br \/>\nzariadenie); chr\u00e1ni potrubie pred vo\u013en\u00fdmi at\u00f3mami kysl\u00edka, ktor\u00e9 sa m\u00f4\u017eu spoji\u0165 s at\u00f3mami vod\u00edka z molekul\u00e1rnej \u0161trukt\u00fary<br \/>\npolyetyl\u00e9nu a ktor\u00e9 \u010dasom ved\u00fa k starnutiu potrubia. R\u00fdchlos\u0165 dif\u00fazie plynu sa meria v cm3 plynu, ktor\u00fd prejde cez 20 mikr\u00f3nov hrub\u00fa polym\u00e9rov\u00fa f\u00f3liu na<br \/>\nploche 1 m2 po\u010das 24 hod\u00edn. Spr\u00e1vanie sa EVOH a polym\u00e9ru je tak\u00e9to: EVOH &#8211; 0,2; PE &#8211; 12 000. Tento rozdiel je v pr\u00edpade kopolym\u00e9ru ove\u013ea men\u0161\u00ed, \u010do vysvet\u013euje potrebu pou\u017e\u00edva\u0165 PEX s kysl\u00edkom<br \/>\nbari\u00e9ra! Technick\u00e9 \u0161pecifik\u00e1cie: rozmery: 17 \u00d7 2 mm; menovit\u00fd tlak: 10 barov. tepeln\u00e1 vodivos\u0165: 0,38 W\/m2K; maxim\u00e1lna teplota pracovnej kvapaliny: + 90\u00baC; 600 m cievky.<br \/>\n<strong><span style=\"color: #ff0000;\">  zn\u00ed\u017eime, ko\u013eko potrebujete<\/span><\/strong><\/span><\/p>\n","protected":false},"excerpt":{"rendered":"<p>Potrubie s kysl\u00edkovou bari\u00e9rou je polyetyl\u00e9nov\u00e9 potrubie zosie\u0165ovan\u00e9 peroxidom TRIGONOX 311 (Akzo Nobel). \u0160peci\u00e1lnym procesom sie\u0165ovania sa molekuly polyetyl\u00e9nu sp\u00e1jaj\u00fa do trojrozmernej \u0161trukt\u00fary, ktor\u00e1 d\u00e1va r\u00faram odolnos\u0165 a trvanlivos\u0165, vynikaj\u00face mechanick\u00e9 a tepeln\u00e9 vlastnosti na pou\u017eitie vo vykurovac\u00edch zariadeniach. Polyetyl\u00e9nov\u00e9 r\u00farky pex-a maj\u00fa vysok\u00fd faktor zosie\u0165ovania (&gt;70 %), \u010do zaru\u010duje ich vynikaj\u00facu odolnos\u0165 v priebehu&hellip;<\/p>\n","protected":false},"featured_media":2579,"comment_status":"closed","ping_status":"closed","template":"","meta":[],"product_cat":[872],"product_tag":[],"class_list":{"0":"post-10302","1":"product","2":"type-product","3":"status-publish","4":"has-post-thumbnail","6":"product_cat-potrubie-podlahoveho-vykurovania","8":"first","9":"instock","10":"sale","11":"taxable","12":"shipping-taxable","13":"purchasable","14":"product-type-simple","15":"col-xs-6 col-sm-4","16":"col-md-4 col-lg-4","17":"un-3-cols"},"acf":[],"yoast_head":"<!-- This site is optimized with the Yoast SEO plugin v21.2 - https:\/\/yoast.com\/wordpress\/plugins\/seo\/ -->\n<title>17x2mm PEX-A r\u00farka pre podlahov\u00e9 vykurovanie Do\u017eivotn\u00e1 z\u00e1ruka<\/title>\n<meta name=\"description\" content=\"Order 17x2mm PEX-A r\u00farka pre podlahov\u00e9 vykurovanie Do\u017eivotn\u00e1 z\u00e1ruka at a best price.\" \/>\n<meta name=\"robots\" content=\"index, follow, max-snippet:-1, max-image-preview:large, max-video-preview:-1\" \/>\n<link rel=\"canonical\" href=\"https:\/\/fluterm.eu\/sk\/prod\/17x2mm-pex-a-rurka-pre-podlahove-vykurovanie-dozivotna-zaruka\/\" \/>\n<meta property=\"og:locale\" content=\"sk_SK\" \/>\n<meta property=\"og:type\" content=\"article\" \/>\n<meta property=\"og:title\" content=\"17x2mm PEX-A r\u00farka pre podlahov\u00e9 vykurovanie Do\u017eivotn\u00e1 z\u00e1ruka\" \/>\n<meta property=\"og:description\" content=\"Order 17x2mm PEX-A r\u00farka pre podlahov\u00e9 vykurovanie Do\u017eivotn\u00e1 z\u00e1ruka at a best price.\" \/>\n<meta property=\"og:url\" content=\"https:\/\/fluterm.eu\/sk\/prod\/17x2mm-pex-a-rurka-pre-podlahove-vykurovanie-dozivotna-zaruka\/\" \/>\n<meta property=\"og:site_name\" content=\"fluterm.eu\" \/>\n<meta property=\"article:modified_time\" content=\"2023-09-06T12:07:48+00:00\" \/>\n<meta property=\"og:image\" content=\"https:\/\/fluterm.eu\/wp-content\/uploads\/2023\/06\/teava-incalzire-pardoseala-16x2-pe-rt-herz-colac-600m_1544.jpeg\" \/>\n\t<meta property=\"og:image:width\" content=\"900\" \/>\n\t<meta property=\"og:image:height\" content=\"500\" \/>\n\t<meta property=\"og:image:type\" content=\"image\/jpeg\" \/>\n<meta name=\"twitter:card\" content=\"summary_large_image\" \/>\n<meta name=\"twitter:label1\" content=\"Predpokladan\u00fd \u010das \u010d\u00edtania\" \/>\n\t<meta name=\"twitter:data1\" content=\"2 min\u00faty\" \/>\n<script type=\"application\/ld+json\" class=\"yoast-schema-graph\">{\"@context\":\"https:\/\/schema.org\",\"@graph\":[{\"@type\":\"WebPage\",\"@id\":\"https:\/\/fluterm.eu\/sk\/prod\/17x2mm-pex-a-rurka-pre-podlahove-vykurovanie-dozivotna-zaruka\/\",\"url\":\"https:\/\/fluterm.eu\/sk\/prod\/17x2mm-pex-a-rurka-pre-podlahove-vykurovanie-dozivotna-zaruka\/\",\"name\":\"17x2mm PEX-A r\u00farka pre podlahov\u00e9 vykurovanie Do\u017eivotn\u00e1 z\u00e1ruka\",\"isPartOf\":{\"@id\":\"https:\/\/fluterm.eu\/#website\"},\"datePublished\":\"2023-08-20T20:01:46+00:00\",\"dateModified\":\"2023-09-06T12:07:48+00:00\",\"description\":\"Order 17x2mm PEX-A r\u00farka pre podlahov\u00e9 vykurovanie Do\u017eivotn\u00e1 z\u00e1ruka at a best price.\",\"breadcrumb\":{\"@id\":\"https:\/\/fluterm.eu\/sk\/prod\/17x2mm-pex-a-rurka-pre-podlahove-vykurovanie-dozivotna-zaruka\/#breadcrumb\"},\"inLanguage\":\"sk-SK\",\"potentialAction\":[{\"@type\":\"ReadAction\",\"target\":[\"https:\/\/fluterm.eu\/sk\/prod\/17x2mm-pex-a-rurka-pre-podlahove-vykurovanie-dozivotna-zaruka\/\"]}]},{\"@type\":\"BreadcrumbList\",\"@id\":\"https:\/\/fluterm.eu\/sk\/prod\/17x2mm-pex-a-rurka-pre-podlahove-vykurovanie-dozivotna-zaruka\/#breadcrumb\",\"itemListElement\":[{\"@type\":\"ListItem\",\"position\":1,\"name\":\"Home\",\"item\":\"https:\/\/fluterm.eu\/sk\/obchod\/\"},{\"@type\":\"ListItem\",\"position\":2,\"name\":\"Obchod\",\"item\":\"https:\/\/fluterm.eu\/sk\/obchod\/\"},{\"@type\":\"ListItem\",\"position\":3,\"name\":\"17x2mm PEX-A r\u00farka pre podlahov\u00e9 vykurovanie Do\u017eivotn\u00e1 z\u00e1ruka\"}]},{\"@type\":\"WebSite\",\"@id\":\"https:\/\/fluterm.eu\/#website\",\"url\":\"https:\/\/fluterm.eu\/\",\"name\":\"fluterm.eu\",\"description\":\"\",\"potentialAction\":[{\"@type\":\"SearchAction\",\"target\":{\"@type\":\"EntryPoint\",\"urlTemplate\":\"https:\/\/fluterm.eu\/?s={search_term_string}\"},\"query-input\":\"required name=search_term_string\"}],\"inLanguage\":\"sk-SK\"}]}<\/script>\n<!-- \/ Yoast SEO plugin. -->","yoast_head_json":{"title":"17x2mm PEX-A r\u00farka pre podlahov\u00e9 vykurovanie Do\u017eivotn\u00e1 z\u00e1ruka","description":"Order 17x2mm PEX-A r\u00farka pre podlahov\u00e9 vykurovanie Do\u017eivotn\u00e1 z\u00e1ruka at a best price.","robots":{"index":"index","follow":"follow","max-snippet":"max-snippet:-1","max-image-preview":"max-image-preview:large","max-video-preview":"max-video-preview:-1"},"canonical":"https:\/\/fluterm.eu\/sk\/prod\/17x2mm-pex-a-rurka-pre-podlahove-vykurovanie-dozivotna-zaruka\/","og_locale":"sk_SK","og_type":"article","og_title":"17x2mm PEX-A r\u00farka pre podlahov\u00e9 vykurovanie Do\u017eivotn\u00e1 z\u00e1ruka","og_description":"Order 17x2mm PEX-A r\u00farka pre podlahov\u00e9 vykurovanie Do\u017eivotn\u00e1 z\u00e1ruka at a best price.","og_url":"https:\/\/fluterm.eu\/sk\/prod\/17x2mm-pex-a-rurka-pre-podlahove-vykurovanie-dozivotna-zaruka\/","og_site_name":"fluterm.eu","article_modified_time":"2023-09-06T12:07:48+00:00","og_image":[{"width":900,"height":500,"url":"https:\/\/fluterm.eu\/wp-content\/uploads\/2023\/06\/teava-incalzire-pardoseala-16x2-pe-rt-herz-colac-600m_1544.jpeg","type":"image\/jpeg"}],"twitter_card":"summary_large_image","twitter_misc":{"Predpokladan\u00fd \u010das \u010d\u00edtania":"2 min\u00faty"},"schema":{"@context":"https:\/\/schema.org","@graph":[{"@type":"WebPage","@id":"https:\/\/fluterm.eu\/sk\/prod\/17x2mm-pex-a-rurka-pre-podlahove-vykurovanie-dozivotna-zaruka\/","url":"https:\/\/fluterm.eu\/sk\/prod\/17x2mm-pex-a-rurka-pre-podlahove-vykurovanie-dozivotna-zaruka\/","name":"17x2mm PEX-A r\u00farka pre podlahov\u00e9 vykurovanie Do\u017eivotn\u00e1 z\u00e1ruka","isPartOf":{"@id":"https:\/\/fluterm.eu\/#website"},"datePublished":"2023-08-20T20:01:46+00:00","dateModified":"2023-09-06T12:07:48+00:00","description":"Order 17x2mm PEX-A r\u00farka pre podlahov\u00e9 vykurovanie Do\u017eivotn\u00e1 z\u00e1ruka at a best price.","breadcrumb":{"@id":"https:\/\/fluterm.eu\/sk\/prod\/17x2mm-pex-a-rurka-pre-podlahove-vykurovanie-dozivotna-zaruka\/#breadcrumb"},"inLanguage":"sk-SK","potentialAction":[{"@type":"ReadAction","target":["https:\/\/fluterm.eu\/sk\/prod\/17x2mm-pex-a-rurka-pre-podlahove-vykurovanie-dozivotna-zaruka\/"]}]},{"@type":"BreadcrumbList","@id":"https:\/\/fluterm.eu\/sk\/prod\/17x2mm-pex-a-rurka-pre-podlahove-vykurovanie-dozivotna-zaruka\/#breadcrumb","itemListElement":[{"@type":"ListItem","position":1,"name":"Home","item":"https:\/\/fluterm.eu\/sk\/obchod\/"},{"@type":"ListItem","position":2,"name":"Obchod","item":"https:\/\/fluterm.eu\/sk\/obchod\/"},{"@type":"ListItem","position":3,"name":"17x2mm PEX-A r\u00farka pre podlahov\u00e9 vykurovanie Do\u017eivotn\u00e1 z\u00e1ruka"}]},{"@type":"WebSite","@id":"https:\/\/fluterm.eu\/#website","url":"https:\/\/fluterm.eu\/","name":"fluterm.eu","description":"","potentialAction":[{"@type":"SearchAction","target":{"@type":"EntryPoint","urlTemplate":"https:\/\/fluterm.eu\/?s={search_term_string}"},"query-input":"required name=search_term_string"}],"inLanguage":"sk-SK"}]}},"_links":{"self":[{"href":"https:\/\/fluterm.eu\/sk\/wp-json\/wp\/v2\/product\/10302","targetHints":{"allow":["GET"]}}],"collection":[{"href":"https:\/\/fluterm.eu\/sk\/wp-json\/wp\/v2\/product"}],"about":[{"href":"https:\/\/fluterm.eu\/sk\/wp-json\/wp\/v2\/types\/product"}],"replies":[{"embeddable":true,"href":"https:\/\/fluterm.eu\/sk\/wp-json\/wp\/v2\/comments?post=10302"}],"version-history":[{"count":1,"href":"https:\/\/fluterm.eu\/sk\/wp-json\/wp\/v2\/product\/10302\/revisions"}],"predecessor-version":[{"id":13769,"href":"https:\/\/fluterm.eu\/sk\/wp-json\/wp\/v2\/product\/10302\/revisions\/13769"}],"wp:featuredmedia":[{"embeddable":true,"href":"https:\/\/fluterm.eu\/sk\/wp-json\/wp\/v2\/media\/2579"}],"wp:attachment":[{"href":"https:\/\/fluterm.eu\/sk\/wp-json\/wp\/v2\/media?parent=10302"}],"wp:term":[{"taxonomy":"product_cat","embeddable":true,"href":"https:\/\/fluterm.eu\/sk\/wp-json\/wp\/v2\/product_cat?post=10302"},{"taxonomy":"product_tag","embeddable":true,"href":"https:\/\/fluterm.eu\/sk\/wp-json\/wp\/v2\/product_tag?post=10302"}],"curies":[{"name":"wp","href":"https:\/\/api.w.org\/{rel}","templated":true}]}}