{"id":10347,"date":"2023-08-19T22:39:37","date_gmt":"2023-08-19T19:39:37","guid":{"rendered":"https:\/\/fluterm.eu\/prod\/huawei-smart-meter-1-fazovy-ddsu666-h\/"},"modified":"2023-09-06T15:07:49","modified_gmt":"2023-09-06T12:07:49","slug":"huawei-smart-meter-1-fazovy-ddsu666-h","status":"publish","type":"product","link":"https:\/\/fluterm.eu\/sk\/prod\/huawei-smart-meter-1-fazovy-ddsu666-h\/","title":{"rendered":"Huawei Smart Meter 1-f\u00e1zov\u00fd DDSU666-H"},"content":{"rendered":"<div class=\"pb-4 flex justify-between\">\n<h2 class=\"virtual-h3 mb-0\">Inform\u00e1cie o v\u00fdrobku<\/h2>\n<\/div>\n<div>\n<p>Power Meter je mera\u010d energie, ktor\u00fd mo\u017eno priamo pripoji\u0165 k meni\u010dom Huawei. Mera\u010d v\u00fdkonu meria tok energie zo siete a do siete. To poskytuje preh\u013ead o vlastnom vyu\u017e\u00edvan\u00ed a v\u00fdrobe energie. Pr\u00edstroj Power is Meter je potrebn\u00fd, ak:<\/p>\n<ul>\n<li>Uplat\u0148uje sa obmedzenie v\u00fdvozu<\/li>\n<li>Dom\u00e1ca bat\u00e9ria je pripojen\u00e1 k meni\u010du Huawei<\/li>\n<\/ul>\n<\/div>\n","protected":false},"excerpt":{"rendered":"<p>Inform\u00e1cie o v\u00fdrobku Power Meter je mera\u010d energie, ktor\u00fd mo\u017eno priamo pripoji\u0165 k meni\u010dom Huawei. Mera\u010d v\u00fdkonu meria tok energie zo siete a do siete. To poskytuje preh\u013ead o vlastnom vyu\u017e\u00edvan\u00ed a v\u00fdrobe energie. Pr\u00edstroj Power is Meter je potrebn\u00fd, ak: Uplat\u0148uje sa obmedzenie v\u00fdvozu Dom\u00e1ca bat\u00e9ria je pripojen\u00e1 k meni\u010du Huawei<\/p>\n","protected":false},"featured_media":10356,"comment_status":"open","ping_status":"closed","template":"","meta":[],"product_cat":[794],"product_tag":[],"class_list":{"0":"post-10347","1":"product","2":"type-product","3":"status-publish","4":"has-post-thumbnail","6":"product_cat-fotovoltaicke-supravy","8":"first","9":"instock","10":"taxable","11":"shipping-taxable","12":"purchasable","13":"product-type-simple","14":"col-xs-6 col-sm-4","15":"col-md-4 col-lg-4","16":"un-3-cols"},"acf":[],"yoast_head":"<!-- This site is optimized with the Yoast SEO plugin v21.2 - https:\/\/yoast.com\/wordpress\/plugins\/seo\/ -->\n<title>Huawei Smart Meter 1-f\u00e1zov\u00fd DDSU666-H<\/title>\n<meta name=\"description\" content=\"Order Huawei Smart Meter 1-f\u00e1zov\u00fd DDSU666-H at a best price.\" \/>\n<meta name=\"robots\" content=\"index, follow, max-snippet:-1, max-image-preview:large, max-video-preview:-1\" \/>\n<link rel=\"canonical\" href=\"https:\/\/fluterm.eu\/sk\/prod\/huawei-smart-meter-1-fazovy-ddsu666-h\/\" \/>\n<meta property=\"og:locale\" content=\"sk_SK\" \/>\n<meta property=\"og:type\" content=\"article\" \/>\n<meta property=\"og:title\" content=\"Huawei Smart Meter 1-f\u00e1zov\u00fd DDSU666-H\" \/>\n<meta property=\"og:description\" content=\"Order Huawei Smart Meter 1-f\u00e1zov\u00fd DDSU666-H at a best price.\" \/>\n<meta property=\"og:url\" content=\"https:\/\/fluterm.eu\/sk\/prod\/huawei-smart-meter-1-fazovy-ddsu666-h\/\" \/>\n<meta property=\"og:site_name\" content=\"fluterm.eu\" \/>\n<meta property=\"article:modified_time\" content=\"2023-09-06T12:07:49+00:00\" \/>\n<meta property=\"og:image\" content=\"https:\/\/fluterm.eu\/wp-content\/uploads\/2023\/08\/1DB2B848-F9E2-490C-866E-7C33C9DB75C5.jpeg\" \/>\n\t<meta property=\"og:image:width\" content=\"432\" \/>\n\t<meta property=\"og:image:height\" content=\"660\" \/>\n\t<meta property=\"og:image:type\" content=\"image\/jpeg\" \/>\n<meta name=\"twitter:card\" content=\"summary_large_image\" \/>\n<script type=\"application\/ld+json\" class=\"yoast-schema-graph\">{\"@context\":\"https:\/\/schema.org\",\"@graph\":[{\"@type\":\"WebPage\",\"@id\":\"https:\/\/fluterm.eu\/sk\/prod\/huawei-smart-meter-1-fazovy-ddsu666-h\/\",\"url\":\"https:\/\/fluterm.eu\/sk\/prod\/huawei-smart-meter-1-fazovy-ddsu666-h\/\",\"name\":\"Huawei Smart Meter 1-f\u00e1zov\u00fd DDSU666-H\",\"isPartOf\":{\"@id\":\"https:\/\/fluterm.eu\/#website\"},\"datePublished\":\"2023-08-19T19:39:37+00:00\",\"dateModified\":\"2023-09-06T12:07:49+00:00\",\"description\":\"Order Huawei Smart Meter 1-f\u00e1zov\u00fd DDSU666-H at a best price.\",\"breadcrumb\":{\"@id\":\"https:\/\/fluterm.eu\/sk\/prod\/huawei-smart-meter-1-fazovy-ddsu666-h\/#breadcrumb\"},\"inLanguage\":\"sk-SK\",\"potentialAction\":[{\"@type\":\"ReadAction\",\"target\":[\"https:\/\/fluterm.eu\/sk\/prod\/huawei-smart-meter-1-fazovy-ddsu666-h\/\"]}]},{\"@type\":\"BreadcrumbList\",\"@id\":\"https:\/\/fluterm.eu\/sk\/prod\/huawei-smart-meter-1-fazovy-ddsu666-h\/#breadcrumb\",\"itemListElement\":[{\"@type\":\"ListItem\",\"position\":1,\"name\":\"Home\",\"item\":\"https:\/\/fluterm.eu\/sk\/obchod\/\"},{\"@type\":\"ListItem\",\"position\":2,\"name\":\"Obchod\",\"item\":\"https:\/\/fluterm.eu\/sk\/obchod\/\"},{\"@type\":\"ListItem\",\"position\":3,\"name\":\"Huawei Smart Meter 1-f\u00e1zov\u00fd DDSU666-H\"}]},{\"@type\":\"WebSite\",\"@id\":\"https:\/\/fluterm.eu\/#website\",\"url\":\"https:\/\/fluterm.eu\/\",\"name\":\"fluterm.eu\",\"description\":\"\",\"potentialAction\":[{\"@type\":\"SearchAction\",\"target\":{\"@type\":\"EntryPoint\",\"urlTemplate\":\"https:\/\/fluterm.eu\/?s={search_term_string}\"},\"query-input\":\"required name=search_term_string\"}],\"inLanguage\":\"sk-SK\"}]}<\/script>\n<!-- \/ Yoast SEO plugin. -->","yoast_head_json":{"title":"Huawei Smart Meter 1-f\u00e1zov\u00fd DDSU666-H","description":"Order Huawei Smart Meter 1-f\u00e1zov\u00fd DDSU666-H at a best price.","robots":{"index":"index","follow":"follow","max-snippet":"max-snippet:-1","max-image-preview":"max-image-preview:large","max-video-preview":"max-video-preview:-1"},"canonical":"https:\/\/fluterm.eu\/sk\/prod\/huawei-smart-meter-1-fazovy-ddsu666-h\/","og_locale":"sk_SK","og_type":"article","og_title":"Huawei Smart Meter 1-f\u00e1zov\u00fd DDSU666-H","og_description":"Order Huawei Smart Meter 1-f\u00e1zov\u00fd DDSU666-H at a best price.","og_url":"https:\/\/fluterm.eu\/sk\/prod\/huawei-smart-meter-1-fazovy-ddsu666-h\/","og_site_name":"fluterm.eu","article_modified_time":"2023-09-06T12:07:49+00:00","og_image":[{"width":432,"height":660,"url":"https:\/\/fluterm.eu\/wp-content\/uploads\/2023\/08\/1DB2B848-F9E2-490C-866E-7C33C9DB75C5.jpeg","type":"image\/jpeg"}],"twitter_card":"summary_large_image","schema":{"@context":"https:\/\/schema.org","@graph":[{"@type":"WebPage","@id":"https:\/\/fluterm.eu\/sk\/prod\/huawei-smart-meter-1-fazovy-ddsu666-h\/","url":"https:\/\/fluterm.eu\/sk\/prod\/huawei-smart-meter-1-fazovy-ddsu666-h\/","name":"Huawei Smart Meter 1-f\u00e1zov\u00fd DDSU666-H","isPartOf":{"@id":"https:\/\/fluterm.eu\/#website"},"datePublished":"2023-08-19T19:39:37+00:00","dateModified":"2023-09-06T12:07:49+00:00","description":"Order Huawei Smart Meter 1-f\u00e1zov\u00fd DDSU666-H at a best price.","breadcrumb":{"@id":"https:\/\/fluterm.eu\/sk\/prod\/huawei-smart-meter-1-fazovy-ddsu666-h\/#breadcrumb"},"inLanguage":"sk-SK","potentialAction":[{"@type":"ReadAction","target":["https:\/\/fluterm.eu\/sk\/prod\/huawei-smart-meter-1-fazovy-ddsu666-h\/"]}]},{"@type":"BreadcrumbList","@id":"https:\/\/fluterm.eu\/sk\/prod\/huawei-smart-meter-1-fazovy-ddsu666-h\/#breadcrumb","itemListElement":[{"@type":"ListItem","position":1,"name":"Home","item":"https:\/\/fluterm.eu\/sk\/obchod\/"},{"@type":"ListItem","position":2,"name":"Obchod","item":"https:\/\/fluterm.eu\/sk\/obchod\/"},{"@type":"ListItem","position":3,"name":"Huawei Smart Meter 1-f\u00e1zov\u00fd DDSU666-H"}]},{"@type":"WebSite","@id":"https:\/\/fluterm.eu\/#website","url":"https:\/\/fluterm.eu\/","name":"fluterm.eu","description":"","potentialAction":[{"@type":"SearchAction","target":{"@type":"EntryPoint","urlTemplate":"https:\/\/fluterm.eu\/?s={search_term_string}"},"query-input":"required name=search_term_string"}],"inLanguage":"sk-SK"}]}},"_links":{"self":[{"href":"https:\/\/fluterm.eu\/sk\/wp-json\/wp\/v2\/product\/10347","targetHints":{"allow":["GET"]}}],"collection":[{"href":"https:\/\/fluterm.eu\/sk\/wp-json\/wp\/v2\/product"}],"about":[{"href":"https:\/\/fluterm.eu\/sk\/wp-json\/wp\/v2\/types\/product"}],"replies":[{"embeddable":true,"href":"https:\/\/fluterm.eu\/sk\/wp-json\/wp\/v2\/comments?post=10347"}],"version-history":[{"count":1,"href":"https:\/\/fluterm.eu\/sk\/wp-json\/wp\/v2\/product\/10347\/revisions"}],"predecessor-version":[{"id":13770,"href":"https:\/\/fluterm.eu\/sk\/wp-json\/wp\/v2\/product\/10347\/revisions\/13770"}],"wp:featuredmedia":[{"embeddable":true,"href":"https:\/\/fluterm.eu\/sk\/wp-json\/wp\/v2\/media\/10356"}],"wp:attachment":[{"href":"https:\/\/fluterm.eu\/sk\/wp-json\/wp\/v2\/media?parent=10347"}],"wp:term":[{"taxonomy":"product_cat","embeddable":true,"href":"https:\/\/fluterm.eu\/sk\/wp-json\/wp\/v2\/product_cat?post=10347"},{"taxonomy":"product_tag","embeddable":true,"href":"https:\/\/fluterm.eu\/sk\/wp-json\/wp\/v2\/product_tag?post=10347"}],"curies":[{"name":"wp","href":"https:\/\/api.w.org\/{rel}","templated":true}]}}