{"id":11112,"date":"2023-08-08T19:17:52","date_gmt":"2023-08-08T16:17:52","guid":{"rendered":"https:\/\/fluterm.eu\/prod\/kompletny-balik-podlahoveho-vykurovania-uponor-90m2\/"},"modified":"2023-09-06T15:08:00","modified_gmt":"2023-09-06T12:08:00","slug":"kompletny-balik-podlahoveho-vykurovania-uponor-90m2","status":"publish","type":"product","link":"https:\/\/fluterm.eu\/sk\/prod\/kompletny-balik-podlahoveho-vykurovania-uponor-90m2\/","title":{"rendered":"Kompletn\u00fd bal\u00edk podlahov\u00e9ho vykurovania Uponor 90m2"},"content":{"rendered":"<div>Vytvorenie dokonal\u00e9ho syst\u00e9mu podlahov\u00e9ho vykurovania pre v\u00e1\u0161 domov alebo komer\u010dn\u00e9 priestory je len krok od n\u00e1\u0161ho kompletn\u00e9ho syst\u00e9mu teplovodn\u00e9ho podlahov\u00e9ho vykurovania. S dostato\u010dnou d\u013a\u017ekou potrubia na pokrytie 90 m\u00b2 m\u00e1 v\u0161etky vysokokvalitn\u00e9 v\u00fdrobky a diely, ktor\u00e9 by ste o\u010dak\u00e1vali.<\/div>\n<div><\/div>\n<p>Syst\u00e9m podlahov\u00e9ho vykurovania Pipe &amp; Clip sa jednoducho in\u0161taluje, r\u00farka Pex sa prichyt\u00ed do izola\u010dnej vrstvy pred nanesen\u00edm poteru alebo tekut\u00e9ho poteru.<\/p>\n<div>V\u017edy odpor\u00fa\u010dame potrubie presne nareza\u0165 a vystru\u017ei\u0165, aby sa dosiahlo dobr\u00e9 spojenie s tvarovkami a zabr\u00e1nilo sa tak \u00faniku.<\/div>\n<div><\/div>\n<div><b>Vykurovacia s\u00faprava &#8211; 90,0m\u00b2:<\/b><\/div>\n<div><\/div>\n<div>\n<ul>\n<li>720 metrov 16 mm potrubia uponor comfort pipe<\/li>\n<li>N\u00edzkoenergetick\u00e9 \u010derpadlo wilo yonos para a automatick\u00fd zmie\u0161avac\u00ed ventil thermomix <strong>UPONOR<\/strong> s ozna\u010den\u00edm &#8222;A&#8220;<\/li>\n<li>Rozde\u013eova\u010d s 9 portami &#8211; vysokokvalitn\u00e1 poniklovan\u00e1 mosadz s rozde\u013eova\u010dom dualmix <strong>UPONOR<\/strong><\/li>\n<li>2 x ventily na vyp\u00fa\u0161\u0165anie\/plnenie vody<\/li>\n<li>2 x gu\u013eov\u00e9 ventily<\/li>\n<li>2 x odvzdu\u0161\u0148ovacie ventily<\/li>\n<li>18 x 16 mm r\u00farkov\u00e9 spojky (Eurocone)<\/li>\n<li>2400 R\u00farov\u00e9 spony s vysokou pri\u013enavos\u0165ou<\/li>\n<li>75 m Izol\u00e1cia hr\u00e1n<\/li>\n<li>hlin\u00edkov\u00e1 f\u00f3lia 100m2<\/li>\n<\/ul>\n<p>Rozloha podlahy: 90,0 m\u00b2 &#8211; 110,0 m\u00b2<br \/>\n&#8211; 90,0 m\u00b2 pri rozstupe 150 mm pre oblasti s vysok\u00fdmi tepeln\u00fdmi stratami (zimn\u00e9 z\u00e1hrady)<br \/>\n&#8211; 110,0 m\u00b2 pri rozstupe 200 mm pre prim\u00e1rne vykurovanie (ob\u00fdvacia izba, k\u00fape\u013e\u0148a, sp\u00e1lne)<\/p>\n<\/div>\n<div id=\"jp-relatedposts\" class=\"jp-relatedposts\">\n<h3 class=\"jp-relatedposts-headline\"><\/h3>\n<\/div>\n","protected":false},"excerpt":{"rendered":"<p>Vytvorenie dokonal\u00e9ho syst\u00e9mu podlahov\u00e9ho vykurovania pre v\u00e1\u0161 domov alebo komer\u010dn\u00e9 priestory je len krok od n\u00e1\u0161ho kompletn\u00e9ho syst\u00e9mu teplovodn\u00e9ho podlahov\u00e9ho vykurovania. S dostato\u010dnou d\u013a\u017ekou potrubia na pokrytie 90 m\u00b2 m\u00e1 v\u0161etky vysokokvalitn\u00e9 v\u00fdrobky a diely, ktor\u00e9 by ste o\u010dak\u00e1vali. Syst\u00e9m podlahov\u00e9ho vykurovania Pipe &amp; Clip sa jednoducho in\u0161taluje, r\u00farka Pex sa prichyt\u00ed do izola\u010dnej vrstvy&hellip;<\/p>\n","protected":false},"featured_media":11133,"comment_status":"open","ping_status":"closed","template":"","meta":[],"product_cat":[879],"product_tag":[],"class_list":{"0":"post-11112","1":"product","2":"type-product","3":"status-publish","4":"has-post-thumbnail","6":"product_cat-kompletne-baliky-podlahoveho-vykurovania","8":"first","9":"instock","10":"taxable","11":"shipping-taxable","12":"purchasable","13":"product-type-simple","14":"col-xs-6 col-sm-4","15":"col-md-4 col-lg-4","16":"un-3-cols"},"acf":[],"yoast_head":"<!-- This site is optimized with the Yoast SEO plugin v21.2 - https:\/\/yoast.com\/wordpress\/plugins\/seo\/ -->\n<title>Kompletn\u00fd bal\u00edk podlahov\u00e9ho vykurovania Uponor 90m2<\/title>\n<meta name=\"description\" content=\"Order Kompletn\u00fd bal\u00edk podlahov\u00e9ho vykurovania Uponor 90m2 at a best price.\" \/>\n<meta name=\"robots\" content=\"index, follow, max-snippet:-1, max-image-preview:large, max-video-preview:-1\" \/>\n<link rel=\"canonical\" href=\"https:\/\/fluterm.eu\/sk\/prod\/kompletny-balik-podlahoveho-vykurovania-uponor-90m2\/\" \/>\n<meta property=\"og:locale\" content=\"sk_SK\" \/>\n<meta property=\"og:type\" content=\"article\" \/>\n<meta property=\"og:title\" content=\"Kompletn\u00fd bal\u00edk podlahov\u00e9ho vykurovania Uponor 90m2\" \/>\n<meta property=\"og:description\" content=\"Order Kompletn\u00fd bal\u00edk podlahov\u00e9ho vykurovania Uponor 90m2 at a best price.\" \/>\n<meta property=\"og:url\" content=\"https:\/\/fluterm.eu\/sk\/prod\/kompletny-balik-podlahoveho-vykurovania-uponor-90m2\/\" \/>\n<meta property=\"og:site_name\" content=\"fluterm.eu\" \/>\n<meta property=\"article:modified_time\" content=\"2023-09-06T12:08:00+00:00\" \/>\n<meta property=\"og:image\" content=\"https:\/\/fluterm.eu\/wp-content\/uploads\/2023\/08\/A8388EBB-300C-45C5-8F6F-A2A425008098_1_201_a.jpeg\" \/>\n\t<meta property=\"og:image:width\" content=\"2048\" \/>\n\t<meta property=\"og:image:height\" content=\"2048\" \/>\n\t<meta property=\"og:image:type\" content=\"image\/jpeg\" \/>\n<meta name=\"twitter:card\" content=\"summary_large_image\" \/>\n<meta name=\"twitter:label1\" content=\"Predpokladan\u00fd \u010das \u010d\u00edtania\" \/>\n\t<meta name=\"twitter:data1\" content=\"1 min\u00fata\" \/>\n<script type=\"application\/ld+json\" class=\"yoast-schema-graph\">{\"@context\":\"https:\/\/schema.org\",\"@graph\":[{\"@type\":\"WebPage\",\"@id\":\"https:\/\/fluterm.eu\/sk\/prod\/kompletny-balik-podlahoveho-vykurovania-uponor-90m2\/\",\"url\":\"https:\/\/fluterm.eu\/sk\/prod\/kompletny-balik-podlahoveho-vykurovania-uponor-90m2\/\",\"name\":\"Kompletn\u00fd bal\u00edk podlahov\u00e9ho vykurovania Uponor 90m2\",\"isPartOf\":{\"@id\":\"https:\/\/fluterm.eu\/#website\"},\"datePublished\":\"2023-08-08T16:17:52+00:00\",\"dateModified\":\"2023-09-06T12:08:00+00:00\",\"description\":\"Order Kompletn\u00fd bal\u00edk podlahov\u00e9ho vykurovania Uponor 90m2 at a best price.\",\"breadcrumb\":{\"@id\":\"https:\/\/fluterm.eu\/sk\/prod\/kompletny-balik-podlahoveho-vykurovania-uponor-90m2\/#breadcrumb\"},\"inLanguage\":\"sk-SK\",\"potentialAction\":[{\"@type\":\"ReadAction\",\"target\":[\"https:\/\/fluterm.eu\/sk\/prod\/kompletny-balik-podlahoveho-vykurovania-uponor-90m2\/\"]}]},{\"@type\":\"BreadcrumbList\",\"@id\":\"https:\/\/fluterm.eu\/sk\/prod\/kompletny-balik-podlahoveho-vykurovania-uponor-90m2\/#breadcrumb\",\"itemListElement\":[{\"@type\":\"ListItem\",\"position\":1,\"name\":\"Home\",\"item\":\"https:\/\/fluterm.eu\/sk\/obchod\/\"},{\"@type\":\"ListItem\",\"position\":2,\"name\":\"Obchod\",\"item\":\"https:\/\/fluterm.eu\/sk\/obchod\/\"},{\"@type\":\"ListItem\",\"position\":3,\"name\":\"Kompletn\u00fd bal\u00edk podlahov\u00e9ho vykurovania Uponor 90m2\"}]},{\"@type\":\"WebSite\",\"@id\":\"https:\/\/fluterm.eu\/#website\",\"url\":\"https:\/\/fluterm.eu\/\",\"name\":\"fluterm.eu\",\"description\":\"\",\"potentialAction\":[{\"@type\":\"SearchAction\",\"target\":{\"@type\":\"EntryPoint\",\"urlTemplate\":\"https:\/\/fluterm.eu\/?s={search_term_string}\"},\"query-input\":\"required name=search_term_string\"}],\"inLanguage\":\"sk-SK\"}]}<\/script>\n<!-- \/ Yoast SEO plugin. -->","yoast_head_json":{"title":"Kompletn\u00fd bal\u00edk podlahov\u00e9ho vykurovania Uponor 90m2","description":"Order Kompletn\u00fd bal\u00edk podlahov\u00e9ho vykurovania Uponor 90m2 at a best price.","robots":{"index":"index","follow":"follow","max-snippet":"max-snippet:-1","max-image-preview":"max-image-preview:large","max-video-preview":"max-video-preview:-1"},"canonical":"https:\/\/fluterm.eu\/sk\/prod\/kompletny-balik-podlahoveho-vykurovania-uponor-90m2\/","og_locale":"sk_SK","og_type":"article","og_title":"Kompletn\u00fd bal\u00edk podlahov\u00e9ho vykurovania Uponor 90m2","og_description":"Order Kompletn\u00fd bal\u00edk podlahov\u00e9ho vykurovania Uponor 90m2 at a best price.","og_url":"https:\/\/fluterm.eu\/sk\/prod\/kompletny-balik-podlahoveho-vykurovania-uponor-90m2\/","og_site_name":"fluterm.eu","article_modified_time":"2023-09-06T12:08:00+00:00","og_image":[{"width":2048,"height":2048,"url":"https:\/\/fluterm.eu\/wp-content\/uploads\/2023\/08\/A8388EBB-300C-45C5-8F6F-A2A425008098_1_201_a.jpeg","type":"image\/jpeg"}],"twitter_card":"summary_large_image","twitter_misc":{"Predpokladan\u00fd \u010das \u010d\u00edtania":"1 min\u00fata"},"schema":{"@context":"https:\/\/schema.org","@graph":[{"@type":"WebPage","@id":"https:\/\/fluterm.eu\/sk\/prod\/kompletny-balik-podlahoveho-vykurovania-uponor-90m2\/","url":"https:\/\/fluterm.eu\/sk\/prod\/kompletny-balik-podlahoveho-vykurovania-uponor-90m2\/","name":"Kompletn\u00fd bal\u00edk podlahov\u00e9ho vykurovania Uponor 90m2","isPartOf":{"@id":"https:\/\/fluterm.eu\/#website"},"datePublished":"2023-08-08T16:17:52+00:00","dateModified":"2023-09-06T12:08:00+00:00","description":"Order Kompletn\u00fd bal\u00edk podlahov\u00e9ho vykurovania Uponor 90m2 at a best price.","breadcrumb":{"@id":"https:\/\/fluterm.eu\/sk\/prod\/kompletny-balik-podlahoveho-vykurovania-uponor-90m2\/#breadcrumb"},"inLanguage":"sk-SK","potentialAction":[{"@type":"ReadAction","target":["https:\/\/fluterm.eu\/sk\/prod\/kompletny-balik-podlahoveho-vykurovania-uponor-90m2\/"]}]},{"@type":"BreadcrumbList","@id":"https:\/\/fluterm.eu\/sk\/prod\/kompletny-balik-podlahoveho-vykurovania-uponor-90m2\/#breadcrumb","itemListElement":[{"@type":"ListItem","position":1,"name":"Home","item":"https:\/\/fluterm.eu\/sk\/obchod\/"},{"@type":"ListItem","position":2,"name":"Obchod","item":"https:\/\/fluterm.eu\/sk\/obchod\/"},{"@type":"ListItem","position":3,"name":"Kompletn\u00fd bal\u00edk podlahov\u00e9ho vykurovania Uponor 90m2"}]},{"@type":"WebSite","@id":"https:\/\/fluterm.eu\/#website","url":"https:\/\/fluterm.eu\/","name":"fluterm.eu","description":"","potentialAction":[{"@type":"SearchAction","target":{"@type":"EntryPoint","urlTemplate":"https:\/\/fluterm.eu\/?s={search_term_string}"},"query-input":"required name=search_term_string"}],"inLanguage":"sk-SK"}]}},"_links":{"self":[{"href":"https:\/\/fluterm.eu\/sk\/wp-json\/wp\/v2\/product\/11112","targetHints":{"allow":["GET"]}}],"collection":[{"href":"https:\/\/fluterm.eu\/sk\/wp-json\/wp\/v2\/product"}],"about":[{"href":"https:\/\/fluterm.eu\/sk\/wp-json\/wp\/v2\/types\/product"}],"replies":[{"embeddable":true,"href":"https:\/\/fluterm.eu\/sk\/wp-json\/wp\/v2\/comments?post=11112"}],"version-history":[{"count":1,"href":"https:\/\/fluterm.eu\/sk\/wp-json\/wp\/v2\/product\/11112\/revisions"}],"predecessor-version":[{"id":13788,"href":"https:\/\/fluterm.eu\/sk\/wp-json\/wp\/v2\/product\/11112\/revisions\/13788"}],"wp:featuredmedia":[{"embeddable":true,"href":"https:\/\/fluterm.eu\/sk\/wp-json\/wp\/v2\/media\/11133"}],"wp:attachment":[{"href":"https:\/\/fluterm.eu\/sk\/wp-json\/wp\/v2\/media?parent=11112"}],"wp:term":[{"taxonomy":"product_cat","embeddable":true,"href":"https:\/\/fluterm.eu\/sk\/wp-json\/wp\/v2\/product_cat?post=11112"},{"taxonomy":"product_tag","embeddable":true,"href":"https:\/\/fluterm.eu\/sk\/wp-json\/wp\/v2\/product_tag?post=11112"}],"curies":[{"name":"wp","href":"https:\/\/api.w.org\/{rel}","templated":true}]}}