{"id":14258,"date":"2023-06-10T14:50:41","date_gmt":"2023-06-10T11:50:41","guid":{"rendered":"https:\/\/fluterm.eu\/prod\/montazna-doska-pre-podlahove-kurenie-3cm-izolacia-eps-150\/"},"modified":"2023-06-10T14:50:41","modified_gmt":"2023-06-10T11:50:41","slug":"3cm-drazkova-doska-s-2cm-izolaciou-a-1cm-drazkou-na-potrubie-pre-podlahove-vykurovanie","status":"publish","type":"product","link":"https:\/\/fluterm.eu\/sk\/prod\/3cm-drazkova-doska-s-2cm-izolaciou-a-1cm-drazkou-na-potrubie-pre-podlahove-vykurovanie\/","title":{"rendered":"Mont\u00e1\u017ena doska pre podlahov\u00e9 k\u00farenie 3cm izol\u00e1cia Eps 150"},"content":{"rendered":"<p>Podlahov\u00e9 vykurovanie Liatinov\u00e1 vani\u010dka 20 mm plus 30 mm vysok\u00e1 izol\u00e1cia Ka\u017ed\u00e1 liatinov\u00e1 \u010das\u0165 je v rozostupe 50 mm, pri\u010dom rozostupy potrubia m\u00f4\u017eu by\u0165 50 mm, 100 mm a 150 mm at\u010f.<\/p>\n<p><span style=\"color: #ff0000;\">EPS 150<\/span><\/p>\n<p>Rozmery panelu UFH: 1220 x 820 x 50 mm.<br \/>\n1 Panel pokr\u00fdva Pribli\u017ene. 1m2<\/p>\n","protected":false},"excerpt":{"rendered":"<p>Podlahov\u00e9 vykurovanie Liatinov\u00e1 vani\u010dka 20 mm plus 30 mm vysok\u00e1 izol\u00e1cia Ka\u017ed\u00e1 liatinov\u00e1 \u010das\u0165 je v rozostupe 50 mm, pri\u010dom rozostupy potrubia m\u00f4\u017eu by\u0165 50 mm, 100 mm a 150 mm at\u010f. EPS 150 Rozmery panelu UFH: 1220 x 820 x 50 mm. 1 Panel pokr\u00fdva Pribli\u017ene. 1m2<\/p>\n","protected":false},"featured_media":2768,"comment_status":"open","ping_status":"closed","template":"","meta":[],"product_cat":[838],"product_tag":[],"class_list":{"0":"post-14258","1":"product","2":"type-product","3":"status-publish","4":"has-post-thumbnail","6":"product_cat-rozne-sk","8":"first","9":"instock","10":"sale","11":"taxable","12":"shipping-taxable","13":"purchasable","14":"product-type-simple","15":"col-xs-6 col-sm-4","16":"col-md-4 col-lg-4","17":"un-3-cols"},"acf":[],"yoast_head":"<!-- This site is optimized with the Yoast SEO plugin v21.2 - https:\/\/yoast.com\/wordpress\/plugins\/seo\/ -->\n<title>Mont\u00e1\u017ena doska pre podlahov\u00e9 k\u00farenie 3cm izol\u00e1cia Eps 150<\/title>\n<meta name=\"description\" content=\"Order Mont\u00e1\u017ena doska pre podlahov\u00e9 k\u00farenie 3cm izol\u00e1cia Eps 150 at a best price.\" \/>\n<meta name=\"robots\" content=\"index, follow, max-snippet:-1, max-image-preview:large, max-video-preview:-1\" \/>\n<link rel=\"canonical\" href=\"https:\/\/fluterm.eu\/sk\/prod\/montazna-doska-pre-podlahove-kurenie-3cm-izolacia-eps-150\/\" \/>\n<meta property=\"og:locale\" content=\"sk_SK\" \/>\n<meta property=\"og:type\" content=\"article\" \/>\n<meta property=\"og:title\" content=\"Mont\u00e1\u017ena doska pre podlahov\u00e9 k\u00farenie 3cm izol\u00e1cia Eps 150\" \/>\n<meta property=\"og:description\" content=\"Order Mont\u00e1\u017ena doska pre podlahov\u00e9 k\u00farenie 3cm izol\u00e1cia Eps 150 at a best price.\" \/>\n<meta property=\"og:url\" content=\"https:\/\/fluterm.eu\/sk\/prod\/montazna-doska-pre-podlahove-kurenie-3cm-izolacia-eps-150\/\" \/>\n<meta property=\"og:site_name\" content=\"fluterm.eu\" \/>\n<meta property=\"og:image\" content=\"https:\/\/fluterm.eu\/wp-content\/uploads\/2023\/06\/F122A45B-F764-4206-961B-D30CCFCEF3D4.jpeg\" \/>\n\t<meta property=\"og:image:width\" content=\"800\" \/>\n\t<meta property=\"og:image:height\" content=\"446\" \/>\n\t<meta property=\"og:image:type\" content=\"image\/jpeg\" \/>\n<meta name=\"twitter:card\" content=\"summary_large_image\" \/>\n<script type=\"application\/ld+json\" class=\"yoast-schema-graph\">{\"@context\":\"https:\/\/schema.org\",\"@graph\":[{\"@type\":\"WebPage\",\"@id\":\"https:\/\/fluterm.eu\/sk\/prod\/montazna-doska-pre-podlahove-kurenie-3cm-izolacia-eps-150\/\",\"url\":\"https:\/\/fluterm.eu\/sk\/prod\/montazna-doska-pre-podlahove-kurenie-3cm-izolacia-eps-150\/\",\"name\":\"Mont\u00e1\u017ena doska pre podlahov\u00e9 k\u00farenie 3cm izol\u00e1cia Eps 150\",\"isPartOf\":{\"@id\":\"https:\/\/fluterm.eu\/#website\"},\"datePublished\":\"2023-06-10T11:50:41+00:00\",\"dateModified\":\"2023-06-10T11:50:41+00:00\",\"description\":\"Order Mont\u00e1\u017ena doska pre podlahov\u00e9 k\u00farenie 3cm izol\u00e1cia Eps 150 at a best price.\",\"breadcrumb\":{\"@id\":\"https:\/\/fluterm.eu\/sk\/prod\/montazna-doska-pre-podlahove-kurenie-3cm-izolacia-eps-150\/#breadcrumb\"},\"inLanguage\":\"sk-SK\",\"potentialAction\":[{\"@type\":\"ReadAction\",\"target\":[\"https:\/\/fluterm.eu\/sk\/prod\/montazna-doska-pre-podlahove-kurenie-3cm-izolacia-eps-150\/\"]}]},{\"@type\":\"BreadcrumbList\",\"@id\":\"https:\/\/fluterm.eu\/sk\/prod\/montazna-doska-pre-podlahove-kurenie-3cm-izolacia-eps-150\/#breadcrumb\",\"itemListElement\":[{\"@type\":\"ListItem\",\"position\":1,\"name\":\"Home\",\"item\":\"https:\/\/fluterm.eu\/sk\/obchod\/\"},{\"@type\":\"ListItem\",\"position\":2,\"name\":\"Obchod\",\"item\":\"https:\/\/fluterm.eu\/sk\/obchod\/\"},{\"@type\":\"ListItem\",\"position\":3,\"name\":\"Mont\u00e1\u017ena doska pre podlahov\u00e9 k\u00farenie 3cm izol\u00e1cia Eps 150\"}]},{\"@type\":\"WebSite\",\"@id\":\"https:\/\/fluterm.eu\/#website\",\"url\":\"https:\/\/fluterm.eu\/\",\"name\":\"fluterm.eu\",\"description\":\"\",\"potentialAction\":[{\"@type\":\"SearchAction\",\"target\":{\"@type\":\"EntryPoint\",\"urlTemplate\":\"https:\/\/fluterm.eu\/?s={search_term_string}\"},\"query-input\":\"required name=search_term_string\"}],\"inLanguage\":\"sk-SK\"}]}<\/script>\n<!-- \/ Yoast SEO plugin. -->","yoast_head_json":{"title":"Mont\u00e1\u017ena doska pre podlahov\u00e9 k\u00farenie 3cm izol\u00e1cia Eps 150","description":"Order Mont\u00e1\u017ena doska pre podlahov\u00e9 k\u00farenie 3cm izol\u00e1cia Eps 150 at a best price.","robots":{"index":"index","follow":"follow","max-snippet":"max-snippet:-1","max-image-preview":"max-image-preview:large","max-video-preview":"max-video-preview:-1"},"canonical":"https:\/\/fluterm.eu\/sk\/prod\/montazna-doska-pre-podlahove-kurenie-3cm-izolacia-eps-150\/","og_locale":"sk_SK","og_type":"article","og_title":"Mont\u00e1\u017ena doska pre podlahov\u00e9 k\u00farenie 3cm izol\u00e1cia Eps 150","og_description":"Order Mont\u00e1\u017ena doska pre podlahov\u00e9 k\u00farenie 3cm izol\u00e1cia Eps 150 at a best price.","og_url":"https:\/\/fluterm.eu\/sk\/prod\/montazna-doska-pre-podlahove-kurenie-3cm-izolacia-eps-150\/","og_site_name":"fluterm.eu","og_image":[{"width":800,"height":446,"url":"https:\/\/fluterm.eu\/wp-content\/uploads\/2023\/06\/F122A45B-F764-4206-961B-D30CCFCEF3D4.jpeg","type":"image\/jpeg"}],"twitter_card":"summary_large_image","schema":{"@context":"https:\/\/schema.org","@graph":[{"@type":"WebPage","@id":"https:\/\/fluterm.eu\/sk\/prod\/montazna-doska-pre-podlahove-kurenie-3cm-izolacia-eps-150\/","url":"https:\/\/fluterm.eu\/sk\/prod\/montazna-doska-pre-podlahove-kurenie-3cm-izolacia-eps-150\/","name":"Mont\u00e1\u017ena doska pre podlahov\u00e9 k\u00farenie 3cm izol\u00e1cia Eps 150","isPartOf":{"@id":"https:\/\/fluterm.eu\/#website"},"datePublished":"2023-06-10T11:50:41+00:00","dateModified":"2023-06-10T11:50:41+00:00","description":"Order Mont\u00e1\u017ena doska pre podlahov\u00e9 k\u00farenie 3cm izol\u00e1cia Eps 150 at a best price.","breadcrumb":{"@id":"https:\/\/fluterm.eu\/sk\/prod\/montazna-doska-pre-podlahove-kurenie-3cm-izolacia-eps-150\/#breadcrumb"},"inLanguage":"sk-SK","potentialAction":[{"@type":"ReadAction","target":["https:\/\/fluterm.eu\/sk\/prod\/montazna-doska-pre-podlahove-kurenie-3cm-izolacia-eps-150\/"]}]},{"@type":"BreadcrumbList","@id":"https:\/\/fluterm.eu\/sk\/prod\/montazna-doska-pre-podlahove-kurenie-3cm-izolacia-eps-150\/#breadcrumb","itemListElement":[{"@type":"ListItem","position":1,"name":"Home","item":"https:\/\/fluterm.eu\/sk\/obchod\/"},{"@type":"ListItem","position":2,"name":"Obchod","item":"https:\/\/fluterm.eu\/sk\/obchod\/"},{"@type":"ListItem","position":3,"name":"Mont\u00e1\u017ena doska pre podlahov\u00e9 k\u00farenie 3cm izol\u00e1cia Eps 150"}]},{"@type":"WebSite","@id":"https:\/\/fluterm.eu\/#website","url":"https:\/\/fluterm.eu\/","name":"fluterm.eu","description":"","potentialAction":[{"@type":"SearchAction","target":{"@type":"EntryPoint","urlTemplate":"https:\/\/fluterm.eu\/?s={search_term_string}"},"query-input":"required name=search_term_string"}],"inLanguage":"sk-SK"}]}},"_links":{"self":[{"href":"https:\/\/fluterm.eu\/sk\/wp-json\/wp\/v2\/product\/14258","targetHints":{"allow":["GET"]}}],"collection":[{"href":"https:\/\/fluterm.eu\/sk\/wp-json\/wp\/v2\/product"}],"about":[{"href":"https:\/\/fluterm.eu\/sk\/wp-json\/wp\/v2\/types\/product"}],"replies":[{"embeddable":true,"href":"https:\/\/fluterm.eu\/sk\/wp-json\/wp\/v2\/comments?post=14258"}],"version-history":[{"count":0,"href":"https:\/\/fluterm.eu\/sk\/wp-json\/wp\/v2\/product\/14258\/revisions"}],"wp:featuredmedia":[{"embeddable":true,"href":"https:\/\/fluterm.eu\/sk\/wp-json\/wp\/v2\/media\/2768"}],"wp:attachment":[{"href":"https:\/\/fluterm.eu\/sk\/wp-json\/wp\/v2\/media?parent=14258"}],"wp:term":[{"taxonomy":"product_cat","embeddable":true,"href":"https:\/\/fluterm.eu\/sk\/wp-json\/wp\/v2\/product_cat?post=14258"},{"taxonomy":"product_tag","embeddable":true,"href":"https:\/\/fluterm.eu\/sk\/wp-json\/wp\/v2\/product_tag?post=14258"}],"curies":[{"name":"wp","href":"https:\/\/api.w.org\/{rel}","templated":true}]}}