{"id":14318,"date":"2023-06-10T14:50:41","date_gmt":"2023-06-10T11:50:41","guid":{"rendered":"https:\/\/fluterm.eu\/prod\/plne-vybaveny-8-okruhovy-rozdelovac-podlahoveho-kurenia\/"},"modified":"2023-06-10T14:50:41","modified_gmt":"2023-06-10T11:50:41","slug":"plne-vybaveny-8-cestny-rozdelovac-podlahoveho-vykurovania","status":"publish","type":"product","link":"https:\/\/fluterm.eu\/sk\/prod\/plne-vybaveny-8-cestny-rozdelovac-podlahoveho-vykurovania\/","title":{"rendered":"Plne vybaven\u00fd 8-okruhov\u00fd rozde\u013eova\u010d podlahov\u00e9ho k\u00farenia"},"content":{"rendered":"<p>16 x euroconus pex 16\/17&#215;2<\/p>\n<p>1 x kovov\u00fd box<\/p>\n<p>8 portov\u00e9 kompletn\u00e9 rozde\u013eova\u010de, ktor\u00e9 dod\u00e1vame, s\u00fa skon\u0161truovan\u00e9 pod\u013ea najvy\u0161\u0161\u00edch priemyseln\u00fdch<br \/>\n\u0161tandardy, ktor\u00e9 prin\u00e1\u0161aj\u00fa vynikaj\u00face v\u00fdsledky a na ktor\u00e9 sa vz\u0165ahuje pln\u00e1 25-ro\u010dn\u00e1 z\u00e1ruka.<\/p>\n<p>Rozde\u013eova\u010de sa vyr\u00e1baj\u00fa len z kvalitnej mosadze, ktor\u00e1 zaru\u010duje<\/p>\n<p>vynikaj\u00faci v\u00fdkon a \u00fapln\u00fd pokoj.<\/p>\n<p>Tieto rozde\u013eova\u010de s\u00fa k dispoz\u00edcii v rozmedz\u00ed 2 &#8211; 12 portov, \u010do umo\u017e\u0148uje in\u0161tal\u00e1ciu \u013eubovo\u013enej ve\u013ekosti.<\/p>\n<p><strong><em>Schv\u00e1len\u00e9 WRAS<\/em><\/strong><\/p>\n","protected":false},"excerpt":{"rendered":"<p>16 x euroconus pex 16\/17&#215;2 1 x kovov\u00fd box 8 portov\u00e9 kompletn\u00e9 rozde\u013eova\u010de, ktor\u00e9 dod\u00e1vame, s\u00fa skon\u0161truovan\u00e9 pod\u013ea najvy\u0161\u0161\u00edch priemyseln\u00fdch \u0161tandardy, ktor\u00e9 prin\u00e1\u0161aj\u00fa vynikaj\u00face v\u00fdsledky a na ktor\u00e9 sa vz\u0165ahuje pln\u00e1 25-ro\u010dn\u00e1 z\u00e1ruka. Rozde\u013eova\u010de sa vyr\u00e1baj\u00fa len z kvalitnej mosadze, ktor\u00e1 zaru\u010duje vynikaj\u00faci v\u00fdkon a \u00fapln\u00fd pokoj. Tieto rozde\u013eova\u010de s\u00fa k dispoz\u00edcii v rozmedz\u00ed 2&hellip;<\/p>\n","protected":false},"featured_media":2810,"comment_status":"open","ping_status":"closed","template":"","meta":[],"product_cat":[808],"product_tag":[],"class_list":{"0":"post-14318","1":"product","2":"type-product","3":"status-publish","4":"has-post-thumbnail","6":"product_cat-distributori-podlahoveho-vykurovania","8":"first","9":"instock","10":"sale","11":"taxable","12":"shipping-taxable","13":"purchasable","14":"product-type-simple","15":"col-xs-6 col-sm-4","16":"col-md-4 col-lg-4","17":"un-3-cols"},"acf":[],"yoast_head":"<!-- This site is optimized with the Yoast SEO plugin v21.2 - https:\/\/yoast.com\/wordpress\/plugins\/seo\/ -->\n<title>Plne vybaven\u00fd 8-okruhov\u00fd rozde\u013eova\u010d podlahov\u00e9ho k\u00farenia<\/title>\n<meta name=\"description\" content=\"Order Plne vybaven\u00fd 8-okruhov\u00fd rozde\u013eova\u010d podlahov\u00e9ho k\u00farenia at a best price.\" \/>\n<meta name=\"robots\" content=\"index, follow, max-snippet:-1, max-image-preview:large, max-video-preview:-1\" \/>\n<link rel=\"canonical\" href=\"https:\/\/fluterm.eu\/sk\/prod\/plne-vybaveny-8-okruhovy-rozdelovac-podlahoveho-kurenia\/\" \/>\n<meta property=\"og:locale\" content=\"sk_SK\" \/>\n<meta property=\"og:type\" content=\"article\" \/>\n<meta property=\"og:title\" content=\"Plne vybaven\u00fd 8-okruhov\u00fd rozde\u013eova\u010d podlahov\u00e9ho k\u00farenia\" \/>\n<meta property=\"og:description\" content=\"Order Plne vybaven\u00fd 8-okruhov\u00fd rozde\u013eova\u010d podlahov\u00e9ho k\u00farenia at a best price.\" \/>\n<meta property=\"og:url\" content=\"https:\/\/fluterm.eu\/sk\/prod\/plne-vybaveny-8-okruhovy-rozdelovac-podlahoveho-kurenia\/\" \/>\n<meta property=\"og:site_name\" content=\"fluterm.eu\" \/>\n<meta property=\"og:image\" content=\"https:\/\/fluterm.eu\/wp-content\/uploads\/2023\/06\/82B2AB10-4C53-43C0-AF46-397DF4D388ED.jpeg\" \/>\n\t<meta property=\"og:image:width\" content=\"2000\" \/>\n\t<meta property=\"og:image:height\" content=\"2000\" \/>\n\t<meta property=\"og:image:type\" content=\"image\/jpeg\" \/>\n<meta name=\"twitter:card\" content=\"summary_large_image\" \/>\n<script type=\"application\/ld+json\" class=\"yoast-schema-graph\">{\"@context\":\"https:\/\/schema.org\",\"@graph\":[{\"@type\":\"WebPage\",\"@id\":\"https:\/\/fluterm.eu\/sk\/prod\/plne-vybaveny-8-okruhovy-rozdelovac-podlahoveho-kurenia\/\",\"url\":\"https:\/\/fluterm.eu\/sk\/prod\/plne-vybaveny-8-okruhovy-rozdelovac-podlahoveho-kurenia\/\",\"name\":\"Plne vybaven\u00fd 8-okruhov\u00fd rozde\u013eova\u010d podlahov\u00e9ho k\u00farenia\",\"isPartOf\":{\"@id\":\"https:\/\/fluterm.eu\/#website\"},\"datePublished\":\"2023-06-10T11:50:41+00:00\",\"dateModified\":\"2023-06-10T11:50:41+00:00\",\"description\":\"Order Plne vybaven\u00fd 8-okruhov\u00fd rozde\u013eova\u010d podlahov\u00e9ho k\u00farenia at a best price.\",\"breadcrumb\":{\"@id\":\"https:\/\/fluterm.eu\/sk\/prod\/plne-vybaveny-8-okruhovy-rozdelovac-podlahoveho-kurenia\/#breadcrumb\"},\"inLanguage\":\"sk-SK\",\"potentialAction\":[{\"@type\":\"ReadAction\",\"target\":[\"https:\/\/fluterm.eu\/sk\/prod\/plne-vybaveny-8-okruhovy-rozdelovac-podlahoveho-kurenia\/\"]}]},{\"@type\":\"BreadcrumbList\",\"@id\":\"https:\/\/fluterm.eu\/sk\/prod\/plne-vybaveny-8-okruhovy-rozdelovac-podlahoveho-kurenia\/#breadcrumb\",\"itemListElement\":[{\"@type\":\"ListItem\",\"position\":1,\"name\":\"Home\",\"item\":\"https:\/\/fluterm.eu\/sk\/obchod\/\"},{\"@type\":\"ListItem\",\"position\":2,\"name\":\"Obchod\",\"item\":\"https:\/\/fluterm.eu\/sk\/obchod\/\"},{\"@type\":\"ListItem\",\"position\":3,\"name\":\"Plne vybaven\u00fd 8-okruhov\u00fd rozde\u013eova\u010d podlahov\u00e9ho k\u00farenia\"}]},{\"@type\":\"WebSite\",\"@id\":\"https:\/\/fluterm.eu\/#website\",\"url\":\"https:\/\/fluterm.eu\/\",\"name\":\"fluterm.eu\",\"description\":\"\",\"potentialAction\":[{\"@type\":\"SearchAction\",\"target\":{\"@type\":\"EntryPoint\",\"urlTemplate\":\"https:\/\/fluterm.eu\/?s={search_term_string}\"},\"query-input\":\"required name=search_term_string\"}],\"inLanguage\":\"sk-SK\"}]}<\/script>\n<!-- \/ Yoast SEO plugin. -->","yoast_head_json":{"title":"Plne vybaven\u00fd 8-okruhov\u00fd rozde\u013eova\u010d podlahov\u00e9ho k\u00farenia","description":"Order Plne vybaven\u00fd 8-okruhov\u00fd rozde\u013eova\u010d podlahov\u00e9ho k\u00farenia at a best price.","robots":{"index":"index","follow":"follow","max-snippet":"max-snippet:-1","max-image-preview":"max-image-preview:large","max-video-preview":"max-video-preview:-1"},"canonical":"https:\/\/fluterm.eu\/sk\/prod\/plne-vybaveny-8-okruhovy-rozdelovac-podlahoveho-kurenia\/","og_locale":"sk_SK","og_type":"article","og_title":"Plne vybaven\u00fd 8-okruhov\u00fd rozde\u013eova\u010d podlahov\u00e9ho k\u00farenia","og_description":"Order Plne vybaven\u00fd 8-okruhov\u00fd rozde\u013eova\u010d podlahov\u00e9ho k\u00farenia at a best price.","og_url":"https:\/\/fluterm.eu\/sk\/prod\/plne-vybaveny-8-okruhovy-rozdelovac-podlahoveho-kurenia\/","og_site_name":"fluterm.eu","og_image":[{"width":2000,"height":2000,"url":"https:\/\/fluterm.eu\/wp-content\/uploads\/2023\/06\/82B2AB10-4C53-43C0-AF46-397DF4D388ED.jpeg","type":"image\/jpeg"}],"twitter_card":"summary_large_image","schema":{"@context":"https:\/\/schema.org","@graph":[{"@type":"WebPage","@id":"https:\/\/fluterm.eu\/sk\/prod\/plne-vybaveny-8-okruhovy-rozdelovac-podlahoveho-kurenia\/","url":"https:\/\/fluterm.eu\/sk\/prod\/plne-vybaveny-8-okruhovy-rozdelovac-podlahoveho-kurenia\/","name":"Plne vybaven\u00fd 8-okruhov\u00fd rozde\u013eova\u010d podlahov\u00e9ho k\u00farenia","isPartOf":{"@id":"https:\/\/fluterm.eu\/#website"},"datePublished":"2023-06-10T11:50:41+00:00","dateModified":"2023-06-10T11:50:41+00:00","description":"Order Plne vybaven\u00fd 8-okruhov\u00fd rozde\u013eova\u010d podlahov\u00e9ho k\u00farenia at a best price.","breadcrumb":{"@id":"https:\/\/fluterm.eu\/sk\/prod\/plne-vybaveny-8-okruhovy-rozdelovac-podlahoveho-kurenia\/#breadcrumb"},"inLanguage":"sk-SK","potentialAction":[{"@type":"ReadAction","target":["https:\/\/fluterm.eu\/sk\/prod\/plne-vybaveny-8-okruhovy-rozdelovac-podlahoveho-kurenia\/"]}]},{"@type":"BreadcrumbList","@id":"https:\/\/fluterm.eu\/sk\/prod\/plne-vybaveny-8-okruhovy-rozdelovac-podlahoveho-kurenia\/#breadcrumb","itemListElement":[{"@type":"ListItem","position":1,"name":"Home","item":"https:\/\/fluterm.eu\/sk\/obchod\/"},{"@type":"ListItem","position":2,"name":"Obchod","item":"https:\/\/fluterm.eu\/sk\/obchod\/"},{"@type":"ListItem","position":3,"name":"Plne vybaven\u00fd 8-okruhov\u00fd rozde\u013eova\u010d podlahov\u00e9ho k\u00farenia"}]},{"@type":"WebSite","@id":"https:\/\/fluterm.eu\/#website","url":"https:\/\/fluterm.eu\/","name":"fluterm.eu","description":"","potentialAction":[{"@type":"SearchAction","target":{"@type":"EntryPoint","urlTemplate":"https:\/\/fluterm.eu\/?s={search_term_string}"},"query-input":"required name=search_term_string"}],"inLanguage":"sk-SK"}]}},"_links":{"self":[{"href":"https:\/\/fluterm.eu\/sk\/wp-json\/wp\/v2\/product\/14318","targetHints":{"allow":["GET"]}}],"collection":[{"href":"https:\/\/fluterm.eu\/sk\/wp-json\/wp\/v2\/product"}],"about":[{"href":"https:\/\/fluterm.eu\/sk\/wp-json\/wp\/v2\/types\/product"}],"replies":[{"embeddable":true,"href":"https:\/\/fluterm.eu\/sk\/wp-json\/wp\/v2\/comments?post=14318"}],"version-history":[{"count":0,"href":"https:\/\/fluterm.eu\/sk\/wp-json\/wp\/v2\/product\/14318\/revisions"}],"wp:featuredmedia":[{"embeddable":true,"href":"https:\/\/fluterm.eu\/sk\/wp-json\/wp\/v2\/media\/2810"}],"wp:attachment":[{"href":"https:\/\/fluterm.eu\/sk\/wp-json\/wp\/v2\/media?parent=14318"}],"wp:term":[{"taxonomy":"product_cat","embeddable":true,"href":"https:\/\/fluterm.eu\/sk\/wp-json\/wp\/v2\/product_cat?post=14318"},{"taxonomy":"product_tag","embeddable":true,"href":"https:\/\/fluterm.eu\/sk\/wp-json\/wp\/v2\/product_tag?post=14318"}],"curies":[{"name":"wp","href":"https:\/\/api.w.org\/{rel}","templated":true}]}}