{"id":14650,"date":"2023-06-10T14:51:05","date_gmt":"2023-06-10T11:51:05","guid":{"rendered":"https:\/\/fluterm.eu\/prod\/rozdelovac-podlahoveho-kurenia-so-supravou-cerpadiel-a-ventilmi-ibo-amg-12-okruhov\/"},"modified":"2023-06-10T14:51:05","modified_gmt":"2023-06-10T11:51:05","slug":"podlahove-vykurovanie-manifold-s-cerpadlom-pack-ventily-ibo-amg-12-portov","status":"publish","type":"product","link":"https:\/\/fluterm.eu\/sk\/prod\/podlahove-vykurovanie-manifold-s-cerpadlom-pack-ventily-ibo-amg-12-portov\/","title":{"rendered":"Rozde\u013eova\u010d podlahov\u00e9ho k\u00farenia so s\u00fapravou \u010derpadiel a ventilmi \u2013 ibo amg \u2013 12 okruhov"},"content":{"rendered":"<h1>Rozde\u013eova\u010d podlahov\u00e9ho vykurovania s \u010derpadlom a ventilmi &#8211; \u010derpadlo Grundfos s ozna\u010den\u00edm A -12 portov<\/h1>\n<p><strong>\u010co obsahuj\u00fa na\u0161e balenia \u010derpadiel a rozde\u013eova\u010dov?<\/strong><\/p>\n<p>Rozde\u013eova\u010de podlahov\u00e9ho vykurovania sa dod\u00e1vaj\u00fa s:<\/p>\n<p>&#8222;A&#8220; Hodnoten\u00e9 balenie \u010derpadla ibo.<\/p>\n<p>Zahrnut\u00e9 polo\u017eky:<\/p>\n<p>1 x predmontovan\u00fd rozde\u013eova\u010d s prietokomermi<\/p>\n<p>1 x koncov\u00fd vetrac\u00ed otvor<\/p>\n<p>1 x manometer<\/p>\n<p>2 x gu\u013eov\u00fd ventil<\/p>\n<p>2 x teplomer (namontovan\u00fd na gu\u013eov\u00fdch ventiloch)<\/p>\n<p>1 x box<\/p>\n<p>Eurokonektory 16\/17 24ks<\/p>\n<p>\u010cerpacia stanica (zmie\u0161avac\u00ed ventil)<\/p>\n<p>Dod\u00e1va sa na vopred namontovanom dr\u017eiaku.<\/p>\n<p>CMax pracovn\u00fd tlak 3 bar max. sk\u00fa\u0161obn\u00fd tlak 10 bar.<\/p>\n<p>Teplotn\u00fd rozsah: 35C &#8211; 65CMax pracovn\u00fd tlak:<\/p>\n<p>Na\u0161e rozde\u013eova\u010de s\u00fa ur\u010den\u00e9 na pou\u017eitie vo vodn\u00fdch syst\u00e9moch podlahov\u00e9ho vykurovania.<\/p>\n<p>Pozost\u00e1vaj\u00fa z dvoch rozde\u013eovac\u00edch ty\u010d\u00ed, jednej pre prietok a jednej pre spiato\u010dku, s gu\u013eov\u00fdmi ventilmi, vyp\u00fa\u0161\u0165ac\u00edmi\/plniacimi ventilmi a odvzdu\u0161\u0148ova\u010dom. Na prietokovej li\u0161te m\u00e1 ka\u017ed\u00fd port vysoko\u00fa\u010dinn\u00fd indik\u00e1tor prietoku s izol\u00e1torom vr\u00e1tane \u013eahko \u010ditate\u013en\u00e9ho meracieho skla.<\/p>\n<p>Ka\u017ed\u00fd port na vratnej li\u0161te je vybaven\u00fd integrovan\u00fdm regula\u010dn\u00fdm ventilom a ochrann\u00fdm uz\u00e1verom, ktor\u00fd umo\u017e\u0148uje pou\u017e\u00edvate\u013eovi nastavi\u0165 objem vody alebo sa d\u00e1 odstr\u00e1ni\u0165, aby bolo mo\u017en\u00e9 pripoji\u0165 termoelektrick\u00fa hlavicu rozde\u013eova\u010da.<\/p>\n<p>&nbsp;<\/p>\n<p><strong>Rozmery rozde\u013eova\u010da:<\/strong><\/p>\n<p>Po namontovan\u00ed \u010derpadla a zmie\u0161ava\u010da pripo\u010d\u00edtajte k d\u013a\u017eke 150 mm.<\/p>\n<p>K\u013e\u00fa\u010d n\u00e1jdete na obr\u00e1zku 12.<\/p>\n<p>A B C D E<\/p>\n<p>S\u00faprava rozde\u013eova\u010da UFH s 2 okruhmi 320mm 210mm 50mm 276mm 90mm<\/p>\n<p>S\u00faprava rozde\u013eova\u010da UFH s 3 okruhmi 320mm 210mm 50mm 326mm 90mm<\/p>\n<p>S\u00faprava rozde\u013eova\u010da UFH so 4 okruhmi 320mm 210mm 50mm 376mm 90mm<\/p>\n<p>S\u00faprava rozde\u013eova\u010da 5 okruhov UFH 320mm 210mm 50mm 426mm 90mm<\/p>\n<p>S\u00faprava rozde\u013eova\u010da 6 okruhov UFH 320mm 210mm 50mm 476mm 90mm<\/p>\n<p>S\u00faprava rozde\u013eova\u010da 7 okruhov UFH 320mm 210mm 50mm 526mm 90mm<\/p>\n<p>S\u00faprava rozde\u013eova\u010da UFH s 8 okruhmi 320mm 210mm 50mm 576mm 90mm<\/p>\n<p>S\u00faprava rozde\u013eova\u010da 9 okruhov UFH 320mm 210mm 50mm 626mm 90mm<\/p>\n<p>S\u00faprava rozde\u013eova\u010da UFH s 10 okruhmi 320mm 210mm 50mm 676mm 90mm<\/p>\n<p>S\u00faprava rozde\u013eova\u010da UFH s 11 okruhmi 320mm 210mm 50mm 726mm 90mm<\/p>\n<p>S\u00faprava rozde\u013eova\u010da UFH s 12 okruhmi 320mm 210mm 50mm 776mm 90mm<\/p>\n<p>&nbsp;<\/p>\n<p><strong>Podlahov\u00e9 vykurovanie:<\/strong><\/p>\n<p>The Underfloor Heating Site je jedn\u00fdm z popredn\u00fdch dod\u00e1vate\u013eov podlahov\u00e9ho vykurovania v Spojenom kr\u00e1\u013eovstve, za ktor\u00fdm stoja popredn\u00ed dod\u00e1vatelia s dlhoro\u010dn\u00fdmi znalos\u0165ami v oblasti podlahov\u00e9ho vykurovania. Na\u0161\u00edm cie\u013eom je dod\u00e1va\u0165 najkvalitnej\u0161ie produkty podlahov\u00e9ho vykurovania za prijate\u013en\u00e9 ceny, ktor\u00e9 s\u00fa podporen\u00e9 prvotriednym z\u00e1kazn\u00edckym servisom a poradenstvom. Sme presved\u010den\u00ed, \u017ee pre v\u00e1s m\u00e1me ten spr\u00e1vny syst\u00e9m, \u010di u\u017e ide len o obkladanie malej k\u00fape\u013ene, alebo h\u013ead\u00e1te kompletn\u00fd syst\u00e9m vykurovania domu.<\/p>\n<p>N\u00e1\u0161 sortiment zah\u0155\u0148a s\u00fapravy vodn\u00e9ho podlahov\u00e9ho vykurovania alebo len rozde\u013eova\u010d podlahov\u00e9ho vykurovania, r\u00farky podlahov\u00e9ho vykurovania, vyhrievan\u00fa roho\u017e, vo\u013en\u00fd k\u00e1bel, izol\u00e1ciu, podlo\u017eky pod zrkadl\u00e1 a mnoho \u010fal\u0161\u00edch produktov.<\/p>\n<p>&nbsp;<\/p>\n","protected":false},"excerpt":{"rendered":"<p>Rozde\u013eova\u010d podlahov\u00e9ho vykurovania s \u010derpadlom a ventilmi &#8211; \u010derpadlo Grundfos s ozna\u010den\u00edm A -12 portov \u010co obsahuj\u00fa na\u0161e balenia \u010derpadiel a rozde\u013eova\u010dov? Rozde\u013eova\u010de podlahov\u00e9ho vykurovania sa dod\u00e1vaj\u00fa s: &#8222;A&#8220; Hodnoten\u00e9 balenie \u010derpadla ibo. Zahrnut\u00e9 polo\u017eky: 1 x predmontovan\u00fd rozde\u013eova\u010d s prietokomermi 1 x koncov\u00fd vetrac\u00ed otvor 1 x manometer 2 x gu\u013eov\u00fd ventil 2 x&hellip;<\/p>\n","protected":false},"featured_media":3083,"comment_status":"open","ping_status":"closed","template":"","meta":[],"product_cat":[808],"product_tag":[],"class_list":{"0":"post-14650","1":"product","2":"type-product","3":"status-publish","4":"has-post-thumbnail","6":"product_cat-distributori-podlahoveho-vykurovania","8":"first","9":"instock","10":"taxable","11":"shipping-taxable","12":"purchasable","13":"product-type-simple","14":"col-xs-6 col-sm-4","15":"col-md-4 col-lg-4","16":"un-3-cols"},"acf":[],"yoast_head":"<!-- This site is optimized with the Yoast SEO plugin v21.2 - https:\/\/yoast.com\/wordpress\/plugins\/seo\/ -->\n<title>Rozde\u013eova\u010d podlahov\u00e9ho k\u00farenia so s\u00fapravou \u010derpadiel a ventilmi \u2013 ibo amg \u2013 12 okruhov<\/title>\n<meta name=\"description\" content=\"Order Rozde\u013eova\u010d podlahov\u00e9ho k\u00farenia so s\u00fapravou \u010derpadiel a ventilmi \u2013 ibo amg \u2013 12 okruhov at a best price.\" \/>\n<meta name=\"robots\" content=\"index, follow, max-snippet:-1, max-image-preview:large, max-video-preview:-1\" \/>\n<link rel=\"canonical\" href=\"https:\/\/fluterm.eu\/sk\/prod\/rozdelovac-podlahoveho-kurenia-so-supravou-cerpadiel-a-ventilmi-ibo-amg-12-okruhov\/\" \/>\n<meta property=\"og:locale\" content=\"sk_SK\" \/>\n<meta property=\"og:type\" content=\"article\" \/>\n<meta property=\"og:title\" content=\"Rozde\u013eova\u010d podlahov\u00e9ho k\u00farenia so s\u00fapravou \u010derpadiel a ventilmi \u2013 ibo amg \u2013 12 okruhov\" \/>\n<meta property=\"og:description\" content=\"Order Rozde\u013eova\u010d podlahov\u00e9ho k\u00farenia so s\u00fapravou \u010derpadiel a ventilmi \u2013 ibo amg \u2013 12 okruhov at a best price.\" \/>\n<meta property=\"og:url\" content=\"https:\/\/fluterm.eu\/sk\/prod\/rozdelovac-podlahoveho-kurenia-so-supravou-cerpadiel-a-ventilmi-ibo-amg-12-okruhov\/\" \/>\n<meta property=\"og:site_name\" content=\"fluterm.eu\" \/>\n<meta property=\"og:image\" content=\"https:\/\/fluterm.eu\/wp-content\/uploads\/2023\/06\/PROD-85.jpeg\" \/>\n\t<meta property=\"og:image:width\" content=\"2000\" \/>\n\t<meta property=\"og:image:height\" content=\"2000\" \/>\n\t<meta property=\"og:image:type\" content=\"image\/jpeg\" \/>\n<meta name=\"twitter:card\" content=\"summary_large_image\" \/>\n<meta name=\"twitter:label1\" content=\"Predpokladan\u00fd \u010das \u010d\u00edtania\" \/>\n\t<meta name=\"twitter:data1\" content=\"3 min\u00faty\" \/>\n<script type=\"application\/ld+json\" class=\"yoast-schema-graph\">{\"@context\":\"https:\/\/schema.org\",\"@graph\":[{\"@type\":\"WebPage\",\"@id\":\"https:\/\/fluterm.eu\/sk\/prod\/rozdelovac-podlahoveho-kurenia-so-supravou-cerpadiel-a-ventilmi-ibo-amg-12-okruhov\/\",\"url\":\"https:\/\/fluterm.eu\/sk\/prod\/rozdelovac-podlahoveho-kurenia-so-supravou-cerpadiel-a-ventilmi-ibo-amg-12-okruhov\/\",\"name\":\"Rozde\u013eova\u010d podlahov\u00e9ho k\u00farenia so s\u00fapravou \u010derpadiel a ventilmi \u2013 ibo amg \u2013 12 okruhov\",\"isPartOf\":{\"@id\":\"https:\/\/fluterm.eu\/#website\"},\"datePublished\":\"2023-06-10T11:51:05+00:00\",\"dateModified\":\"2023-06-10T11:51:05+00:00\",\"description\":\"Order Rozde\u013eova\u010d podlahov\u00e9ho k\u00farenia so s\u00fapravou \u010derpadiel a ventilmi \u2013 ibo amg \u2013 12 okruhov at a best price.\",\"breadcrumb\":{\"@id\":\"https:\/\/fluterm.eu\/sk\/prod\/rozdelovac-podlahoveho-kurenia-so-supravou-cerpadiel-a-ventilmi-ibo-amg-12-okruhov\/#breadcrumb\"},\"inLanguage\":\"sk-SK\",\"potentialAction\":[{\"@type\":\"ReadAction\",\"target\":[\"https:\/\/fluterm.eu\/sk\/prod\/rozdelovac-podlahoveho-kurenia-so-supravou-cerpadiel-a-ventilmi-ibo-amg-12-okruhov\/\"]}]},{\"@type\":\"BreadcrumbList\",\"@id\":\"https:\/\/fluterm.eu\/sk\/prod\/rozdelovac-podlahoveho-kurenia-so-supravou-cerpadiel-a-ventilmi-ibo-amg-12-okruhov\/#breadcrumb\",\"itemListElement\":[{\"@type\":\"ListItem\",\"position\":1,\"name\":\"Home\",\"item\":\"https:\/\/fluterm.eu\/sk\/obchod\/\"},{\"@type\":\"ListItem\",\"position\":2,\"name\":\"Obchod\",\"item\":\"https:\/\/fluterm.eu\/sk\/obchod\/\"},{\"@type\":\"ListItem\",\"position\":3,\"name\":\"Rozde\u013eova\u010d podlahov\u00e9ho k\u00farenia so s\u00fapravou \u010derpadiel a ventilmi \u2013 ibo amg \u2013 12 okruhov\"}]},{\"@type\":\"WebSite\",\"@id\":\"https:\/\/fluterm.eu\/#website\",\"url\":\"https:\/\/fluterm.eu\/\",\"name\":\"fluterm.eu\",\"description\":\"\",\"potentialAction\":[{\"@type\":\"SearchAction\",\"target\":{\"@type\":\"EntryPoint\",\"urlTemplate\":\"https:\/\/fluterm.eu\/?s={search_term_string}\"},\"query-input\":\"required name=search_term_string\"}],\"inLanguage\":\"sk-SK\"}]}<\/script>\n<!-- \/ Yoast SEO plugin. -->","yoast_head_json":{"title":"Rozde\u013eova\u010d podlahov\u00e9ho k\u00farenia so s\u00fapravou \u010derpadiel a ventilmi \u2013 ibo amg \u2013 12 okruhov","description":"Order Rozde\u013eova\u010d podlahov\u00e9ho k\u00farenia so s\u00fapravou \u010derpadiel a ventilmi \u2013 ibo amg \u2013 12 okruhov at a best price.","robots":{"index":"index","follow":"follow","max-snippet":"max-snippet:-1","max-image-preview":"max-image-preview:large","max-video-preview":"max-video-preview:-1"},"canonical":"https:\/\/fluterm.eu\/sk\/prod\/rozdelovac-podlahoveho-kurenia-so-supravou-cerpadiel-a-ventilmi-ibo-amg-12-okruhov\/","og_locale":"sk_SK","og_type":"article","og_title":"Rozde\u013eova\u010d podlahov\u00e9ho k\u00farenia so s\u00fapravou \u010derpadiel a ventilmi \u2013 ibo amg \u2013 12 okruhov","og_description":"Order Rozde\u013eova\u010d podlahov\u00e9ho k\u00farenia so s\u00fapravou \u010derpadiel a ventilmi \u2013 ibo amg \u2013 12 okruhov at a best price.","og_url":"https:\/\/fluterm.eu\/sk\/prod\/rozdelovac-podlahoveho-kurenia-so-supravou-cerpadiel-a-ventilmi-ibo-amg-12-okruhov\/","og_site_name":"fluterm.eu","og_image":[{"width":2000,"height":2000,"url":"https:\/\/fluterm.eu\/wp-content\/uploads\/2023\/06\/PROD-85.jpeg","type":"image\/jpeg"}],"twitter_card":"summary_large_image","twitter_misc":{"Predpokladan\u00fd \u010das \u010d\u00edtania":"3 min\u00faty"},"schema":{"@context":"https:\/\/schema.org","@graph":[{"@type":"WebPage","@id":"https:\/\/fluterm.eu\/sk\/prod\/rozdelovac-podlahoveho-kurenia-so-supravou-cerpadiel-a-ventilmi-ibo-amg-12-okruhov\/","url":"https:\/\/fluterm.eu\/sk\/prod\/rozdelovac-podlahoveho-kurenia-so-supravou-cerpadiel-a-ventilmi-ibo-amg-12-okruhov\/","name":"Rozde\u013eova\u010d podlahov\u00e9ho k\u00farenia so s\u00fapravou \u010derpadiel a ventilmi \u2013 ibo amg \u2013 12 okruhov","isPartOf":{"@id":"https:\/\/fluterm.eu\/#website"},"datePublished":"2023-06-10T11:51:05+00:00","dateModified":"2023-06-10T11:51:05+00:00","description":"Order Rozde\u013eova\u010d podlahov\u00e9ho k\u00farenia so s\u00fapravou \u010derpadiel a ventilmi \u2013 ibo amg \u2013 12 okruhov at a best price.","breadcrumb":{"@id":"https:\/\/fluterm.eu\/sk\/prod\/rozdelovac-podlahoveho-kurenia-so-supravou-cerpadiel-a-ventilmi-ibo-amg-12-okruhov\/#breadcrumb"},"inLanguage":"sk-SK","potentialAction":[{"@type":"ReadAction","target":["https:\/\/fluterm.eu\/sk\/prod\/rozdelovac-podlahoveho-kurenia-so-supravou-cerpadiel-a-ventilmi-ibo-amg-12-okruhov\/"]}]},{"@type":"BreadcrumbList","@id":"https:\/\/fluterm.eu\/sk\/prod\/rozdelovac-podlahoveho-kurenia-so-supravou-cerpadiel-a-ventilmi-ibo-amg-12-okruhov\/#breadcrumb","itemListElement":[{"@type":"ListItem","position":1,"name":"Home","item":"https:\/\/fluterm.eu\/sk\/obchod\/"},{"@type":"ListItem","position":2,"name":"Obchod","item":"https:\/\/fluterm.eu\/sk\/obchod\/"},{"@type":"ListItem","position":3,"name":"Rozde\u013eova\u010d podlahov\u00e9ho k\u00farenia so s\u00fapravou \u010derpadiel a ventilmi \u2013 ibo amg \u2013 12 okruhov"}]},{"@type":"WebSite","@id":"https:\/\/fluterm.eu\/#website","url":"https:\/\/fluterm.eu\/","name":"fluterm.eu","description":"","potentialAction":[{"@type":"SearchAction","target":{"@type":"EntryPoint","urlTemplate":"https:\/\/fluterm.eu\/?s={search_term_string}"},"query-input":"required name=search_term_string"}],"inLanguage":"sk-SK"}]}},"_links":{"self":[{"href":"https:\/\/fluterm.eu\/sk\/wp-json\/wp\/v2\/product\/14650","targetHints":{"allow":["GET"]}}],"collection":[{"href":"https:\/\/fluterm.eu\/sk\/wp-json\/wp\/v2\/product"}],"about":[{"href":"https:\/\/fluterm.eu\/sk\/wp-json\/wp\/v2\/types\/product"}],"replies":[{"embeddable":true,"href":"https:\/\/fluterm.eu\/sk\/wp-json\/wp\/v2\/comments?post=14650"}],"version-history":[{"count":0,"href":"https:\/\/fluterm.eu\/sk\/wp-json\/wp\/v2\/product\/14650\/revisions"}],"wp:featuredmedia":[{"embeddable":true,"href":"https:\/\/fluterm.eu\/sk\/wp-json\/wp\/v2\/media\/3083"}],"wp:attachment":[{"href":"https:\/\/fluterm.eu\/sk\/wp-json\/wp\/v2\/media?parent=14650"}],"wp:term":[{"taxonomy":"product_cat","embeddable":true,"href":"https:\/\/fluterm.eu\/sk\/wp-json\/wp\/v2\/product_cat?post=14650"},{"taxonomy":"product_tag","embeddable":true,"href":"https:\/\/fluterm.eu\/sk\/wp-json\/wp\/v2\/product_tag?post=14650"}],"curies":[{"name":"wp","href":"https:\/\/api.w.org\/{rel}","templated":true}]}}