{"id":14712,"date":"2023-06-10T14:51:05","date_gmt":"2023-06-10T11:51:05","guid":{"rendered":"https:\/\/fluterm.eu\/prod\/zmiesavacia-suprava-podlahoveho-vykurovania-s-cerpadlom-wilo\/"},"modified":"2023-06-10T14:51:05","modified_gmt":"2023-06-10T11:51:05","slug":"suprava-na-miesanie-podlahoveho-vykurovania-s-cerpadlom-wilo","status":"publish","type":"product","link":"https:\/\/fluterm.eu\/sk\/prod\/suprava-na-miesanie-podlahoveho-vykurovania-s-cerpadlom-wilo\/","title":{"rendered":"Zmie\u0161avacia s\u00faprava podlahov\u00e9ho vykurovania s \u010derpadlom Wilo"},"content":{"rendered":"<p>N\u00e1\u0161 kompaktn\u00fd a \u013eahk\u00fd termostatick\u00fd zmie\u0161avac\u00ed regul\u00e1tor podlahov\u00e9ho vykurovania umo\u017e\u0148uje priame pripojenie k n\u00e1\u0161mu sortimentu rozde\u013eova\u010dov podlahov\u00e9ho vykurovania a \u0161tandardne sa dod\u00e1va kompletne zmontovan\u00fd v \u013eavom form\u00e1te s oto\u010dn\u00fdmi ploch\u00fdmi spojkami G1.<\/p>\n<p>Jeho univerz\u00e1lna kon\u0161trukcia a spojovacie spoje umo\u017e\u0148uj\u00fa jednoduch\u00fa in\u0161tal\u00e1ciu na rozde\u013eova\u010d a ke\u010f\u017ee nevy\u017eaduje \u017eiadne \u010fal\u0161ie podpern\u00e9 konzoly, odpad\u00e1 potreba zd\u013ahav\u00e9ho v\u0155tania a upev\u0148ovania.<\/p>\n<p>Zmie\u0161avac\u00ed ventil umo\u017e\u0148uje nastavi\u0165 teplotu prietoku v rozmedz\u00ed od 35 do 65 \u00b0C na presn\u00fa regul\u00e1ciu celkovej teploty v podlahovom vykurovan\u00ed a m\u00f4\u017ee by\u0165 nap\u00e1jan\u00fd ak\u00fdmko\u013evek typom zdroja tepla vr\u00e1tane olejov\u00fdch a plynov\u00fdch kotlov, kachl\u00ed na drevo a ekologick\u00fdch zdrojov energie, ako s\u00fa sol\u00e1rne, zemn\u00e9 a vzduchov\u00e9 tepeln\u00e9 \u010derpadl\u00e1.<\/p>\n<p>Ka\u017ed\u00e9 balenie regul\u00e1tora pozost\u00e1va z termostatick\u00e9ho zmie\u0161avacieho ventilu, energeticky \u00fa\u010dinn\u00e9ho obehov\u00e9ho \u010derpadla Wilo triedy A, adapt\u00e9ra rozde\u013eova\u010da a v\u0161etk\u00fdch potrebn\u00fdch tesnen\u00ed.<\/p>\n<p><strong>Nastavenie ovl\u00e1dania mie\u0161ania  <\/strong><\/p>\n<p>Termostatick\u00fd zmie\u0161avac\u00ed ventil je z v\u00fdroby nastaven\u00fd tak, aby do rozde\u013eova\u010da podlahov\u00e9ho vykurovania dod\u00e1val vodu zmie\u0161an\u00fa pri teplote 45 \u00b0C. Teplotu zmie\u0161anej vody mo\u017eno nastavi\u0165 v rozmedz\u00ed od 35 \u00b0C do 65 \u00b0C ot\u00e1\u010dan\u00edm ovl\u00e1dacieho gomb\u00edka zmie\u0161avacieho ventilu v smere hodinov\u00fdch ru\u010di\u010diek, \u010d\u00edm sa teplota zv\u00fd\u0161i, a proti smeru hodinov\u00fdch ru\u010di\u010diek, \u010d\u00edm sa zn\u00ed\u017ei.<\/p>\n<p>vilo Sonos pre 15x6x130<\/p>\n","protected":false},"excerpt":{"rendered":"<p>N\u00e1\u0161 kompaktn\u00fd a \u013eahk\u00fd termostatick\u00fd zmie\u0161avac\u00ed regul\u00e1tor podlahov\u00e9ho vykurovania umo\u017e\u0148uje priame pripojenie k n\u00e1\u0161mu sortimentu rozde\u013eova\u010dov podlahov\u00e9ho vykurovania a \u0161tandardne sa dod\u00e1va kompletne zmontovan\u00fd v \u013eavom form\u00e1te s oto\u010dn\u00fdmi ploch\u00fdmi spojkami G1. Jeho univerz\u00e1lna kon\u0161trukcia a spojovacie spoje umo\u017e\u0148uj\u00fa jednoduch\u00fa in\u0161tal\u00e1ciu na rozde\u013eova\u010d a ke\u010f\u017ee nevy\u017eaduje \u017eiadne \u010fal\u0161ie podpern\u00e9 konzoly, odpad\u00e1 potreba zd\u013ahav\u00e9ho v\u0155tania a&hellip;<\/p>\n","protected":false},"featured_media":3125,"comment_status":"closed","ping_status":"closed","template":"","meta":[],"product_cat":[854],"product_tag":[],"class_list":{"0":"post-14712","1":"product","2":"type-product","3":"status-publish","4":"has-post-thumbnail","6":"product_cat-zmiesavacie-skupiny-pre-podlahove-vykurovanie","8":"first","9":"instock","10":"taxable","11":"shipping-taxable","12":"purchasable","13":"product-type-simple","14":"col-xs-6 col-sm-4","15":"col-md-4 col-lg-4","16":"un-3-cols"},"acf":[],"yoast_head":"<!-- This site is optimized with the Yoast SEO plugin v21.2 - https:\/\/yoast.com\/wordpress\/plugins\/seo\/ -->\n<title>Zmie\u0161avacia s\u00faprava podlahov\u00e9ho vykurovania s \u010derpadlom Wilo<\/title>\n<meta name=\"description\" content=\"Order Zmie\u0161avacia s\u00faprava podlahov\u00e9ho vykurovania s \u010derpadlom Wilo at a best price.\" \/>\n<meta name=\"robots\" content=\"index, follow, max-snippet:-1, max-image-preview:large, max-video-preview:-1\" \/>\n<link rel=\"canonical\" href=\"https:\/\/fluterm.eu\/sk\/prod\/zmiesavacia-suprava-podlahoveho-vykurovania-s-cerpadlom-wilo\/\" \/>\n<meta property=\"og:locale\" content=\"sk_SK\" \/>\n<meta property=\"og:type\" content=\"article\" \/>\n<meta property=\"og:title\" content=\"Zmie\u0161avacia s\u00faprava podlahov\u00e9ho vykurovania s \u010derpadlom Wilo\" \/>\n<meta property=\"og:description\" content=\"Order Zmie\u0161avacia s\u00faprava podlahov\u00e9ho vykurovania s \u010derpadlom Wilo at a best price.\" \/>\n<meta property=\"og:url\" content=\"https:\/\/fluterm.eu\/sk\/prod\/zmiesavacia-suprava-podlahoveho-vykurovania-s-cerpadlom-wilo\/\" \/>\n<meta property=\"og:site_name\" content=\"fluterm.eu\" \/>\n<meta property=\"og:image\" content=\"https:\/\/fluterm.eu\/wp-content\/uploads\/2023\/06\/10BE33BF-D06D-41CB-AE24-1597A1282835_4_5005_c.jpeg\" \/>\n\t<meta property=\"og:image:width\" content=\"298\" \/>\n\t<meta property=\"og:image:height\" content=\"263\" \/>\n\t<meta property=\"og:image:type\" content=\"image\/jpeg\" \/>\n<meta name=\"twitter:card\" content=\"summary_large_image\" \/>\n<meta name=\"twitter:label1\" content=\"Predpokladan\u00fd \u010das \u010d\u00edtania\" \/>\n\t<meta name=\"twitter:data1\" content=\"1 min\u00fata\" \/>\n<script type=\"application\/ld+json\" class=\"yoast-schema-graph\">{\"@context\":\"https:\/\/schema.org\",\"@graph\":[{\"@type\":\"WebPage\",\"@id\":\"https:\/\/fluterm.eu\/sk\/prod\/zmiesavacia-suprava-podlahoveho-vykurovania-s-cerpadlom-wilo\/\",\"url\":\"https:\/\/fluterm.eu\/sk\/prod\/zmiesavacia-suprava-podlahoveho-vykurovania-s-cerpadlom-wilo\/\",\"name\":\"Zmie\u0161avacia s\u00faprava podlahov\u00e9ho vykurovania s \u010derpadlom Wilo\",\"isPartOf\":{\"@id\":\"https:\/\/fluterm.eu\/#website\"},\"datePublished\":\"2023-06-10T11:51:05+00:00\",\"dateModified\":\"2023-06-10T11:51:05+00:00\",\"description\":\"Order Zmie\u0161avacia s\u00faprava podlahov\u00e9ho vykurovania s \u010derpadlom Wilo at a best price.\",\"breadcrumb\":{\"@id\":\"https:\/\/fluterm.eu\/sk\/prod\/zmiesavacia-suprava-podlahoveho-vykurovania-s-cerpadlom-wilo\/#breadcrumb\"},\"inLanguage\":\"sk-SK\",\"potentialAction\":[{\"@type\":\"ReadAction\",\"target\":[\"https:\/\/fluterm.eu\/sk\/prod\/zmiesavacia-suprava-podlahoveho-vykurovania-s-cerpadlom-wilo\/\"]}]},{\"@type\":\"BreadcrumbList\",\"@id\":\"https:\/\/fluterm.eu\/sk\/prod\/zmiesavacia-suprava-podlahoveho-vykurovania-s-cerpadlom-wilo\/#breadcrumb\",\"itemListElement\":[{\"@type\":\"ListItem\",\"position\":1,\"name\":\"Home\",\"item\":\"https:\/\/fluterm.eu\/sk\/obchod\/\"},{\"@type\":\"ListItem\",\"position\":2,\"name\":\"Obchod\",\"item\":\"https:\/\/fluterm.eu\/sk\/obchod\/\"},{\"@type\":\"ListItem\",\"position\":3,\"name\":\"Zmie\u0161avacia s\u00faprava podlahov\u00e9ho vykurovania s \u010derpadlom Wilo\"}]},{\"@type\":\"WebSite\",\"@id\":\"https:\/\/fluterm.eu\/#website\",\"url\":\"https:\/\/fluterm.eu\/\",\"name\":\"fluterm.eu\",\"description\":\"\",\"potentialAction\":[{\"@type\":\"SearchAction\",\"target\":{\"@type\":\"EntryPoint\",\"urlTemplate\":\"https:\/\/fluterm.eu\/?s={search_term_string}\"},\"query-input\":\"required name=search_term_string\"}],\"inLanguage\":\"sk-SK\"}]}<\/script>\n<!-- \/ Yoast SEO plugin. -->","yoast_head_json":{"title":"Zmie\u0161avacia s\u00faprava podlahov\u00e9ho vykurovania s \u010derpadlom Wilo","description":"Order Zmie\u0161avacia s\u00faprava podlahov\u00e9ho vykurovania s \u010derpadlom Wilo at a best price.","robots":{"index":"index","follow":"follow","max-snippet":"max-snippet:-1","max-image-preview":"max-image-preview:large","max-video-preview":"max-video-preview:-1"},"canonical":"https:\/\/fluterm.eu\/sk\/prod\/zmiesavacia-suprava-podlahoveho-vykurovania-s-cerpadlom-wilo\/","og_locale":"sk_SK","og_type":"article","og_title":"Zmie\u0161avacia s\u00faprava podlahov\u00e9ho vykurovania s \u010derpadlom Wilo","og_description":"Order Zmie\u0161avacia s\u00faprava podlahov\u00e9ho vykurovania s \u010derpadlom Wilo at a best price.","og_url":"https:\/\/fluterm.eu\/sk\/prod\/zmiesavacia-suprava-podlahoveho-vykurovania-s-cerpadlom-wilo\/","og_site_name":"fluterm.eu","og_image":[{"width":298,"height":263,"url":"https:\/\/fluterm.eu\/wp-content\/uploads\/2023\/06\/10BE33BF-D06D-41CB-AE24-1597A1282835_4_5005_c.jpeg","type":"image\/jpeg"}],"twitter_card":"summary_large_image","twitter_misc":{"Predpokladan\u00fd \u010das \u010d\u00edtania":"1 min\u00fata"},"schema":{"@context":"https:\/\/schema.org","@graph":[{"@type":"WebPage","@id":"https:\/\/fluterm.eu\/sk\/prod\/zmiesavacia-suprava-podlahoveho-vykurovania-s-cerpadlom-wilo\/","url":"https:\/\/fluterm.eu\/sk\/prod\/zmiesavacia-suprava-podlahoveho-vykurovania-s-cerpadlom-wilo\/","name":"Zmie\u0161avacia s\u00faprava podlahov\u00e9ho vykurovania s \u010derpadlom Wilo","isPartOf":{"@id":"https:\/\/fluterm.eu\/#website"},"datePublished":"2023-06-10T11:51:05+00:00","dateModified":"2023-06-10T11:51:05+00:00","description":"Order Zmie\u0161avacia s\u00faprava podlahov\u00e9ho vykurovania s \u010derpadlom Wilo at a best price.","breadcrumb":{"@id":"https:\/\/fluterm.eu\/sk\/prod\/zmiesavacia-suprava-podlahoveho-vykurovania-s-cerpadlom-wilo\/#breadcrumb"},"inLanguage":"sk-SK","potentialAction":[{"@type":"ReadAction","target":["https:\/\/fluterm.eu\/sk\/prod\/zmiesavacia-suprava-podlahoveho-vykurovania-s-cerpadlom-wilo\/"]}]},{"@type":"BreadcrumbList","@id":"https:\/\/fluterm.eu\/sk\/prod\/zmiesavacia-suprava-podlahoveho-vykurovania-s-cerpadlom-wilo\/#breadcrumb","itemListElement":[{"@type":"ListItem","position":1,"name":"Home","item":"https:\/\/fluterm.eu\/sk\/obchod\/"},{"@type":"ListItem","position":2,"name":"Obchod","item":"https:\/\/fluterm.eu\/sk\/obchod\/"},{"@type":"ListItem","position":3,"name":"Zmie\u0161avacia s\u00faprava podlahov\u00e9ho vykurovania s \u010derpadlom Wilo"}]},{"@type":"WebSite","@id":"https:\/\/fluterm.eu\/#website","url":"https:\/\/fluterm.eu\/","name":"fluterm.eu","description":"","potentialAction":[{"@type":"SearchAction","target":{"@type":"EntryPoint","urlTemplate":"https:\/\/fluterm.eu\/?s={search_term_string}"},"query-input":"required name=search_term_string"}],"inLanguage":"sk-SK"}]}},"_links":{"self":[{"href":"https:\/\/fluterm.eu\/sk\/wp-json\/wp\/v2\/product\/14712","targetHints":{"allow":["GET"]}}],"collection":[{"href":"https:\/\/fluterm.eu\/sk\/wp-json\/wp\/v2\/product"}],"about":[{"href":"https:\/\/fluterm.eu\/sk\/wp-json\/wp\/v2\/types\/product"}],"replies":[{"embeddable":true,"href":"https:\/\/fluterm.eu\/sk\/wp-json\/wp\/v2\/comments?post=14712"}],"version-history":[{"count":0,"href":"https:\/\/fluterm.eu\/sk\/wp-json\/wp\/v2\/product\/14712\/revisions"}],"wp:featuredmedia":[{"embeddable":true,"href":"https:\/\/fluterm.eu\/sk\/wp-json\/wp\/v2\/media\/3125"}],"wp:attachment":[{"href":"https:\/\/fluterm.eu\/sk\/wp-json\/wp\/v2\/media?parent=14712"}],"wp:term":[{"taxonomy":"product_cat","embeddable":true,"href":"https:\/\/fluterm.eu\/sk\/wp-json\/wp\/v2\/product_cat?post=14712"},{"taxonomy":"product_tag","embeddable":true,"href":"https:\/\/fluterm.eu\/sk\/wp-json\/wp\/v2\/product_tag?post=14712"}],"curies":[{"name":"wp","href":"https:\/\/api.w.org\/{rel}","templated":true}]}}