{"id":15055,"date":"2023-07-17T20:31:53","date_gmt":"2023-07-17T17:31:53","guid":{"rendered":"https:\/\/fluterm.eu\/prod\/digitalny-termostat-uponor-smatrix-pulse\/"},"modified":"2023-07-17T20:31:53","modified_gmt":"2023-07-17T17:31:53","slug":"uponor-smatrix-pulse-digital-thermostat","status":"publish","type":"product","link":"https:\/\/fluterm.eu\/sk\/prod\/uponor-smatrix-pulse-digital-thermostat\/","title":{"rendered":"Digit\u00e1lny termostat Uponor Smatrix Pulse"},"content":{"rendered":"<h1 class=\"StyledTitle-sc-8c9c6r jUevoN\">Digit\u00e1lne termostaty Smatrix Pulse<\/h1>\n<div class=\"StyledDescription-sc-bq5nix hfyfVf\">\n<div class=\"StyledRichText-sc-1dnstbl bmohoz\">\n<p>Smatrix Pulse poskytuje presn\u00e9 bezdr\u00f4tov\u00e9 ovl\u00e1danie s\u00e1lav\u00e9ho podlahov\u00e9ho vykurovania, ako aj vykurovac\u00edch a chladiacich syst\u00e9mov s n\u00faten\u00fdm pr\u00edvodom vzduchu v jednom rie\u0161en\u00ed, ktor\u00e9 sa prip\u00e1ja k inteligentn\u00e9mu dom\u00e1cemu asistentovi a mo\u017eno ho ovl\u00e1da\u0165 aj na dia\u013eku prostredn\u00edctvom aplik\u00e1cie Smatrix Pulse.<\/p>\n<p>Digit\u00e1lny termostat Smatrix Pulse (T-169) je operat\u00edvny sn\u00edma\u010d teploty, ktor\u00fd poskytuje presn\u00e9 meranie tepeln\u00e9ho komfortu. Termostat zobrazuje na displeji aktu\u00e1lnu teplotu v miestnosti, nastaven\u00fa teplotu alebo relat\u00edvnu vlhkos\u0165. Pou\u017e\u00edvate\u013e upravuje nastavenie teploty pomocou tla\u010didiel na bo\u010dnej strane termostatu. Termostat sa prostredn\u00edctvom bezdr\u00f4tovej technol\u00f3gie prip\u00e1ja k pulzn\u00e9mu ovl\u00e1da\u010du Smatrix (X-265), ku ktor\u00e9mu mo\u017eno pripoji\u0165 a\u017e \u0161es\u0165 (6) termostatov a osem (8) ak\u010dn\u00fdch \u010dlenov. Riadiaca jednotka ovl\u00e1da ak\u010dn\u00e9 \u010dleny, ktor\u00e9 na z\u00e1klade inform\u00e1ci\u00ed pren\u00e1\u0161an\u00fdch z registrovan\u00fdch termostatov a syst\u00e9mov\u00fdch parametrov ovplyv\u0148uj\u00fa prietok priv\u00e1dzanej vody s cie\u013eom zmeni\u0165 vn\u00fatorn\u00fa teplotu.<\/p>\n<\/div>\n<\/div>\n","protected":false},"excerpt":{"rendered":"<p>Digit\u00e1lne termostaty Smatrix Pulse Smatrix Pulse poskytuje presn\u00e9 bezdr\u00f4tov\u00e9 ovl\u00e1danie s\u00e1lav\u00e9ho podlahov\u00e9ho vykurovania, ako aj vykurovac\u00edch a chladiacich syst\u00e9mov s n\u00faten\u00fdm pr\u00edvodom vzduchu v jednom rie\u0161en\u00ed, ktor\u00e9 sa prip\u00e1ja k inteligentn\u00e9mu dom\u00e1cemu asistentovi a mo\u017eno ho ovl\u00e1da\u0165 aj na dia\u013eku prostredn\u00edctvom aplik\u00e1cie Smatrix Pulse. Digit\u00e1lny termostat Smatrix Pulse (T-169) je operat\u00edvny sn\u00edma\u010d teploty, ktor\u00fd poskytuje&hellip;<\/p>\n","protected":false},"featured_media":4217,"comment_status":"open","ping_status":"closed","template":"","meta":[],"product_cat":[974],"product_tag":[],"class_list":{"0":"post-15055","1":"product","2":"type-product","3":"status-publish","4":"has-post-thumbnail","6":"product_cat-automatizacia-podlahoveho-vykurovania","8":"first","9":"instock","10":"taxable","11":"shipping-taxable","12":"purchasable","13":"product-type-simple","14":"col-xs-6 col-sm-4","15":"col-md-4 col-lg-4","16":"un-3-cols"},"acf":[],"yoast_head":"<!-- This site is optimized with the Yoast SEO plugin v21.2 - https:\/\/yoast.com\/wordpress\/plugins\/seo\/ -->\n<title>Digit\u00e1lny termostat Uponor Smatrix Pulse<\/title>\n<meta name=\"description\" content=\"Order Digit\u00e1lny termostat Uponor Smatrix Pulse at a best price.\" \/>\n<meta name=\"robots\" content=\"index, follow, max-snippet:-1, max-image-preview:large, max-video-preview:-1\" \/>\n<link rel=\"canonical\" href=\"https:\/\/fluterm.eu\/sk\/prod\/digitalny-termostat-uponor-smatrix-pulse\/\" \/>\n<meta property=\"og:locale\" content=\"sk_SK\" \/>\n<meta property=\"og:type\" content=\"article\" \/>\n<meta property=\"og:title\" content=\"Digit\u00e1lny termostat Uponor Smatrix Pulse\" \/>\n<meta property=\"og:description\" content=\"Order Digit\u00e1lny termostat Uponor Smatrix Pulse at a best price.\" \/>\n<meta property=\"og:url\" content=\"https:\/\/fluterm.eu\/sk\/prod\/digitalny-termostat-uponor-smatrix-pulse\/\" \/>\n<meta property=\"og:site_name\" content=\"fluterm.eu\" \/>\n<meta property=\"og:image\" content=\"https:\/\/fluterm.eu\/wp-content\/uploads\/2023\/07\/947DE7E1-F772-4EB8-9EA8-6039DA1679E0.jpeg\" \/>\n\t<meta property=\"og:image:width\" content=\"432\" \/>\n\t<meta property=\"og:image:height\" content=\"432\" \/>\n\t<meta property=\"og:image:type\" content=\"image\/jpeg\" \/>\n<meta name=\"twitter:card\" content=\"summary_large_image\" \/>\n<meta name=\"twitter:label1\" content=\"Predpokladan\u00fd \u010das \u010d\u00edtania\" \/>\n\t<meta name=\"twitter:data1\" content=\"1 min\u00fata\" \/>\n<script type=\"application\/ld+json\" class=\"yoast-schema-graph\">{\"@context\":\"https:\/\/schema.org\",\"@graph\":[{\"@type\":\"WebPage\",\"@id\":\"https:\/\/fluterm.eu\/sk\/prod\/digitalny-termostat-uponor-smatrix-pulse\/\",\"url\":\"https:\/\/fluterm.eu\/sk\/prod\/digitalny-termostat-uponor-smatrix-pulse\/\",\"name\":\"Digit\u00e1lny termostat Uponor Smatrix Pulse\",\"isPartOf\":{\"@id\":\"https:\/\/fluterm.eu\/#website\"},\"datePublished\":\"2023-07-17T17:31:53+00:00\",\"dateModified\":\"2023-07-17T17:31:53+00:00\",\"description\":\"Order Digit\u00e1lny termostat Uponor Smatrix Pulse at a best price.\",\"breadcrumb\":{\"@id\":\"https:\/\/fluterm.eu\/sk\/prod\/digitalny-termostat-uponor-smatrix-pulse\/#breadcrumb\"},\"inLanguage\":\"sk-SK\",\"potentialAction\":[{\"@type\":\"ReadAction\",\"target\":[\"https:\/\/fluterm.eu\/sk\/prod\/digitalny-termostat-uponor-smatrix-pulse\/\"]}]},{\"@type\":\"BreadcrumbList\",\"@id\":\"https:\/\/fluterm.eu\/sk\/prod\/digitalny-termostat-uponor-smatrix-pulse\/#breadcrumb\",\"itemListElement\":[{\"@type\":\"ListItem\",\"position\":1,\"name\":\"Home\",\"item\":\"https:\/\/fluterm.eu\/sk\/obchod\/\"},{\"@type\":\"ListItem\",\"position\":2,\"name\":\"Obchod\",\"item\":\"https:\/\/fluterm.eu\/sk\/obchod\/\"},{\"@type\":\"ListItem\",\"position\":3,\"name\":\"Digit\u00e1lny termostat Uponor Smatrix Pulse\"}]},{\"@type\":\"WebSite\",\"@id\":\"https:\/\/fluterm.eu\/#website\",\"url\":\"https:\/\/fluterm.eu\/\",\"name\":\"fluterm.eu\",\"description\":\"\",\"potentialAction\":[{\"@type\":\"SearchAction\",\"target\":{\"@type\":\"EntryPoint\",\"urlTemplate\":\"https:\/\/fluterm.eu\/?s={search_term_string}\"},\"query-input\":\"required name=search_term_string\"}],\"inLanguage\":\"sk-SK\"}]}<\/script>\n<!-- \/ Yoast SEO plugin. -->","yoast_head_json":{"title":"Digit\u00e1lny termostat Uponor Smatrix Pulse","description":"Order Digit\u00e1lny termostat Uponor Smatrix Pulse at a best price.","robots":{"index":"index","follow":"follow","max-snippet":"max-snippet:-1","max-image-preview":"max-image-preview:large","max-video-preview":"max-video-preview:-1"},"canonical":"https:\/\/fluterm.eu\/sk\/prod\/digitalny-termostat-uponor-smatrix-pulse\/","og_locale":"sk_SK","og_type":"article","og_title":"Digit\u00e1lny termostat Uponor Smatrix Pulse","og_description":"Order Digit\u00e1lny termostat Uponor Smatrix Pulse at a best price.","og_url":"https:\/\/fluterm.eu\/sk\/prod\/digitalny-termostat-uponor-smatrix-pulse\/","og_site_name":"fluterm.eu","og_image":[{"width":432,"height":432,"url":"https:\/\/fluterm.eu\/wp-content\/uploads\/2023\/07\/947DE7E1-F772-4EB8-9EA8-6039DA1679E0.jpeg","type":"image\/jpeg"}],"twitter_card":"summary_large_image","twitter_misc":{"Predpokladan\u00fd \u010das \u010d\u00edtania":"1 min\u00fata"},"schema":{"@context":"https:\/\/schema.org","@graph":[{"@type":"WebPage","@id":"https:\/\/fluterm.eu\/sk\/prod\/digitalny-termostat-uponor-smatrix-pulse\/","url":"https:\/\/fluterm.eu\/sk\/prod\/digitalny-termostat-uponor-smatrix-pulse\/","name":"Digit\u00e1lny termostat Uponor Smatrix Pulse","isPartOf":{"@id":"https:\/\/fluterm.eu\/#website"},"datePublished":"2023-07-17T17:31:53+00:00","dateModified":"2023-07-17T17:31:53+00:00","description":"Order Digit\u00e1lny termostat Uponor Smatrix Pulse at a best price.","breadcrumb":{"@id":"https:\/\/fluterm.eu\/sk\/prod\/digitalny-termostat-uponor-smatrix-pulse\/#breadcrumb"},"inLanguage":"sk-SK","potentialAction":[{"@type":"ReadAction","target":["https:\/\/fluterm.eu\/sk\/prod\/digitalny-termostat-uponor-smatrix-pulse\/"]}]},{"@type":"BreadcrumbList","@id":"https:\/\/fluterm.eu\/sk\/prod\/digitalny-termostat-uponor-smatrix-pulse\/#breadcrumb","itemListElement":[{"@type":"ListItem","position":1,"name":"Home","item":"https:\/\/fluterm.eu\/sk\/obchod\/"},{"@type":"ListItem","position":2,"name":"Obchod","item":"https:\/\/fluterm.eu\/sk\/obchod\/"},{"@type":"ListItem","position":3,"name":"Digit\u00e1lny termostat Uponor Smatrix Pulse"}]},{"@type":"WebSite","@id":"https:\/\/fluterm.eu\/#website","url":"https:\/\/fluterm.eu\/","name":"fluterm.eu","description":"","potentialAction":[{"@type":"SearchAction","target":{"@type":"EntryPoint","urlTemplate":"https:\/\/fluterm.eu\/?s={search_term_string}"},"query-input":"required name=search_term_string"}],"inLanguage":"sk-SK"}]}},"_links":{"self":[{"href":"https:\/\/fluterm.eu\/sk\/wp-json\/wp\/v2\/product\/15055","targetHints":{"allow":["GET"]}}],"collection":[{"href":"https:\/\/fluterm.eu\/sk\/wp-json\/wp\/v2\/product"}],"about":[{"href":"https:\/\/fluterm.eu\/sk\/wp-json\/wp\/v2\/types\/product"}],"replies":[{"embeddable":true,"href":"https:\/\/fluterm.eu\/sk\/wp-json\/wp\/v2\/comments?post=15055"}],"version-history":[{"count":0,"href":"https:\/\/fluterm.eu\/sk\/wp-json\/wp\/v2\/product\/15055\/revisions"}],"wp:featuredmedia":[{"embeddable":true,"href":"https:\/\/fluterm.eu\/sk\/wp-json\/wp\/v2\/media\/4217"}],"wp:attachment":[{"href":"https:\/\/fluterm.eu\/sk\/wp-json\/wp\/v2\/media?parent=15055"}],"wp:term":[{"taxonomy":"product_cat","embeddable":true,"href":"https:\/\/fluterm.eu\/sk\/wp-json\/wp\/v2\/product_cat?post=15055"},{"taxonomy":"product_tag","embeddable":true,"href":"https:\/\/fluterm.eu\/sk\/wp-json\/wp\/v2\/product_tag?post=15055"}],"curies":[{"name":"wp","href":"https:\/\/api.w.org\/{rel}","templated":true}]}}