{"id":15107,"date":"2023-07-17T20:39:49","date_gmt":"2023-07-17T17:39:49","guid":{"rendered":"https:\/\/fluterm.eu\/prod\/tepelny-pohon-uponor-pre-rozdelovace-podlahoveho-vykurovania\/"},"modified":"2024-10-13T01:51:10","modified_gmt":"2024-10-12T22:51:10","slug":"tepelny-aktuator-na-manifoldoch-podlahove-vykurovanie","status":"publish","type":"product","link":"https:\/\/fluterm.eu\/sk\/prod\/tepelny-aktuator-na-manifoldoch-podlahove-vykurovanie\/","title":{"rendered":"Tepeln\u00fd pohon Uponor pre rozde\u013eova\u010de podlahov\u00e9ho vykurovania"},"content":{"rendered":"<p>Dvojvodi\u010dov\u00e9, pomaly sa otv\u00e1raj\u00face tepeln\u00e9 pohony sa montuj\u00fa priamo na vykurovacie rozde\u013eova\u010de z nehrdzavej\u00facej ocele, aby zabezpe\u010dili individu\u00e1lnu regul\u00e1ciu prietoku vo viacz\u00f3novom rozde\u013eova\u010di (rozde\u013eova\u010d obsluhuj\u00faci viac ako jednu z\u00f3nu). Pozn\u00e1mka: Pozrite si inform\u00e1cie o pohone k kolektoru<\/p>\n","protected":false},"excerpt":{"rendered":"<p>Dvojvodi\u010dov\u00e9, pomaly sa otv\u00e1raj\u00face tepeln\u00e9 pohony sa montuj\u00fa priamo na vykurovacie rozde\u013eova\u010de z nehrdzavej\u00facej ocele, aby zabezpe\u010dili individu\u00e1lnu regul\u00e1ciu prietoku vo viacz\u00f3novom rozde\u013eova\u010di (rozde\u013eova\u010d obsluhuj\u00faci viac ako jednu z\u00f3nu). Pozn\u00e1mka: Pozrite si inform\u00e1cie o pohone k kolektoru<\/p>\n","protected":false},"featured_media":4280,"comment_status":"open","ping_status":"closed","template":"","meta":[],"product_cat":[974],"product_tag":[],"class_list":{"0":"post-15107","1":"product","2":"type-product","3":"status-publish","4":"has-post-thumbnail","6":"product_cat-automatizacia-podlahoveho-vykurovania","8":"first","9":"instock","10":"taxable","11":"shipping-taxable","12":"purchasable","13":"product-type-simple","14":"col-xs-6 col-sm-4","15":"col-md-4 col-lg-4","16":"un-3-cols"},"acf":[],"yoast_head":"<!-- This site is optimized with the Yoast SEO plugin v21.2 - https:\/\/yoast.com\/wordpress\/plugins\/seo\/ -->\n<title>Tepeln\u00fd pohon Uponor pre rozde\u013eova\u010de podlahov\u00e9ho vykurovania<\/title>\n<meta name=\"description\" content=\"Order Tepeln\u00fd pohon Uponor pre rozde\u013eova\u010de podlahov\u00e9ho vykurovania at a best price.\" \/>\n<meta name=\"robots\" content=\"index, follow, max-snippet:-1, max-image-preview:large, max-video-preview:-1\" \/>\n<link rel=\"canonical\" href=\"https:\/\/fluterm.eu\/sk\/prod\/tepelny-pohon-uponor-pre-rozdelovace-podlahoveho-vykurovania\/\" \/>\n<meta property=\"og:locale\" content=\"sk_SK\" \/>\n<meta property=\"og:type\" content=\"article\" \/>\n<meta property=\"og:title\" content=\"Tepeln\u00fd pohon Uponor pre rozde\u013eova\u010de podlahov\u00e9ho vykurovania\" \/>\n<meta property=\"og:description\" content=\"Order Tepeln\u00fd pohon Uponor pre rozde\u013eova\u010de podlahov\u00e9ho vykurovania at a best price.\" \/>\n<meta property=\"og:url\" content=\"https:\/\/fluterm.eu\/sk\/prod\/tepelny-pohon-uponor-pre-rozdelovace-podlahoveho-vykurovania\/\" \/>\n<meta property=\"og:site_name\" content=\"fluterm.eu\" \/>\n<meta property=\"article:modified_time\" content=\"2024-10-12T22:51:10+00:00\" \/>\n<meta property=\"og:image\" content=\"https:\/\/fluterm.eu\/wp-content\/uploads\/2023\/07\/act-uponor.webp\" \/>\n\t<meta property=\"og:image:width\" content=\"600\" \/>\n\t<meta property=\"og:image:height\" content=\"600\" \/>\n\t<meta property=\"og:image:type\" content=\"image\/webp\" \/>\n<meta name=\"twitter:card\" content=\"summary_large_image\" \/>\n<script type=\"application\/ld+json\" class=\"yoast-schema-graph\">{\"@context\":\"https:\/\/schema.org\",\"@graph\":[{\"@type\":\"WebPage\",\"@id\":\"https:\/\/fluterm.eu\/sk\/prod\/tepelny-pohon-uponor-pre-rozdelovace-podlahoveho-vykurovania\/\",\"url\":\"https:\/\/fluterm.eu\/sk\/prod\/tepelny-pohon-uponor-pre-rozdelovace-podlahoveho-vykurovania\/\",\"name\":\"Tepeln\u00fd pohon Uponor pre rozde\u013eova\u010de podlahov\u00e9ho vykurovania\",\"isPartOf\":{\"@id\":\"https:\/\/fluterm.eu\/#website\"},\"datePublished\":\"2023-07-17T17:39:49+00:00\",\"dateModified\":\"2024-10-12T22:51:10+00:00\",\"description\":\"Order Tepeln\u00fd pohon Uponor pre rozde\u013eova\u010de podlahov\u00e9ho vykurovania at a best price.\",\"breadcrumb\":{\"@id\":\"https:\/\/fluterm.eu\/sk\/prod\/tepelny-pohon-uponor-pre-rozdelovace-podlahoveho-vykurovania\/#breadcrumb\"},\"inLanguage\":\"sk-SK\",\"potentialAction\":[{\"@type\":\"ReadAction\",\"target\":[\"https:\/\/fluterm.eu\/sk\/prod\/tepelny-pohon-uponor-pre-rozdelovace-podlahoveho-vykurovania\/\"]}]},{\"@type\":\"BreadcrumbList\",\"@id\":\"https:\/\/fluterm.eu\/sk\/prod\/tepelny-pohon-uponor-pre-rozdelovace-podlahoveho-vykurovania\/#breadcrumb\",\"itemListElement\":[{\"@type\":\"ListItem\",\"position\":1,\"name\":\"Home\",\"item\":\"https:\/\/fluterm.eu\/sk\/obchod\/\"},{\"@type\":\"ListItem\",\"position\":2,\"name\":\"Obchod\",\"item\":\"https:\/\/fluterm.eu\/sk\/obchod\/\"},{\"@type\":\"ListItem\",\"position\":3,\"name\":\"Tepeln\u00fd pohon Uponor pre rozde\u013eova\u010de podlahov\u00e9ho vykurovania\"}]},{\"@type\":\"WebSite\",\"@id\":\"https:\/\/fluterm.eu\/#website\",\"url\":\"https:\/\/fluterm.eu\/\",\"name\":\"fluterm.eu\",\"description\":\"\",\"potentialAction\":[{\"@type\":\"SearchAction\",\"target\":{\"@type\":\"EntryPoint\",\"urlTemplate\":\"https:\/\/fluterm.eu\/?s={search_term_string}\"},\"query-input\":\"required name=search_term_string\"}],\"inLanguage\":\"sk-SK\"}]}<\/script>\n<!-- \/ Yoast SEO plugin. -->","yoast_head_json":{"title":"Tepeln\u00fd pohon Uponor pre rozde\u013eova\u010de podlahov\u00e9ho vykurovania","description":"Order Tepeln\u00fd pohon Uponor pre rozde\u013eova\u010de podlahov\u00e9ho vykurovania at a best price.","robots":{"index":"index","follow":"follow","max-snippet":"max-snippet:-1","max-image-preview":"max-image-preview:large","max-video-preview":"max-video-preview:-1"},"canonical":"https:\/\/fluterm.eu\/sk\/prod\/tepelny-pohon-uponor-pre-rozdelovace-podlahoveho-vykurovania\/","og_locale":"sk_SK","og_type":"article","og_title":"Tepeln\u00fd pohon Uponor pre rozde\u013eova\u010de podlahov\u00e9ho vykurovania","og_description":"Order Tepeln\u00fd pohon Uponor pre rozde\u013eova\u010de podlahov\u00e9ho vykurovania at a best price.","og_url":"https:\/\/fluterm.eu\/sk\/prod\/tepelny-pohon-uponor-pre-rozdelovace-podlahoveho-vykurovania\/","og_site_name":"fluterm.eu","article_modified_time":"2024-10-12T22:51:10+00:00","og_image":[{"width":600,"height":600,"url":"https:\/\/fluterm.eu\/wp-content\/uploads\/2023\/07\/act-uponor.webp","type":"image\/webp"}],"twitter_card":"summary_large_image","schema":{"@context":"https:\/\/schema.org","@graph":[{"@type":"WebPage","@id":"https:\/\/fluterm.eu\/sk\/prod\/tepelny-pohon-uponor-pre-rozdelovace-podlahoveho-vykurovania\/","url":"https:\/\/fluterm.eu\/sk\/prod\/tepelny-pohon-uponor-pre-rozdelovace-podlahoveho-vykurovania\/","name":"Tepeln\u00fd pohon Uponor pre rozde\u013eova\u010de podlahov\u00e9ho vykurovania","isPartOf":{"@id":"https:\/\/fluterm.eu\/#website"},"datePublished":"2023-07-17T17:39:49+00:00","dateModified":"2024-10-12T22:51:10+00:00","description":"Order Tepeln\u00fd pohon Uponor pre rozde\u013eova\u010de podlahov\u00e9ho vykurovania at a best price.","breadcrumb":{"@id":"https:\/\/fluterm.eu\/sk\/prod\/tepelny-pohon-uponor-pre-rozdelovace-podlahoveho-vykurovania\/#breadcrumb"},"inLanguage":"sk-SK","potentialAction":[{"@type":"ReadAction","target":["https:\/\/fluterm.eu\/sk\/prod\/tepelny-pohon-uponor-pre-rozdelovace-podlahoveho-vykurovania\/"]}]},{"@type":"BreadcrumbList","@id":"https:\/\/fluterm.eu\/sk\/prod\/tepelny-pohon-uponor-pre-rozdelovace-podlahoveho-vykurovania\/#breadcrumb","itemListElement":[{"@type":"ListItem","position":1,"name":"Home","item":"https:\/\/fluterm.eu\/sk\/obchod\/"},{"@type":"ListItem","position":2,"name":"Obchod","item":"https:\/\/fluterm.eu\/sk\/obchod\/"},{"@type":"ListItem","position":3,"name":"Tepeln\u00fd pohon Uponor pre rozde\u013eova\u010de podlahov\u00e9ho vykurovania"}]},{"@type":"WebSite","@id":"https:\/\/fluterm.eu\/#website","url":"https:\/\/fluterm.eu\/","name":"fluterm.eu","description":"","potentialAction":[{"@type":"SearchAction","target":{"@type":"EntryPoint","urlTemplate":"https:\/\/fluterm.eu\/?s={search_term_string}"},"query-input":"required name=search_term_string"}],"inLanguage":"sk-SK"}]}},"_links":{"self":[{"href":"https:\/\/fluterm.eu\/sk\/wp-json\/wp\/v2\/product\/15107","targetHints":{"allow":["GET"]}}],"collection":[{"href":"https:\/\/fluterm.eu\/sk\/wp-json\/wp\/v2\/product"}],"about":[{"href":"https:\/\/fluterm.eu\/sk\/wp-json\/wp\/v2\/types\/product"}],"replies":[{"embeddable":true,"href":"https:\/\/fluterm.eu\/sk\/wp-json\/wp\/v2\/comments?post=15107"}],"version-history":[{"count":0,"href":"https:\/\/fluterm.eu\/sk\/wp-json\/wp\/v2\/product\/15107\/revisions"}],"wp:featuredmedia":[{"embeddable":true,"href":"https:\/\/fluterm.eu\/sk\/wp-json\/wp\/v2\/media\/4280"}],"wp:attachment":[{"href":"https:\/\/fluterm.eu\/sk\/wp-json\/wp\/v2\/media?parent=15107"}],"wp:term":[{"taxonomy":"product_cat","embeddable":true,"href":"https:\/\/fluterm.eu\/sk\/wp-json\/wp\/v2\/product_cat?post=15107"},{"taxonomy":"product_tag","embeddable":true,"href":"https:\/\/fluterm.eu\/sk\/wp-json\/wp\/v2\/product_tag?post=15107"}],"curies":[{"name":"wp","href":"https:\/\/api.w.org\/{rel}","templated":true}]}}