{"id":15215,"date":"2023-07-12T19:44:16","date_gmt":"2023-07-12T16:44:16","guid":{"rendered":"https:\/\/fluterm.eu\/prod\/potrubie-pre-podlahove-vykurovanie-s-kyslikovou-barierou-giacomini-pe-xb-extra-flex-16x2mm\/"},"modified":"2025-05-01T00:23:02","modified_gmt":"2025-04-30T21:23:02","slug":"rurka-pre-podlahove-vykurovanie-s-kyslikovou-barierou-giacomini-pe-xb-extra-flex-16x2mm","status":"publish","type":"product","link":"https:\/\/fluterm.eu\/sk\/prod\/rurka-pre-podlahove-vykurovanie-s-kyslikovou-barierou-giacomini-pe-xb-extra-flex-16x2mm\/","title":{"rendered":"Potrubie pre podlahov\u00e9 vykurovanie s kysl\u00edkovou bari\u00e9rou Giacomini PE-Xb Extra Flex 16x2mm"},"content":{"rendered":"<div class=\"page\" title=\"Strana 1\">\n<div class=\"layoutArea\">\n<div class=\"column\">\n<p>                         <strong>50 rokov z\u00e1ruky<\/strong><\/p>\n<p>R\u00fary Giacomini PE-Xb s kysl\u00edkovou bari\u00e9rou R996T s\u00fa ur\u010den\u00e9 pre vykurovacie alebo chladiace syst\u00e9my.<\/p>\n<p>Maj\u00fa stupe\u0148 retikul\u00e1cie viac ako 70 % a v\u010faka zmesi vyvinutej \u0161peci\u00e1lne pre tieto r\u00farky vykazuj\u00fa vysok\u00fa flexibilitu, ktor\u00e1 umo\u017e\u0148uje jednoduch\u00fa in\u0161tal\u00e1ciu na dosku s uzlami alebo na in\u00fa podlo\u017eku pre podlahov\u00e9 vykurovanie.<\/p>\n<p>Predstavuje kysl\u00edkov\u00fa bari\u00e9ru pod\u013ea noriem RN ISO 15875 a DIN 4726 a \u017eivotnos\u0165 viac ako 50 rokov.<\/p>\n<p>Technick\u00e9 \u0161pecifik\u00e1cie:<br \/>\nOblas\u0165 pou\u017eitia: Trieda 4 (podlahov\u00e9 vykurovacie syst\u00e9my) a trieda 5 (radi\u00e1torov\u00e9 vykurovacie syst\u00e9my)<br \/>\nPotrubie nie je ur\u010den\u00e9 na pou\u017eitie v syst\u00e9moch pitnej vody<\/p>\n<p>&#8211; Hustota: 0,939 g \/ cm3<br \/>\n&#8211; Tepeln\u00e1 vodivos\u0165: 0,38 W \/ (m K)<br \/>\n&#8211; Koeficient line\u00e1rnej roz\u0165a\u017enosti: (1,9 x 10-4) \/ K<br \/>\n&#8211; Pred\u013a\u017eenie pri pretrhnut\u00ed: 520%<br \/>\n&#8211; Modul pru\u017enosti pri 23 \u00b0C: 540 MPa<br \/>\nPou\u017eitie: Podlahov\u00e9 vykurovanie<\/p>\n<p>Priemer r\u00farky: 16 mm<\/p>\n<p>Typ potrubia: PE-Xb<\/p>\n<p>ak\u00fdko\u013evek z\u00e1znam mo\u017eno vystrihn\u00fa\u0165<\/p>\n<\/div>\n<\/div>\n<\/div>\n<div id=\"jp-relatedposts\" class=\"jp-relatedposts\">\n<h3 class=\"jp-relatedposts-headline\"><\/h3>\n<div class=\"jp-relatedposts-items jp-relatedposts-items-minimal jp-relatedposts-grid \">\n<p class=\"jp-relatedposts-post jp-relatedposts-post0\" data-post-id=\"122\" data-post-format=\"false\">\n<\/div>\n<\/div>\n","protected":false},"excerpt":{"rendered":"<p>potrubie pre podlahov\u00e9 vykurovanie<\/p>\n","protected":false},"featured_media":3335,"comment_status":"open","ping_status":"closed","template":"","meta":[],"product_cat":[872],"product_tag":[],"class_list":{"0":"post-15215","1":"product","2":"type-product","3":"status-publish","4":"has-post-thumbnail","6":"product_cat-potrubie-podlahoveho-vykurovania","8":"first","9":"instock","10":"taxable","11":"shipping-taxable","12":"purchasable","13":"product-type-simple","14":"col-xs-6 col-sm-4","15":"col-md-4 col-lg-4","16":"un-3-cols"},"acf":[],"yoast_head":"<!-- This site is optimized with the Yoast SEO plugin v21.2 - https:\/\/yoast.com\/wordpress\/plugins\/seo\/ -->\n<title>Potrubie pre podlahov\u00e9 vykurovanie s kysl\u00edkovou bari\u00e9rou Giacomini PE-Xb Extra Flex 16x2mm<\/title>\n<meta name=\"description\" content=\"Order Potrubie pre podlahov\u00e9 vykurovanie s kysl\u00edkovou bari\u00e9rou Giacomini PE-Xb Extra Flex 16x2mm at a best price.\" \/>\n<meta name=\"robots\" content=\"index, follow, max-snippet:-1, max-image-preview:large, max-video-preview:-1\" \/>\n<link rel=\"canonical\" href=\"https:\/\/fluterm.eu\/sk\/prod\/rurka-pre-podlahove-vykurovanie-s-kyslikovou-barierou-giacomini-pe-xb-extra-flex-16x2mm\/\" \/>\n<meta property=\"og:locale\" content=\"sk_SK\" \/>\n<meta property=\"og:type\" content=\"article\" \/>\n<meta property=\"og:title\" content=\"Potrubie pre podlahov\u00e9 vykurovanie s kysl\u00edkovou bari\u00e9rou Giacomini PE-Xb Extra Flex 16x2mm\" \/>\n<meta property=\"og:description\" content=\"Order Potrubie pre podlahov\u00e9 vykurovanie s kysl\u00edkovou bari\u00e9rou Giacomini PE-Xb Extra Flex 16x2mm at a best price.\" \/>\n<meta property=\"og:url\" content=\"https:\/\/fluterm.eu\/sk\/prod\/rurka-pre-podlahove-vykurovanie-s-kyslikovou-barierou-giacomini-pe-xb-extra-flex-16x2mm\/\" \/>\n<meta property=\"og:site_name\" content=\"fluterm.eu\" \/>\n<meta property=\"article:modified_time\" content=\"2025-04-30T21:23:02+00:00\" \/>\n<meta property=\"og:image\" content=\"https:\/\/fluterm.eu\/wp-content\/uploads\/2023\/07\/12A5F521-8C25-422C-B15B-8035068EDE3C_4_5005_c.jpeg\" \/>\n\t<meta property=\"og:image:width\" content=\"224\" \/>\n\t<meta property=\"og:image:height\" content=\"224\" \/>\n\t<meta property=\"og:image:type\" content=\"image\/jpeg\" \/>\n<meta name=\"twitter:card\" content=\"summary_large_image\" \/>\n<meta name=\"twitter:label1\" content=\"Predpokladan\u00fd \u010das \u010d\u00edtania\" \/>\n\t<meta name=\"twitter:data1\" content=\"1 min\u00fata\" \/>\n<script type=\"application\/ld+json\" class=\"yoast-schema-graph\">{\"@context\":\"https:\/\/schema.org\",\"@graph\":[{\"@type\":\"WebPage\",\"@id\":\"https:\/\/fluterm.eu\/sk\/prod\/rurka-pre-podlahove-vykurovanie-s-kyslikovou-barierou-giacomini-pe-xb-extra-flex-16x2mm\/\",\"url\":\"https:\/\/fluterm.eu\/sk\/prod\/rurka-pre-podlahove-vykurovanie-s-kyslikovou-barierou-giacomini-pe-xb-extra-flex-16x2mm\/\",\"name\":\"Potrubie pre podlahov\u00e9 vykurovanie s kysl\u00edkovou bari\u00e9rou Giacomini PE-Xb Extra Flex 16x2mm\",\"isPartOf\":{\"@id\":\"https:\/\/fluterm.eu\/#website\"},\"datePublished\":\"2023-07-12T16:44:16+00:00\",\"dateModified\":\"2025-04-30T21:23:02+00:00\",\"description\":\"Order Potrubie pre podlahov\u00e9 vykurovanie s kysl\u00edkovou bari\u00e9rou Giacomini PE-Xb Extra Flex 16x2mm at a best price.\",\"breadcrumb\":{\"@id\":\"https:\/\/fluterm.eu\/sk\/prod\/rurka-pre-podlahove-vykurovanie-s-kyslikovou-barierou-giacomini-pe-xb-extra-flex-16x2mm\/#breadcrumb\"},\"inLanguage\":\"sk-SK\",\"potentialAction\":[{\"@type\":\"ReadAction\",\"target\":[\"https:\/\/fluterm.eu\/sk\/prod\/rurka-pre-podlahove-vykurovanie-s-kyslikovou-barierou-giacomini-pe-xb-extra-flex-16x2mm\/\"]}]},{\"@type\":\"BreadcrumbList\",\"@id\":\"https:\/\/fluterm.eu\/sk\/prod\/rurka-pre-podlahove-vykurovanie-s-kyslikovou-barierou-giacomini-pe-xb-extra-flex-16x2mm\/#breadcrumb\",\"itemListElement\":[{\"@type\":\"ListItem\",\"position\":1,\"name\":\"Home\",\"item\":\"https:\/\/fluterm.eu\/sk\/obchod\/\"},{\"@type\":\"ListItem\",\"position\":2,\"name\":\"Obchod\",\"item\":\"https:\/\/fluterm.eu\/sk\/obchod\/\"},{\"@type\":\"ListItem\",\"position\":3,\"name\":\"Potrubie pre podlahov\u00e9 vykurovanie s kysl\u00edkovou bari\u00e9rou Giacomini PE-Xb Extra Flex 16x2mm\"}]},{\"@type\":\"WebSite\",\"@id\":\"https:\/\/fluterm.eu\/#website\",\"url\":\"https:\/\/fluterm.eu\/\",\"name\":\"fluterm.eu\",\"description\":\"\",\"potentialAction\":[{\"@type\":\"SearchAction\",\"target\":{\"@type\":\"EntryPoint\",\"urlTemplate\":\"https:\/\/fluterm.eu\/?s={search_term_string}\"},\"query-input\":\"required name=search_term_string\"}],\"inLanguage\":\"sk-SK\"}]}<\/script>\n<!-- \/ Yoast SEO plugin. -->","yoast_head_json":{"title":"Potrubie pre podlahov\u00e9 vykurovanie s kysl\u00edkovou bari\u00e9rou Giacomini PE-Xb Extra Flex 16x2mm","description":"Order Potrubie pre podlahov\u00e9 vykurovanie s kysl\u00edkovou bari\u00e9rou Giacomini PE-Xb Extra Flex 16x2mm at a best price.","robots":{"index":"index","follow":"follow","max-snippet":"max-snippet:-1","max-image-preview":"max-image-preview:large","max-video-preview":"max-video-preview:-1"},"canonical":"https:\/\/fluterm.eu\/sk\/prod\/rurka-pre-podlahove-vykurovanie-s-kyslikovou-barierou-giacomini-pe-xb-extra-flex-16x2mm\/","og_locale":"sk_SK","og_type":"article","og_title":"Potrubie pre podlahov\u00e9 vykurovanie s kysl\u00edkovou bari\u00e9rou Giacomini PE-Xb Extra Flex 16x2mm","og_description":"Order Potrubie pre podlahov\u00e9 vykurovanie s kysl\u00edkovou bari\u00e9rou Giacomini PE-Xb Extra Flex 16x2mm at a best price.","og_url":"https:\/\/fluterm.eu\/sk\/prod\/rurka-pre-podlahove-vykurovanie-s-kyslikovou-barierou-giacomini-pe-xb-extra-flex-16x2mm\/","og_site_name":"fluterm.eu","article_modified_time":"2025-04-30T21:23:02+00:00","og_image":[{"width":224,"height":224,"url":"https:\/\/fluterm.eu\/wp-content\/uploads\/2023\/07\/12A5F521-8C25-422C-B15B-8035068EDE3C_4_5005_c.jpeg","type":"image\/jpeg"}],"twitter_card":"summary_large_image","twitter_misc":{"Predpokladan\u00fd \u010das \u010d\u00edtania":"1 min\u00fata"},"schema":{"@context":"https:\/\/schema.org","@graph":[{"@type":"WebPage","@id":"https:\/\/fluterm.eu\/sk\/prod\/rurka-pre-podlahove-vykurovanie-s-kyslikovou-barierou-giacomini-pe-xb-extra-flex-16x2mm\/","url":"https:\/\/fluterm.eu\/sk\/prod\/rurka-pre-podlahove-vykurovanie-s-kyslikovou-barierou-giacomini-pe-xb-extra-flex-16x2mm\/","name":"Potrubie pre podlahov\u00e9 vykurovanie s kysl\u00edkovou bari\u00e9rou Giacomini PE-Xb Extra Flex 16x2mm","isPartOf":{"@id":"https:\/\/fluterm.eu\/#website"},"datePublished":"2023-07-12T16:44:16+00:00","dateModified":"2025-04-30T21:23:02+00:00","description":"Order Potrubie pre podlahov\u00e9 vykurovanie s kysl\u00edkovou bari\u00e9rou Giacomini PE-Xb Extra Flex 16x2mm at a best price.","breadcrumb":{"@id":"https:\/\/fluterm.eu\/sk\/prod\/rurka-pre-podlahove-vykurovanie-s-kyslikovou-barierou-giacomini-pe-xb-extra-flex-16x2mm\/#breadcrumb"},"inLanguage":"sk-SK","potentialAction":[{"@type":"ReadAction","target":["https:\/\/fluterm.eu\/sk\/prod\/rurka-pre-podlahove-vykurovanie-s-kyslikovou-barierou-giacomini-pe-xb-extra-flex-16x2mm\/"]}]},{"@type":"BreadcrumbList","@id":"https:\/\/fluterm.eu\/sk\/prod\/rurka-pre-podlahove-vykurovanie-s-kyslikovou-barierou-giacomini-pe-xb-extra-flex-16x2mm\/#breadcrumb","itemListElement":[{"@type":"ListItem","position":1,"name":"Home","item":"https:\/\/fluterm.eu\/sk\/obchod\/"},{"@type":"ListItem","position":2,"name":"Obchod","item":"https:\/\/fluterm.eu\/sk\/obchod\/"},{"@type":"ListItem","position":3,"name":"Potrubie pre podlahov\u00e9 vykurovanie s kysl\u00edkovou bari\u00e9rou Giacomini PE-Xb Extra Flex 16x2mm"}]},{"@type":"WebSite","@id":"https:\/\/fluterm.eu\/#website","url":"https:\/\/fluterm.eu\/","name":"fluterm.eu","description":"","potentialAction":[{"@type":"SearchAction","target":{"@type":"EntryPoint","urlTemplate":"https:\/\/fluterm.eu\/?s={search_term_string}"},"query-input":"required name=search_term_string"}],"inLanguage":"sk-SK"}]}},"_links":{"self":[{"href":"https:\/\/fluterm.eu\/sk\/wp-json\/wp\/v2\/product\/15215","targetHints":{"allow":["GET"]}}],"collection":[{"href":"https:\/\/fluterm.eu\/sk\/wp-json\/wp\/v2\/product"}],"about":[{"href":"https:\/\/fluterm.eu\/sk\/wp-json\/wp\/v2\/types\/product"}],"replies":[{"embeddable":true,"href":"https:\/\/fluterm.eu\/sk\/wp-json\/wp\/v2\/comments?post=15215"}],"version-history":[{"count":0,"href":"https:\/\/fluterm.eu\/sk\/wp-json\/wp\/v2\/product\/15215\/revisions"}],"wp:featuredmedia":[{"embeddable":true,"href":"https:\/\/fluterm.eu\/sk\/wp-json\/wp\/v2\/media\/3335"}],"wp:attachment":[{"href":"https:\/\/fluterm.eu\/sk\/wp-json\/wp\/v2\/media?parent=15215"}],"wp:term":[{"taxonomy":"product_cat","embeddable":true,"href":"https:\/\/fluterm.eu\/sk\/wp-json\/wp\/v2\/product_cat?post=15215"},{"taxonomy":"product_tag","embeddable":true,"href":"https:\/\/fluterm.eu\/sk\/wp-json\/wp\/v2\/product_tag?post=15215"}],"curies":[{"name":"wp","href":"https:\/\/api.w.org\/{rel}","templated":true}]}}