{"id":15235,"date":"2023-07-10T10:22:04","date_gmt":"2023-07-10T07:22:04","guid":{"rendered":"https:\/\/fluterm.eu\/prod\/viacvrstvove-kompozitne-potrubie-pexal-20x2-mm-6-mm-izolacia\/"},"modified":"2023-07-10T10:22:04","modified_gmt":"2023-07-10T07:22:04","slug":"viacvrstvove-kompozitne-potrubie-pexal-20x2mm-6-mm-izolacia","status":"publish","type":"product","link":"https:\/\/fluterm.eu\/sk\/prod\/viacvrstvove-kompozitne-potrubie-pexal-20x2mm-6-mm-izolacia\/","title":{"rendered":"Viacvrstvov\u00e9 kompozitn\u00e9 potrubie PEXAL, 20&#215;2 mm, 6 mm izol\u00e1cia"},"content":{"rendered":"<p>&#8211; Kompozitn\u00e9 r\u00fary PEX pozost\u00e1vaj\u00fa zo zosie\u0165ovan\u00e9ho polyetyl\u00e9nu s hlin\u00edkovou vrstvou<br \/>\n&#8211; Vhodn\u00e9 pre pitn\u00fa vodu pod\u013ea pozit\u00edvneho zoznamu UBA<br \/>\n&#8211; Stla\u010den\u00fd vzduch max.: 10 barov<br \/>\n&#8211; Prev\u00e1dzkov\u00e1 teplota max.: 95\u00b0C \/ Tlak max.: 10 bar<br \/>\n&#8211; Na rozl\u00ed\u0161enie r\u00f4znych procesov sie\u0165ovania sa k ozna\u010deniu PE-X prid\u00e1va mal\u00e9 p\u00edsmeno:<br \/>\n&#8211; PE-Xb = silanov\u00e9 zosie\u0165ovanie<br \/>\n&#8211; Schv\u00e1lenie syst\u00e9mu Evenes-Press<br \/>\n&#8211; S \u010dervenou izol\u00e1ciou (6 mm)<br \/>\n&#8211; Materi\u00e1l: PE-Xb<br \/>\n&#8211; Dod\u00e1va sa pod\u013ea va\u0161ich potrieb (m\u00f4\u017eeme reza\u0165)<\/p>\n<div id=\"jp-relatedposts\" class=\"jp-relatedposts\">\n<div class=\"jp-relatedposts-items jp-relatedposts-items-minimal jp-relatedposts-grid \">\n<p class=\"jp-relatedposts-post jp-relatedposts-post0\" data-post-id=\"112\" data-post-format=\"false\">\n<\/div>\n<\/div>\n","protected":false},"excerpt":{"rendered":"<p>&#8211; Kompozitn\u00e9 r\u00fary PEX pozost\u00e1vaj\u00fa zo zosie\u0165ovan\u00e9ho polyetyl\u00e9nu s hlin\u00edkovou vrstvou &#8211; Vhodn\u00e9 pre pitn\u00fa vodu pod\u013ea pozit\u00edvneho zoznamu UBA &#8211; Stla\u010den\u00fd vzduch max.: 10 barov &#8211; Prev\u00e1dzkov\u00e1 teplota max.: 95\u00b0C \/ Tlak max.: 10 bar &#8211; Na rozl\u00ed\u0161enie r\u00f4znych procesov sie\u0165ovania sa k ozna\u010deniu PE-X prid\u00e1va mal\u00e9 p\u00edsmeno: &#8211; PE-Xb = silanov\u00e9 zosie\u0165ovanie &#8211;&hellip;<\/p>\n","protected":false},"featured_media":3377,"comment_status":"open","ping_status":"closed","template":"","meta":[],"product_cat":[994],"product_tag":[],"class_list":{"0":"post-15235","1":"product","2":"type-product","3":"status-publish","4":"has-post-thumbnail","6":"product_cat-viacvrstvove-kompozitne-potrubie-pexal","8":"first","9":"instock","10":"sale","11":"taxable","12":"shipping-taxable","13":"purchasable","14":"product-type-simple","15":"col-xs-6 col-sm-4","16":"col-md-4 col-lg-4","17":"un-3-cols"},"acf":[],"yoast_head":"<!-- This site is optimized with the Yoast SEO plugin v21.2 - https:\/\/yoast.com\/wordpress\/plugins\/seo\/ -->\n<title>Viacvrstvov\u00e9 kompozitn\u00e9 potrubie PEXAL, 20x2 mm, 6 mm izol\u00e1cia<\/title>\n<meta name=\"description\" content=\"Order Viacvrstvov\u00e9 kompozitn\u00e9 potrubie PEXAL, 20x2 mm, 6 mm izol\u00e1cia at a best price.\" \/>\n<meta name=\"robots\" content=\"index, follow, max-snippet:-1, max-image-preview:large, max-video-preview:-1\" \/>\n<link rel=\"canonical\" href=\"https:\/\/fluterm.eu\/sk\/prod\/viacvrstvove-kompozitne-potrubie-pexal-20x2-mm-6-mm-izolacia\/\" \/>\n<meta property=\"og:locale\" content=\"sk_SK\" \/>\n<meta property=\"og:type\" content=\"article\" \/>\n<meta property=\"og:title\" content=\"Viacvrstvov\u00e9 kompozitn\u00e9 potrubie PEXAL, 20x2 mm, 6 mm izol\u00e1cia\" \/>\n<meta property=\"og:description\" content=\"Order Viacvrstvov\u00e9 kompozitn\u00e9 potrubie PEXAL, 20x2 mm, 6 mm izol\u00e1cia at a best price.\" \/>\n<meta property=\"og:url\" content=\"https:\/\/fluterm.eu\/sk\/prod\/viacvrstvove-kompozitne-potrubie-pexal-20x2-mm-6-mm-izolacia\/\" \/>\n<meta property=\"og:site_name\" content=\"fluterm.eu\" \/>\n<meta property=\"og:image\" content=\"https:\/\/fluterm.eu\/wp-content\/uploads\/2023\/07\/A99CCB12-9CE1-4778-86B2-7ECFE433C67C_4_5005_c.jpeg\" \/>\n\t<meta property=\"og:image:width\" content=\"224\" \/>\n\t<meta property=\"og:image:height\" content=\"224\" \/>\n\t<meta property=\"og:image:type\" content=\"image\/jpeg\" \/>\n<meta name=\"twitter:card\" content=\"summary_large_image\" \/>\n<script type=\"application\/ld+json\" class=\"yoast-schema-graph\">{\"@context\":\"https:\/\/schema.org\",\"@graph\":[{\"@type\":\"WebPage\",\"@id\":\"https:\/\/fluterm.eu\/sk\/prod\/viacvrstvove-kompozitne-potrubie-pexal-20x2-mm-6-mm-izolacia\/\",\"url\":\"https:\/\/fluterm.eu\/sk\/prod\/viacvrstvove-kompozitne-potrubie-pexal-20x2-mm-6-mm-izolacia\/\",\"name\":\"Viacvrstvov\u00e9 kompozitn\u00e9 potrubie PEXAL, 20x2 mm, 6 mm izol\u00e1cia\",\"isPartOf\":{\"@id\":\"https:\/\/fluterm.eu\/#website\"},\"datePublished\":\"2023-07-10T07:22:04+00:00\",\"dateModified\":\"2023-07-10T07:22:04+00:00\",\"description\":\"Order Viacvrstvov\u00e9 kompozitn\u00e9 potrubie PEXAL, 20x2 mm, 6 mm izol\u00e1cia at a best price.\",\"breadcrumb\":{\"@id\":\"https:\/\/fluterm.eu\/sk\/prod\/viacvrstvove-kompozitne-potrubie-pexal-20x2-mm-6-mm-izolacia\/#breadcrumb\"},\"inLanguage\":\"sk-SK\",\"potentialAction\":[{\"@type\":\"ReadAction\",\"target\":[\"https:\/\/fluterm.eu\/sk\/prod\/viacvrstvove-kompozitne-potrubie-pexal-20x2-mm-6-mm-izolacia\/\"]}]},{\"@type\":\"BreadcrumbList\",\"@id\":\"https:\/\/fluterm.eu\/sk\/prod\/viacvrstvove-kompozitne-potrubie-pexal-20x2-mm-6-mm-izolacia\/#breadcrumb\",\"itemListElement\":[{\"@type\":\"ListItem\",\"position\":1,\"name\":\"Home\",\"item\":\"https:\/\/fluterm.eu\/sk\/obchod\/\"},{\"@type\":\"ListItem\",\"position\":2,\"name\":\"Obchod\",\"item\":\"https:\/\/fluterm.eu\/sk\/obchod\/\"},{\"@type\":\"ListItem\",\"position\":3,\"name\":\"Viacvrstvov\u00e9 kompozitn\u00e9 potrubie PEXAL, 20&#215;2 mm, 6 mm izol\u00e1cia\"}]},{\"@type\":\"WebSite\",\"@id\":\"https:\/\/fluterm.eu\/#website\",\"url\":\"https:\/\/fluterm.eu\/\",\"name\":\"fluterm.eu\",\"description\":\"\",\"potentialAction\":[{\"@type\":\"SearchAction\",\"target\":{\"@type\":\"EntryPoint\",\"urlTemplate\":\"https:\/\/fluterm.eu\/?s={search_term_string}\"},\"query-input\":\"required name=search_term_string\"}],\"inLanguage\":\"sk-SK\"}]}<\/script>\n<!-- \/ Yoast SEO plugin. -->","yoast_head_json":{"title":"Viacvrstvov\u00e9 kompozitn\u00e9 potrubie PEXAL, 20x2 mm, 6 mm izol\u00e1cia","description":"Order Viacvrstvov\u00e9 kompozitn\u00e9 potrubie PEXAL, 20x2 mm, 6 mm izol\u00e1cia at a best price.","robots":{"index":"index","follow":"follow","max-snippet":"max-snippet:-1","max-image-preview":"max-image-preview:large","max-video-preview":"max-video-preview:-1"},"canonical":"https:\/\/fluterm.eu\/sk\/prod\/viacvrstvove-kompozitne-potrubie-pexal-20x2-mm-6-mm-izolacia\/","og_locale":"sk_SK","og_type":"article","og_title":"Viacvrstvov\u00e9 kompozitn\u00e9 potrubie PEXAL, 20x2 mm, 6 mm izol\u00e1cia","og_description":"Order Viacvrstvov\u00e9 kompozitn\u00e9 potrubie PEXAL, 20x2 mm, 6 mm izol\u00e1cia at a best price.","og_url":"https:\/\/fluterm.eu\/sk\/prod\/viacvrstvove-kompozitne-potrubie-pexal-20x2-mm-6-mm-izolacia\/","og_site_name":"fluterm.eu","og_image":[{"width":224,"height":224,"url":"https:\/\/fluterm.eu\/wp-content\/uploads\/2023\/07\/A99CCB12-9CE1-4778-86B2-7ECFE433C67C_4_5005_c.jpeg","type":"image\/jpeg"}],"twitter_card":"summary_large_image","schema":{"@context":"https:\/\/schema.org","@graph":[{"@type":"WebPage","@id":"https:\/\/fluterm.eu\/sk\/prod\/viacvrstvove-kompozitne-potrubie-pexal-20x2-mm-6-mm-izolacia\/","url":"https:\/\/fluterm.eu\/sk\/prod\/viacvrstvove-kompozitne-potrubie-pexal-20x2-mm-6-mm-izolacia\/","name":"Viacvrstvov\u00e9 kompozitn\u00e9 potrubie PEXAL, 20x2 mm, 6 mm izol\u00e1cia","isPartOf":{"@id":"https:\/\/fluterm.eu\/#website"},"datePublished":"2023-07-10T07:22:04+00:00","dateModified":"2023-07-10T07:22:04+00:00","description":"Order Viacvrstvov\u00e9 kompozitn\u00e9 potrubie PEXAL, 20x2 mm, 6 mm izol\u00e1cia at a best price.","breadcrumb":{"@id":"https:\/\/fluterm.eu\/sk\/prod\/viacvrstvove-kompozitne-potrubie-pexal-20x2-mm-6-mm-izolacia\/#breadcrumb"},"inLanguage":"sk-SK","potentialAction":[{"@type":"ReadAction","target":["https:\/\/fluterm.eu\/sk\/prod\/viacvrstvove-kompozitne-potrubie-pexal-20x2-mm-6-mm-izolacia\/"]}]},{"@type":"BreadcrumbList","@id":"https:\/\/fluterm.eu\/sk\/prod\/viacvrstvove-kompozitne-potrubie-pexal-20x2-mm-6-mm-izolacia\/#breadcrumb","itemListElement":[{"@type":"ListItem","position":1,"name":"Home","item":"https:\/\/fluterm.eu\/sk\/obchod\/"},{"@type":"ListItem","position":2,"name":"Obchod","item":"https:\/\/fluterm.eu\/sk\/obchod\/"},{"@type":"ListItem","position":3,"name":"Viacvrstvov\u00e9 kompozitn\u00e9 potrubie PEXAL, 20&#215;2 mm, 6 mm izol\u00e1cia"}]},{"@type":"WebSite","@id":"https:\/\/fluterm.eu\/#website","url":"https:\/\/fluterm.eu\/","name":"fluterm.eu","description":"","potentialAction":[{"@type":"SearchAction","target":{"@type":"EntryPoint","urlTemplate":"https:\/\/fluterm.eu\/?s={search_term_string}"},"query-input":"required name=search_term_string"}],"inLanguage":"sk-SK"}]}},"_links":{"self":[{"href":"https:\/\/fluterm.eu\/sk\/wp-json\/wp\/v2\/product\/15235","targetHints":{"allow":["GET"]}}],"collection":[{"href":"https:\/\/fluterm.eu\/sk\/wp-json\/wp\/v2\/product"}],"about":[{"href":"https:\/\/fluterm.eu\/sk\/wp-json\/wp\/v2\/types\/product"}],"replies":[{"embeddable":true,"href":"https:\/\/fluterm.eu\/sk\/wp-json\/wp\/v2\/comments?post=15235"}],"version-history":[{"count":0,"href":"https:\/\/fluterm.eu\/sk\/wp-json\/wp\/v2\/product\/15235\/revisions"}],"wp:featuredmedia":[{"embeddable":true,"href":"https:\/\/fluterm.eu\/sk\/wp-json\/wp\/v2\/media\/3377"}],"wp:attachment":[{"href":"https:\/\/fluterm.eu\/sk\/wp-json\/wp\/v2\/media?parent=15235"}],"wp:term":[{"taxonomy":"product_cat","embeddable":true,"href":"https:\/\/fluterm.eu\/sk\/wp-json\/wp\/v2\/product_cat?post=15235"},{"taxonomy":"product_tag","embeddable":true,"href":"https:\/\/fluterm.eu\/sk\/wp-json\/wp\/v2\/product_tag?post=15235"}],"curies":[{"name":"wp","href":"https:\/\/api.w.org\/{rel}","templated":true}]}}