{"id":15334,"date":"2023-07-12T21:30:04","date_gmt":"2023-07-12T18:30:04","guid":{"rendered":"https:\/\/fluterm.eu\/prod\/tepelne-cerpadlo-zubadan-vykurovanie-chladenie-mitsubishi-electric-23kw-trojfazove-puhz-shw230yerse-ym9edftc6\/"},"modified":"2025-04-28T20:33:10","modified_gmt":"2025-04-28T17:33:10","slug":"tepelne-cerpadlo-zubadan-vykurovanie-chladenie-mitsubishi-electric-23kw-tri-fazy-puhz-shw230yerse-ym9edftc6","status":"publish","type":"product","link":"https:\/\/fluterm.eu\/sk\/prod\/tepelne-cerpadlo-zubadan-vykurovanie-chladenie-mitsubishi-electric-23kw-tri-fazy-puhz-shw230yerse-ym9edftc6\/","title":{"rendered":"Tepeln\u00e9 \u010derpadlo Zubadan vykurovanie-chladenie, Mitsubishi Electric, 23kW trojf\u00e1zov\u00e9, PUHZ-SHW230Y+ERSE-YM9ED+FTC6"},"content":{"rendered":"<div class=\"mf-entry-product-header\">\n<div class=\"entry-left\">\n<h1 class=\"product_title entry-title\">Tepeln\u00e9 \u010derpadlo Zubadan vykurovanie-chladenie, Mitsubishi Electric, 23kW trojf\u00e1zov\u00e9, PUHZ-SHW230Y+ERSE-YM9ED+FTC6<\/h1>\n<\/div>\n<\/div>\n<pre id=\"tw-target-text\" class=\"tw-data-text tw-text-large tw-ta\" dir=\"ltr\" data-placeholder=\"Translation\"><strong>Three-phase power supply<\/strong><\/pre>\n<p><strong>N\u00edzka hladina hluku (-10 dB v porovnan\u00ed s predch\u00e1dzaj\u00facim modelom)<\/strong><br \/>\n<strong>Nov\u00fd a kompaktn\u00fd dizajn<\/strong><br \/>\n<strong>Vysok\u00fd v\u00fdkon v\u010faka nov\u00e9mu kompresoru<\/strong><br \/>\n<strong>Zlep\u0161en\u00e9 odvodnenie<\/strong><br \/>\n<strong>Garantovan\u00e1 prev\u00e1dzka pri -28 stup\u0148och Celzia<\/strong><br \/>\n<strong>100 % vykurovac\u00ed v\u00fdkon pri -15 stup\u0148och Celzia<\/strong><br \/>\nHlavn\u00e9 vlastnosti:<\/p>\n<p>Mitsubishi Zubadan dok\u00e1\u017ee zabezpe\u010di\u0165 3 funkcie: vykurovanie, chladenie a pr\u00edpravu teplej vody na spotrebu<br \/>\nModel typu Split, ktor\u00fd nepredstavuje riziko zamrznutia (vy\u017eaduje extern\u00fa jednotku + intern\u00fa jednotku)<br \/>\nPrev\u00e1dzka v re\u017eime vykurovania do -25 \u00b0C<br \/>\nMaxim\u00e1lna teplota tepeln\u00e9ho \u010dinidla je 60 \u00b0C<br \/>\nKon\u0161tantn\u00fd vykurovac\u00ed v\u00fdkon a\u017e do -15 \u00b0C<br \/>\nInvertorov\u00fd kompresor Mitsubishi Scroll (R410A) s funkciou Flash Injection na vzdialenos\u0165 do 30 m<br \/>\nJednoduch\u00e1 in\u0161tal\u00e1cia, mal\u00fd priestor, kompaktn\u00e1 kon\u0161trukcia<br \/>\nVysok\u00e1 \u00fa\u010dinnos\u0165 v\u010faka vysoko v\u00fdkonn\u00fdm komponentom, energetick\u00e1 trieda A++.<\/p>\n<p>Tepeln\u00e9 \u010derpadl\u00e1, obnovite\u013en\u00e9 zdroje tepla, maj\u00fa o 60 % vy\u0161\u0161iu energetick\u00fa \u00fa\u010dinnos\u0165 ako tradi\u010dn\u00e9 spa\u013eovacie syst\u00e9my; v mieste in\u0161tal\u00e1cie nevyp\u00fa\u0161\u0165aj\u00fa CO2; vyu\u017e\u00edvaj\u00fa obnovite\u013en\u00fa energiu zo vzduchu.<br \/>\nTepeln\u00e9 \u010derpadlo je elektrick\u00fd stroj, ktor\u00fd je zalo\u017een\u00fd na termodynamickom cykle chladiacej kvapaliny a pren\u00e1\u0161a teplo z prostredia s n\u00edzkou teplotou do prostredia s vy\u0161\u0161ou teplotou.<br \/>\nSyst\u00e9my tepeln\u00fdch \u010derpadiel Ecodan\u00ae zaru\u010duj\u00fa vysok\u00fd energetick\u00fd v\u00fdkon aj pri n\u00edzkych teplot\u00e1ch. V\u0161etky extern\u00e9 zariadenia s\u00fa schopn\u00e9 zv\u00fd\u0161i\u0165 teplotu na jedno kolo a\u017e na 60 \u00b0C, aby sa umo\u017enila r\u00fdchla a efekt\u00edvna akumul\u00e1cia teplej vody pre dom\u00e1cnos\u0165.<br \/>\nVysok\u00e1 energetick\u00e1 \u00fa\u010dinnos\u0165 tepeln\u00fdch \u010derpadiel Ecodan\u00ae je mo\u017en\u00e1 v\u010faka \u0161pi\u010dkov\u00fdm technol\u00f3gi\u00e1m, ktor\u00e9 s\u00fa s\u00fa\u010das\u0165ou ka\u017ed\u00e9ho komponentu tepeln\u00e9ho \u010derpadla. Napr\u00edklad v\u010faka exkluz\u00edvnemu zariadeniu &#8222;Flash Injection&#8220; si extern\u00e9 jednotky radu Zubadan udr\u017euj\u00fa kon\u0161tantn\u00fd v\u00fdkon pr\u00fadenia vzduchu a\u017e do -15 \u00b0C.<\/p>\n<p><strong>\u00dasporn\u00e9 a ekologick\u00e9 modern\u00e9 vykurovacie syst\u00e9my<\/strong><br \/>\nTepeln\u00e9 \u010derpadl\u00e1 ecodan od spolo\u010dnosti Mitsubishi Electric s\u00fa \u00fasporn\u00e9 a z\u00e1rove\u0148 bezpe\u010dn\u00e9 pre \u017eivotn\u00e9 prostredie a obsahuj\u00fa ve\u013emi \u00fa\u010dinn\u00fd syst\u00e9m tepeln\u00e9ho \u010derpadla, ktor\u00fd vyu\u017e\u00edva &#8222;teplo zo vzduchu&#8220;, obnovite\u013en\u00fd zdroj energie. S\u00fa vybaven\u00e9 pokro\u010dil\u00fdmi riadiacimi syst\u00e9mami, ktor\u00e9 zabezpe\u010duj\u00fa d\u00f4kladn\u00e9 nastavenie teploty, \u010d\u00edm sa zabezpe\u010d\u00ed pohodln\u00e9 vykurovanie, a z\u00e1rove\u0148 \u0161etria priestor v\u010faka pou\u017eitiu vn\u00fatorn\u00fdch jednotiek &#8222;v\u0161etko v jednom&#8220;, ktor\u00e9 sa \u013eahko in\u0161taluj\u00fa. \u00daspora energie, vysok\u00fd komfort a jednoduch\u00e1 in\u0161tal\u00e1cia priviedli vykurovacie syst\u00e9my ecodan do centra pozornosti tepeln\u00fdch \u010derpadiel.<\/p>\n<p>Funkcie, ktor\u00e9 poskytuje ecodan, pokr\u00fdvaj\u00fa potreby vykurovania, pr\u00edpravy teplej vody, ako aj chladenia. Chladenie sa m\u00f4\u017ee vykon\u00e1va\u0165 pomocou jednotiek fan-coil, s\u00e1lav\u00fdch stien a stropov v pr\u00edpade splitov\u00fdch a monoblokov\u00fdch jednotiek alebo pomocou vn\u00fatorn\u00fdch klimatiza\u010dn\u00fdch jednotiek v pr\u00edpade hybridn\u00fdch syst\u00e9mov.<\/p>\n<p><strong>S\u00e9ria Zubadan<\/strong><br \/>\nJe vybaven\u00fd bleskov\u00fdm vstrekovac\u00edm okruhom vyvinut\u00fdm spolo\u010dnos\u0165ou Mitsubishi Electric, ktor\u00fd sa sklad\u00e1 z obtokov\u00e9ho okruhu a v\u00fdmenn\u00edka tepla (HIC). V\u00fdmenn\u00edk tepla premie\u0148a kvapaln\u00e9 chladivo odv\u00e1dzan\u00e9 cez obtokov\u00fd okruh na plynn\u00e9 a kvapaln\u00e9, aby sa zn\u00ed\u017eilo za\u0165a\u017eenie kompresora. Tento proces zabezpe\u010duje vynikaj\u00faci vykurovac\u00ed v\u00fdkon aj pri ve\u013emi n\u00edzkych vonkaj\u0161\u00edch teplot\u00e1ch. V tradi\u010dn\u00fdch jednotk\u00e1ch sa pri zn\u00ed\u017een\u00ed vonkaj\u0161ej teploty objem chladiva pr\u00fadiaceho cez kompresor zn\u00ed\u017ei v d\u00f4sledku poklesu tlaku chladiva a ochrany proti prehriatiu sp\u00f4sobenej vysokou kompresiou, \u010do vedie k zn\u00ed\u017eeniu vykurovacieho v\u00fdkonu. Vstrekovac\u00ed okruh Flash vstrekuje chladivo, aby sa udr\u017eiaval objem cirkuluj\u00faceho chladiva, ako aj za\u0165a\u017eenie kompresora, \u010d\u00edm sa udr\u017eiava vykurovac\u00ed v\u00fdkon.<\/p>\n","protected":false},"excerpt":{"rendered":"<p>Tepeln\u00e9 \u010derpadlo Zubadan vykurovanie-chladenie, Mitsubishi Electric, 23kW trojf\u00e1zov\u00e9, PUHZ-SHW230Y+ERSE-YM9ED+FTC6 Three-phase power supply N\u00edzka hladina hluku (-10 dB v porovnan\u00ed s predch\u00e1dzaj\u00facim modelom) Nov\u00fd a kompaktn\u00fd dizajn Vysok\u00fd v\u00fdkon v\u010faka nov\u00e9mu kompresoru Zlep\u0161en\u00e9 odvodnenie Garantovan\u00e1 prev\u00e1dzka pri -28 stup\u0148och Celzia 100 % vykurovac\u00ed v\u00fdkon pri -15 stup\u0148och Celzia Hlavn\u00e9 vlastnosti: Mitsubishi Zubadan dok\u00e1\u017ee zabezpe\u010di\u0165 3 funkcie:&hellip;<\/p>\n","protected":false},"featured_media":12847,"comment_status":"open","ping_status":"closed","template":"","meta":[],"product_cat":[1015],"product_tag":[],"class_list":{"0":"post-15334","1":"product","2":"type-product","3":"status-publish","4":"has-post-thumbnail","6":"product_cat-tepelne-cerpadla","8":"first","9":"instock","10":"taxable","11":"shipping-taxable","12":"purchasable","13":"product-type-simple","14":"col-xs-6 col-sm-4","15":"col-md-4 col-lg-4","16":"un-3-cols"},"acf":[],"yoast_head":"<!-- This site is optimized with the Yoast SEO plugin v21.2 - https:\/\/yoast.com\/wordpress\/plugins\/seo\/ -->\n<title>Tepeln\u00e9 \u010derpadlo Zubadan vykurovanie-chladenie, Mitsubishi Electric, 23kW trojf\u00e1zov\u00e9, PUHZ-SHW230Y+ERSE-YM9ED+FTC6<\/title>\n<meta name=\"description\" content=\"Order Tepeln\u00e9 \u010derpadlo Zubadan vykurovanie-chladenie, Mitsubishi Electric, 23kW trojf\u00e1zov\u00e9, PUHZ-SHW230Y+ERSE-YM9ED+FTC6 at a best price.\" \/>\n<meta name=\"robots\" content=\"index, follow, max-snippet:-1, max-image-preview:large, max-video-preview:-1\" \/>\n<link rel=\"canonical\" href=\"https:\/\/fluterm.eu\/sk\/prod\/tepelne-cerpadlo-zubadan-vykurovanie-chladenie-mitsubishi-electric-23kw-trojfazove-puhz-shw230yerse-ym9edftc6\/\" \/>\n<meta property=\"og:locale\" content=\"sk_SK\" \/>\n<meta property=\"og:type\" content=\"article\" \/>\n<meta property=\"og:title\" content=\"Tepeln\u00e9 \u010derpadlo Zubadan vykurovanie-chladenie, Mitsubishi Electric, 23kW trojf\u00e1zov\u00e9, PUHZ-SHW230Y+ERSE-YM9ED+FTC6\" \/>\n<meta property=\"og:description\" content=\"Order Tepeln\u00e9 \u010derpadlo Zubadan vykurovanie-chladenie, Mitsubishi Electric, 23kW trojf\u00e1zov\u00e9, PUHZ-SHW230Y+ERSE-YM9ED+FTC6 at a best price.\" \/>\n<meta property=\"og:url\" content=\"https:\/\/fluterm.eu\/sk\/prod\/tepelne-cerpadlo-zubadan-vykurovanie-chladenie-mitsubishi-electric-23kw-trojfazove-puhz-shw230yerse-ym9edftc6\/\" \/>\n<meta property=\"og:site_name\" content=\"fluterm.eu\" \/>\n<meta property=\"article:modified_time\" content=\"2025-04-28T17:33:10+00:00\" \/>\n<meta property=\"og:image\" content=\"https:\/\/fluterm.eu\/wp-content\/uploads\/2023\/07\/420463E3-4A49-4C5C-AAD5-004E8600FC5B-1.jpeg\" \/>\n\t<meta property=\"og:image:width\" content=\"408\" \/>\n\t<meta property=\"og:image:height\" content=\"472\" \/>\n\t<meta property=\"og:image:type\" content=\"image\/jpeg\" \/>\n<meta name=\"twitter:card\" content=\"summary_large_image\" \/>\n<meta name=\"twitter:label1\" content=\"Predpokladan\u00fd \u010das \u010d\u00edtania\" \/>\n\t<meta name=\"twitter:data1\" content=\"3 min\u00faty\" \/>\n<script type=\"application\/ld+json\" class=\"yoast-schema-graph\">{\"@context\":\"https:\/\/schema.org\",\"@graph\":[{\"@type\":\"WebPage\",\"@id\":\"https:\/\/fluterm.eu\/sk\/prod\/tepelne-cerpadlo-zubadan-vykurovanie-chladenie-mitsubishi-electric-23kw-trojfazove-puhz-shw230yerse-ym9edftc6\/\",\"url\":\"https:\/\/fluterm.eu\/sk\/prod\/tepelne-cerpadlo-zubadan-vykurovanie-chladenie-mitsubishi-electric-23kw-trojfazove-puhz-shw230yerse-ym9edftc6\/\",\"name\":\"Tepeln\u00e9 \u010derpadlo Zubadan vykurovanie-chladenie, Mitsubishi Electric, 23kW trojf\u00e1zov\u00e9, PUHZ-SHW230Y+ERSE-YM9ED+FTC6\",\"isPartOf\":{\"@id\":\"https:\/\/fluterm.eu\/#website\"},\"datePublished\":\"2023-07-12T18:30:04+00:00\",\"dateModified\":\"2025-04-28T17:33:10+00:00\",\"description\":\"Order Tepeln\u00e9 \u010derpadlo Zubadan vykurovanie-chladenie, Mitsubishi Electric, 23kW trojf\u00e1zov\u00e9, PUHZ-SHW230Y+ERSE-YM9ED+FTC6 at a best price.\",\"breadcrumb\":{\"@id\":\"https:\/\/fluterm.eu\/sk\/prod\/tepelne-cerpadlo-zubadan-vykurovanie-chladenie-mitsubishi-electric-23kw-trojfazove-puhz-shw230yerse-ym9edftc6\/#breadcrumb\"},\"inLanguage\":\"sk-SK\",\"potentialAction\":[{\"@type\":\"ReadAction\",\"target\":[\"https:\/\/fluterm.eu\/sk\/prod\/tepelne-cerpadlo-zubadan-vykurovanie-chladenie-mitsubishi-electric-23kw-trojfazove-puhz-shw230yerse-ym9edftc6\/\"]}]},{\"@type\":\"BreadcrumbList\",\"@id\":\"https:\/\/fluterm.eu\/sk\/prod\/tepelne-cerpadlo-zubadan-vykurovanie-chladenie-mitsubishi-electric-23kw-trojfazove-puhz-shw230yerse-ym9edftc6\/#breadcrumb\",\"itemListElement\":[{\"@type\":\"ListItem\",\"position\":1,\"name\":\"Home\",\"item\":\"https:\/\/fluterm.eu\/sk\/obchod\/\"},{\"@type\":\"ListItem\",\"position\":2,\"name\":\"Obchod\",\"item\":\"https:\/\/fluterm.eu\/sk\/obchod\/\"},{\"@type\":\"ListItem\",\"position\":3,\"name\":\"Tepeln\u00e9 \u010derpadlo Zubadan vykurovanie-chladenie, Mitsubishi Electric, 23kW trojf\u00e1zov\u00e9, PUHZ-SHW230Y+ERSE-YM9ED+FTC6\"}]},{\"@type\":\"WebSite\",\"@id\":\"https:\/\/fluterm.eu\/#website\",\"url\":\"https:\/\/fluterm.eu\/\",\"name\":\"fluterm.eu\",\"description\":\"\",\"potentialAction\":[{\"@type\":\"SearchAction\",\"target\":{\"@type\":\"EntryPoint\",\"urlTemplate\":\"https:\/\/fluterm.eu\/?s={search_term_string}\"},\"query-input\":\"required name=search_term_string\"}],\"inLanguage\":\"sk-SK\"}]}<\/script>\n<!-- \/ Yoast SEO plugin. -->","yoast_head_json":{"title":"Tepeln\u00e9 \u010derpadlo Zubadan vykurovanie-chladenie, Mitsubishi Electric, 23kW trojf\u00e1zov\u00e9, PUHZ-SHW230Y+ERSE-YM9ED+FTC6","description":"Order Tepeln\u00e9 \u010derpadlo Zubadan vykurovanie-chladenie, Mitsubishi Electric, 23kW trojf\u00e1zov\u00e9, PUHZ-SHW230Y+ERSE-YM9ED+FTC6 at a best price.","robots":{"index":"index","follow":"follow","max-snippet":"max-snippet:-1","max-image-preview":"max-image-preview:large","max-video-preview":"max-video-preview:-1"},"canonical":"https:\/\/fluterm.eu\/sk\/prod\/tepelne-cerpadlo-zubadan-vykurovanie-chladenie-mitsubishi-electric-23kw-trojfazove-puhz-shw230yerse-ym9edftc6\/","og_locale":"sk_SK","og_type":"article","og_title":"Tepeln\u00e9 \u010derpadlo Zubadan vykurovanie-chladenie, Mitsubishi Electric, 23kW trojf\u00e1zov\u00e9, PUHZ-SHW230Y+ERSE-YM9ED+FTC6","og_description":"Order Tepeln\u00e9 \u010derpadlo Zubadan vykurovanie-chladenie, Mitsubishi Electric, 23kW trojf\u00e1zov\u00e9, PUHZ-SHW230Y+ERSE-YM9ED+FTC6 at a best price.","og_url":"https:\/\/fluterm.eu\/sk\/prod\/tepelne-cerpadlo-zubadan-vykurovanie-chladenie-mitsubishi-electric-23kw-trojfazove-puhz-shw230yerse-ym9edftc6\/","og_site_name":"fluterm.eu","article_modified_time":"2025-04-28T17:33:10+00:00","og_image":[{"width":408,"height":472,"url":"https:\/\/fluterm.eu\/wp-content\/uploads\/2023\/07\/420463E3-4A49-4C5C-AAD5-004E8600FC5B-1.jpeg","type":"image\/jpeg"}],"twitter_card":"summary_large_image","twitter_misc":{"Predpokladan\u00fd \u010das \u010d\u00edtania":"3 min\u00faty"},"schema":{"@context":"https:\/\/schema.org","@graph":[{"@type":"WebPage","@id":"https:\/\/fluterm.eu\/sk\/prod\/tepelne-cerpadlo-zubadan-vykurovanie-chladenie-mitsubishi-electric-23kw-trojfazove-puhz-shw230yerse-ym9edftc6\/","url":"https:\/\/fluterm.eu\/sk\/prod\/tepelne-cerpadlo-zubadan-vykurovanie-chladenie-mitsubishi-electric-23kw-trojfazove-puhz-shw230yerse-ym9edftc6\/","name":"Tepeln\u00e9 \u010derpadlo Zubadan vykurovanie-chladenie, Mitsubishi Electric, 23kW trojf\u00e1zov\u00e9, PUHZ-SHW230Y+ERSE-YM9ED+FTC6","isPartOf":{"@id":"https:\/\/fluterm.eu\/#website"},"datePublished":"2023-07-12T18:30:04+00:00","dateModified":"2025-04-28T17:33:10+00:00","description":"Order Tepeln\u00e9 \u010derpadlo Zubadan vykurovanie-chladenie, Mitsubishi Electric, 23kW trojf\u00e1zov\u00e9, PUHZ-SHW230Y+ERSE-YM9ED+FTC6 at a best price.","breadcrumb":{"@id":"https:\/\/fluterm.eu\/sk\/prod\/tepelne-cerpadlo-zubadan-vykurovanie-chladenie-mitsubishi-electric-23kw-trojfazove-puhz-shw230yerse-ym9edftc6\/#breadcrumb"},"inLanguage":"sk-SK","potentialAction":[{"@type":"ReadAction","target":["https:\/\/fluterm.eu\/sk\/prod\/tepelne-cerpadlo-zubadan-vykurovanie-chladenie-mitsubishi-electric-23kw-trojfazove-puhz-shw230yerse-ym9edftc6\/"]}]},{"@type":"BreadcrumbList","@id":"https:\/\/fluterm.eu\/sk\/prod\/tepelne-cerpadlo-zubadan-vykurovanie-chladenie-mitsubishi-electric-23kw-trojfazove-puhz-shw230yerse-ym9edftc6\/#breadcrumb","itemListElement":[{"@type":"ListItem","position":1,"name":"Home","item":"https:\/\/fluterm.eu\/sk\/obchod\/"},{"@type":"ListItem","position":2,"name":"Obchod","item":"https:\/\/fluterm.eu\/sk\/obchod\/"},{"@type":"ListItem","position":3,"name":"Tepeln\u00e9 \u010derpadlo Zubadan vykurovanie-chladenie, Mitsubishi Electric, 23kW trojf\u00e1zov\u00e9, PUHZ-SHW230Y+ERSE-YM9ED+FTC6"}]},{"@type":"WebSite","@id":"https:\/\/fluterm.eu\/#website","url":"https:\/\/fluterm.eu\/","name":"fluterm.eu","description":"","potentialAction":[{"@type":"SearchAction","target":{"@type":"EntryPoint","urlTemplate":"https:\/\/fluterm.eu\/?s={search_term_string}"},"query-input":"required name=search_term_string"}],"inLanguage":"sk-SK"}]}},"_links":{"self":[{"href":"https:\/\/fluterm.eu\/sk\/wp-json\/wp\/v2\/product\/15334","targetHints":{"allow":["GET"]}}],"collection":[{"href":"https:\/\/fluterm.eu\/sk\/wp-json\/wp\/v2\/product"}],"about":[{"href":"https:\/\/fluterm.eu\/sk\/wp-json\/wp\/v2\/types\/product"}],"replies":[{"embeddable":true,"href":"https:\/\/fluterm.eu\/sk\/wp-json\/wp\/v2\/comments?post=15334"}],"version-history":[{"count":0,"href":"https:\/\/fluterm.eu\/sk\/wp-json\/wp\/v2\/product\/15334\/revisions"}],"wp:featuredmedia":[{"embeddable":true,"href":"https:\/\/fluterm.eu\/sk\/wp-json\/wp\/v2\/media\/12847"}],"wp:attachment":[{"href":"https:\/\/fluterm.eu\/sk\/wp-json\/wp\/v2\/media?parent=15334"}],"wp:term":[{"taxonomy":"product_cat","embeddable":true,"href":"https:\/\/fluterm.eu\/sk\/wp-json\/wp\/v2\/product_cat?post=15334"},{"taxonomy":"product_tag","embeddable":true,"href":"https:\/\/fluterm.eu\/sk\/wp-json\/wp\/v2\/product_tag?post=15334"}],"curies":[{"name":"wp","href":"https:\/\/api.w.org\/{rel}","templated":true}]}}