{"id":15427,"date":"2023-07-14T22:04:01","date_gmt":"2023-07-14T19:04:01","guid":{"rendered":"https:\/\/fluterm.eu\/prod\/sada-mosadznych-rozdelovacov-8-okruhov-pexal-16-x-2-pre-radiatory-plne-vybavene\/"},"modified":"2023-07-14T22:04:01","modified_gmt":"2023-07-14T19:04:01","slug":"mosadzny-manifold-set-8-okruhov-pexal-pipe-16x2-pre-radiatory-plne-vybaveny","status":"publish","type":"product","link":"https:\/\/fluterm.eu\/sk\/prod\/mosadzny-manifold-set-8-okruhov-pexal-pipe-16x2-pre-radiatory-plne-vybaveny\/","title":{"rendered":"Sada mosadzn\u00fdch rozde\u013eova\u010dov 8 okruhov pexal 16 \u00d7 2 pre radi\u00e1tory plne vybaven\u00e9"},"content":{"rendered":"<ol>\n<li>rozde\u013eova\u010d<\/li>\n<li>n\u00e1stenn\u00e9 podpery<\/li>\n<li>sada svoriek s automatick\u00fdm odvzdu\u0161\u0148ova\u010dom<\/li>\n<li>gu\u013eov\u00e9 ventily<\/li>\n<li>eurocone 16&#215;2<\/li>\n<li>skrinka metalick\u00e1<\/li>\n<\/ol>\n","protected":false},"excerpt":{"rendered":"<p>rozde\u013eova\u010d n\u00e1stenn\u00e9 podpery sada svoriek s automatick\u00fdm odvzdu\u0161\u0148ova\u010dom gu\u013eov\u00e9 ventily eurocone 16&#215;2 skrinka metalick\u00e1<\/p>\n","protected":false},"featured_media":3440,"comment_status":"open","ping_status":"closed","template":"","meta":[],"product_cat":[1035],"product_tag":[],"class_list":{"0":"post-15427","1":"product","2":"type-product","3":"status-publish","4":"has-post-thumbnail","6":"product_cat-rozdelovace-chladicov","8":"first","9":"instock","10":"taxable","11":"shipping-taxable","12":"purchasable","13":"product-type-simple","14":"col-xs-6 col-sm-4","15":"col-md-4 col-lg-4","16":"un-3-cols"},"acf":[],"yoast_head":"<!-- This site is optimized with the Yoast SEO plugin v21.2 - https:\/\/yoast.com\/wordpress\/plugins\/seo\/ -->\n<title>Sada mosadzn\u00fdch rozde\u013eova\u010dov 8 okruhov pexal 16 \u00d7 2 pre radi\u00e1tory plne vybaven\u00e9<\/title>\n<meta name=\"description\" content=\"Order Sada mosadzn\u00fdch rozde\u013eova\u010dov 8 okruhov pexal 16 \u00d7 2 pre radi\u00e1tory plne vybaven\u00e9 at a best price.\" \/>\n<meta name=\"robots\" content=\"index, follow, max-snippet:-1, max-image-preview:large, max-video-preview:-1\" \/>\n<link rel=\"canonical\" href=\"https:\/\/fluterm.eu\/sk\/prod\/sada-mosadznych-rozdelovacov-8-okruhov-pexal-16-x-2-pre-radiatory-plne-vybavene\/\" \/>\n<meta property=\"og:locale\" content=\"sk_SK\" \/>\n<meta property=\"og:type\" content=\"article\" \/>\n<meta property=\"og:title\" content=\"Sada mosadzn\u00fdch rozde\u013eova\u010dov 8 okruhov pexal 16 \u00d7 2 pre radi\u00e1tory plne vybaven\u00e9\" \/>\n<meta property=\"og:description\" content=\"Order Sada mosadzn\u00fdch rozde\u013eova\u010dov 8 okruhov pexal 16 \u00d7 2 pre radi\u00e1tory plne vybaven\u00e9 at a best price.\" \/>\n<meta property=\"og:url\" content=\"https:\/\/fluterm.eu\/sk\/prod\/sada-mosadznych-rozdelovacov-8-okruhov-pexal-16-x-2-pre-radiatory-plne-vybavene\/\" \/>\n<meta property=\"og:site_name\" content=\"fluterm.eu\" \/>\n<meta property=\"og:image\" content=\"https:\/\/fluterm.eu\/wp-content\/uploads\/2023\/07\/03257D2D-C630-4123-BBD9-62B300FF912E.jpeg\" \/>\n\t<meta property=\"og:image:width\" content=\"2000\" \/>\n\t<meta property=\"og:image:height\" content=\"2000\" \/>\n\t<meta property=\"og:image:type\" content=\"image\/jpeg\" \/>\n<meta name=\"twitter:card\" content=\"summary_large_image\" \/>\n<script type=\"application\/ld+json\" class=\"yoast-schema-graph\">{\"@context\":\"https:\/\/schema.org\",\"@graph\":[{\"@type\":\"WebPage\",\"@id\":\"https:\/\/fluterm.eu\/sk\/prod\/sada-mosadznych-rozdelovacov-8-okruhov-pexal-16-x-2-pre-radiatory-plne-vybavene\/\",\"url\":\"https:\/\/fluterm.eu\/sk\/prod\/sada-mosadznych-rozdelovacov-8-okruhov-pexal-16-x-2-pre-radiatory-plne-vybavene\/\",\"name\":\"Sada mosadzn\u00fdch rozde\u013eova\u010dov 8 okruhov pexal 16 \u00d7 2 pre radi\u00e1tory plne vybaven\u00e9\",\"isPartOf\":{\"@id\":\"https:\/\/fluterm.eu\/#website\"},\"datePublished\":\"2023-07-14T19:04:01+00:00\",\"dateModified\":\"2023-07-14T19:04:01+00:00\",\"description\":\"Order Sada mosadzn\u00fdch rozde\u013eova\u010dov 8 okruhov pexal 16 \u00d7 2 pre radi\u00e1tory plne vybaven\u00e9 at a best price.\",\"breadcrumb\":{\"@id\":\"https:\/\/fluterm.eu\/sk\/prod\/sada-mosadznych-rozdelovacov-8-okruhov-pexal-16-x-2-pre-radiatory-plne-vybavene\/#breadcrumb\"},\"inLanguage\":\"sk-SK\",\"potentialAction\":[{\"@type\":\"ReadAction\",\"target\":[\"https:\/\/fluterm.eu\/sk\/prod\/sada-mosadznych-rozdelovacov-8-okruhov-pexal-16-x-2-pre-radiatory-plne-vybavene\/\"]}]},{\"@type\":\"BreadcrumbList\",\"@id\":\"https:\/\/fluterm.eu\/sk\/prod\/sada-mosadznych-rozdelovacov-8-okruhov-pexal-16-x-2-pre-radiatory-plne-vybavene\/#breadcrumb\",\"itemListElement\":[{\"@type\":\"ListItem\",\"position\":1,\"name\":\"Home\",\"item\":\"https:\/\/fluterm.eu\/sk\/obchod\/\"},{\"@type\":\"ListItem\",\"position\":2,\"name\":\"Obchod\",\"item\":\"https:\/\/fluterm.eu\/sk\/obchod\/\"},{\"@type\":\"ListItem\",\"position\":3,\"name\":\"Sada mosadzn\u00fdch rozde\u013eova\u010dov 8 okruhov pexal 16 \u00d7 2 pre radi\u00e1tory plne vybaven\u00e9\"}]},{\"@type\":\"WebSite\",\"@id\":\"https:\/\/fluterm.eu\/#website\",\"url\":\"https:\/\/fluterm.eu\/\",\"name\":\"fluterm.eu\",\"description\":\"\",\"potentialAction\":[{\"@type\":\"SearchAction\",\"target\":{\"@type\":\"EntryPoint\",\"urlTemplate\":\"https:\/\/fluterm.eu\/?s={search_term_string}\"},\"query-input\":\"required name=search_term_string\"}],\"inLanguage\":\"sk-SK\"}]}<\/script>\n<!-- \/ Yoast SEO plugin. -->","yoast_head_json":{"title":"Sada mosadzn\u00fdch rozde\u013eova\u010dov 8 okruhov pexal 16 \u00d7 2 pre radi\u00e1tory plne vybaven\u00e9","description":"Order Sada mosadzn\u00fdch rozde\u013eova\u010dov 8 okruhov pexal 16 \u00d7 2 pre radi\u00e1tory plne vybaven\u00e9 at a best price.","robots":{"index":"index","follow":"follow","max-snippet":"max-snippet:-1","max-image-preview":"max-image-preview:large","max-video-preview":"max-video-preview:-1"},"canonical":"https:\/\/fluterm.eu\/sk\/prod\/sada-mosadznych-rozdelovacov-8-okruhov-pexal-16-x-2-pre-radiatory-plne-vybavene\/","og_locale":"sk_SK","og_type":"article","og_title":"Sada mosadzn\u00fdch rozde\u013eova\u010dov 8 okruhov pexal 16 \u00d7 2 pre radi\u00e1tory plne vybaven\u00e9","og_description":"Order Sada mosadzn\u00fdch rozde\u013eova\u010dov 8 okruhov pexal 16 \u00d7 2 pre radi\u00e1tory plne vybaven\u00e9 at a best price.","og_url":"https:\/\/fluterm.eu\/sk\/prod\/sada-mosadznych-rozdelovacov-8-okruhov-pexal-16-x-2-pre-radiatory-plne-vybavene\/","og_site_name":"fluterm.eu","og_image":[{"width":2000,"height":2000,"url":"https:\/\/fluterm.eu\/wp-content\/uploads\/2023\/07\/03257D2D-C630-4123-BBD9-62B300FF912E.jpeg","type":"image\/jpeg"}],"twitter_card":"summary_large_image","schema":{"@context":"https:\/\/schema.org","@graph":[{"@type":"WebPage","@id":"https:\/\/fluterm.eu\/sk\/prod\/sada-mosadznych-rozdelovacov-8-okruhov-pexal-16-x-2-pre-radiatory-plne-vybavene\/","url":"https:\/\/fluterm.eu\/sk\/prod\/sada-mosadznych-rozdelovacov-8-okruhov-pexal-16-x-2-pre-radiatory-plne-vybavene\/","name":"Sada mosadzn\u00fdch rozde\u013eova\u010dov 8 okruhov pexal 16 \u00d7 2 pre radi\u00e1tory plne vybaven\u00e9","isPartOf":{"@id":"https:\/\/fluterm.eu\/#website"},"datePublished":"2023-07-14T19:04:01+00:00","dateModified":"2023-07-14T19:04:01+00:00","description":"Order Sada mosadzn\u00fdch rozde\u013eova\u010dov 8 okruhov pexal 16 \u00d7 2 pre radi\u00e1tory plne vybaven\u00e9 at a best price.","breadcrumb":{"@id":"https:\/\/fluterm.eu\/sk\/prod\/sada-mosadznych-rozdelovacov-8-okruhov-pexal-16-x-2-pre-radiatory-plne-vybavene\/#breadcrumb"},"inLanguage":"sk-SK","potentialAction":[{"@type":"ReadAction","target":["https:\/\/fluterm.eu\/sk\/prod\/sada-mosadznych-rozdelovacov-8-okruhov-pexal-16-x-2-pre-radiatory-plne-vybavene\/"]}]},{"@type":"BreadcrumbList","@id":"https:\/\/fluterm.eu\/sk\/prod\/sada-mosadznych-rozdelovacov-8-okruhov-pexal-16-x-2-pre-radiatory-plne-vybavene\/#breadcrumb","itemListElement":[{"@type":"ListItem","position":1,"name":"Home","item":"https:\/\/fluterm.eu\/sk\/obchod\/"},{"@type":"ListItem","position":2,"name":"Obchod","item":"https:\/\/fluterm.eu\/sk\/obchod\/"},{"@type":"ListItem","position":3,"name":"Sada mosadzn\u00fdch rozde\u013eova\u010dov 8 okruhov pexal 16 \u00d7 2 pre radi\u00e1tory plne vybaven\u00e9"}]},{"@type":"WebSite","@id":"https:\/\/fluterm.eu\/#website","url":"https:\/\/fluterm.eu\/","name":"fluterm.eu","description":"","potentialAction":[{"@type":"SearchAction","target":{"@type":"EntryPoint","urlTemplate":"https:\/\/fluterm.eu\/?s={search_term_string}"},"query-input":"required name=search_term_string"}],"inLanguage":"sk-SK"}]}},"_links":{"self":[{"href":"https:\/\/fluterm.eu\/sk\/wp-json\/wp\/v2\/product\/15427","targetHints":{"allow":["GET"]}}],"collection":[{"href":"https:\/\/fluterm.eu\/sk\/wp-json\/wp\/v2\/product"}],"about":[{"href":"https:\/\/fluterm.eu\/sk\/wp-json\/wp\/v2\/types\/product"}],"replies":[{"embeddable":true,"href":"https:\/\/fluterm.eu\/sk\/wp-json\/wp\/v2\/comments?post=15427"}],"version-history":[{"count":0,"href":"https:\/\/fluterm.eu\/sk\/wp-json\/wp\/v2\/product\/15427\/revisions"}],"wp:featuredmedia":[{"embeddable":true,"href":"https:\/\/fluterm.eu\/sk\/wp-json\/wp\/v2\/media\/3440"}],"wp:attachment":[{"href":"https:\/\/fluterm.eu\/sk\/wp-json\/wp\/v2\/media?parent=15427"}],"wp:term":[{"taxonomy":"product_cat","embeddable":true,"href":"https:\/\/fluterm.eu\/sk\/wp-json\/wp\/v2\/product_cat?post=15427"},{"taxonomy":"product_tag","embeddable":true,"href":"https:\/\/fluterm.eu\/sk\/wp-json\/wp\/v2\/product_tag?post=15427"}],"curies":[{"name":"wp","href":"https:\/\/api.w.org\/{rel}","templated":true}]}}