{"id":15522,"date":"2023-07-02T18:50:13","date_gmt":"2023-07-02T15:50:13","guid":{"rendered":"https:\/\/fluterm.eu\/prod\/rurka-podlahoveho-vykurovania-rehau-rautherm-s-17-mm\/"},"modified":"2023-07-02T18:50:13","modified_gmt":"2023-07-02T15:50:13","slug":"rehau-rautherm-s-pipe-17mm","status":"publish","type":"product","link":"https:\/\/fluterm.eu\/sk\/prod\/rehau-rautherm-s-pipe-17mm\/","title":{"rendered":"R\u00farka podlahov\u00e9ho vykurovania Rehau Rautherm-S 17 mm"},"content":{"rendered":"<h2>R\u00fara Rehau Rautherm-S 17 mm<\/h2>\n<p>Vykurovacia r\u00fara RAUTHERM S a technika posuvn\u00e9ho n\u00e1suvn\u00e9ho spoja s\u00fa \u00fastredn\u00fdmi komponentmi mont\u00e1\u017enych syst\u00e9mov pre takmer v\u0161etky varianty pou\u017eitia.<\/p>\n<ul>\n<li>Vynikaj\u00faca odolnos\u0165 vo\u010di vysok\u00fdm teplot\u00e1m a\u017e do 110 stup\u0148ov Celzia<\/li>\n<li>Neprask\u00e1 pri za\u0165a\u017een\u00ed<\/li>\n<li>M\u00e1 stabiln\u00fd tvar<\/li>\n<li>Optim\u00e1lny pomer flexibility\/po\u017eiadavky na tlak<\/li>\n<li>Vynikaj\u00faca odolnos\u0165 vo\u010di tepeln\u00e9mu starnutiu<\/li>\n<li>Ve\u013emi dobr\u00e1 odolnos\u0165 pri teplot\u00e1ch pod -50 \u00b0C<\/li>\n<li>Ve\u013emi dobr\u00e1 odolnos\u0165 proti opotrebovaniu tren\u00edm a mechanick\u00fdm n\u00e1razom<\/li>\n<li>\u017diadne po\u0161kodenie materi\u00e1lu pri oh\u00fdban\u00ed<\/li>\n<li>Pam\u00e4\u0165ov\u00fd efekt (potrubie m\u00e1 tendenciu vr\u00e1ti\u0165 sa do tvaru p\u00f4vodn\u00e9ho prierezu)<\/li>\n<li>Ve\u013emi dobr\u00e1 odolnos\u0165 vo\u010di chemick\u00fdm l\u00e1tkam<\/li>\n<li>tesn\u00fd vo\u010di dif\u00fazii kysl\u00edka v\u010faka ochrannej vrstve eval<\/li>\n<li>N\u00edzka hlu\u010dnos\u0165 odtoku<\/li>\n<li>Zn\u00ed\u017eenie straty tehotenstva<\/li>\n<li>Neobsahuje i\u00f3ny \u0165a\u017ek\u00fdch kovov<\/li>\n<li>Odolnos\u0165 proti kor\u00f3zii<\/li>\n<li>Inkrust\u00e1cie sa neusadzuj\u00fa ani po rokoch \u0165a\u017eby<\/li>\n<\/ul>\n<p>* Zobrazen\u00e1 cena je za jeden be\u017en\u00fd meter.<\/p>\n<p>Materi\u00e1l: sie\u0165ovan\u00fd polyetyl\u00e9n typu &#8222;a&#8220; s tvarovou pam\u00e4\u0165ou.<\/p>\n<p>Pracovn\u00fd tlak (max.): 6 bar<\/p>\n<p>Pracovn\u00e1 teplota (max.): C. Maxim\u00e1lna kr\u00e1tkodobo povolen\u00e1 teplota: 115 grd.C<\/p>\n<p>Ochrana proti dif\u00fazii kysl\u00edka<\/p>\n<p>Hustota (porovnaj DIN 53497): 0,93 g\/cmc<\/p>\n<p>Modul pru\u017enosti (porovnaj DIN 53497): cca. 600 N\/m\u00b2<\/p>\n<p>Odolnos\u0165 do +20 stup\u0148ov C bez poru\u0161enia. Odolnos\u0165 do -20 stup\u0148ov C bez poru\u0161enia<\/p>\n<p>Koeficient pozd\u013a\u017enej roz\u0165a\u017enosti pri 20 grd.C: 1,4 x 10-4K-1, Koeficient pozd\u013a\u017enej roz\u0165a\u017enosti pri 100 grd.C: 2,0 x 10-4K-1<\/p>\n<p>S\u00fa\u010dinite\u013e tepelnej vodivosti: 0,35 W\/mK<\/p>\n<p>Priepustnos\u0165 pre O2 pri 40 C: &lt;\/= 0,1 mg\/lxd<\/p>\n<p>Drsnos\u0165 potrubia k: 0,007 mm<\/p>\n","protected":false},"excerpt":{"rendered":"<p>R\u00fara Rehau Rautherm-S 17 mm Vykurovacia r\u00fara RAUTHERM S a technika posuvn\u00e9ho n\u00e1suvn\u00e9ho spoja s\u00fa \u00fastredn\u00fdmi komponentmi mont\u00e1\u017enych syst\u00e9mov pre takmer v\u0161etky varianty pou\u017eitia. Vynikaj\u00faca odolnos\u0165 vo\u010di vysok\u00fdm teplot\u00e1m a\u017e do 110 stup\u0148ov Celzia Neprask\u00e1 pri za\u0165a\u017een\u00ed M\u00e1 stabiln\u00fd tvar Optim\u00e1lny pomer flexibility\/po\u017eiadavky na tlak Vynikaj\u00faca odolnos\u0165 vo\u010di tepeln\u00e9mu starnutiu Ve\u013emi dobr\u00e1 odolnos\u0165 pri teplot\u00e1ch&hellip;<\/p>\n","protected":false},"featured_media":3335,"comment_status":"open","ping_status":"closed","template":"","meta":[],"product_cat":[872],"product_tag":[],"class_list":{"0":"post-15522","1":"product","2":"type-product","3":"status-publish","4":"has-post-thumbnail","6":"product_cat-potrubie-podlahoveho-vykurovania","8":"first","9":"instock","10":"sale","11":"taxable","12":"shipping-taxable","13":"purchasable","14":"product-type-simple","15":"col-xs-6 col-sm-4","16":"col-md-4 col-lg-4","17":"un-3-cols"},"acf":[],"yoast_head":"<!-- This site is optimized with the Yoast SEO plugin v21.2 - https:\/\/yoast.com\/wordpress\/plugins\/seo\/ -->\n<title>R\u00farka podlahov\u00e9ho vykurovania Rehau Rautherm-S 17 mm<\/title>\n<meta name=\"description\" content=\"Order R\u00farka podlahov\u00e9ho vykurovania Rehau Rautherm-S 17 mm at a best price.\" \/>\n<meta name=\"robots\" content=\"index, follow, max-snippet:-1, max-image-preview:large, max-video-preview:-1\" \/>\n<link rel=\"canonical\" href=\"https:\/\/fluterm.eu\/sk\/prod\/rurka-podlahoveho-vykurovania-rehau-rautherm-s-17-mm\/\" \/>\n<meta property=\"og:locale\" content=\"sk_SK\" \/>\n<meta property=\"og:type\" content=\"article\" \/>\n<meta property=\"og:title\" content=\"R\u00farka podlahov\u00e9ho vykurovania Rehau Rautherm-S 17 mm\" \/>\n<meta property=\"og:description\" content=\"Order R\u00farka podlahov\u00e9ho vykurovania Rehau Rautherm-S 17 mm at a best price.\" \/>\n<meta property=\"og:url\" content=\"https:\/\/fluterm.eu\/sk\/prod\/rurka-podlahoveho-vykurovania-rehau-rautherm-s-17-mm\/\" \/>\n<meta property=\"og:site_name\" content=\"fluterm.eu\" \/>\n<meta property=\"og:image\" content=\"https:\/\/fluterm.eu\/wp-content\/uploads\/2023\/07\/12A5F521-8C25-422C-B15B-8035068EDE3C_4_5005_c.jpeg\" \/>\n\t<meta property=\"og:image:width\" content=\"224\" \/>\n\t<meta property=\"og:image:height\" content=\"224\" \/>\n\t<meta property=\"og:image:type\" content=\"image\/jpeg\" \/>\n<meta name=\"twitter:card\" content=\"summary_large_image\" \/>\n<meta name=\"twitter:label1\" content=\"Predpokladan\u00fd \u010das \u010d\u00edtania\" \/>\n\t<meta name=\"twitter:data1\" content=\"1 min\u00fata\" \/>\n<script type=\"application\/ld+json\" class=\"yoast-schema-graph\">{\"@context\":\"https:\/\/schema.org\",\"@graph\":[{\"@type\":\"WebPage\",\"@id\":\"https:\/\/fluterm.eu\/sk\/prod\/rurka-podlahoveho-vykurovania-rehau-rautherm-s-17-mm\/\",\"url\":\"https:\/\/fluterm.eu\/sk\/prod\/rurka-podlahoveho-vykurovania-rehau-rautherm-s-17-mm\/\",\"name\":\"R\u00farka podlahov\u00e9ho vykurovania Rehau Rautherm-S 17 mm\",\"isPartOf\":{\"@id\":\"https:\/\/fluterm.eu\/#website\"},\"datePublished\":\"2023-07-02T15:50:13+00:00\",\"dateModified\":\"2023-07-02T15:50:13+00:00\",\"description\":\"Order R\u00farka podlahov\u00e9ho vykurovania Rehau Rautherm-S 17 mm at a best price.\",\"breadcrumb\":{\"@id\":\"https:\/\/fluterm.eu\/sk\/prod\/rurka-podlahoveho-vykurovania-rehau-rautherm-s-17-mm\/#breadcrumb\"},\"inLanguage\":\"sk-SK\",\"potentialAction\":[{\"@type\":\"ReadAction\",\"target\":[\"https:\/\/fluterm.eu\/sk\/prod\/rurka-podlahoveho-vykurovania-rehau-rautherm-s-17-mm\/\"]}]},{\"@type\":\"BreadcrumbList\",\"@id\":\"https:\/\/fluterm.eu\/sk\/prod\/rurka-podlahoveho-vykurovania-rehau-rautherm-s-17-mm\/#breadcrumb\",\"itemListElement\":[{\"@type\":\"ListItem\",\"position\":1,\"name\":\"Home\",\"item\":\"https:\/\/fluterm.eu\/sk\/obchod\/\"},{\"@type\":\"ListItem\",\"position\":2,\"name\":\"Obchod\",\"item\":\"https:\/\/fluterm.eu\/sk\/obchod\/\"},{\"@type\":\"ListItem\",\"position\":3,\"name\":\"R\u00farka podlahov\u00e9ho vykurovania Rehau Rautherm-S 17 mm\"}]},{\"@type\":\"WebSite\",\"@id\":\"https:\/\/fluterm.eu\/#website\",\"url\":\"https:\/\/fluterm.eu\/\",\"name\":\"fluterm.eu\",\"description\":\"\",\"potentialAction\":[{\"@type\":\"SearchAction\",\"target\":{\"@type\":\"EntryPoint\",\"urlTemplate\":\"https:\/\/fluterm.eu\/?s={search_term_string}\"},\"query-input\":\"required name=search_term_string\"}],\"inLanguage\":\"sk-SK\"}]}<\/script>\n<!-- \/ Yoast SEO plugin. -->","yoast_head_json":{"title":"R\u00farka podlahov\u00e9ho vykurovania Rehau Rautherm-S 17 mm","description":"Order R\u00farka podlahov\u00e9ho vykurovania Rehau Rautherm-S 17 mm at a best price.","robots":{"index":"index","follow":"follow","max-snippet":"max-snippet:-1","max-image-preview":"max-image-preview:large","max-video-preview":"max-video-preview:-1"},"canonical":"https:\/\/fluterm.eu\/sk\/prod\/rurka-podlahoveho-vykurovania-rehau-rautherm-s-17-mm\/","og_locale":"sk_SK","og_type":"article","og_title":"R\u00farka podlahov\u00e9ho vykurovania Rehau Rautherm-S 17 mm","og_description":"Order R\u00farka podlahov\u00e9ho vykurovania Rehau Rautherm-S 17 mm at a best price.","og_url":"https:\/\/fluterm.eu\/sk\/prod\/rurka-podlahoveho-vykurovania-rehau-rautherm-s-17-mm\/","og_site_name":"fluterm.eu","og_image":[{"width":224,"height":224,"url":"https:\/\/fluterm.eu\/wp-content\/uploads\/2023\/07\/12A5F521-8C25-422C-B15B-8035068EDE3C_4_5005_c.jpeg","type":"image\/jpeg"}],"twitter_card":"summary_large_image","twitter_misc":{"Predpokladan\u00fd \u010das \u010d\u00edtania":"1 min\u00fata"},"schema":{"@context":"https:\/\/schema.org","@graph":[{"@type":"WebPage","@id":"https:\/\/fluterm.eu\/sk\/prod\/rurka-podlahoveho-vykurovania-rehau-rautherm-s-17-mm\/","url":"https:\/\/fluterm.eu\/sk\/prod\/rurka-podlahoveho-vykurovania-rehau-rautherm-s-17-mm\/","name":"R\u00farka podlahov\u00e9ho vykurovania Rehau Rautherm-S 17 mm","isPartOf":{"@id":"https:\/\/fluterm.eu\/#website"},"datePublished":"2023-07-02T15:50:13+00:00","dateModified":"2023-07-02T15:50:13+00:00","description":"Order R\u00farka podlahov\u00e9ho vykurovania Rehau Rautherm-S 17 mm at a best price.","breadcrumb":{"@id":"https:\/\/fluterm.eu\/sk\/prod\/rurka-podlahoveho-vykurovania-rehau-rautherm-s-17-mm\/#breadcrumb"},"inLanguage":"sk-SK","potentialAction":[{"@type":"ReadAction","target":["https:\/\/fluterm.eu\/sk\/prod\/rurka-podlahoveho-vykurovania-rehau-rautherm-s-17-mm\/"]}]},{"@type":"BreadcrumbList","@id":"https:\/\/fluterm.eu\/sk\/prod\/rurka-podlahoveho-vykurovania-rehau-rautherm-s-17-mm\/#breadcrumb","itemListElement":[{"@type":"ListItem","position":1,"name":"Home","item":"https:\/\/fluterm.eu\/sk\/obchod\/"},{"@type":"ListItem","position":2,"name":"Obchod","item":"https:\/\/fluterm.eu\/sk\/obchod\/"},{"@type":"ListItem","position":3,"name":"R\u00farka podlahov\u00e9ho vykurovania Rehau Rautherm-S 17 mm"}]},{"@type":"WebSite","@id":"https:\/\/fluterm.eu\/#website","url":"https:\/\/fluterm.eu\/","name":"fluterm.eu","description":"","potentialAction":[{"@type":"SearchAction","target":{"@type":"EntryPoint","urlTemplate":"https:\/\/fluterm.eu\/?s={search_term_string}"},"query-input":"required name=search_term_string"}],"inLanguage":"sk-SK"}]}},"_links":{"self":[{"href":"https:\/\/fluterm.eu\/sk\/wp-json\/wp\/v2\/product\/15522","targetHints":{"allow":["GET"]}}],"collection":[{"href":"https:\/\/fluterm.eu\/sk\/wp-json\/wp\/v2\/product"}],"about":[{"href":"https:\/\/fluterm.eu\/sk\/wp-json\/wp\/v2\/types\/product"}],"replies":[{"embeddable":true,"href":"https:\/\/fluterm.eu\/sk\/wp-json\/wp\/v2\/comments?post=15522"}],"version-history":[{"count":0,"href":"https:\/\/fluterm.eu\/sk\/wp-json\/wp\/v2\/product\/15522\/revisions"}],"wp:featuredmedia":[{"embeddable":true,"href":"https:\/\/fluterm.eu\/sk\/wp-json\/wp\/v2\/media\/3335"}],"wp:attachment":[{"href":"https:\/\/fluterm.eu\/sk\/wp-json\/wp\/v2\/media?parent=15522"}],"wp:term":[{"taxonomy":"product_cat","embeddable":true,"href":"https:\/\/fluterm.eu\/sk\/wp-json\/wp\/v2\/product_cat?post=15522"},{"taxonomy":"product_tag","embeddable":true,"href":"https:\/\/fluterm.eu\/sk\/wp-json\/wp\/v2\/product_tag?post=15522"}],"curies":[{"name":"wp","href":"https:\/\/api.w.org\/{rel}","templated":true}]}}