{"id":9065,"date":"2023-09-03T15:52:23","date_gmt":"2023-09-03T12:52:23","guid":{"rendered":"https:\/\/fluterm.eu\/prod\/growatt-sph6000tl3-bh-up-6kw-hybridny-striedac-s-52-kwh-solarnym-zasobnikom\/"},"modified":"2023-09-06T15:07:26","modified_gmt":"2023-09-06T12:07:26","slug":"growatt-sph6000tl3-bh-up-6kw-hybridny-striedac-s-52-kwh-solarnym-zasobnikom","status":"publish","type":"product","link":"https:\/\/fluterm.eu\/sk\/prod\/growatt-sph6000tl3-bh-up-6kw-hybridny-striedac-s-52-kwh-solarnym-zasobnikom\/","title":{"rendered":"Growatt SPH6000TL3-BH-UP 6kW hybridn\u00fd strieda\u010d s 5,2 kWh sol\u00e1rnym z\u00e1sobn\u00edkom"},"content":{"rendered":"<div class=\"product-properties-description-title\">\n<h2>Podrobnosti o produkte<\/h2>\n<\/div>\n<div class=\"product-detail-properties\">\n<div class=\"row product-detail-properties-container\">\n<div class=\"col-12\">\n<table class=\"table table-striped product-detail-properties-table\">\n<tbody>\n<tr class=\"properties-row clickable\" data-toggle=\"collapse\">\n<th class=\"properties-label\">Rozmery (Dx\u0160xV):<\/th>\n<td class=\"properties-value\">610x250x770mm<\/td>\n<\/tr>\n<tr class=\"properties-row\">\n<th class=\"properties-label\">Mo\u017enos\u0165 roz\u0161\u00edrenia:<\/th>\n<td class=\"properties-value\">\u00c1no<\/td>\n<\/tr>\n<tr class=\"properties-row\">\n<th class=\"properties-label\">Kapacita vo Wh:<\/th>\n<td class=\"properties-value\">5200<\/td>\n<\/tr>\n<tr class=\"properties-row\">\n<th class=\"properties-label\">V\u00fdkon vo W:<\/th>\n<td class=\"properties-value\">6000<\/td>\n<\/tr>\n<\/tbody>\n<\/table>\n<\/div>\n<\/div>\n<\/div>\n<div class=\"twt-product-detail-properties-info\">Inform\u00e1cie pod\u013ea v\u00fdrobcu. S v\u00fdhradou ch\u00fdb a zmien.<\/div>\n<div class=\"product-detail-description-text\">\n<h2>Growatt SPH6000TL3-BH-UP 6kW hybridn\u00fd strieda\u010d so sol\u00e1rnym z\u00e1sobn\u00edkom s kapacitou 7,6 kWh<\/h2>\n<p>Tieto produkty na v\u00e1s \u010dakaj\u00fa v tomto bal\u00edku:<\/p>\n<ul>\n<li>1 Growatt SPH6000TL3-BH-UP 6kW sol\u00e1rny hybridn\u00fd strieda\u010d 3-f\u00e1zov\u00fd<\/li>\n<li>2 vysokonap\u00e4\u0165ov\u00e9 bat\u00e9rie Growatt ARK 2.5H-A1 pre SPH a MOD<\/li>\n<li>1 Growatt Smart Meter TPM-E 3-f\u00e1zov\u00fd<\/li>\n<li>1 Growatt HVC 60050-A1 vysokonap\u00e4\u0165ov\u00fd syst\u00e9m riadenia bat\u00e9rie pre syst\u00e9m ARK HV<\/li>\n<li>1 z\u00e1klad\u0148a Growatt ARK-2.5H-A1 pre vysokonap\u00e4\u0165ov\u00e9 bat\u00e9rie<\/li>\n<li>1 Growatt ARK-2.5H-A1 sada vysokonap\u00e4\u0165ov\u00fdch pripojovac\u00edch k\u00e1blov pre SPH<\/li>\n<li>1 ty\u010d Growatt Shine-Wifi-X WiFi<\/li>\n<\/ul>\n<h3>Takto zap\u00f4sob\u00ed v\u00e1\u0161 nov\u00fd hybridn\u00fd meni\u010d<\/h3>\n<p>Hybridn\u00fd strieda\u010d Growatt SPH6000TL3-BH-UP zabezpe\u010duje zv\u00fd\u0161en\u00fa vlastn\u00fa spotrebu sol\u00e1rnej energie a zni\u017euje va\u0161u z\u00e1vislos\u0165 od elektrickej siete. V\u00fdrobok m\u00e1 maxim\u00e1lny v\u00fdstupn\u00fd v\u00fdkon 6 000 W. Eur\u00f3pska \u00farove\u0148 \u00fa\u010dinnosti, a teda \u00fa\u010dinnos\u0165 je 97,3 %. V\u00fdrobok je vhodn\u00fd pre syst\u00e9m s maxim\u00e1lnym v\u00fdkonom 7,8 kWp. Aj ke\u010f v\u00e1\u0161 sol\u00e1rny syst\u00e9m pozost\u00e1va z povrchov r\u00f4znej hr\u00fabky, ich optim\u00e1lny v\u00fdkon podporuj\u00fa 2 sledova\u010de MPP v zariaden\u00ed SPH6000TL3-BH-UP.<\/p>\n<h3>ARK 7.6H: V\u00e1\u0161 nov\u00fd sol\u00e1rny z\u00e1sobn\u00edk na prv\u00fd poh\u013ead<\/h3>\n<p>Dod\u00e1van\u00e1 bat\u00e9ria od spolo\u010dnosti Growatt m\u00e1 kapacitu 5 200 Wh. Toto \u00falo\u017eisko sa hod\u00ed pre v\u00e1\u0161 sol\u00e1rny syst\u00e9m. ARK 5.2H vyhovuje energetick\u00fdm potreb\u00e1m \u0161tyroch os\u00f4b v rodinnom dome s elektromobilom alebo tepeln\u00fdm \u010derpadlom. Po\u010d\u00edta sa s menej ako 9 000 kWh ro\u010dne.<\/p>\n<h3>Rozhrania: Takto komunikuje va\u0161a sol\u00e1rna s\u00faprava<\/h3>\n<p>Dostato\u010dn\u00e9 rozhrania zabezpe\u010duj\u00fa prepojenie sol\u00e1rnej s\u00fapravy s in\u00fdmi zariadeniami. Bal\u00edk pracuje s t\u00fdmito rozhraniami:<\/p>\n<ul>\n<li>RS232, RS485, CAN, USB, WLAN<\/li>\n<\/ul>\n<\/div>\n<div class=\"h4 twt-product-properties-description-title\">Technick\u00e9 \u00fadaje<\/div>\n<div class=\"product-detail-properties\">\n<div class=\"row product-detail-properties-container\">\n<div class=\"col-12\">\n<table class=\"table table-striped product-detail-properties-table\">\n<tbody>\n<tr class=\"properties-row\">\n<th class=\"properties-label\">Po\u010det MPPT:<\/th>\n<td class=\"properties-value\">2<\/td>\n<\/tr>\n<tr class=\"properties-row\">\n<th class=\"properties-label\">Mo\u017enos\u0165 roz\u0161\u00edrenia:<\/th>\n<td class=\"properties-value\">\u00c1no<\/td>\n<\/tr>\n<tr class=\"properties-row\">\n<th class=\"properties-label\">Kapacita vo Wh:<\/th>\n<td class=\"properties-value\">5200<\/td>\n<\/tr>\n<tr class=\"properties-row\">\n<th class=\"properties-label\">V\u00fdkon vo W:<\/th>\n<td class=\"properties-value\">6000<\/td>\n<\/tr>\n<tr class=\"properties-row\">\n<th class=\"properties-label\">Maxim\u00e1lna ve\u013ekos\u0165 syst\u00e9mu KWp:<\/th>\n<td class=\"properties-value\">7.8<\/td>\n<\/tr>\n<tr class=\"properties-row\">\n<th class=\"properties-label\">f\u00e1zach:<\/th>\n<td class=\"properties-value\">3<\/td>\n<\/tr>\n<tr class=\"properties-row\">\n<th class=\"properties-label\">Rozhrania:<\/th>\n<td class=\"properties-value\">RS232, RS485, CAN, USB, WLAN<\/td>\n<\/tr>\n<tr class=\"properties-row\">\n<th class=\"properties-label\">Trieda ochrany:<\/th>\n<td class=\"properties-value\">IP65<\/td>\n<\/tr>\n<tr class=\"properties-row\">\n<th class=\"properties-label\">\u010cas prep\u00ednania v ms:<\/th>\n<td class=\"properties-value\">10<\/td>\n<\/tr>\n<tr class=\"properties-row\">\n<th class=\"properties-label\">\u00da\u010dinnos\u0165 v percent\u00e1ch:<\/th>\n<td class=\"properties-value\">97.3<\/td>\n<\/tr>\n<\/tbody>\n<\/table>\n<p><a href=\"https:\/\/akkusys.net\/pdf\/9887705_822841.pdf\" target=\"_blank\" rel=\"noopener\">D\u00e1tov\u00fd list<\/a><\/p>\n<p><a href=\"https:\/\/akkusys.net\/pdf\/9887705_822842.pdf\" target=\"_blank\" rel=\"noopener\">D\u00e1tov\u00fd list bat\u00e9rie<\/a><\/p>\n<table border=\"1\" data-darkreader-inline-border-top=\"\" data-darkreader-inline-border-right=\"\" data-darkreader-inline-border-bottom=\"\" data-darkreader-inline-border-left=\"\" data-darkreader-inline-bgcolor=\"\">\n<tbody>\n<tr>\n<td><img decoding=\"async\" src=\"https:\/\/www.a2t.ro\/media\/Imagini_produse_descriere\/etc\/cum_functioneaza_un_sistem_off_grid.gif\" alt=\"cum functioneaza bateria\" width=\"100%\"><\/td>\n<\/tr>\n<\/tbody>\n<\/table>\n<p>&nbsp;<\/p>\n<\/div>\n<\/div>\n<\/div>\n","protected":false},"excerpt":{"rendered":"<p>Podrobnosti o produkte Rozmery (Dx\u0160xV): 610x250x770mm Mo\u017enos\u0165 roz\u0161\u00edrenia: \u00c1no Kapacita vo Wh: 5200 V\u00fdkon vo W: 6000 Inform\u00e1cie pod\u013ea v\u00fdrobcu. S v\u00fdhradou ch\u00fdb a zmien. Growatt SPH6000TL3-BH-UP 6kW hybridn\u00fd strieda\u010d so sol\u00e1rnym z\u00e1sobn\u00edkom s kapacitou 7,6 kWh Tieto produkty na v\u00e1s \u010dakaj\u00fa v tomto bal\u00edku: 1 Growatt SPH6000TL3-BH-UP 6kW sol\u00e1rny hybridn\u00fd strieda\u010d 3-f\u00e1zov\u00fd 2 vysokonap\u00e4\u0165ov\u00e9&hellip;<\/p>\n","protected":false},"featured_media":9073,"comment_status":"open","ping_status":"closed","template":"","meta":[],"product_cat":[794],"product_tag":[],"class_list":{"0":"post-9065","1":"product","2":"type-product","3":"status-publish","4":"has-post-thumbnail","6":"product_cat-fotovoltaicke-supravy","8":"first","9":"instock","10":"taxable","11":"shipping-taxable","12":"purchasable","13":"product-type-simple","14":"col-xs-6 col-sm-4","15":"col-md-4 col-lg-4","16":"un-3-cols"},"acf":[],"yoast_head":"<!-- This site is optimized with the Yoast SEO plugin v21.2 - https:\/\/yoast.com\/wordpress\/plugins\/seo\/ -->\n<title>Growatt SPH6000TL3-BH-UP 6kW hybridn\u00fd strieda\u010d s 5,2 kWh sol\u00e1rnym z\u00e1sobn\u00edkom<\/title>\n<meta name=\"description\" content=\"Order Growatt SPH6000TL3-BH-UP 6kW hybridn\u00fd strieda\u010d s 5,2 kWh sol\u00e1rnym z\u00e1sobn\u00edkom at a best price.\" \/>\n<meta name=\"robots\" content=\"index, follow, max-snippet:-1, max-image-preview:large, max-video-preview:-1\" \/>\n<link rel=\"canonical\" href=\"https:\/\/fluterm.eu\/sk\/prod\/growatt-sph6000tl3-bh-up-6kw-hybridny-striedac-s-52-kwh-solarnym-zasobnikom\/\" \/>\n<meta property=\"og:locale\" content=\"sk_SK\" \/>\n<meta property=\"og:type\" content=\"article\" \/>\n<meta property=\"og:title\" content=\"Growatt SPH6000TL3-BH-UP 6kW hybridn\u00fd strieda\u010d s 5,2 kWh sol\u00e1rnym z\u00e1sobn\u00edkom\" \/>\n<meta property=\"og:description\" content=\"Order Growatt SPH6000TL3-BH-UP 6kW hybridn\u00fd strieda\u010d s 5,2 kWh sol\u00e1rnym z\u00e1sobn\u00edkom at a best price.\" \/>\n<meta property=\"og:url\" content=\"https:\/\/fluterm.eu\/sk\/prod\/growatt-sph6000tl3-bh-up-6kw-hybridny-striedac-s-52-kwh-solarnym-zasobnikom\/\" \/>\n<meta property=\"og:site_name\" content=\"fluterm.eu\" \/>\n<meta property=\"article:modified_time\" content=\"2023-09-06T12:07:26+00:00\" \/>\n<meta property=\"og:image\" content=\"https:\/\/fluterm.eu\/wp-content\/uploads\/2023\/08\/8C2F61C0-EFAD-4C01-9428-CD91962D0463.jpeg\" \/>\n\t<meta property=\"og:image:width\" content=\"560\" \/>\n\t<meta property=\"og:image:height\" content=\"560\" \/>\n\t<meta property=\"og:image:type\" content=\"image\/jpeg\" \/>\n<meta name=\"twitter:card\" content=\"summary_large_image\" \/>\n<meta name=\"twitter:label1\" content=\"Predpokladan\u00fd \u010das \u010d\u00edtania\" \/>\n\t<meta name=\"twitter:data1\" content=\"2 min\u00faty\" \/>\n<script type=\"application\/ld+json\" class=\"yoast-schema-graph\">{\"@context\":\"https:\/\/schema.org\",\"@graph\":[{\"@type\":\"WebPage\",\"@id\":\"https:\/\/fluterm.eu\/sk\/prod\/growatt-sph6000tl3-bh-up-6kw-hybridny-striedac-s-52-kwh-solarnym-zasobnikom\/\",\"url\":\"https:\/\/fluterm.eu\/sk\/prod\/growatt-sph6000tl3-bh-up-6kw-hybridny-striedac-s-52-kwh-solarnym-zasobnikom\/\",\"name\":\"Growatt SPH6000TL3-BH-UP 6kW hybridn\u00fd strieda\u010d s 5,2 kWh sol\u00e1rnym z\u00e1sobn\u00edkom\",\"isPartOf\":{\"@id\":\"https:\/\/fluterm.eu\/#website\"},\"datePublished\":\"2023-09-03T12:52:23+00:00\",\"dateModified\":\"2023-09-06T12:07:26+00:00\",\"description\":\"Order Growatt SPH6000TL3-BH-UP 6kW hybridn\u00fd strieda\u010d s 5,2 kWh sol\u00e1rnym z\u00e1sobn\u00edkom at a best price.\",\"breadcrumb\":{\"@id\":\"https:\/\/fluterm.eu\/sk\/prod\/growatt-sph6000tl3-bh-up-6kw-hybridny-striedac-s-52-kwh-solarnym-zasobnikom\/#breadcrumb\"},\"inLanguage\":\"sk-SK\",\"potentialAction\":[{\"@type\":\"ReadAction\",\"target\":[\"https:\/\/fluterm.eu\/sk\/prod\/growatt-sph6000tl3-bh-up-6kw-hybridny-striedac-s-52-kwh-solarnym-zasobnikom\/\"]}]},{\"@type\":\"BreadcrumbList\",\"@id\":\"https:\/\/fluterm.eu\/sk\/prod\/growatt-sph6000tl3-bh-up-6kw-hybridny-striedac-s-52-kwh-solarnym-zasobnikom\/#breadcrumb\",\"itemListElement\":[{\"@type\":\"ListItem\",\"position\":1,\"name\":\"Home\",\"item\":\"https:\/\/fluterm.eu\/sk\/obchod\/\"},{\"@type\":\"ListItem\",\"position\":2,\"name\":\"Obchod\",\"item\":\"https:\/\/fluterm.eu\/sk\/obchod\/\"},{\"@type\":\"ListItem\",\"position\":3,\"name\":\"Growatt SPH6000TL3-BH-UP 6kW hybridn\u00fd strieda\u010d s 5,2 kWh sol\u00e1rnym z\u00e1sobn\u00edkom\"}]},{\"@type\":\"WebSite\",\"@id\":\"https:\/\/fluterm.eu\/#website\",\"url\":\"https:\/\/fluterm.eu\/\",\"name\":\"fluterm.eu\",\"description\":\"\",\"potentialAction\":[{\"@type\":\"SearchAction\",\"target\":{\"@type\":\"EntryPoint\",\"urlTemplate\":\"https:\/\/fluterm.eu\/?s={search_term_string}\"},\"query-input\":\"required name=search_term_string\"}],\"inLanguage\":\"sk-SK\"}]}<\/script>\n<!-- \/ Yoast SEO plugin. -->","yoast_head_json":{"title":"Growatt SPH6000TL3-BH-UP 6kW hybridn\u00fd strieda\u010d s 5,2 kWh sol\u00e1rnym z\u00e1sobn\u00edkom","description":"Order Growatt SPH6000TL3-BH-UP 6kW hybridn\u00fd strieda\u010d s 5,2 kWh sol\u00e1rnym z\u00e1sobn\u00edkom at a best price.","robots":{"index":"index","follow":"follow","max-snippet":"max-snippet:-1","max-image-preview":"max-image-preview:large","max-video-preview":"max-video-preview:-1"},"canonical":"https:\/\/fluterm.eu\/sk\/prod\/growatt-sph6000tl3-bh-up-6kw-hybridny-striedac-s-52-kwh-solarnym-zasobnikom\/","og_locale":"sk_SK","og_type":"article","og_title":"Growatt SPH6000TL3-BH-UP 6kW hybridn\u00fd strieda\u010d s 5,2 kWh sol\u00e1rnym z\u00e1sobn\u00edkom","og_description":"Order Growatt SPH6000TL3-BH-UP 6kW hybridn\u00fd strieda\u010d s 5,2 kWh sol\u00e1rnym z\u00e1sobn\u00edkom at a best price.","og_url":"https:\/\/fluterm.eu\/sk\/prod\/growatt-sph6000tl3-bh-up-6kw-hybridny-striedac-s-52-kwh-solarnym-zasobnikom\/","og_site_name":"fluterm.eu","article_modified_time":"2023-09-06T12:07:26+00:00","og_image":[{"width":560,"height":560,"url":"https:\/\/fluterm.eu\/wp-content\/uploads\/2023\/08\/8C2F61C0-EFAD-4C01-9428-CD91962D0463.jpeg","type":"image\/jpeg"}],"twitter_card":"summary_large_image","twitter_misc":{"Predpokladan\u00fd \u010das \u010d\u00edtania":"2 min\u00faty"},"schema":{"@context":"https:\/\/schema.org","@graph":[{"@type":"WebPage","@id":"https:\/\/fluterm.eu\/sk\/prod\/growatt-sph6000tl3-bh-up-6kw-hybridny-striedac-s-52-kwh-solarnym-zasobnikom\/","url":"https:\/\/fluterm.eu\/sk\/prod\/growatt-sph6000tl3-bh-up-6kw-hybridny-striedac-s-52-kwh-solarnym-zasobnikom\/","name":"Growatt SPH6000TL3-BH-UP 6kW hybridn\u00fd strieda\u010d s 5,2 kWh sol\u00e1rnym z\u00e1sobn\u00edkom","isPartOf":{"@id":"https:\/\/fluterm.eu\/#website"},"datePublished":"2023-09-03T12:52:23+00:00","dateModified":"2023-09-06T12:07:26+00:00","description":"Order Growatt SPH6000TL3-BH-UP 6kW hybridn\u00fd strieda\u010d s 5,2 kWh sol\u00e1rnym z\u00e1sobn\u00edkom at a best price.","breadcrumb":{"@id":"https:\/\/fluterm.eu\/sk\/prod\/growatt-sph6000tl3-bh-up-6kw-hybridny-striedac-s-52-kwh-solarnym-zasobnikom\/#breadcrumb"},"inLanguage":"sk-SK","potentialAction":[{"@type":"ReadAction","target":["https:\/\/fluterm.eu\/sk\/prod\/growatt-sph6000tl3-bh-up-6kw-hybridny-striedac-s-52-kwh-solarnym-zasobnikom\/"]}]},{"@type":"BreadcrumbList","@id":"https:\/\/fluterm.eu\/sk\/prod\/growatt-sph6000tl3-bh-up-6kw-hybridny-striedac-s-52-kwh-solarnym-zasobnikom\/#breadcrumb","itemListElement":[{"@type":"ListItem","position":1,"name":"Home","item":"https:\/\/fluterm.eu\/sk\/obchod\/"},{"@type":"ListItem","position":2,"name":"Obchod","item":"https:\/\/fluterm.eu\/sk\/obchod\/"},{"@type":"ListItem","position":3,"name":"Growatt SPH6000TL3-BH-UP 6kW hybridn\u00fd strieda\u010d s 5,2 kWh sol\u00e1rnym z\u00e1sobn\u00edkom"}]},{"@type":"WebSite","@id":"https:\/\/fluterm.eu\/#website","url":"https:\/\/fluterm.eu\/","name":"fluterm.eu","description":"","potentialAction":[{"@type":"SearchAction","target":{"@type":"EntryPoint","urlTemplate":"https:\/\/fluterm.eu\/?s={search_term_string}"},"query-input":"required name=search_term_string"}],"inLanguage":"sk-SK"}]}},"_links":{"self":[{"href":"https:\/\/fluterm.eu\/sk\/wp-json\/wp\/v2\/product\/9065","targetHints":{"allow":["GET"]}}],"collection":[{"href":"https:\/\/fluterm.eu\/sk\/wp-json\/wp\/v2\/product"}],"about":[{"href":"https:\/\/fluterm.eu\/sk\/wp-json\/wp\/v2\/types\/product"}],"replies":[{"embeddable":true,"href":"https:\/\/fluterm.eu\/sk\/wp-json\/wp\/v2\/comments?post=9065"}],"version-history":[{"count":1,"href":"https:\/\/fluterm.eu\/sk\/wp-json\/wp\/v2\/product\/9065\/revisions"}],"predecessor-version":[{"id":13737,"href":"https:\/\/fluterm.eu\/sk\/wp-json\/wp\/v2\/product\/9065\/revisions\/13737"}],"wp:featuredmedia":[{"embeddable":true,"href":"https:\/\/fluterm.eu\/sk\/wp-json\/wp\/v2\/media\/9073"}],"wp:attachment":[{"href":"https:\/\/fluterm.eu\/sk\/wp-json\/wp\/v2\/media?parent=9065"}],"wp:term":[{"taxonomy":"product_cat","embeddable":true,"href":"https:\/\/fluterm.eu\/sk\/wp-json\/wp\/v2\/product_cat?post=9065"},{"taxonomy":"product_tag","embeddable":true,"href":"https:\/\/fluterm.eu\/sk\/wp-json\/wp\/v2\/product_tag?post=9065"}],"curies":[{"name":"wp","href":"https:\/\/api.w.org\/{rel}","templated":true}]}}