{"id":9095,"date":"2023-09-03T15:24:40","date_gmt":"2023-09-03T12:24:40","guid":{"rendered":"https:\/\/fluterm.eu\/prod\/bateria-growatt-ark-2-5l-a1-spf\/"},"modified":"2023-09-06T15:07:26","modified_gmt":"2023-09-06T12:07:26","slug":"bateria-growatt-ark-2-5l-a1-spf","status":"publish","type":"product","link":"https:\/\/fluterm.eu\/sk\/prod\/bateria-growatt-ark-2-5l-a1-spf\/","title":{"rendered":"BAT\u00c9RIA GROWATT ARK-2.5L-A1 SPF"},"content":{"rendered":"<div class=\"widget widget-tab container mx-auto nopa\">\n<div class=\"widget-inner\">\n<div class=\"tab-content\">\n<div class=\"tab-pane pr-0 pl-0 active\" role=\"tabpanel\">\n<div class=\"my-4\" data-builder-child-container=\"630dee388da9b\">\n<div class=\"widget widget-text widget-none producertag h6 producer text-muted mt-0 mb-3\">\n<div class=\"widget-inner bg-appearance pt-0 pr-0 pb-0 pl-0\">\n<p><img decoding=\"async\" src=\"https:\/\/cdn02.plentymarkets.com\/kmyhaikn11xq\/frontend\/ebay-actec\/GROWATT.png\"><\/p>\n<\/div>\n<\/div>\n<div class=\"widget widget-text widget-none mt-0 mr-0 mb-5 ml-0\">\n<div class=\"widget-inner bg-appearance pt-0 pr-0 pb-0 pl-0\">\n<h2><span>Bat\u00e9ria Growatt ARK-2.5L-A1 SPF<\/span><\/h2>\n<p><span>Bezkobaltov\u00e9 l\u00edtiov\u00e9 \u00falo\u017en\u00e9 moduly s technol\u00f3giou LiFePO4! Po\u010das d\u0148a m\u00f4\u017eete pohodlne vyu\u017e\u00edva\u0165 vlastn\u00fa elektrick\u00fa energiu zo sol\u00e1rneho syst\u00e9mu. Ale \u010do ak sa zotmie alebo vyrob\u00edte viac elektriny, ako potrebujete? Alebo chcete \u017ei\u0165 \u010do najviac sebesta\u010dne? V takom pr\u00edpade je mo\u017en\u00e9 vyu\u017ei\u0165 skladovanie energie. \u00dalo\u017en\u00e9 moduly Growatt ARK LV sa v\u010faka jednoduch\u00e9mu princ\u00edpu plug &amp; play \u013eahko in\u0161taluj\u00fa a mo\u017eno ich kedyko\u013evek roz\u0161\u00edri\u0165 a\u017e na desa\u0165 modulov, t. j. a\u017e na kapacitu 25,64 kWh. Pomocou tohto z\u00e1sobn\u00edka energie m\u00f4\u017eete vyu\u017e\u00edva\u0165 vyroben\u00fa sol\u00e1rnu energiu aj v noci alebo pri zamra\u010denej oblohe a za\u017ei\u0165 e\u0161te v\u00e4\u010d\u0161iu nez\u00e1vislos\u0165.<\/span><\/p>\n<p><strong><span>Z\u00e1sobn\u00edk energie Growatt ARK 2,5 l<\/span><\/strong><\/p>\n<p><strong><span>V\u00fdhody:<\/span><\/strong><\/p>\n<ul>\n<li><span>vy\u0161\u0161ia hustota energie<\/span><\/li>\n<li><span>n\u00edzke samovyb\u00edjanie po\u010das dlhodob\u00e9ho skladovania<\/span><\/li>\n<li><span>vysok\u00e9 nap\u00e4tie \u010dl\u00e1nku<\/span><\/li>\n<li><span>Dlh\u0161ia \u017eivotnos\u0165 ako pri tradi\u010dn\u00fdch \u00falo\u017eisk\u00e1ch<\/span><\/li>\n<li><span>\u0161irok\u00fd rozsah tepl\u00f4t pri skladovan\u00ed a prev\u00e1dzke<\/span><\/li>\n<li><span>u\u017e\u00edvate\u013esky pr\u00edvetiv\u00e9 rukov\u00e4te na pren\u00e1\u0161anie<\/span><\/li>\n<li><span>vysok\u00e1 prev\u00e1dzkov\u00e1 spo\u013eahlivos\u0165<\/span><\/li>\n<li><span>vysok\u00fd v\u00fdkon pri nab\u00edjan\u00ed a vyb\u00edjan\u00ed<\/span><\/li>\n<li><span>vyu\u017eite\u013en\u00e1 kapacita 2304 Wh (90%DOD)<\/span><\/li>\n<\/ul>\n<p><strong><span>Oblasti pou\u017eitia:<\/span><\/strong><\/p>\n<ul>\n<li><span>n\u00fadzov\u00e9 nap\u00e1janie<\/span><\/li>\n<li><span>pre sol\u00e1rnu prev\u00e1dzku a pou\u017e\u00edvanie strieda\u010dov<\/span><\/li>\n<li><span>pre fotovoltaick\u00e9 syst\u00e9my a auton\u00f3mne syst\u00e9my<\/span><\/li>\n<li><span>pre zdroje nepreru\u0161ite\u013en\u00e9ho nap\u00e1jania (UPS)<\/span><\/li>\n<li><span>univerz\u00e1lna in\u0161tal\u00e1cia a optim\u00e1lna hospod\u00e1rnos\u0165<\/span><\/li>\n<\/ul>\n<\/div>\n<\/div>\n<\/div>\n<\/div>\n<\/div>\n<\/div>\n<\/div>\n<div class=\"widget widget-grid widget-two-col row\">\n<div class=\"widget-inner col-xl-6 widget-prop-xl-3-1 col-lg-6 widget-prop-lg-3-1 col-md-6 widget-prop-md-3-1 col-sm-12 widget-prop-sm-3-1 widget-stacked-mobile col-12 widget-prop-3-1 widget-stacked-mobile\">\n<div><\/div>\n<\/div>\n<div class=\"widget-inner col-xl-6 widget-prop-xl-3-1 col-lg-6 widget-prop-lg-3-1 col-md-6 widget-prop-md-3-1 col-sm-12 widget-prop-sm-3-1 col-12 widget-prop-3-1\">\n<div><\/div>\n<\/div>\n<\/div>\n<div class=\"widget widget-text widget-none mt-5\">\n<div class=\"widget-inner bg-appearance pt-0 pr-0 pb-0 pl-0\"><\/div>\n<\/div>\n","protected":false},"excerpt":{"rendered":"<p>Bat\u00e9ria Growatt ARK-2.5L-A1 SPF Bezkobaltov\u00e9 l\u00edtiov\u00e9 \u00falo\u017en\u00e9 moduly s technol\u00f3giou LiFePO4! Po\u010das d\u0148a m\u00f4\u017eete pohodlne vyu\u017e\u00edva\u0165 vlastn\u00fa elektrick\u00fa energiu zo sol\u00e1rneho syst\u00e9mu. Ale \u010do ak sa zotmie alebo vyrob\u00edte viac elektriny, ako potrebujete? Alebo chcete \u017ei\u0165 \u010do najviac sebesta\u010dne? V takom pr\u00edpade je mo\u017en\u00e9 vyu\u017ei\u0165 skladovanie energie. \u00dalo\u017en\u00e9 moduly Growatt ARK LV sa v\u010faka jednoduch\u00e9mu&hellip;<\/p>\n","protected":false},"featured_media":9098,"comment_status":"open","ping_status":"closed","template":"","meta":[],"product_cat":[794],"product_tag":[],"class_list":{"0":"post-9095","1":"product","2":"type-product","3":"status-publish","4":"has-post-thumbnail","6":"product_cat-fotovoltaicke-supravy","8":"first","9":"instock","10":"taxable","11":"shipping-taxable","12":"purchasable","13":"product-type-simple","14":"col-xs-6 col-sm-4","15":"col-md-4 col-lg-4","16":"un-3-cols"},"acf":[],"yoast_head":"<!-- This site is optimized with the Yoast SEO plugin v21.2 - https:\/\/yoast.com\/wordpress\/plugins\/seo\/ -->\n<title>BAT\u00c9RIA GROWATT ARK-2.5L-A1 SPF<\/title>\n<meta name=\"description\" content=\"Order BAT\u00c9RIA GROWATT ARK-2.5L-A1 SPF at a best price.\" \/>\n<meta name=\"robots\" content=\"index, follow, max-snippet:-1, max-image-preview:large, max-video-preview:-1\" \/>\n<link rel=\"canonical\" href=\"https:\/\/fluterm.eu\/sk\/prod\/bateria-growatt-ark-2-5l-a1-spf\/\" \/>\n<meta property=\"og:locale\" content=\"sk_SK\" \/>\n<meta property=\"og:type\" content=\"article\" \/>\n<meta property=\"og:title\" content=\"BAT\u00c9RIA GROWATT ARK-2.5L-A1 SPF\" \/>\n<meta property=\"og:description\" content=\"Order BAT\u00c9RIA GROWATT ARK-2.5L-A1 SPF at a best price.\" \/>\n<meta property=\"og:url\" content=\"https:\/\/fluterm.eu\/sk\/prod\/bateria-growatt-ark-2-5l-a1-spf\/\" \/>\n<meta property=\"og:site_name\" content=\"fluterm.eu\" \/>\n<meta property=\"article:modified_time\" content=\"2023-09-06T12:07:26+00:00\" \/>\n<meta property=\"og:image\" content=\"https:\/\/fluterm.eu\/wp-content\/uploads\/2023\/09\/Ark-2-5L-A1-01.jpeg\" \/>\n\t<meta property=\"og:image:width\" content=\"800\" \/>\n\t<meta property=\"og:image:height\" content=\"514\" \/>\n\t<meta property=\"og:image:type\" content=\"image\/jpeg\" \/>\n<meta name=\"twitter:card\" content=\"summary_large_image\" \/>\n<meta name=\"twitter:label1\" content=\"Predpokladan\u00fd \u010das \u010d\u00edtania\" \/>\n\t<meta name=\"twitter:data1\" content=\"1 min\u00fata\" \/>\n<script type=\"application\/ld+json\" class=\"yoast-schema-graph\">{\"@context\":\"https:\/\/schema.org\",\"@graph\":[{\"@type\":\"WebPage\",\"@id\":\"https:\/\/fluterm.eu\/sk\/prod\/bateria-growatt-ark-2-5l-a1-spf\/\",\"url\":\"https:\/\/fluterm.eu\/sk\/prod\/bateria-growatt-ark-2-5l-a1-spf\/\",\"name\":\"BAT\u00c9RIA GROWATT ARK-2.5L-A1 SPF\",\"isPartOf\":{\"@id\":\"https:\/\/fluterm.eu\/#website\"},\"datePublished\":\"2023-09-03T12:24:40+00:00\",\"dateModified\":\"2023-09-06T12:07:26+00:00\",\"description\":\"Order BAT\u00c9RIA GROWATT ARK-2.5L-A1 SPF at a best price.\",\"breadcrumb\":{\"@id\":\"https:\/\/fluterm.eu\/sk\/prod\/bateria-growatt-ark-2-5l-a1-spf\/#breadcrumb\"},\"inLanguage\":\"sk-SK\",\"potentialAction\":[{\"@type\":\"ReadAction\",\"target\":[\"https:\/\/fluterm.eu\/sk\/prod\/bateria-growatt-ark-2-5l-a1-spf\/\"]}]},{\"@type\":\"BreadcrumbList\",\"@id\":\"https:\/\/fluterm.eu\/sk\/prod\/bateria-growatt-ark-2-5l-a1-spf\/#breadcrumb\",\"itemListElement\":[{\"@type\":\"ListItem\",\"position\":1,\"name\":\"Home\",\"item\":\"https:\/\/fluterm.eu\/sk\/obchod\/\"},{\"@type\":\"ListItem\",\"position\":2,\"name\":\"Obchod\",\"item\":\"https:\/\/fluterm.eu\/sk\/obchod\/\"},{\"@type\":\"ListItem\",\"position\":3,\"name\":\"BAT\u00c9RIA GROWATT ARK-2.5L-A1 SPF\"}]},{\"@type\":\"WebSite\",\"@id\":\"https:\/\/fluterm.eu\/#website\",\"url\":\"https:\/\/fluterm.eu\/\",\"name\":\"fluterm.eu\",\"description\":\"\",\"potentialAction\":[{\"@type\":\"SearchAction\",\"target\":{\"@type\":\"EntryPoint\",\"urlTemplate\":\"https:\/\/fluterm.eu\/?s={search_term_string}\"},\"query-input\":\"required name=search_term_string\"}],\"inLanguage\":\"sk-SK\"}]}<\/script>\n<!-- \/ Yoast SEO plugin. -->","yoast_head_json":{"title":"BAT\u00c9RIA GROWATT ARK-2.5L-A1 SPF","description":"Order BAT\u00c9RIA GROWATT ARK-2.5L-A1 SPF at a best price.","robots":{"index":"index","follow":"follow","max-snippet":"max-snippet:-1","max-image-preview":"max-image-preview:large","max-video-preview":"max-video-preview:-1"},"canonical":"https:\/\/fluterm.eu\/sk\/prod\/bateria-growatt-ark-2-5l-a1-spf\/","og_locale":"sk_SK","og_type":"article","og_title":"BAT\u00c9RIA GROWATT ARK-2.5L-A1 SPF","og_description":"Order BAT\u00c9RIA GROWATT ARK-2.5L-A1 SPF at a best price.","og_url":"https:\/\/fluterm.eu\/sk\/prod\/bateria-growatt-ark-2-5l-a1-spf\/","og_site_name":"fluterm.eu","article_modified_time":"2023-09-06T12:07:26+00:00","og_image":[{"width":800,"height":514,"url":"https:\/\/fluterm.eu\/wp-content\/uploads\/2023\/09\/Ark-2-5L-A1-01.jpeg","type":"image\/jpeg"}],"twitter_card":"summary_large_image","twitter_misc":{"Predpokladan\u00fd \u010das \u010d\u00edtania":"1 min\u00fata"},"schema":{"@context":"https:\/\/schema.org","@graph":[{"@type":"WebPage","@id":"https:\/\/fluterm.eu\/sk\/prod\/bateria-growatt-ark-2-5l-a1-spf\/","url":"https:\/\/fluterm.eu\/sk\/prod\/bateria-growatt-ark-2-5l-a1-spf\/","name":"BAT\u00c9RIA GROWATT ARK-2.5L-A1 SPF","isPartOf":{"@id":"https:\/\/fluterm.eu\/#website"},"datePublished":"2023-09-03T12:24:40+00:00","dateModified":"2023-09-06T12:07:26+00:00","description":"Order BAT\u00c9RIA GROWATT ARK-2.5L-A1 SPF at a best price.","breadcrumb":{"@id":"https:\/\/fluterm.eu\/sk\/prod\/bateria-growatt-ark-2-5l-a1-spf\/#breadcrumb"},"inLanguage":"sk-SK","potentialAction":[{"@type":"ReadAction","target":["https:\/\/fluterm.eu\/sk\/prod\/bateria-growatt-ark-2-5l-a1-spf\/"]}]},{"@type":"BreadcrumbList","@id":"https:\/\/fluterm.eu\/sk\/prod\/bateria-growatt-ark-2-5l-a1-spf\/#breadcrumb","itemListElement":[{"@type":"ListItem","position":1,"name":"Home","item":"https:\/\/fluterm.eu\/sk\/obchod\/"},{"@type":"ListItem","position":2,"name":"Obchod","item":"https:\/\/fluterm.eu\/sk\/obchod\/"},{"@type":"ListItem","position":3,"name":"BAT\u00c9RIA GROWATT ARK-2.5L-A1 SPF"}]},{"@type":"WebSite","@id":"https:\/\/fluterm.eu\/#website","url":"https:\/\/fluterm.eu\/","name":"fluterm.eu","description":"","potentialAction":[{"@type":"SearchAction","target":{"@type":"EntryPoint","urlTemplate":"https:\/\/fluterm.eu\/?s={search_term_string}"},"query-input":"required name=search_term_string"}],"inLanguage":"sk-SK"}]}},"_links":{"self":[{"href":"https:\/\/fluterm.eu\/sk\/wp-json\/wp\/v2\/product\/9095","targetHints":{"allow":["GET"]}}],"collection":[{"href":"https:\/\/fluterm.eu\/sk\/wp-json\/wp\/v2\/product"}],"about":[{"href":"https:\/\/fluterm.eu\/sk\/wp-json\/wp\/v2\/types\/product"}],"replies":[{"embeddable":true,"href":"https:\/\/fluterm.eu\/sk\/wp-json\/wp\/v2\/comments?post=9095"}],"version-history":[{"count":1,"href":"https:\/\/fluterm.eu\/sk\/wp-json\/wp\/v2\/product\/9095\/revisions"}],"predecessor-version":[{"id":13738,"href":"https:\/\/fluterm.eu\/sk\/wp-json\/wp\/v2\/product\/9095\/revisions\/13738"}],"wp:featuredmedia":[{"embeddable":true,"href":"https:\/\/fluterm.eu\/sk\/wp-json\/wp\/v2\/media\/9098"}],"wp:attachment":[{"href":"https:\/\/fluterm.eu\/sk\/wp-json\/wp\/v2\/media?parent=9095"}],"wp:term":[{"taxonomy":"product_cat","embeddable":true,"href":"https:\/\/fluterm.eu\/sk\/wp-json\/wp\/v2\/product_cat?post=9095"},{"taxonomy":"product_tag","embeddable":true,"href":"https:\/\/fluterm.eu\/sk\/wp-json\/wp\/v2\/product_tag?post=9095"}],"curies":[{"name":"wp","href":"https:\/\/api.w.org\/{rel}","templated":true}]}}