{"id":9569,"date":"2023-08-27T13:10:46","date_gmt":"2023-08-27T10:10:46","guid":{"rendered":"https:\/\/fluterm.eu\/prod\/uponor-vario-s-manifold-4x3-4-okruhy-podlahoveho-vykurovania\/"},"modified":"2023-09-06T15:07:37","modified_gmt":"2023-09-06T12:07:37","slug":"uponor-vario-s-manifold-4x3-4-okruhy-podlahoveho-vykurovania","status":"publish","type":"product","link":"https:\/\/fluterm.eu\/sk\/prod\/uponor-vario-s-manifold-4x3-4-okruhy-podlahoveho-vykurovania\/","title":{"rendered":"Uponor Vario S-Manifold 4&#215;3\/4 okruhy podlahov\u00e9ho vykurovania"},"content":{"rendered":"<div id=\"react_0HMSVJBJDBJ05\" data-widget-id=\"Tabs\" data-config-id=\"tabs_b58c93daa5df4d1fa2f75fe992b299a1\">\n<div class=\"StyledSection-sc-1thpi8z lnqQuT\">\n<div>\n<div class=\"react-tabs\" data-tabs=\"true\">\n<div id=\"react-tabs-229\" class=\"StyledTabPanel-sc-23fmil jTCKmi custom-tab-tab-27629 react-tabs__tab-panel--selected\" role=\"tabpanel\" aria-labelledby=\"react-tabs-228\">\n<div id=\"tabContent-27629\">\n<div id=\"react_0HMSVJBJDBIUI\" data-widget-id=\"Headline\" data-config-id=\"headline_182133f1b5274cb7a00beeb3f7ea60fb\">\n<div class=\"StyledContainer-sc-cda6kx fecbnE\">\n<h3 class=\"StyledH3-sc-152pfa2 gHYYiD\">Rozde\u013eova\u010de Vario S &#8211; rozde\u013eova\u010d z nehrdzavej\u00facej ocele na jednoduch\u00fa a \u00fasporn\u00fa in\u0161tal\u00e1ciu<\/h3>\n<\/div>\n<\/div>\n<div id=\"react_0HMSVJBJDBIUJ\" data-widget-id=\"TwoColumnContent\" data-config-id=\"twocolumncontent_5a49c041efdd4a3caec20efbcc0aaa48\">\n<div class=\"StyledSection-sc-1thpi8z lnqQuT\">\n<div class=\"StyledContainer-sc-cda6kx fecbnE\">\n<div class=\"StyledRow-sc-g65wft laBHjh\">\n<div class=\"StyledCol-sc-1p7ryf jmQMSC\">\n<div class=\"StyledContent-sc-f0e1o4 dXdDxC\">\n<div class=\"StyledText-sc-1y8w1u9 hJWpvE\">\n<div class=\"StyledRichText-sc-1dnstbl bmohoz\"><img decoding=\"async\" src=\"https:\/\/www.uponor.com\/getmedia\/6d04b7c7-78d4-4279-b026-5dffee252a08\/uponor%20vario%20s%20linkbox%20desktop.jpg?sitename=Global&amp;uh=29f3df77bb3ca1d1e2e7fb8d1473e8f1f9795d436a6cc9f9c4e989c98b483666\" alt=\"uponor vario s\"><\/div>\n<\/div>\n<\/div>\n<\/div>\n<div class=\"StyledCol-sc-1p7ryf jmQMSC\">\n<div class=\"StyledContent-sc-f0e1o4 dXdDxC\">\n<div class=\"StyledText-sc-1y8w1u9 hJWpvE\">\n<div class=\"StyledRichText-sc-1dnstbl bmohoz\">\n<p><strong>V\u00fdhody<\/strong><\/p>\n<ul>\n<li>Jednodielny rozde\u013eova\u010d s 2-16 vykurovac\u00edmi okruhmi<\/li>\n<li>Pripojenie slu\u010dky G3\/4&#8243; eurocone<\/li>\n<li>Rozstup slu\u010diek 50 mm<\/li>\n<li>Rozstup hlavi\u010diek 225 mm<\/li>\n<li>Volite\u013ene k dispoz\u00edcii s prietokomermi alebo s nastaven\u00edm prietoku pomocou skrutkov\u00e9ho ventilu<\/li>\n<\/ul>\n<p><strong>Oblas\u0165 pou\u017eitia:<\/strong><\/p>\n<ul>\n<li>S\u00e1lav\u00e9 vykurovanie a chladenie<\/li>\n<li>Vhodn\u00e9 pre ve\u013ek\u00e9 vykurovacie\/chladiace plochy<\/li>\n<li>Obytn\u00e9 a komer\u010dn\u00e9 budovy<\/li>\n<li>Kompaktn\u00e1 in\u0161tal\u00e1cia v kombin\u00e1cii s \u010derpadlov\u00fdmi skupinami, regul\u00e1torom diferen\u010dn\u00e9ho tlaku a merac\u00edmi s\u00fapravami v rozvodn\u00fdch skrink\u00e1ch Uponor<\/li>\n<\/ul>\n<\/div>\n<\/div>\n<div class=\"StyledButtonsContainer-sc-8mywb0 ZGHkf\"><a class=\"StyledButton-sc-3gr1eh ilsdRH StyledButton-sc-e8i15b ccLhhP\" href=\"https:\/\/www.uponor.com\/en-en\/product-online-catalogue\/radiant-heating-cooling\/distribution\/uponor-vario-s\" target=\"_self\" rel=\"noopener\"><span class=\"btn__text \">Katal\u00f3g produktov<\/span><\/a><\/div>\n<\/div>\n<\/div>\n<\/div>\n<\/div>\n<\/div>\n<\/div>\n<\/div>\n<\/div>\n<div id=\"react-tabs-231\" class=\"StyledTabPanel-sc-23fmil jTCKmi custom-tab-tab-27627\" role=\"tabpanel\" aria-labelledby=\"react-tabs-230\"><\/div>\n<div id=\"react-tabs-233\" class=\"StyledTabPanel-sc-23fmil jTCKmi custom-tab-tab-27626\" role=\"tabpanel\" aria-labelledby=\"react-tabs-232\"><\/div>\n<div id=\"react-tabs-235\" class=\"StyledTabPanel-sc-23fmil jTCKmi custom-tab-tab-27628\" role=\"tabpanel\" aria-labelledby=\"react-tabs-234\"><\/div>\n<div id=\"react-tabs-237\" class=\"StyledTabPanel-sc-23fmil jTCKmi custom-tab-tab-369384\" role=\"tabpanel\" aria-labelledby=\"react-tabs-236\"><\/div>\n<div id=\"react-tabs-239\" class=\"StyledTabPanel-sc-23fmil jTCKmi custom-tab-tab-27630\" role=\"tabpanel\" aria-labelledby=\"react-tabs-238\"><\/div>\n<div id=\"react-tabs-241\" class=\"StyledTabPanel-sc-23fmil jTCKmi custom-tab-tab-369485\" role=\"tabpanel\" aria-labelledby=\"react-tabs-240\"><\/div>\n<\/div>\n<\/div>\n<\/div>\n<\/div>\n<div id=\"react_0HMSVJBJDBJ07\" data-widget-id=\"Headline\" data-config-id=\"headline_60dc5e6570d44c41a1c3ac086ed4d3ca\">\n<div class=\"StyledContainer-sc-cda6kx fecbnE\"><\/div>\n<\/div>\n","protected":false},"excerpt":{"rendered":"<p>Rozde\u013eova\u010de Vario S &#8211; rozde\u013eova\u010d z nehrdzavej\u00facej ocele na jednoduch\u00fa a \u00fasporn\u00fa in\u0161tal\u00e1ciu V\u00fdhody Jednodielny rozde\u013eova\u010d s 2-16 vykurovac\u00edmi okruhmi Pripojenie slu\u010dky G3\/4&#8243; eurocone Rozstup slu\u010diek 50 mm Rozstup hlavi\u010diek 225 mm Volite\u013ene k dispoz\u00edcii s prietokomermi alebo s nastaven\u00edm prietoku pomocou skrutkov\u00e9ho ventilu Oblas\u0165 pou\u017eitia: S\u00e1lav\u00e9 vykurovanie a chladenie Vhodn\u00e9 pre ve\u013ek\u00e9 vykurovacie\/chladiace plochy&hellip;<\/p>\n","protected":false},"featured_media":9455,"comment_status":"open","ping_status":"closed","template":"","meta":[],"product_cat":[808],"product_tag":[],"class_list":{"0":"post-9569","1":"product","2":"type-product","3":"status-publish","4":"has-post-thumbnail","6":"product_cat-distributori-podlahoveho-vykurovania","8":"first","9":"instock","10":"taxable","11":"shipping-taxable","12":"purchasable","13":"product-type-simple","14":"col-xs-6 col-sm-4","15":"col-md-4 col-lg-4","16":"un-3-cols"},"acf":[],"yoast_head":"<!-- This site is optimized with the Yoast SEO plugin v21.2 - https:\/\/yoast.com\/wordpress\/plugins\/seo\/ -->\n<title>Uponor Vario S-Manifold 4x3\/4 okruhy podlahov\u00e9ho vykurovania<\/title>\n<meta name=\"description\" content=\"Order Uponor Vario S-Manifold 4x3\/4 okruhy podlahov\u00e9ho vykurovania at a best price.\" \/>\n<meta name=\"robots\" content=\"index, follow, max-snippet:-1, max-image-preview:large, max-video-preview:-1\" \/>\n<link rel=\"canonical\" href=\"https:\/\/fluterm.eu\/sk\/prod\/uponor-vario-s-manifold-4x3-4-okruhy-podlahoveho-vykurovania\/\" \/>\n<meta property=\"og:locale\" content=\"sk_SK\" \/>\n<meta property=\"og:type\" content=\"article\" \/>\n<meta property=\"og:title\" content=\"Uponor Vario S-Manifold 4x3\/4 okruhy podlahov\u00e9ho vykurovania\" \/>\n<meta property=\"og:description\" content=\"Order Uponor Vario S-Manifold 4x3\/4 okruhy podlahov\u00e9ho vykurovania at a best price.\" \/>\n<meta property=\"og:url\" content=\"https:\/\/fluterm.eu\/sk\/prod\/uponor-vario-s-manifold-4x3-4-okruhy-podlahoveho-vykurovania\/\" \/>\n<meta property=\"og:site_name\" content=\"fluterm.eu\" \/>\n<meta property=\"article:modified_time\" content=\"2023-09-06T12:07:37+00:00\" \/>\n<meta property=\"og:image\" content=\"https:\/\/fluterm.eu\/wp-content\/uploads\/2023\/08\/4D28C38E-B55C-4890-9019-8D0B23322453.jpeg\" \/>\n\t<meta property=\"og:image:width\" content=\"1080\" \/>\n\t<meta property=\"og:image:height\" content=\"800\" \/>\n\t<meta property=\"og:image:type\" content=\"image\/jpeg\" \/>\n<meta name=\"twitter:card\" content=\"summary_large_image\" \/>\n<meta name=\"twitter:label1\" content=\"Predpokladan\u00fd \u010das \u010d\u00edtania\" \/>\n\t<meta name=\"twitter:data1\" content=\"1 min\u00fata\" \/>\n<script type=\"application\/ld+json\" class=\"yoast-schema-graph\">{\"@context\":\"https:\/\/schema.org\",\"@graph\":[{\"@type\":\"WebPage\",\"@id\":\"https:\/\/fluterm.eu\/sk\/prod\/uponor-vario-s-manifold-4x3-4-okruhy-podlahoveho-vykurovania\/\",\"url\":\"https:\/\/fluterm.eu\/sk\/prod\/uponor-vario-s-manifold-4x3-4-okruhy-podlahoveho-vykurovania\/\",\"name\":\"Uponor Vario S-Manifold 4x3\/4 okruhy podlahov\u00e9ho vykurovania\",\"isPartOf\":{\"@id\":\"https:\/\/fluterm.eu\/#website\"},\"datePublished\":\"2023-08-27T10:10:46+00:00\",\"dateModified\":\"2023-09-06T12:07:37+00:00\",\"description\":\"Order Uponor Vario S-Manifold 4x3\/4 okruhy podlahov\u00e9ho vykurovania at a best price.\",\"breadcrumb\":{\"@id\":\"https:\/\/fluterm.eu\/sk\/prod\/uponor-vario-s-manifold-4x3-4-okruhy-podlahoveho-vykurovania\/#breadcrumb\"},\"inLanguage\":\"sk-SK\",\"potentialAction\":[{\"@type\":\"ReadAction\",\"target\":[\"https:\/\/fluterm.eu\/sk\/prod\/uponor-vario-s-manifold-4x3-4-okruhy-podlahoveho-vykurovania\/\"]}]},{\"@type\":\"BreadcrumbList\",\"@id\":\"https:\/\/fluterm.eu\/sk\/prod\/uponor-vario-s-manifold-4x3-4-okruhy-podlahoveho-vykurovania\/#breadcrumb\",\"itemListElement\":[{\"@type\":\"ListItem\",\"position\":1,\"name\":\"Home\",\"item\":\"https:\/\/fluterm.eu\/sk\/obchod\/\"},{\"@type\":\"ListItem\",\"position\":2,\"name\":\"Obchod\",\"item\":\"https:\/\/fluterm.eu\/sk\/obchod\/\"},{\"@type\":\"ListItem\",\"position\":3,\"name\":\"Uponor Vario S-Manifold 4&#215;3\/4 okruhy podlahov\u00e9ho vykurovania\"}]},{\"@type\":\"WebSite\",\"@id\":\"https:\/\/fluterm.eu\/#website\",\"url\":\"https:\/\/fluterm.eu\/\",\"name\":\"fluterm.eu\",\"description\":\"\",\"potentialAction\":[{\"@type\":\"SearchAction\",\"target\":{\"@type\":\"EntryPoint\",\"urlTemplate\":\"https:\/\/fluterm.eu\/?s={search_term_string}\"},\"query-input\":\"required name=search_term_string\"}],\"inLanguage\":\"sk-SK\"}]}<\/script>\n<!-- \/ Yoast SEO plugin. -->","yoast_head_json":{"title":"Uponor Vario S-Manifold 4x3\/4 okruhy podlahov\u00e9ho vykurovania","description":"Order Uponor Vario S-Manifold 4x3\/4 okruhy podlahov\u00e9ho vykurovania at a best price.","robots":{"index":"index","follow":"follow","max-snippet":"max-snippet:-1","max-image-preview":"max-image-preview:large","max-video-preview":"max-video-preview:-1"},"canonical":"https:\/\/fluterm.eu\/sk\/prod\/uponor-vario-s-manifold-4x3-4-okruhy-podlahoveho-vykurovania\/","og_locale":"sk_SK","og_type":"article","og_title":"Uponor Vario S-Manifold 4x3\/4 okruhy podlahov\u00e9ho vykurovania","og_description":"Order Uponor Vario S-Manifold 4x3\/4 okruhy podlahov\u00e9ho vykurovania at a best price.","og_url":"https:\/\/fluterm.eu\/sk\/prod\/uponor-vario-s-manifold-4x3-4-okruhy-podlahoveho-vykurovania\/","og_site_name":"fluterm.eu","article_modified_time":"2023-09-06T12:07:37+00:00","og_image":[{"width":1080,"height":800,"url":"https:\/\/fluterm.eu\/wp-content\/uploads\/2023\/08\/4D28C38E-B55C-4890-9019-8D0B23322453.jpeg","type":"image\/jpeg"}],"twitter_card":"summary_large_image","twitter_misc":{"Predpokladan\u00fd \u010das \u010d\u00edtania":"1 min\u00fata"},"schema":{"@context":"https:\/\/schema.org","@graph":[{"@type":"WebPage","@id":"https:\/\/fluterm.eu\/sk\/prod\/uponor-vario-s-manifold-4x3-4-okruhy-podlahoveho-vykurovania\/","url":"https:\/\/fluterm.eu\/sk\/prod\/uponor-vario-s-manifold-4x3-4-okruhy-podlahoveho-vykurovania\/","name":"Uponor Vario S-Manifold 4x3\/4 okruhy podlahov\u00e9ho vykurovania","isPartOf":{"@id":"https:\/\/fluterm.eu\/#website"},"datePublished":"2023-08-27T10:10:46+00:00","dateModified":"2023-09-06T12:07:37+00:00","description":"Order Uponor Vario S-Manifold 4x3\/4 okruhy podlahov\u00e9ho vykurovania at a best price.","breadcrumb":{"@id":"https:\/\/fluterm.eu\/sk\/prod\/uponor-vario-s-manifold-4x3-4-okruhy-podlahoveho-vykurovania\/#breadcrumb"},"inLanguage":"sk-SK","potentialAction":[{"@type":"ReadAction","target":["https:\/\/fluterm.eu\/sk\/prod\/uponor-vario-s-manifold-4x3-4-okruhy-podlahoveho-vykurovania\/"]}]},{"@type":"BreadcrumbList","@id":"https:\/\/fluterm.eu\/sk\/prod\/uponor-vario-s-manifold-4x3-4-okruhy-podlahoveho-vykurovania\/#breadcrumb","itemListElement":[{"@type":"ListItem","position":1,"name":"Home","item":"https:\/\/fluterm.eu\/sk\/obchod\/"},{"@type":"ListItem","position":2,"name":"Obchod","item":"https:\/\/fluterm.eu\/sk\/obchod\/"},{"@type":"ListItem","position":3,"name":"Uponor Vario S-Manifold 4&#215;3\/4 okruhy podlahov\u00e9ho vykurovania"}]},{"@type":"WebSite","@id":"https:\/\/fluterm.eu\/#website","url":"https:\/\/fluterm.eu\/","name":"fluterm.eu","description":"","potentialAction":[{"@type":"SearchAction","target":{"@type":"EntryPoint","urlTemplate":"https:\/\/fluterm.eu\/?s={search_term_string}"},"query-input":"required name=search_term_string"}],"inLanguage":"sk-SK"}]}},"_links":{"self":[{"href":"https:\/\/fluterm.eu\/sk\/wp-json\/wp\/v2\/product\/9569","targetHints":{"allow":["GET"]}}],"collection":[{"href":"https:\/\/fluterm.eu\/sk\/wp-json\/wp\/v2\/product"}],"about":[{"href":"https:\/\/fluterm.eu\/sk\/wp-json\/wp\/v2\/types\/product"}],"replies":[{"embeddable":true,"href":"https:\/\/fluterm.eu\/sk\/wp-json\/wp\/v2\/comments?post=9569"}],"version-history":[{"count":1,"href":"https:\/\/fluterm.eu\/sk\/wp-json\/wp\/v2\/product\/9569\/revisions"}],"predecessor-version":[{"id":13752,"href":"https:\/\/fluterm.eu\/sk\/wp-json\/wp\/v2\/product\/9569\/revisions\/13752"}],"wp:featuredmedia":[{"embeddable":true,"href":"https:\/\/fluterm.eu\/sk\/wp-json\/wp\/v2\/media\/9455"}],"wp:attachment":[{"href":"https:\/\/fluterm.eu\/sk\/wp-json\/wp\/v2\/media?parent=9569"}],"wp:term":[{"taxonomy":"product_cat","embeddable":true,"href":"https:\/\/fluterm.eu\/sk\/wp-json\/wp\/v2\/product_cat?post=9569"},{"taxonomy":"product_tag","embeddable":true,"href":"https:\/\/fluterm.eu\/sk\/wp-json\/wp\/v2\/product_tag?post=9569"}],"curies":[{"name":"wp","href":"https:\/\/api.w.org\/{rel}","templated":true}]}}