{"id":9879,"date":"2023-08-27T13:52:21","date_gmt":"2023-08-27T10:52:21","guid":{"rendered":"https:\/\/fluterm.eu\/prod\/prislusenstvo-manifoldu-17x3-4-eurocone\/"},"modified":"2023-09-06T15:07:29","modified_gmt":"2023-09-06T12:07:29","slug":"prislusenstvo-manifoldu-17x3-4-eurocone","status":"publish","type":"product","link":"https:\/\/fluterm.eu\/sk\/prod\/prislusenstvo-manifoldu-17x3-4-eurocone\/","title":{"rendered":"PR\u00cdSLU\u0160ENSTVO MANIFOLDU 17&#215;3\/4 EUROCONE"},"content":{"rendered":"<div class=\"columns__section\">\n<h3>Technick\u00e9 \u0161pecifik\u00e1cie<\/h3>\n<div class=\"technical-specifications\">\n<div class=\"technical-specifications-row\"><span class=\"technical-specifications-row__label\">Materi\u00e1l kompresn\u00fd kr\u00fa\u017eok-<\/span><span class=\"technical-specifications-row__value\">Mosadz<\/span><\/div>\n<div class=\"technical-specifications-row\"><span class=\"technical-specifications-row__label\">Materi\u00e1lov\u00e1 spojovacia matica-<\/span><span class=\"technical-specifications-row__value\">Mosadz<\/span><\/div>\n<div class=\"technical-specifications-row\"><span class=\"technical-specifications-row__label\">Vonkaj\u0161\u00ed priemer r\u00farky &#8211;<\/span><span class=\"technical-specifications-row__value\">17 mm<\/span><\/div>\n<div class=\"technical-specifications-row\"><span class=\"technical-specifications-row__label\">Vhodn\u00e9 pre hlin\u00edkov\u00e9 r\u00fary<\/span><span class=\"technical-specifications-row__value\">falo\u0161n\u00fd<\/span><\/div>\n<div class=\"technical-specifications-row\"><span class=\"technical-specifications-row__label\">Vhodn\u00e9 pre meden\u00e9 r\u00farky<\/span><span class=\"technical-specifications-row__value\">falo\u0161n\u00fd<\/span><\/div>\n<div class=\"technical-specifications-row\"><span class=\"technical-specifications-row__label\">Vhodn\u00e9 pre plastov\u00e9 viacvrstvov\u00e9 r\u00fary.<\/span><span class=\"technical-specifications-row__value\">falo\u0161n\u00e9<\/span><\/div>\n<div class=\"technical-specifications-row\"><span class=\"technical-specifications-row__label\">Vhodn\u00e9 pre plastov\u00e9 r\u00farky<\/span><span class=\"technical-specifications-row__value\">Pravda<\/span><\/div>\n<div class=\"technical-specifications-row\"><span class=\"technical-specifications-row__label\">Vhodn\u00e9 pre plastov\u00e9 r\u00farky<\/span><span class=\"technical-specifications-row__value\">true<\/span><\/div>\n<div class=\"technical-specifications-row\"><span class=\"technical-specifications-row__label\">Vhodn\u00e9 pre r\u00farky z nehrdzavej\u00facej ocele<\/span><span class=\"technical-specifications-row__value\">falo\u0161n\u00e9<\/span><\/div>\n<div class=\"technical-specifications-row\"><span class=\"technical-specifications-row__label\">Vhodn\u00e9 pre oce\u013eov\u00e9 a meden\u00e9 r\u00fary.<\/span><span class=\"technical-specifications-row__value\">falo\u0161n\u00e9<\/span><\/div>\n<div class=\"technical-specifications-row\"><span class=\"technical-specifications-row__label\">Vhodn\u00e9 pre oce\u013eov\u00e9 r\u00fary<\/span><span class=\"technical-specifications-row__value\">falo\u0161n\u00e9<\/span><\/div>\n<div class=\"technical-specifications-row\"><span class=\"technical-specifications-row__label\">Vhodn\u00e9 pre hr\u00fabku steny<\/span><span class=\"technical-specifications-row__value\">2 mm<\/span><\/div>\n<div class=\"technical-specifications-row\"><span class=\"technical-specifications-row__label\">Pripojenie z\u00e1vitu &#8211;<\/span><span class=\"technical-specifications-row__value\">Euroconus<\/span><\/div>\n<div class=\"technical-specifications-row\"><span class=\"technical-specifications-row__label\">Priemer z\u00e1vitu &#8211;<\/span><span class=\"technical-specifications-row__value\">G 3\/4 palca<\/span><\/div>\n<div class=\"technical-specifications-row\"><span class=\"technical-specifications-row__label\">Ve\u013ekos\u0165 z\u00e1vitu matice-<\/span><span class=\"technical-specifications-row__value\">3\/4 palca<\/span><\/div>\n<\/div>\n<\/div>\n<div class=\"columns__section\">\n<h3>K\u00f3dy v\u00fdrobkov<\/h3>\n<div class=\"product-codes\">\n<div class=\"product-codes-row\"><span class=\"product-codes-row__label\">SAP<\/span><span class=\"product-codes-row__value\">AFA167<\/span><\/div>\n<div class=\"product-codes-row\"><span class=\"product-codes-row__label\">HPAC<\/span><span class=\"product-codes-row__value\">2025028<\/span><\/div>\n<div class=\"product-codes-row\"><span class=\"product-codes-row__label\">PLC<\/span><span class=\"product-codes-row__value\">2025028<\/span><\/div>\n<div class=\"product-codes-row\"><span class=\"product-codes-row__label\">GTIN\/EAN<\/span><span class=\"product-codes-row__value\">4021598127951<\/span><\/div>\n<div class=\"product-codes-row\"><span class=\"product-codes-row__label\">\u010c\u00edslo dielu v\u00fdrobcu<\/span><span class=\"product-codes-row__value\">1065286<\/span><\/div>\n<div class=\"product-codes-row\"><span class=\"product-codes-row__label\">\u010c\u00edslo materi\u00e1lu predajcu<\/span><span class=\"product-codes-row__value\">2025028<\/span><\/div>\n<\/div>\n<\/div>\n","protected":false},"excerpt":{"rendered":"<p>Technick\u00e9 \u0161pecifik\u00e1cie Materi\u00e1l kompresn\u00fd kr\u00fa\u017eok-Mosadz Materi\u00e1lov\u00e1 spojovacia matica-Mosadz Vonkaj\u0161\u00ed priemer r\u00farky &#8211;17 mm Vhodn\u00e9 pre hlin\u00edkov\u00e9 r\u00faryfalo\u0161n\u00fd Vhodn\u00e9 pre meden\u00e9 r\u00farkyfalo\u0161n\u00fd Vhodn\u00e9 pre plastov\u00e9 viacvrstvov\u00e9 r\u00fary.falo\u0161n\u00e9 Vhodn\u00e9 pre plastov\u00e9 r\u00farkyPravda Vhodn\u00e9 pre plastov\u00e9 r\u00farkytrue Vhodn\u00e9 pre r\u00farky z nehrdzavej\u00facej ocelefalo\u0161n\u00e9 Vhodn\u00e9 pre oce\u013eov\u00e9 a meden\u00e9 r\u00fary.falo\u0161n\u00e9 Vhodn\u00e9 pre oce\u013eov\u00e9 r\u00faryfalo\u0161n\u00e9 Vhodn\u00e9 pre hr\u00fabku steny2 mm&hellip;<\/p>\n","protected":false},"featured_media":9882,"comment_status":"open","ping_status":"closed","template":"","meta":[],"product_cat":[838],"product_tag":[],"class_list":{"0":"post-9879","1":"product","2":"type-product","3":"status-publish","4":"has-post-thumbnail","6":"product_cat-rozne-sk","8":"first","9":"instock","10":"taxable","11":"shipping-taxable","12":"purchasable","13":"product-type-simple","14":"col-xs-6 col-sm-4","15":"col-md-4 col-lg-4","16":"un-3-cols"},"acf":[],"yoast_head":"<!-- This site is optimized with the Yoast SEO plugin v21.2 - https:\/\/yoast.com\/wordpress\/plugins\/seo\/ -->\n<title>PR\u00cdSLU\u0160ENSTVO MANIFOLDU 17x3\/4 EUROCONE<\/title>\n<meta name=\"description\" content=\"Order PR\u00cdSLU\u0160ENSTVO MANIFOLDU 17x3\/4 EUROCONE at a best price.\" \/>\n<meta name=\"robots\" content=\"index, follow, max-snippet:-1, max-image-preview:large, max-video-preview:-1\" \/>\n<link rel=\"canonical\" href=\"https:\/\/fluterm.eu\/sk\/prod\/prislusenstvo-manifoldu-17x3-4-eurocone\/\" \/>\n<meta property=\"og:locale\" content=\"sk_SK\" \/>\n<meta property=\"og:type\" content=\"article\" \/>\n<meta property=\"og:title\" content=\"PR\u00cdSLU\u0160ENSTVO MANIFOLDU 17x3\/4 EUROCONE\" \/>\n<meta property=\"og:description\" content=\"Order PR\u00cdSLU\u0160ENSTVO MANIFOLDU 17x3\/4 EUROCONE at a best price.\" \/>\n<meta property=\"og:url\" content=\"https:\/\/fluterm.eu\/sk\/prod\/prislusenstvo-manifoldu-17x3-4-eurocone\/\" \/>\n<meta property=\"og:site_name\" content=\"fluterm.eu\" \/>\n<meta property=\"article:modified_time\" content=\"2023-09-06T12:07:29+00:00\" \/>\n<meta property=\"og:image\" content=\"https:\/\/fluterm.eu\/wp-content\/uploads\/2023\/08\/eurocon-uponor-vario-pex-3-4-fi8269.webp\" \/>\n\t<meta property=\"og:image:width\" content=\"700\" \/>\n\t<meta property=\"og:image:height\" content=\"440\" \/>\n\t<meta property=\"og:image:type\" content=\"image\/webp\" \/>\n<meta name=\"twitter:card\" content=\"summary_large_image\" \/>\n<meta name=\"twitter:label1\" content=\"Predpokladan\u00fd \u010das \u010d\u00edtania\" \/>\n\t<meta name=\"twitter:data1\" content=\"1 min\u00fata\" \/>\n<script type=\"application\/ld+json\" class=\"yoast-schema-graph\">{\"@context\":\"https:\/\/schema.org\",\"@graph\":[{\"@type\":\"WebPage\",\"@id\":\"https:\/\/fluterm.eu\/sk\/prod\/prislusenstvo-manifoldu-17x3-4-eurocone\/\",\"url\":\"https:\/\/fluterm.eu\/sk\/prod\/prislusenstvo-manifoldu-17x3-4-eurocone\/\",\"name\":\"PR\u00cdSLU\u0160ENSTVO MANIFOLDU 17x3\/4 EUROCONE\",\"isPartOf\":{\"@id\":\"https:\/\/fluterm.eu\/#website\"},\"datePublished\":\"2023-08-27T10:52:21+00:00\",\"dateModified\":\"2023-09-06T12:07:29+00:00\",\"description\":\"Order PR\u00cdSLU\u0160ENSTVO MANIFOLDU 17x3\/4 EUROCONE at a best price.\",\"breadcrumb\":{\"@id\":\"https:\/\/fluterm.eu\/sk\/prod\/prislusenstvo-manifoldu-17x3-4-eurocone\/#breadcrumb\"},\"inLanguage\":\"sk-SK\",\"potentialAction\":[{\"@type\":\"ReadAction\",\"target\":[\"https:\/\/fluterm.eu\/sk\/prod\/prislusenstvo-manifoldu-17x3-4-eurocone\/\"]}]},{\"@type\":\"BreadcrumbList\",\"@id\":\"https:\/\/fluterm.eu\/sk\/prod\/prislusenstvo-manifoldu-17x3-4-eurocone\/#breadcrumb\",\"itemListElement\":[{\"@type\":\"ListItem\",\"position\":1,\"name\":\"Home\",\"item\":\"https:\/\/fluterm.eu\/sk\/obchod\/\"},{\"@type\":\"ListItem\",\"position\":2,\"name\":\"Obchod\",\"item\":\"https:\/\/fluterm.eu\/sk\/obchod\/\"},{\"@type\":\"ListItem\",\"position\":3,\"name\":\"PR\u00cdSLU\u0160ENSTVO MANIFOLDU 17&#215;3\/4 EUROCONE\"}]},{\"@type\":\"WebSite\",\"@id\":\"https:\/\/fluterm.eu\/#website\",\"url\":\"https:\/\/fluterm.eu\/\",\"name\":\"fluterm.eu\",\"description\":\"\",\"potentialAction\":[{\"@type\":\"SearchAction\",\"target\":{\"@type\":\"EntryPoint\",\"urlTemplate\":\"https:\/\/fluterm.eu\/?s={search_term_string}\"},\"query-input\":\"required name=search_term_string\"}],\"inLanguage\":\"sk-SK\"}]}<\/script>\n<!-- \/ Yoast SEO plugin. -->","yoast_head_json":{"title":"PR\u00cdSLU\u0160ENSTVO MANIFOLDU 17x3\/4 EUROCONE","description":"Order PR\u00cdSLU\u0160ENSTVO MANIFOLDU 17x3\/4 EUROCONE at a best price.","robots":{"index":"index","follow":"follow","max-snippet":"max-snippet:-1","max-image-preview":"max-image-preview:large","max-video-preview":"max-video-preview:-1"},"canonical":"https:\/\/fluterm.eu\/sk\/prod\/prislusenstvo-manifoldu-17x3-4-eurocone\/","og_locale":"sk_SK","og_type":"article","og_title":"PR\u00cdSLU\u0160ENSTVO MANIFOLDU 17x3\/4 EUROCONE","og_description":"Order PR\u00cdSLU\u0160ENSTVO MANIFOLDU 17x3\/4 EUROCONE at a best price.","og_url":"https:\/\/fluterm.eu\/sk\/prod\/prislusenstvo-manifoldu-17x3-4-eurocone\/","og_site_name":"fluterm.eu","article_modified_time":"2023-09-06T12:07:29+00:00","og_image":[{"width":700,"height":440,"url":"https:\/\/fluterm.eu\/wp-content\/uploads\/2023\/08\/eurocon-uponor-vario-pex-3-4-fi8269.webp","type":"image\/webp"}],"twitter_card":"summary_large_image","twitter_misc":{"Predpokladan\u00fd \u010das \u010d\u00edtania":"1 min\u00fata"},"schema":{"@context":"https:\/\/schema.org","@graph":[{"@type":"WebPage","@id":"https:\/\/fluterm.eu\/sk\/prod\/prislusenstvo-manifoldu-17x3-4-eurocone\/","url":"https:\/\/fluterm.eu\/sk\/prod\/prislusenstvo-manifoldu-17x3-4-eurocone\/","name":"PR\u00cdSLU\u0160ENSTVO MANIFOLDU 17x3\/4 EUROCONE","isPartOf":{"@id":"https:\/\/fluterm.eu\/#website"},"datePublished":"2023-08-27T10:52:21+00:00","dateModified":"2023-09-06T12:07:29+00:00","description":"Order PR\u00cdSLU\u0160ENSTVO MANIFOLDU 17x3\/4 EUROCONE at a best price.","breadcrumb":{"@id":"https:\/\/fluterm.eu\/sk\/prod\/prislusenstvo-manifoldu-17x3-4-eurocone\/#breadcrumb"},"inLanguage":"sk-SK","potentialAction":[{"@type":"ReadAction","target":["https:\/\/fluterm.eu\/sk\/prod\/prislusenstvo-manifoldu-17x3-4-eurocone\/"]}]},{"@type":"BreadcrumbList","@id":"https:\/\/fluterm.eu\/sk\/prod\/prislusenstvo-manifoldu-17x3-4-eurocone\/#breadcrumb","itemListElement":[{"@type":"ListItem","position":1,"name":"Home","item":"https:\/\/fluterm.eu\/sk\/obchod\/"},{"@type":"ListItem","position":2,"name":"Obchod","item":"https:\/\/fluterm.eu\/sk\/obchod\/"},{"@type":"ListItem","position":3,"name":"PR\u00cdSLU\u0160ENSTVO MANIFOLDU 17&#215;3\/4 EUROCONE"}]},{"@type":"WebSite","@id":"https:\/\/fluterm.eu\/#website","url":"https:\/\/fluterm.eu\/","name":"fluterm.eu","description":"","potentialAction":[{"@type":"SearchAction","target":{"@type":"EntryPoint","urlTemplate":"https:\/\/fluterm.eu\/?s={search_term_string}"},"query-input":"required name=search_term_string"}],"inLanguage":"sk-SK"}]}},"_links":{"self":[{"href":"https:\/\/fluterm.eu\/sk\/wp-json\/wp\/v2\/product\/9879","targetHints":{"allow":["GET"]}}],"collection":[{"href":"https:\/\/fluterm.eu\/sk\/wp-json\/wp\/v2\/product"}],"about":[{"href":"https:\/\/fluterm.eu\/sk\/wp-json\/wp\/v2\/types\/product"}],"replies":[{"embeddable":true,"href":"https:\/\/fluterm.eu\/sk\/wp-json\/wp\/v2\/comments?post=9879"}],"version-history":[{"count":1,"href":"https:\/\/fluterm.eu\/sk\/wp-json\/wp\/v2\/product\/9879\/revisions"}],"predecessor-version":[{"id":13740,"href":"https:\/\/fluterm.eu\/sk\/wp-json\/wp\/v2\/product\/9879\/revisions\/13740"}],"wp:featuredmedia":[{"embeddable":true,"href":"https:\/\/fluterm.eu\/sk\/wp-json\/wp\/v2\/media\/9882"}],"wp:attachment":[{"href":"https:\/\/fluterm.eu\/sk\/wp-json\/wp\/v2\/media?parent=9879"}],"wp:term":[{"taxonomy":"product_cat","embeddable":true,"href":"https:\/\/fluterm.eu\/sk\/wp-json\/wp\/v2\/product_cat?post=9879"},{"taxonomy":"product_tag","embeddable":true,"href":"https:\/\/fluterm.eu\/sk\/wp-json\/wp\/v2\/product_tag?post=9879"}],"curies":[{"name":"wp","href":"https:\/\/api.w.org\/{rel}","templated":true}]}}