{"id":4876,"date":"2023-07-03T11:10:08","date_gmt":"2023-07-03T08:10:08","guid":{"rendered":"https:\/\/fluterm.eu\/garancija\/"},"modified":"2023-09-04T22:01:52","modified_gmt":"2023-09-04T19:01:52","slug":"garancija","status":"publish","type":"page","link":"https:\/\/fluterm.eu\/sl\/garancija\/","title":{"rendered":"Garancija"},"content":{"rendered":"<h1>Garancija<\/h1>\n<p>Nudimo tudi garancijsko dobo <strong>24 mesecev od datuma nakupa<\/strong> . \u010ce v tem obdobju naletite na te\u017eave z izdelkom, se obrnite na nas in skupaj z vami bomo te\u017eavo re\u0161ili v najkraj\u0161em mo\u017enem \u010dasu.<\/p>\n<p>Ponosni smo na svojo zavezanost k zadovoljstvu strank in si prizadevamo za zagotavljanje odli\u010dnih storitev za na\u0161e stranke. \u010ce imate kakr\u0161na koli vpra\u0161anja ali pomisleke, <a href=\"https:\/\/fluterm.eu\/contact\/\">se obrnite na nas<\/a>. Hvala, ker ste izbrali fluterm.eu.<\/p>\n","protected":false},"excerpt":{"rendered":"<p>Garancija Nudimo tudi garancijsko dobo 24 mesecev od datuma nakupa . \u010ce v tem obdobju naletite na te\u017eave z izdelkom, se obrnite na nas in skupaj z vami bomo te\u017eavo re\u0161ili v najkraj\u0161em mo\u017enem \u010dasu. Ponosni smo na svojo zavezanost k zadovoljstvu strank in si prizadevamo za zagotavljanje odli\u010dnih storitev za na\u0161e stranke. \u010ce imate&hellip;<\/p>\n","protected":false},"author":3,"featured_media":0,"parent":0,"menu_order":0,"comment_status":"closed","ping_status":"closed","template":"","meta":{"footnotes":""},"class_list":["post-4876","page","type-page","status-publish","hentry"],"acf":[],"yoast_head":"<!-- This site is optimized with the Yoast SEO plugin v21.2 - https:\/\/yoast.com\/wordpress\/plugins\/seo\/ -->\n<title>Garancija<\/title>\n<meta name=\"robots\" content=\"index, follow, max-snippet:-1, max-image-preview:large, max-video-preview:-1\" \/>\n<link rel=\"canonical\" href=\"https:\/\/fluterm.eu\/sl\/garancija\/\" \/>\n<meta property=\"og:locale\" content=\"sl_SI\" \/>\n<meta property=\"og:type\" content=\"article\" \/>\n<meta property=\"og:title\" content=\"Garancija\" \/>\n<meta property=\"og:description\" content=\"Garancija Nudimo tudi garancijsko dobo 24 mesecev od datuma nakupa . \u010ce v tem obdobju naletite na te\u017eave z izdelkom, se obrnite na nas in skupaj z vami bomo te\u017eavo re\u0161ili v najkraj\u0161em mo\u017enem \u010dasu. Ponosni smo na svojo zavezanost k zadovoljstvu strank in si prizadevamo za zagotavljanje odli\u010dnih storitev za na\u0161e stranke. \u010ce imate&hellip;\" \/>\n<meta property=\"og:url\" content=\"https:\/\/fluterm.eu\/sl\/garancija\/\" \/>\n<meta property=\"og:site_name\" content=\"fluterm.eu\" \/>\n<meta property=\"article:modified_time\" content=\"2023-09-04T19:01:52+00:00\" \/>\n<meta name=\"twitter:card\" content=\"summary_large_image\" \/>\n<script type=\"application\/ld+json\" class=\"yoast-schema-graph\">{\"@context\":\"https:\/\/schema.org\",\"@graph\":[{\"@type\":\"WebPage\",\"@id\":\"https:\/\/fluterm.eu\/sl\/garancija\/\",\"url\":\"https:\/\/fluterm.eu\/sl\/garancija\/\",\"name\":\"Garancija\",\"isPartOf\":{\"@id\":\"https:\/\/fluterm.eu\/#website\"},\"datePublished\":\"2023-07-03T08:10:08+00:00\",\"dateModified\":\"2023-09-04T19:01:52+00:00\",\"breadcrumb\":{\"@id\":\"https:\/\/fluterm.eu\/sl\/garancija\/#breadcrumb\"},\"inLanguage\":\"sl-SI\",\"potentialAction\":[{\"@type\":\"ReadAction\",\"target\":[\"https:\/\/fluterm.eu\/sl\/garancija\/\"]}]},{\"@type\":\"BreadcrumbList\",\"@id\":\"https:\/\/fluterm.eu\/sl\/garancija\/#breadcrumb\",\"itemListElement\":[{\"@type\":\"ListItem\",\"position\":1,\"name\":\"Home\",\"item\":\"https:\/\/fluterm.eu\/sl\/trgovina\/\"},{\"@type\":\"ListItem\",\"position\":2,\"name\":\"Garancija\"}]},{\"@type\":\"WebSite\",\"@id\":\"https:\/\/fluterm.eu\/#website\",\"url\":\"https:\/\/fluterm.eu\/\",\"name\":\"fluterm.eu\",\"description\":\"\",\"potentialAction\":[{\"@type\":\"SearchAction\",\"target\":{\"@type\":\"EntryPoint\",\"urlTemplate\":\"https:\/\/fluterm.eu\/?s={search_term_string}\"},\"query-input\":\"required name=search_term_string\"}],\"inLanguage\":\"sl-SI\"}]}<\/script>\n<!-- \/ Yoast SEO plugin. -->","yoast_head_json":{"title":"Garancija","robots":{"index":"index","follow":"follow","max-snippet":"max-snippet:-1","max-image-preview":"max-image-preview:large","max-video-preview":"max-video-preview:-1"},"canonical":"https:\/\/fluterm.eu\/sl\/garancija\/","og_locale":"sl_SI","og_type":"article","og_title":"Garancija","og_description":"Garancija Nudimo tudi garancijsko dobo 24 mesecev od datuma nakupa . \u010ce v tem obdobju naletite na te\u017eave z izdelkom, se obrnite na nas in skupaj z vami bomo te\u017eavo re\u0161ili v najkraj\u0161em mo\u017enem \u010dasu. Ponosni smo na svojo zavezanost k zadovoljstvu strank in si prizadevamo za zagotavljanje odli\u010dnih storitev za na\u0161e stranke. \u010ce imate&hellip;","og_url":"https:\/\/fluterm.eu\/sl\/garancija\/","og_site_name":"fluterm.eu","article_modified_time":"2023-09-04T19:01:52+00:00","twitter_card":"summary_large_image","schema":{"@context":"https:\/\/schema.org","@graph":[{"@type":"WebPage","@id":"https:\/\/fluterm.eu\/sl\/garancija\/","url":"https:\/\/fluterm.eu\/sl\/garancija\/","name":"Garancija","isPartOf":{"@id":"https:\/\/fluterm.eu\/#website"},"datePublished":"2023-07-03T08:10:08+00:00","dateModified":"2023-09-04T19:01:52+00:00","breadcrumb":{"@id":"https:\/\/fluterm.eu\/sl\/garancija\/#breadcrumb"},"inLanguage":"sl-SI","potentialAction":[{"@type":"ReadAction","target":["https:\/\/fluterm.eu\/sl\/garancija\/"]}]},{"@type":"BreadcrumbList","@id":"https:\/\/fluterm.eu\/sl\/garancija\/#breadcrumb","itemListElement":[{"@type":"ListItem","position":1,"name":"Home","item":"https:\/\/fluterm.eu\/sl\/trgovina\/"},{"@type":"ListItem","position":2,"name":"Garancija"}]},{"@type":"WebSite","@id":"https:\/\/fluterm.eu\/#website","url":"https:\/\/fluterm.eu\/","name":"fluterm.eu","description":"","potentialAction":[{"@type":"SearchAction","target":{"@type":"EntryPoint","urlTemplate":"https:\/\/fluterm.eu\/?s={search_term_string}"},"query-input":"required name=search_term_string"}],"inLanguage":"sl-SI"}]}},"_links":{"self":[{"href":"https:\/\/fluterm.eu\/sl\/wp-json\/wp\/v2\/pages\/4876","targetHints":{"allow":["GET"]}}],"collection":[{"href":"https:\/\/fluterm.eu\/sl\/wp-json\/wp\/v2\/pages"}],"about":[{"href":"https:\/\/fluterm.eu\/sl\/wp-json\/wp\/v2\/types\/page"}],"author":[{"embeddable":true,"href":"https:\/\/fluterm.eu\/sl\/wp-json\/wp\/v2\/users\/3"}],"replies":[{"embeddable":true,"href":"https:\/\/fluterm.eu\/sl\/wp-json\/wp\/v2\/comments?post=4876"}],"version-history":[{"count":2,"href":"https:\/\/fluterm.eu\/sl\/wp-json\/wp\/v2\/pages\/4876\/revisions"}],"predecessor-version":[{"id":11337,"href":"https:\/\/fluterm.eu\/sl\/wp-json\/wp\/v2\/pages\/4876\/revisions\/11337"}],"wp:attachment":[{"href":"https:\/\/fluterm.eu\/sl\/wp-json\/wp\/v2\/media?parent=4876"}],"curies":[{"name":"wp","href":"https:\/\/api.w.org\/{rel}","templated":true}]}}