{"id":14166,"date":"2023-06-10T14:50:40","date_gmt":"2023-06-10T11:50:40","guid":{"rendered":"https:\/\/fluterm.eu\/prod\/sponke-sponke-za-talno-gretje-300-kosov-v-skatli\/"},"modified":"2023-06-10T14:50:40","modified_gmt":"2023-06-10T11:50:40","slug":"sponke-taker-clips-za-podtalno-ogrevanje-300-kosov-na-skatlo","status":"publish","type":"product","link":"https:\/\/fluterm.eu\/sl\/prod\/sponke-taker-clips-za-podtalno-ogrevanje-300-kosov-na-skatlo\/","title":{"rendered":"Sponke, Sponke za talno gretje, 300 kosov v \u0161katli"},"content":{"rendered":"<p>Na\u0161e 40-milimetrske sponke za cevi, ki se prodajajo v \u0161katlah po 300 kosov, so namenjene za uporabo, kadar je treba cevovod namestiti neposredno na izolacijo. (Pred nakupom sponk preverite globino izolacije)<\/p>\n<p>Sponke lahko enostavno pritrdite ro\u010dno ali s kombiniranim prijemalnikom. (idealno za uporabo na velikih povr\u0161inah, kjer je treba namestiti veliko sponk)<\/p>\n","protected":false},"excerpt":{"rendered":"<p>Na\u0161e 40-milimetrske sponke za cevi, ki se prodajajo v \u0161katlah po 300 kosov, so namenjene za uporabo, kadar je treba cevovod namestiti neposredno na izolacijo. (Pred nakupom sponk preverite globino izolacije) Sponke lahko enostavno pritrdite ro\u010dno ali s kombiniranim prijemalnikom. (idealno za uporabo na velikih povr\u0161inah, kjer je treba namestiti veliko sponk)<\/p>\n","protected":false},"featured_media":2643,"comment_status":"closed","ping_status":"closed","template":"","meta":[],"product_cat":[826],"product_tag":[],"class_list":{"0":"post-14166","1":"product","2":"type-product","3":"status-publish","4":"has-post-thumbnail","6":"product_cat-razlicne","8":"first","9":"instock","10":"sale","11":"taxable","12":"shipping-taxable","13":"purchasable","14":"product-type-simple","15":"col-xs-6 col-sm-4","16":"col-md-4 col-lg-4","17":"un-3-cols"},"acf":[],"yoast_head":"<!-- This site is optimized with the Yoast SEO plugin v21.2 - https:\/\/yoast.com\/wordpress\/plugins\/seo\/ -->\n<title>Sponke, Sponke za talno gretje, 300 kosov v \u0161katli<\/title>\n<meta name=\"description\" content=\"Order Sponke, Sponke za talno gretje, 300 kosov v \u0161katli at a best price.\" \/>\n<meta name=\"robots\" content=\"index, follow, max-snippet:-1, max-image-preview:large, max-video-preview:-1\" \/>\n<link rel=\"canonical\" href=\"https:\/\/fluterm.eu\/sl\/prod\/sponke-sponke-za-talno-gretje-300-kosov-v-skatli\/\" \/>\n<meta property=\"og:locale\" content=\"sl_SI\" \/>\n<meta property=\"og:type\" content=\"article\" \/>\n<meta property=\"og:title\" content=\"Sponke, Sponke za talno gretje, 300 kosov v \u0161katli\" \/>\n<meta property=\"og:description\" content=\"Order Sponke, Sponke za talno gretje, 300 kosov v \u0161katli at a best price.\" \/>\n<meta property=\"og:url\" content=\"https:\/\/fluterm.eu\/sl\/prod\/sponke-sponke-za-talno-gretje-300-kosov-v-skatli\/\" \/>\n<meta property=\"og:site_name\" content=\"fluterm.eu\" \/>\n<meta property=\"og:image\" content=\"https:\/\/fluterm.eu\/wp-content\/uploads\/2023\/06\/30E97279-C233-4950-B3FF-BFCF725962F4.jpeg\" \/>\n\t<meta property=\"og:image:width\" content=\"432\" \/>\n\t<meta property=\"og:image:height\" content=\"375\" \/>\n\t<meta property=\"og:image:type\" content=\"image\/jpeg\" \/>\n<meta name=\"twitter:card\" content=\"summary_large_image\" \/>\n<script type=\"application\/ld+json\" class=\"yoast-schema-graph\">{\"@context\":\"https:\/\/schema.org\",\"@graph\":[{\"@type\":\"WebPage\",\"@id\":\"https:\/\/fluterm.eu\/sl\/prod\/sponke-sponke-za-talno-gretje-300-kosov-v-skatli\/\",\"url\":\"https:\/\/fluterm.eu\/sl\/prod\/sponke-sponke-za-talno-gretje-300-kosov-v-skatli\/\",\"name\":\"Sponke, Sponke za talno gretje, 300 kosov v \u0161katli\",\"isPartOf\":{\"@id\":\"https:\/\/fluterm.eu\/#website\"},\"datePublished\":\"2023-06-10T11:50:40+00:00\",\"dateModified\":\"2023-06-10T11:50:40+00:00\",\"description\":\"Order Sponke, Sponke za talno gretje, 300 kosov v \u0161katli at a best price.\",\"breadcrumb\":{\"@id\":\"https:\/\/fluterm.eu\/sl\/prod\/sponke-sponke-za-talno-gretje-300-kosov-v-skatli\/#breadcrumb\"},\"inLanguage\":\"sl-SI\",\"potentialAction\":[{\"@type\":\"ReadAction\",\"target\":[\"https:\/\/fluterm.eu\/sl\/prod\/sponke-sponke-za-talno-gretje-300-kosov-v-skatli\/\"]}]},{\"@type\":\"BreadcrumbList\",\"@id\":\"https:\/\/fluterm.eu\/sl\/prod\/sponke-sponke-za-talno-gretje-300-kosov-v-skatli\/#breadcrumb\",\"itemListElement\":[{\"@type\":\"ListItem\",\"position\":1,\"name\":\"Home\",\"item\":\"https:\/\/fluterm.eu\/sl\/trgovina\/\"},{\"@type\":\"ListItem\",\"position\":2,\"name\":\"Trgovina\",\"item\":\"https:\/\/fluterm.eu\/sl\/trgovina\/\"},{\"@type\":\"ListItem\",\"position\":3,\"name\":\"Sponke, Sponke za talno gretje, 300 kosov v \u0161katli\"}]},{\"@type\":\"WebSite\",\"@id\":\"https:\/\/fluterm.eu\/#website\",\"url\":\"https:\/\/fluterm.eu\/\",\"name\":\"fluterm.eu\",\"description\":\"\",\"potentialAction\":[{\"@type\":\"SearchAction\",\"target\":{\"@type\":\"EntryPoint\",\"urlTemplate\":\"https:\/\/fluterm.eu\/?s={search_term_string}\"},\"query-input\":\"required name=search_term_string\"}],\"inLanguage\":\"sl-SI\"}]}<\/script>\n<!-- \/ Yoast SEO plugin. -->","yoast_head_json":{"title":"Sponke, Sponke za talno gretje, 300 kosov v \u0161katli","description":"Order Sponke, Sponke za talno gretje, 300 kosov v \u0161katli at a best price.","robots":{"index":"index","follow":"follow","max-snippet":"max-snippet:-1","max-image-preview":"max-image-preview:large","max-video-preview":"max-video-preview:-1"},"canonical":"https:\/\/fluterm.eu\/sl\/prod\/sponke-sponke-za-talno-gretje-300-kosov-v-skatli\/","og_locale":"sl_SI","og_type":"article","og_title":"Sponke, Sponke za talno gretje, 300 kosov v \u0161katli","og_description":"Order Sponke, Sponke za talno gretje, 300 kosov v \u0161katli at a best price.","og_url":"https:\/\/fluterm.eu\/sl\/prod\/sponke-sponke-za-talno-gretje-300-kosov-v-skatli\/","og_site_name":"fluterm.eu","og_image":[{"width":432,"height":375,"url":"https:\/\/fluterm.eu\/wp-content\/uploads\/2023\/06\/30E97279-C233-4950-B3FF-BFCF725962F4.jpeg","type":"image\/jpeg"}],"twitter_card":"summary_large_image","schema":{"@context":"https:\/\/schema.org","@graph":[{"@type":"WebPage","@id":"https:\/\/fluterm.eu\/sl\/prod\/sponke-sponke-za-talno-gretje-300-kosov-v-skatli\/","url":"https:\/\/fluterm.eu\/sl\/prod\/sponke-sponke-za-talno-gretje-300-kosov-v-skatli\/","name":"Sponke, Sponke za talno gretje, 300 kosov v \u0161katli","isPartOf":{"@id":"https:\/\/fluterm.eu\/#website"},"datePublished":"2023-06-10T11:50:40+00:00","dateModified":"2023-06-10T11:50:40+00:00","description":"Order Sponke, Sponke za talno gretje, 300 kosov v \u0161katli at a best price.","breadcrumb":{"@id":"https:\/\/fluterm.eu\/sl\/prod\/sponke-sponke-za-talno-gretje-300-kosov-v-skatli\/#breadcrumb"},"inLanguage":"sl-SI","potentialAction":[{"@type":"ReadAction","target":["https:\/\/fluterm.eu\/sl\/prod\/sponke-sponke-za-talno-gretje-300-kosov-v-skatli\/"]}]},{"@type":"BreadcrumbList","@id":"https:\/\/fluterm.eu\/sl\/prod\/sponke-sponke-za-talno-gretje-300-kosov-v-skatli\/#breadcrumb","itemListElement":[{"@type":"ListItem","position":1,"name":"Home","item":"https:\/\/fluterm.eu\/sl\/trgovina\/"},{"@type":"ListItem","position":2,"name":"Trgovina","item":"https:\/\/fluterm.eu\/sl\/trgovina\/"},{"@type":"ListItem","position":3,"name":"Sponke, Sponke za talno gretje, 300 kosov v \u0161katli"}]},{"@type":"WebSite","@id":"https:\/\/fluterm.eu\/#website","url":"https:\/\/fluterm.eu\/","name":"fluterm.eu","description":"","potentialAction":[{"@type":"SearchAction","target":{"@type":"EntryPoint","urlTemplate":"https:\/\/fluterm.eu\/?s={search_term_string}"},"query-input":"required name=search_term_string"}],"inLanguage":"sl-SI"}]}},"_links":{"self":[{"href":"https:\/\/fluterm.eu\/sl\/wp-json\/wp\/v2\/product\/14166","targetHints":{"allow":["GET"]}}],"collection":[{"href":"https:\/\/fluterm.eu\/sl\/wp-json\/wp\/v2\/product"}],"about":[{"href":"https:\/\/fluterm.eu\/sl\/wp-json\/wp\/v2\/types\/product"}],"replies":[{"embeddable":true,"href":"https:\/\/fluterm.eu\/sl\/wp-json\/wp\/v2\/comments?post=14166"}],"version-history":[{"count":0,"href":"https:\/\/fluterm.eu\/sl\/wp-json\/wp\/v2\/product\/14166\/revisions"}],"wp:featuredmedia":[{"embeddable":true,"href":"https:\/\/fluterm.eu\/sl\/wp-json\/wp\/v2\/media\/2643"}],"wp:attachment":[{"href":"https:\/\/fluterm.eu\/sl\/wp-json\/wp\/v2\/media?parent=14166"}],"wp:term":[{"taxonomy":"product_cat","embeddable":true,"href":"https:\/\/fluterm.eu\/sl\/wp-json\/wp\/v2\/product_cat?post=14166"},{"taxonomy":"product_tag","embeddable":true,"href":"https:\/\/fluterm.eu\/sl\/wp-json\/wp\/v2\/product_tag?post=14166"}],"curies":[{"name":"wp","href":"https:\/\/api.w.org\/{rel}","templated":true}]}}