{"id":14271,"date":"2023-06-10T14:50:41","date_gmt":"2023-06-10T11:50:41","guid":{"rendered":"https:\/\/fluterm.eu\/prod\/montazna-plosca-za-talno-gretje-3cm-izolacija-eps-150\/"},"modified":"2023-06-10T14:50:41","modified_gmt":"2023-06-10T11:50:41","slug":"3cm-plosca-z-2cm-izolacije-in-1cm-cevnega-utora-za-talno-ogrevanje","status":"publish","type":"product","link":"https:\/\/fluterm.eu\/sl\/prod\/3cm-plosca-z-2cm-izolacije-in-1cm-cevnega-utora-za-talno-ogrevanje\/","title":{"rendered":"Monta\u017ena plo\u0161\u010da za talno gretje 3cm Izolacija Eps 150"},"content":{"rendered":"<p>Talno ogrevanje Castellated Tray 20 mm plus 30 mm izolacije, vsak castellated del je na 50 mm razdaljah, razdalje cevi so lahko 50 mm, 100 mm, 150 mm in tako naprej.<\/p>\n<p><span style=\"color: #ff0000;\">EPS 150<\/span><\/p>\n<p>Dimenzije plo\u0161\u010de UFH: 1220 x 820 x 50 mm visoka.<br \/>\n1 Plo\u0161\u010da pokriva Pribli\u017eno 1m2<\/p>\n","protected":false},"excerpt":{"rendered":"<p>Talno ogrevanje Castellated Tray 20 mm plus 30 mm izolacije, vsak castellated del je na 50 mm razdaljah, razdalje cevi so lahko 50 mm, 100 mm, 150 mm in tako naprej. EPS 150 Dimenzije plo\u0161\u010de UFH: 1220 x 820 x 50 mm visoka. 1 Plo\u0161\u010da pokriva Pribli\u017eno 1m2<\/p>\n","protected":false},"featured_media":2769,"comment_status":"open","ping_status":"closed","template":"","meta":[],"product_cat":[826],"product_tag":[],"class_list":{"0":"post-14271","1":"product","2":"type-product","3":"status-publish","4":"has-post-thumbnail","6":"product_cat-razlicne","8":"first","9":"instock","10":"sale","11":"taxable","12":"shipping-taxable","13":"purchasable","14":"product-type-simple","15":"col-xs-6 col-sm-4","16":"col-md-4 col-lg-4","17":"un-3-cols"},"acf":[],"yoast_head":"<!-- This site is optimized with the Yoast SEO plugin v21.2 - https:\/\/yoast.com\/wordpress\/plugins\/seo\/ -->\n<title>Monta\u017ena plo\u0161\u010da za talno gretje 3cm Izolacija Eps 150<\/title>\n<meta name=\"description\" content=\"Order Monta\u017ena plo\u0161\u010da za talno gretje 3cm Izolacija Eps 150 at a best price.\" \/>\n<meta name=\"robots\" content=\"index, follow, max-snippet:-1, max-image-preview:large, max-video-preview:-1\" \/>\n<link rel=\"canonical\" href=\"https:\/\/fluterm.eu\/sl\/prod\/montazna-plosca-za-talno-gretje-3cm-izolacija-eps-150\/\" \/>\n<meta property=\"og:locale\" content=\"sl_SI\" \/>\n<meta property=\"og:type\" content=\"article\" \/>\n<meta property=\"og:title\" content=\"Monta\u017ena plo\u0161\u010da za talno gretje 3cm Izolacija Eps 150\" \/>\n<meta property=\"og:description\" content=\"Order Monta\u017ena plo\u0161\u010da za talno gretje 3cm Izolacija Eps 150 at a best price.\" \/>\n<meta property=\"og:url\" content=\"https:\/\/fluterm.eu\/sl\/prod\/montazna-plosca-za-talno-gretje-3cm-izolacija-eps-150\/\" \/>\n<meta property=\"og:site_name\" content=\"fluterm.eu\" \/>\n<meta property=\"og:image\" content=\"https:\/\/fluterm.eu\/wp-content\/uploads\/2023\/06\/F122A45B-F764-4206-961B-D30CCFCEF3D4.jpeg\" \/>\n\t<meta property=\"og:image:width\" content=\"800\" \/>\n\t<meta property=\"og:image:height\" content=\"446\" \/>\n\t<meta property=\"og:image:type\" content=\"image\/jpeg\" \/>\n<meta name=\"twitter:card\" content=\"summary_large_image\" \/>\n<script type=\"application\/ld+json\" class=\"yoast-schema-graph\">{\"@context\":\"https:\/\/schema.org\",\"@graph\":[{\"@type\":\"WebPage\",\"@id\":\"https:\/\/fluterm.eu\/sl\/prod\/montazna-plosca-za-talno-gretje-3cm-izolacija-eps-150\/\",\"url\":\"https:\/\/fluterm.eu\/sl\/prod\/montazna-plosca-za-talno-gretje-3cm-izolacija-eps-150\/\",\"name\":\"Monta\u017ena plo\u0161\u010da za talno gretje 3cm Izolacija Eps 150\",\"isPartOf\":{\"@id\":\"https:\/\/fluterm.eu\/#website\"},\"datePublished\":\"2023-06-10T11:50:41+00:00\",\"dateModified\":\"2023-06-10T11:50:41+00:00\",\"description\":\"Order Monta\u017ena plo\u0161\u010da za talno gretje 3cm Izolacija Eps 150 at a best price.\",\"breadcrumb\":{\"@id\":\"https:\/\/fluterm.eu\/sl\/prod\/montazna-plosca-za-talno-gretje-3cm-izolacija-eps-150\/#breadcrumb\"},\"inLanguage\":\"sl-SI\",\"potentialAction\":[{\"@type\":\"ReadAction\",\"target\":[\"https:\/\/fluterm.eu\/sl\/prod\/montazna-plosca-za-talno-gretje-3cm-izolacija-eps-150\/\"]}]},{\"@type\":\"BreadcrumbList\",\"@id\":\"https:\/\/fluterm.eu\/sl\/prod\/montazna-plosca-za-talno-gretje-3cm-izolacija-eps-150\/#breadcrumb\",\"itemListElement\":[{\"@type\":\"ListItem\",\"position\":1,\"name\":\"Home\",\"item\":\"https:\/\/fluterm.eu\/sl\/trgovina\/\"},{\"@type\":\"ListItem\",\"position\":2,\"name\":\"Trgovina\",\"item\":\"https:\/\/fluterm.eu\/sl\/trgovina\/\"},{\"@type\":\"ListItem\",\"position\":3,\"name\":\"Monta\u017ena plo\u0161\u010da za talno gretje 3cm Izolacija Eps 150\"}]},{\"@type\":\"WebSite\",\"@id\":\"https:\/\/fluterm.eu\/#website\",\"url\":\"https:\/\/fluterm.eu\/\",\"name\":\"fluterm.eu\",\"description\":\"\",\"potentialAction\":[{\"@type\":\"SearchAction\",\"target\":{\"@type\":\"EntryPoint\",\"urlTemplate\":\"https:\/\/fluterm.eu\/?s={search_term_string}\"},\"query-input\":\"required name=search_term_string\"}],\"inLanguage\":\"sl-SI\"}]}<\/script>\n<!-- \/ Yoast SEO plugin. -->","yoast_head_json":{"title":"Monta\u017ena plo\u0161\u010da za talno gretje 3cm Izolacija Eps 150","description":"Order Monta\u017ena plo\u0161\u010da za talno gretje 3cm Izolacija Eps 150 at a best price.","robots":{"index":"index","follow":"follow","max-snippet":"max-snippet:-1","max-image-preview":"max-image-preview:large","max-video-preview":"max-video-preview:-1"},"canonical":"https:\/\/fluterm.eu\/sl\/prod\/montazna-plosca-za-talno-gretje-3cm-izolacija-eps-150\/","og_locale":"sl_SI","og_type":"article","og_title":"Monta\u017ena plo\u0161\u010da za talno gretje 3cm Izolacija Eps 150","og_description":"Order Monta\u017ena plo\u0161\u010da za talno gretje 3cm Izolacija Eps 150 at a best price.","og_url":"https:\/\/fluterm.eu\/sl\/prod\/montazna-plosca-za-talno-gretje-3cm-izolacija-eps-150\/","og_site_name":"fluterm.eu","og_image":[{"width":800,"height":446,"url":"https:\/\/fluterm.eu\/wp-content\/uploads\/2023\/06\/F122A45B-F764-4206-961B-D30CCFCEF3D4.jpeg","type":"image\/jpeg"}],"twitter_card":"summary_large_image","schema":{"@context":"https:\/\/schema.org","@graph":[{"@type":"WebPage","@id":"https:\/\/fluterm.eu\/sl\/prod\/montazna-plosca-za-talno-gretje-3cm-izolacija-eps-150\/","url":"https:\/\/fluterm.eu\/sl\/prod\/montazna-plosca-za-talno-gretje-3cm-izolacija-eps-150\/","name":"Monta\u017ena plo\u0161\u010da za talno gretje 3cm Izolacija Eps 150","isPartOf":{"@id":"https:\/\/fluterm.eu\/#website"},"datePublished":"2023-06-10T11:50:41+00:00","dateModified":"2023-06-10T11:50:41+00:00","description":"Order Monta\u017ena plo\u0161\u010da za talno gretje 3cm Izolacija Eps 150 at a best price.","breadcrumb":{"@id":"https:\/\/fluterm.eu\/sl\/prod\/montazna-plosca-za-talno-gretje-3cm-izolacija-eps-150\/#breadcrumb"},"inLanguage":"sl-SI","potentialAction":[{"@type":"ReadAction","target":["https:\/\/fluterm.eu\/sl\/prod\/montazna-plosca-za-talno-gretje-3cm-izolacija-eps-150\/"]}]},{"@type":"BreadcrumbList","@id":"https:\/\/fluterm.eu\/sl\/prod\/montazna-plosca-za-talno-gretje-3cm-izolacija-eps-150\/#breadcrumb","itemListElement":[{"@type":"ListItem","position":1,"name":"Home","item":"https:\/\/fluterm.eu\/sl\/trgovina\/"},{"@type":"ListItem","position":2,"name":"Trgovina","item":"https:\/\/fluterm.eu\/sl\/trgovina\/"},{"@type":"ListItem","position":3,"name":"Monta\u017ena plo\u0161\u010da za talno gretje 3cm Izolacija Eps 150"}]},{"@type":"WebSite","@id":"https:\/\/fluterm.eu\/#website","url":"https:\/\/fluterm.eu\/","name":"fluterm.eu","description":"","potentialAction":[{"@type":"SearchAction","target":{"@type":"EntryPoint","urlTemplate":"https:\/\/fluterm.eu\/?s={search_term_string}"},"query-input":"required name=search_term_string"}],"inLanguage":"sl-SI"}]}},"_links":{"self":[{"href":"https:\/\/fluterm.eu\/sl\/wp-json\/wp\/v2\/product\/14271","targetHints":{"allow":["GET"]}}],"collection":[{"href":"https:\/\/fluterm.eu\/sl\/wp-json\/wp\/v2\/product"}],"about":[{"href":"https:\/\/fluterm.eu\/sl\/wp-json\/wp\/v2\/types\/product"}],"replies":[{"embeddable":true,"href":"https:\/\/fluterm.eu\/sl\/wp-json\/wp\/v2\/comments?post=14271"}],"version-history":[{"count":0,"href":"https:\/\/fluterm.eu\/sl\/wp-json\/wp\/v2\/product\/14271\/revisions"}],"wp:featuredmedia":[{"embeddable":true,"href":"https:\/\/fluterm.eu\/sl\/wp-json\/wp\/v2\/media\/2769"}],"wp:attachment":[{"href":"https:\/\/fluterm.eu\/sl\/wp-json\/wp\/v2\/media?parent=14271"}],"wp:term":[{"taxonomy":"product_cat","embeddable":true,"href":"https:\/\/fluterm.eu\/sl\/wp-json\/wp\/v2\/product_cat?post=14271"},{"taxonomy":"product_tag","embeddable":true,"href":"https:\/\/fluterm.eu\/sl\/wp-json\/wp\/v2\/product_tag?post=14271"}],"curies":[{"name":"wp","href":"https:\/\/api.w.org\/{rel}","templated":true}]}}