{"id":14723,"date":"2023-06-10T14:51:05","date_gmt":"2023-06-10T11:51:05","guid":{"rendered":"https:\/\/fluterm.eu\/prod\/mesalni-komplet-za-talno-gretje-s-crpalko-wilo\/"},"modified":"2023-06-10T14:51:05","modified_gmt":"2023-06-10T11:51:05","slug":"komplet-za-talno-gretje-z-mesanjem-in-crpalko-wilo","status":"publish","type":"product","link":"https:\/\/fluterm.eu\/sl\/prod\/komplet-za-talno-gretje-z-mesanjem-in-crpalko-wilo\/","title":{"rendered":"Me\u0161alni komplet za talno gretje s \u010drpalko Wilo"},"content":{"rendered":"<p>Na\u0161 kompakten in lahek termostatski me\u0161alni krmilnik za talno ogrevanje omogo\u010da neposredno povezavo z na\u0161o ponudbo razdelilnikov za talno ogrevanje in je v celoti sestavljen v levem formatu s standardnimi mo\u0161kimi vrtljivimi ploskimi spojniki G1.<\/p>\n<p>Zaradi vsestranske zasnove in priklju\u010dkov s spojnim spojem je namestitev na razdelilnik preprosta, ker pa ne potrebuje dodatnih podpornih nosilcev, ni potrebno dolgotrajno vrtanje in pritrjevanje.<\/p>\n<p>Me\u0161alni ventil omogo\u010da nastavitev temperature pretoka med 35 in 65 \u00b0C za natan\u010den nadzor celotne temperature talnega ogrevanja, ki se lahko napaja iz vseh vrst toplotnih virov, vklju\u010dno z oljnimi in plinskimi kotli, pe\u010dmi na drva in zelenimi viri energije, kot so son\u010dne, zemeljske in zra\u010dne toplotne \u010drpalke.<\/p>\n<p>Vsak paket regulatorja je sestavljen iz termostatskega me\u0161alnega ventila, energijsko u\u010dinkovite obto\u010dne \u010drpalke Wilo razreda A, adapterja za razdelilnik in vseh potrebnih tesnil.<\/p>\n<p><strong>Prilagoditev krmilnika me\u0161anja  <\/strong><\/p>\n<p>Termostatski me\u0161alni ventil je tovarni\u0161ko nastavljen tako, da v razdelilnik talnega ogrevanja dovaja vodo, zme\u0161ano pri 45 \u00b0C. Temperaturo me\u0161ane vode lahko prilagodite na temperaturo od 35 \u00b0C do 65 \u00b0C tako, da vrtite krmilni gumb me\u0161alnega ventila v smeri urinega kazalca, da pove\u010date temperaturo, in v nasprotni smeri urinega kazalca, da jo zmanj\u0161ate.<\/p>\n<p>sistem Sonos za 15x6x130<\/p>\n","protected":false},"excerpt":{"rendered":"<p>Na\u0161 kompakten in lahek termostatski me\u0161alni krmilnik za talno ogrevanje omogo\u010da neposredno povezavo z na\u0161o ponudbo razdelilnikov za talno ogrevanje in je v celoti sestavljen v levem formatu s standardnimi mo\u0161kimi vrtljivimi ploskimi spojniki G1. Zaradi vsestranske zasnove in priklju\u010dkov s spojnim spojem je namestitev na razdelilnik preprosta, ker pa ne potrebuje dodatnih podpornih nosilcev,&hellip;<\/p>\n","protected":false},"featured_media":3126,"comment_status":"closed","ping_status":"closed","template":"","meta":[],"product_cat":[840],"product_tag":[],"class_list":{"0":"post-14723","1":"product","2":"type-product","3":"status-publish","4":"has-post-thumbnail","6":"product_cat-skupine-za-mesanje-talnega-ogrevanja","8":"first","9":"instock","10":"taxable","11":"shipping-taxable","12":"purchasable","13":"product-type-simple","14":"col-xs-6 col-sm-4","15":"col-md-4 col-lg-4","16":"un-3-cols"},"acf":[],"yoast_head":"<!-- This site is optimized with the Yoast SEO plugin v21.2 - https:\/\/yoast.com\/wordpress\/plugins\/seo\/ -->\n<title>Me\u0161alni komplet za talno gretje s \u010drpalko Wilo<\/title>\n<meta name=\"description\" content=\"Order Me\u0161alni komplet za talno gretje s \u010drpalko Wilo at a best price.\" \/>\n<meta name=\"robots\" content=\"index, follow, max-snippet:-1, max-image-preview:large, max-video-preview:-1\" \/>\n<link rel=\"canonical\" href=\"https:\/\/fluterm.eu\/sl\/prod\/mesalni-komplet-za-talno-gretje-s-crpalko-wilo\/\" \/>\n<meta property=\"og:locale\" content=\"sl_SI\" \/>\n<meta property=\"og:type\" content=\"article\" \/>\n<meta property=\"og:title\" content=\"Me\u0161alni komplet za talno gretje s \u010drpalko Wilo\" \/>\n<meta property=\"og:description\" content=\"Order Me\u0161alni komplet za talno gretje s \u010drpalko Wilo at a best price.\" \/>\n<meta property=\"og:url\" content=\"https:\/\/fluterm.eu\/sl\/prod\/mesalni-komplet-za-talno-gretje-s-crpalko-wilo\/\" \/>\n<meta property=\"og:site_name\" content=\"fluterm.eu\" \/>\n<meta property=\"og:image\" content=\"https:\/\/fluterm.eu\/wp-content\/uploads\/2023\/06\/10BE33BF-D06D-41CB-AE24-1597A1282835_4_5005_c.jpeg\" \/>\n\t<meta property=\"og:image:width\" content=\"298\" \/>\n\t<meta property=\"og:image:height\" content=\"263\" \/>\n\t<meta property=\"og:image:type\" content=\"image\/jpeg\" \/>\n<meta name=\"twitter:card\" content=\"summary_large_image\" \/>\n<meta name=\"twitter:label1\" content=\"Est. reading time\" \/>\n\t<meta name=\"twitter:data1\" content=\"1 minuta\" \/>\n<script type=\"application\/ld+json\" class=\"yoast-schema-graph\">{\"@context\":\"https:\/\/schema.org\",\"@graph\":[{\"@type\":\"WebPage\",\"@id\":\"https:\/\/fluterm.eu\/sl\/prod\/mesalni-komplet-za-talno-gretje-s-crpalko-wilo\/\",\"url\":\"https:\/\/fluterm.eu\/sl\/prod\/mesalni-komplet-za-talno-gretje-s-crpalko-wilo\/\",\"name\":\"Me\u0161alni komplet za talno gretje s \u010drpalko Wilo\",\"isPartOf\":{\"@id\":\"https:\/\/fluterm.eu\/#website\"},\"datePublished\":\"2023-06-10T11:51:05+00:00\",\"dateModified\":\"2023-06-10T11:51:05+00:00\",\"description\":\"Order Me\u0161alni komplet za talno gretje s \u010drpalko Wilo at a best price.\",\"breadcrumb\":{\"@id\":\"https:\/\/fluterm.eu\/sl\/prod\/mesalni-komplet-za-talno-gretje-s-crpalko-wilo\/#breadcrumb\"},\"inLanguage\":\"sl-SI\",\"potentialAction\":[{\"@type\":\"ReadAction\",\"target\":[\"https:\/\/fluterm.eu\/sl\/prod\/mesalni-komplet-za-talno-gretje-s-crpalko-wilo\/\"]}]},{\"@type\":\"BreadcrumbList\",\"@id\":\"https:\/\/fluterm.eu\/sl\/prod\/mesalni-komplet-za-talno-gretje-s-crpalko-wilo\/#breadcrumb\",\"itemListElement\":[{\"@type\":\"ListItem\",\"position\":1,\"name\":\"Home\",\"item\":\"https:\/\/fluterm.eu\/sl\/trgovina\/\"},{\"@type\":\"ListItem\",\"position\":2,\"name\":\"Trgovina\",\"item\":\"https:\/\/fluterm.eu\/sl\/trgovina\/\"},{\"@type\":\"ListItem\",\"position\":3,\"name\":\"Me\u0161alni komplet za talno gretje s \u010drpalko Wilo\"}]},{\"@type\":\"WebSite\",\"@id\":\"https:\/\/fluterm.eu\/#website\",\"url\":\"https:\/\/fluterm.eu\/\",\"name\":\"fluterm.eu\",\"description\":\"\",\"potentialAction\":[{\"@type\":\"SearchAction\",\"target\":{\"@type\":\"EntryPoint\",\"urlTemplate\":\"https:\/\/fluterm.eu\/?s={search_term_string}\"},\"query-input\":\"required name=search_term_string\"}],\"inLanguage\":\"sl-SI\"}]}<\/script>\n<!-- \/ Yoast SEO plugin. -->","yoast_head_json":{"title":"Me\u0161alni komplet za talno gretje s \u010drpalko Wilo","description":"Order Me\u0161alni komplet za talno gretje s \u010drpalko Wilo at a best price.","robots":{"index":"index","follow":"follow","max-snippet":"max-snippet:-1","max-image-preview":"max-image-preview:large","max-video-preview":"max-video-preview:-1"},"canonical":"https:\/\/fluterm.eu\/sl\/prod\/mesalni-komplet-za-talno-gretje-s-crpalko-wilo\/","og_locale":"sl_SI","og_type":"article","og_title":"Me\u0161alni komplet za talno gretje s \u010drpalko Wilo","og_description":"Order Me\u0161alni komplet za talno gretje s \u010drpalko Wilo at a best price.","og_url":"https:\/\/fluterm.eu\/sl\/prod\/mesalni-komplet-za-talno-gretje-s-crpalko-wilo\/","og_site_name":"fluterm.eu","og_image":[{"width":298,"height":263,"url":"https:\/\/fluterm.eu\/wp-content\/uploads\/2023\/06\/10BE33BF-D06D-41CB-AE24-1597A1282835_4_5005_c.jpeg","type":"image\/jpeg"}],"twitter_card":"summary_large_image","twitter_misc":{"Est. reading time":"1 minuta"},"schema":{"@context":"https:\/\/schema.org","@graph":[{"@type":"WebPage","@id":"https:\/\/fluterm.eu\/sl\/prod\/mesalni-komplet-za-talno-gretje-s-crpalko-wilo\/","url":"https:\/\/fluterm.eu\/sl\/prod\/mesalni-komplet-za-talno-gretje-s-crpalko-wilo\/","name":"Me\u0161alni komplet za talno gretje s \u010drpalko Wilo","isPartOf":{"@id":"https:\/\/fluterm.eu\/#website"},"datePublished":"2023-06-10T11:51:05+00:00","dateModified":"2023-06-10T11:51:05+00:00","description":"Order Me\u0161alni komplet za talno gretje s \u010drpalko Wilo at a best price.","breadcrumb":{"@id":"https:\/\/fluterm.eu\/sl\/prod\/mesalni-komplet-za-talno-gretje-s-crpalko-wilo\/#breadcrumb"},"inLanguage":"sl-SI","potentialAction":[{"@type":"ReadAction","target":["https:\/\/fluterm.eu\/sl\/prod\/mesalni-komplet-za-talno-gretje-s-crpalko-wilo\/"]}]},{"@type":"BreadcrumbList","@id":"https:\/\/fluterm.eu\/sl\/prod\/mesalni-komplet-za-talno-gretje-s-crpalko-wilo\/#breadcrumb","itemListElement":[{"@type":"ListItem","position":1,"name":"Home","item":"https:\/\/fluterm.eu\/sl\/trgovina\/"},{"@type":"ListItem","position":2,"name":"Trgovina","item":"https:\/\/fluterm.eu\/sl\/trgovina\/"},{"@type":"ListItem","position":3,"name":"Me\u0161alni komplet za talno gretje s \u010drpalko Wilo"}]},{"@type":"WebSite","@id":"https:\/\/fluterm.eu\/#website","url":"https:\/\/fluterm.eu\/","name":"fluterm.eu","description":"","potentialAction":[{"@type":"SearchAction","target":{"@type":"EntryPoint","urlTemplate":"https:\/\/fluterm.eu\/?s={search_term_string}"},"query-input":"required name=search_term_string"}],"inLanguage":"sl-SI"}]}},"_links":{"self":[{"href":"https:\/\/fluterm.eu\/sl\/wp-json\/wp\/v2\/product\/14723","targetHints":{"allow":["GET"]}}],"collection":[{"href":"https:\/\/fluterm.eu\/sl\/wp-json\/wp\/v2\/product"}],"about":[{"href":"https:\/\/fluterm.eu\/sl\/wp-json\/wp\/v2\/types\/product"}],"replies":[{"embeddable":true,"href":"https:\/\/fluterm.eu\/sl\/wp-json\/wp\/v2\/comments?post=14723"}],"version-history":[{"count":0,"href":"https:\/\/fluterm.eu\/sl\/wp-json\/wp\/v2\/product\/14723\/revisions"}],"wp:featuredmedia":[{"embeddable":true,"href":"https:\/\/fluterm.eu\/sl\/wp-json\/wp\/v2\/media\/3126"}],"wp:attachment":[{"href":"https:\/\/fluterm.eu\/sl\/wp-json\/wp\/v2\/media?parent=14723"}],"wp:term":[{"taxonomy":"product_cat","embeddable":true,"href":"https:\/\/fluterm.eu\/sl\/wp-json\/wp\/v2\/product_cat?post=14723"},{"taxonomy":"product_tag","embeddable":true,"href":"https:\/\/fluterm.eu\/sl\/wp-json\/wp\/v2\/product_tag?post=14723"}],"curies":[{"name":"wp","href":"https:\/\/api.w.org\/{rel}","templated":true}]}}