{"id":15033,"date":"2023-07-17T20:26:30","date_gmt":"2023-07-17T17:26:30","guid":{"rendered":"https:\/\/fluterm.eu\/prod\/uponor-smatrix-wave-pulse-l-zacetni-komplet-tipa-l-1093287\/"},"modified":"2023-07-17T20:26:30","modified_gmt":"2023-07-17T17:26:30","slug":"uponor-smatrix-wave-pulse-l-starter-kit-type-l-1093287","status":"publish","type":"product","link":"https:\/\/fluterm.eu\/sl\/prod\/uponor-smatrix-wave-pulse-l-starter-kit-type-l-1093287\/","title":{"rendered":"UPONOR SMATRIX WAVE PULSE L &#8211; za\u010detni komplet tipa L &#8211; 1093287"},"content":{"rendered":"<pre id=\"tw-target-text\" class=\"tw-data-text tw-text-large tw-ta\" dir=\"ltr\" data-placeholder=\"Translation\"><span class=\"Y2IQFc\" lang=\"en\">Uponor Smatrix is \u200b\u200ba fully integrated control system for radiant heating and cooling. Being intelligent and \nable to adapt, Uponor Smatrix is \u200b\u200bequipped with self-balancing technology, which constantly anticipates and \nadjusts the exact amount of energy needed to ensure optimal comfort at all times.<\/span><\/pre>\n<p><img loading=\"lazy\" decoding=\"async\" class=\" lazyloaded\" src=\"https:\/\/s.cdnmpro.com\/499367508\/content\/smatrix%20pulse.png\" alt=\"\" width=\"750\" height=\"473\" data-src=\"https:\/\/s.cdnmpro.com\/499367508\/content\/smatrix%20pulse.png\"><\/p>\n<p>Inteligentni sistem za avtomatizacijo sevalnih sistemov<\/p>\n<p>&#8211; V en sistem je mogo\u010de povezati do 4 krmilne enote.<br \/>\n&#8211; Napajalna napetost: 230 V<br \/>\n&#8211; Samouravnote\u017eenje izbolj\u0161a porabo energije in udobje<br \/>\n&#8211; Elektri\u010dni nadzor<br \/>\n&#8211; Na eno krmilno enoto je mogo\u010de priklju\u010diti do 6 termostatov in 8 aktuatorjev (24 V).<br \/>\n&#8211; Releji \u010drpalk in kotlov<br \/>\n&#8211; Funkcija za prepre\u010devanje zatesnitve \u010drpalke in pogona<br \/>\n&#8211; Nadzor relativne vla\u017enosti<br \/>\n&#8211; Ve\u010d mo\u017enosti priklju\u010ditve (zaporedna \/ zvezdasta)<br \/>\n&#8211; Oskrba s 4-\u017ei\u010dnim dvojno za\u0161\u010ditenim kablom BUS<br \/>\n&#8211; Komunikacijski protokol: RS485 serijska vodilna zbirka<br \/>\n&#8211; Najve\u010dja vhodna mo\u010d aktuatorja: 24 VAC \/ 0,2 A (0,4 A v konici)<\/p>\n<p>&#8211; Lokalni dostop (Wi-Fi) ali oddaljeni dostop (zahteva internetno povezavo) z aplikacijo Uponor Smatrix Pulse (z R-208)<br \/>\n&#8211; Za\u010dasna dostopna to\u010dka wi-fi za neposreden dostop (\u010de povezava wi-fi ni na voljo (z R-208))<br \/>\n&#8211; Integracija v sistem pametnega doma (Amazon Alexa, Google Home, IFTTT) (z R-208)<br \/>\n&#8211; Nadzor ve\u010d domov<br \/>\n&#8211; Dostop tretjih oseb za podporo na daljavo (potrebno soglasje stranke) (z R-208)<br \/>\n&#8211; Analiza zgodovinskih trendov z aplikacijo Uponor Smatrix Pulse (z R-208)<br \/>\n&#8211; Urno programiranje (z R-208)<br \/>\n&#8211; Nastavitve udobja (z R-208)<br \/>\n&#8211; Preverjanje temperature sredstva (z R-208)<\/p>\n","protected":false},"excerpt":{"rendered":"<p>Uponor Smatrix is \u200b\u200ba fully integrated control system for radiant heating and cooling. Being intelligent and able to adapt, Uponor Smatrix is \u200b\u200bequipped with self-balancing technology, which constantly anticipates and adjusts the exact amount of energy needed to ensure optimal comfort at all times. Inteligentni sistem za avtomatizacijo sevalnih sistemov &#8211; V en sistem je&hellip;<\/p>\n","protected":false},"featured_media":4260,"comment_status":"open","ping_status":"closed","template":"","meta":[],"product_cat":[980],"product_tag":[],"class_list":{"0":"post-15033","1":"product","2":"type-product","3":"status-publish","4":"has-post-thumbnail","6":"product_cat-avtomatizacija-talnega-ogrevanja","8":"first","9":"instock","10":"taxable","11":"shipping-taxable","12":"purchasable","13":"product-type-simple","14":"col-xs-6 col-sm-4","15":"col-md-4 col-lg-4","16":"un-3-cols"},"acf":[],"yoast_head":"<!-- This site is optimized with the Yoast SEO plugin v21.2 - https:\/\/yoast.com\/wordpress\/plugins\/seo\/ -->\n<title>UPONOR SMATRIX WAVE PULSE L - za\u010detni komplet tipa L - 1093287<\/title>\n<meta name=\"description\" content=\"Order UPONOR SMATRIX WAVE PULSE L - za\u010detni komplet tipa L - 1093287 at a best price.\" \/>\n<meta name=\"robots\" content=\"index, follow, max-snippet:-1, max-image-preview:large, max-video-preview:-1\" \/>\n<link rel=\"canonical\" href=\"https:\/\/fluterm.eu\/sl\/prod\/uponor-smatrix-wave-pulse-l-zacetni-komplet-tipa-l-1093287\/\" \/>\n<meta property=\"og:locale\" content=\"sl_SI\" \/>\n<meta property=\"og:type\" content=\"article\" \/>\n<meta property=\"og:title\" content=\"UPONOR SMATRIX WAVE PULSE L - za\u010detni komplet tipa L - 1093287\" \/>\n<meta property=\"og:description\" content=\"Order UPONOR SMATRIX WAVE PULSE L - za\u010detni komplet tipa L - 1093287 at a best price.\" \/>\n<meta property=\"og:url\" content=\"https:\/\/fluterm.eu\/sl\/prod\/uponor-smatrix-wave-pulse-l-zacetni-komplet-tipa-l-1093287\/\" \/>\n<meta property=\"og:site_name\" content=\"fluterm.eu\" \/>\n<meta property=\"og:image\" content=\"https:\/\/fluterm.eu\/wp-content\/uploads\/2023\/07\/16FABFBB-5D15-4216-9483-0400BFD6BCF9.jpeg\" \/>\n\t<meta property=\"og:image:width\" content=\"600\" \/>\n\t<meta property=\"og:image:height\" content=\"600\" \/>\n\t<meta property=\"og:image:type\" content=\"image\/jpeg\" \/>\n<meta name=\"twitter:card\" content=\"summary_large_image\" \/>\n<meta name=\"twitter:label1\" content=\"Est. reading time\" \/>\n\t<meta name=\"twitter:data1\" content=\"1 minuta\" \/>\n<script type=\"application\/ld+json\" class=\"yoast-schema-graph\">{\"@context\":\"https:\/\/schema.org\",\"@graph\":[{\"@type\":\"WebPage\",\"@id\":\"https:\/\/fluterm.eu\/sl\/prod\/uponor-smatrix-wave-pulse-l-zacetni-komplet-tipa-l-1093287\/\",\"url\":\"https:\/\/fluterm.eu\/sl\/prod\/uponor-smatrix-wave-pulse-l-zacetni-komplet-tipa-l-1093287\/\",\"name\":\"UPONOR SMATRIX WAVE PULSE L - za\u010detni komplet tipa L - 1093287\",\"isPartOf\":{\"@id\":\"https:\/\/fluterm.eu\/#website\"},\"datePublished\":\"2023-07-17T17:26:30+00:00\",\"dateModified\":\"2023-07-17T17:26:30+00:00\",\"description\":\"Order UPONOR SMATRIX WAVE PULSE L - za\u010detni komplet tipa L - 1093287 at a best price.\",\"breadcrumb\":{\"@id\":\"https:\/\/fluterm.eu\/sl\/prod\/uponor-smatrix-wave-pulse-l-zacetni-komplet-tipa-l-1093287\/#breadcrumb\"},\"inLanguage\":\"sl-SI\",\"potentialAction\":[{\"@type\":\"ReadAction\",\"target\":[\"https:\/\/fluterm.eu\/sl\/prod\/uponor-smatrix-wave-pulse-l-zacetni-komplet-tipa-l-1093287\/\"]}]},{\"@type\":\"BreadcrumbList\",\"@id\":\"https:\/\/fluterm.eu\/sl\/prod\/uponor-smatrix-wave-pulse-l-zacetni-komplet-tipa-l-1093287\/#breadcrumb\",\"itemListElement\":[{\"@type\":\"ListItem\",\"position\":1,\"name\":\"Home\",\"item\":\"https:\/\/fluterm.eu\/sl\/trgovina\/\"},{\"@type\":\"ListItem\",\"position\":2,\"name\":\"Trgovina\",\"item\":\"https:\/\/fluterm.eu\/sl\/trgovina\/\"},{\"@type\":\"ListItem\",\"position\":3,\"name\":\"UPONOR SMATRIX WAVE PULSE L &#8211; za\u010detni komplet tipa L &#8211; 1093287\"}]},{\"@type\":\"WebSite\",\"@id\":\"https:\/\/fluterm.eu\/#website\",\"url\":\"https:\/\/fluterm.eu\/\",\"name\":\"fluterm.eu\",\"description\":\"\",\"potentialAction\":[{\"@type\":\"SearchAction\",\"target\":{\"@type\":\"EntryPoint\",\"urlTemplate\":\"https:\/\/fluterm.eu\/?s={search_term_string}\"},\"query-input\":\"required name=search_term_string\"}],\"inLanguage\":\"sl-SI\"}]}<\/script>\n<!-- \/ Yoast SEO plugin. -->","yoast_head_json":{"title":"UPONOR SMATRIX WAVE PULSE L - za\u010detni komplet tipa L - 1093287","description":"Order UPONOR SMATRIX WAVE PULSE L - za\u010detni komplet tipa L - 1093287 at a best price.","robots":{"index":"index","follow":"follow","max-snippet":"max-snippet:-1","max-image-preview":"max-image-preview:large","max-video-preview":"max-video-preview:-1"},"canonical":"https:\/\/fluterm.eu\/sl\/prod\/uponor-smatrix-wave-pulse-l-zacetni-komplet-tipa-l-1093287\/","og_locale":"sl_SI","og_type":"article","og_title":"UPONOR SMATRIX WAVE PULSE L - za\u010detni komplet tipa L - 1093287","og_description":"Order UPONOR SMATRIX WAVE PULSE L - za\u010detni komplet tipa L - 1093287 at a best price.","og_url":"https:\/\/fluterm.eu\/sl\/prod\/uponor-smatrix-wave-pulse-l-zacetni-komplet-tipa-l-1093287\/","og_site_name":"fluterm.eu","og_image":[{"width":600,"height":600,"url":"https:\/\/fluterm.eu\/wp-content\/uploads\/2023\/07\/16FABFBB-5D15-4216-9483-0400BFD6BCF9.jpeg","type":"image\/jpeg"}],"twitter_card":"summary_large_image","twitter_misc":{"Est. reading time":"1 minuta"},"schema":{"@context":"https:\/\/schema.org","@graph":[{"@type":"WebPage","@id":"https:\/\/fluterm.eu\/sl\/prod\/uponor-smatrix-wave-pulse-l-zacetni-komplet-tipa-l-1093287\/","url":"https:\/\/fluterm.eu\/sl\/prod\/uponor-smatrix-wave-pulse-l-zacetni-komplet-tipa-l-1093287\/","name":"UPONOR SMATRIX WAVE PULSE L - za\u010detni komplet tipa L - 1093287","isPartOf":{"@id":"https:\/\/fluterm.eu\/#website"},"datePublished":"2023-07-17T17:26:30+00:00","dateModified":"2023-07-17T17:26:30+00:00","description":"Order UPONOR SMATRIX WAVE PULSE L - za\u010detni komplet tipa L - 1093287 at a best price.","breadcrumb":{"@id":"https:\/\/fluterm.eu\/sl\/prod\/uponor-smatrix-wave-pulse-l-zacetni-komplet-tipa-l-1093287\/#breadcrumb"},"inLanguage":"sl-SI","potentialAction":[{"@type":"ReadAction","target":["https:\/\/fluterm.eu\/sl\/prod\/uponor-smatrix-wave-pulse-l-zacetni-komplet-tipa-l-1093287\/"]}]},{"@type":"BreadcrumbList","@id":"https:\/\/fluterm.eu\/sl\/prod\/uponor-smatrix-wave-pulse-l-zacetni-komplet-tipa-l-1093287\/#breadcrumb","itemListElement":[{"@type":"ListItem","position":1,"name":"Home","item":"https:\/\/fluterm.eu\/sl\/trgovina\/"},{"@type":"ListItem","position":2,"name":"Trgovina","item":"https:\/\/fluterm.eu\/sl\/trgovina\/"},{"@type":"ListItem","position":3,"name":"UPONOR SMATRIX WAVE PULSE L &#8211; za\u010detni komplet tipa L &#8211; 1093287"}]},{"@type":"WebSite","@id":"https:\/\/fluterm.eu\/#website","url":"https:\/\/fluterm.eu\/","name":"fluterm.eu","description":"","potentialAction":[{"@type":"SearchAction","target":{"@type":"EntryPoint","urlTemplate":"https:\/\/fluterm.eu\/?s={search_term_string}"},"query-input":"required name=search_term_string"}],"inLanguage":"sl-SI"}]}},"_links":{"self":[{"href":"https:\/\/fluterm.eu\/sl\/wp-json\/wp\/v2\/product\/15033","targetHints":{"allow":["GET"]}}],"collection":[{"href":"https:\/\/fluterm.eu\/sl\/wp-json\/wp\/v2\/product"}],"about":[{"href":"https:\/\/fluterm.eu\/sl\/wp-json\/wp\/v2\/types\/product"}],"replies":[{"embeddable":true,"href":"https:\/\/fluterm.eu\/sl\/wp-json\/wp\/v2\/comments?post=15033"}],"version-history":[{"count":0,"href":"https:\/\/fluterm.eu\/sl\/wp-json\/wp\/v2\/product\/15033\/revisions"}],"wp:featuredmedia":[{"embeddable":true,"href":"https:\/\/fluterm.eu\/sl\/wp-json\/wp\/v2\/media\/4260"}],"wp:attachment":[{"href":"https:\/\/fluterm.eu\/sl\/wp-json\/wp\/v2\/media?parent=15033"}],"wp:term":[{"taxonomy":"product_cat","embeddable":true,"href":"https:\/\/fluterm.eu\/sl\/wp-json\/wp\/v2\/product_cat?post=15033"},{"taxonomy":"product_tag","embeddable":true,"href":"https:\/\/fluterm.eu\/sl\/wp-json\/wp\/v2\/product_tag?post=15033"}],"curies":[{"name":"wp","href":"https:\/\/api.w.org\/{rel}","templated":true}]}}