{"id":15214,"date":"2023-07-08T12:16:25","date_gmt":"2023-07-08T09:16:25","guid":{"rendered":"https:\/\/fluterm.eu\/prod\/rehau-rautitan-stabil-25x3-7\/"},"modified":"2023-07-08T12:16:25","modified_gmt":"2023-07-08T09:16:25","slug":"rehau-rautitan-stabil-25x3-7","status":"publish","type":"product","link":"https:\/\/fluterm.eu\/sl\/prod\/rehau-rautitan-stabil-25x3-7\/","title":{"rendered":"Rehau Rautitan Stabil 25X3.7"},"content":{"rendered":"<p>Univerzalna cev Rehau RAUTITAN stabil se lahko uporablja v vodovodnih in ogrevalnih sistemih. Izdelan je iz zamre\u017eenega polietilena (PE-X\/AI\/PE). Cev ustreza standardom DIN 16892, DIN EN 573-3 in DVGW W542. Vnetljiv razred B2. Cev je pobarvana v srebrni barvi.<\/p>\n<p>Cev Rehau RAUTITAN stabil odlikujejo vzdr\u017eljivost, zanesljivost in enostavnost pri prilagajanju razmeram na gradbi\u0161\u010du. Cevi so na priklju\u010dke priklju\u010dene z monta\u017enimi tuljavami Rehau, tako da je monta\u017ea cevovoda preprosta in zanesljiva.<\/p>\n<p>Cev je dobavljena v zvitkih po 25 m, velikost je 25 \u00d7 3,7 mm.<\/p>\n<table class=\"table-condensed\" cellspacing=\"1\">\n<tbody>\n<tr class=\"first\">\n<th>D<\/th>\n<th>S<\/th>\n<th>VOLUME<\/th>\n<th>TE\u017dA<\/th>\n<th>ENOTA DOBAVE<\/th>\n<\/tr>\n<tr>\n<th>MM<\/th>\n<th>MM<\/th>\n<th>L\/M<\/th>\n<th>KG\/M<\/th>\n<th>ALI LAHKO RE\u017dEMO<\/th>\n<\/tr>\n<tr>\n<td>25<\/td>\n<td>3,7<\/td>\n<\/tr>\n<\/tbody>\n<\/table>\n","protected":false},"excerpt":{"rendered":"<p>Univerzalna cev Rehau RAUTITAN stabil se lahko uporablja v vodovodnih in ogrevalnih sistemih. Izdelan je iz zamre\u017eenega polietilena (PE-X\/AI\/PE). Cev ustreza standardom DIN 16892, DIN EN 573-3 in DVGW W542. Vnetljiv razred B2. Cev je pobarvana v srebrni barvi. Cev Rehau RAUTITAN stabil odlikujejo vzdr\u017eljivost, zanesljivost in enostavnost pri prilagajanju razmeram na gradbi\u0161\u010du. Cevi so&hellip;<\/p>\n","protected":false},"featured_media":3399,"comment_status":"open","ping_status":"closed","template":"","meta":[],"product_cat":[997],"product_tag":[],"class_list":{"0":"post-15214","1":"product","2":"type-product","3":"status-publish","4":"has-post-thumbnail","6":"product_cat-vecplastna-kompozitna-cev-pexal","8":"first","9":"instock","10":"taxable","11":"shipping-taxable","12":"purchasable","13":"product-type-simple","14":"col-xs-6 col-sm-4","15":"col-md-4 col-lg-4","16":"un-3-cols"},"acf":[],"yoast_head":"<!-- This site is optimized with the Yoast SEO plugin v21.2 - https:\/\/yoast.com\/wordpress\/plugins\/seo\/ -->\n<title>Rehau Rautitan Stabil 25X3.7<\/title>\n<meta name=\"description\" content=\"Order Rehau Rautitan Stabil 25X3.7 at a best price.\" \/>\n<meta name=\"robots\" content=\"index, follow, max-snippet:-1, max-image-preview:large, max-video-preview:-1\" \/>\n<link rel=\"canonical\" href=\"https:\/\/fluterm.eu\/sl\/prod\/rehau-rautitan-stabil-25x3-7\/\" \/>\n<meta property=\"og:locale\" content=\"sl_SI\" \/>\n<meta property=\"og:type\" content=\"article\" \/>\n<meta property=\"og:title\" content=\"Rehau Rautitan Stabil 25X3.7\" \/>\n<meta property=\"og:description\" content=\"Order Rehau Rautitan Stabil 25X3.7 at a best price.\" \/>\n<meta property=\"og:url\" content=\"https:\/\/fluterm.eu\/sl\/prod\/rehau-rautitan-stabil-25x3-7\/\" \/>\n<meta property=\"og:site_name\" content=\"fluterm.eu\" \/>\n<meta property=\"og:image\" content=\"https:\/\/fluterm.eu\/wp-content\/uploads\/2023\/07\/F924E67F-BEAB-4BD6-8BF6-89E00CB22654_4_5005_c.jpeg\" \/>\n\t<meta property=\"og:image:width\" content=\"224\" \/>\n\t<meta property=\"og:image:height\" content=\"224\" \/>\n\t<meta property=\"og:image:type\" content=\"image\/jpeg\" \/>\n<meta name=\"twitter:card\" content=\"summary_large_image\" \/>\n<meta name=\"twitter:label1\" content=\"Est. reading time\" \/>\n\t<meta name=\"twitter:data1\" content=\"1 minuta\" \/>\n<script type=\"application\/ld+json\" class=\"yoast-schema-graph\">{\"@context\":\"https:\/\/schema.org\",\"@graph\":[{\"@type\":\"WebPage\",\"@id\":\"https:\/\/fluterm.eu\/sl\/prod\/rehau-rautitan-stabil-25x3-7\/\",\"url\":\"https:\/\/fluterm.eu\/sl\/prod\/rehau-rautitan-stabil-25x3-7\/\",\"name\":\"Rehau Rautitan Stabil 25X3.7\",\"isPartOf\":{\"@id\":\"https:\/\/fluterm.eu\/#website\"},\"datePublished\":\"2023-07-08T09:16:25+00:00\",\"dateModified\":\"2023-07-08T09:16:25+00:00\",\"description\":\"Order Rehau Rautitan Stabil 25X3.7 at a best price.\",\"breadcrumb\":{\"@id\":\"https:\/\/fluterm.eu\/sl\/prod\/rehau-rautitan-stabil-25x3-7\/#breadcrumb\"},\"inLanguage\":\"sl-SI\",\"potentialAction\":[{\"@type\":\"ReadAction\",\"target\":[\"https:\/\/fluterm.eu\/sl\/prod\/rehau-rautitan-stabil-25x3-7\/\"]}]},{\"@type\":\"BreadcrumbList\",\"@id\":\"https:\/\/fluterm.eu\/sl\/prod\/rehau-rautitan-stabil-25x3-7\/#breadcrumb\",\"itemListElement\":[{\"@type\":\"ListItem\",\"position\":1,\"name\":\"Home\",\"item\":\"https:\/\/fluterm.eu\/sl\/trgovina\/\"},{\"@type\":\"ListItem\",\"position\":2,\"name\":\"Trgovina\",\"item\":\"https:\/\/fluterm.eu\/sl\/trgovina\/\"},{\"@type\":\"ListItem\",\"position\":3,\"name\":\"Rehau Rautitan Stabil 25X3.7\"}]},{\"@type\":\"WebSite\",\"@id\":\"https:\/\/fluterm.eu\/#website\",\"url\":\"https:\/\/fluterm.eu\/\",\"name\":\"fluterm.eu\",\"description\":\"\",\"potentialAction\":[{\"@type\":\"SearchAction\",\"target\":{\"@type\":\"EntryPoint\",\"urlTemplate\":\"https:\/\/fluterm.eu\/?s={search_term_string}\"},\"query-input\":\"required name=search_term_string\"}],\"inLanguage\":\"sl-SI\"}]}<\/script>\n<!-- \/ Yoast SEO plugin. -->","yoast_head_json":{"title":"Rehau Rautitan Stabil 25X3.7","description":"Order Rehau Rautitan Stabil 25X3.7 at a best price.","robots":{"index":"index","follow":"follow","max-snippet":"max-snippet:-1","max-image-preview":"max-image-preview:large","max-video-preview":"max-video-preview:-1"},"canonical":"https:\/\/fluterm.eu\/sl\/prod\/rehau-rautitan-stabil-25x3-7\/","og_locale":"sl_SI","og_type":"article","og_title":"Rehau Rautitan Stabil 25X3.7","og_description":"Order Rehau Rautitan Stabil 25X3.7 at a best price.","og_url":"https:\/\/fluterm.eu\/sl\/prod\/rehau-rautitan-stabil-25x3-7\/","og_site_name":"fluterm.eu","og_image":[{"width":224,"height":224,"url":"https:\/\/fluterm.eu\/wp-content\/uploads\/2023\/07\/F924E67F-BEAB-4BD6-8BF6-89E00CB22654_4_5005_c.jpeg","type":"image\/jpeg"}],"twitter_card":"summary_large_image","twitter_misc":{"Est. reading time":"1 minuta"},"schema":{"@context":"https:\/\/schema.org","@graph":[{"@type":"WebPage","@id":"https:\/\/fluterm.eu\/sl\/prod\/rehau-rautitan-stabil-25x3-7\/","url":"https:\/\/fluterm.eu\/sl\/prod\/rehau-rautitan-stabil-25x3-7\/","name":"Rehau Rautitan Stabil 25X3.7","isPartOf":{"@id":"https:\/\/fluterm.eu\/#website"},"datePublished":"2023-07-08T09:16:25+00:00","dateModified":"2023-07-08T09:16:25+00:00","description":"Order Rehau Rautitan Stabil 25X3.7 at a best price.","breadcrumb":{"@id":"https:\/\/fluterm.eu\/sl\/prod\/rehau-rautitan-stabil-25x3-7\/#breadcrumb"},"inLanguage":"sl-SI","potentialAction":[{"@type":"ReadAction","target":["https:\/\/fluterm.eu\/sl\/prod\/rehau-rautitan-stabil-25x3-7\/"]}]},{"@type":"BreadcrumbList","@id":"https:\/\/fluterm.eu\/sl\/prod\/rehau-rautitan-stabil-25x3-7\/#breadcrumb","itemListElement":[{"@type":"ListItem","position":1,"name":"Home","item":"https:\/\/fluterm.eu\/sl\/trgovina\/"},{"@type":"ListItem","position":2,"name":"Trgovina","item":"https:\/\/fluterm.eu\/sl\/trgovina\/"},{"@type":"ListItem","position":3,"name":"Rehau Rautitan Stabil 25X3.7"}]},{"@type":"WebSite","@id":"https:\/\/fluterm.eu\/#website","url":"https:\/\/fluterm.eu\/","name":"fluterm.eu","description":"","potentialAction":[{"@type":"SearchAction","target":{"@type":"EntryPoint","urlTemplate":"https:\/\/fluterm.eu\/?s={search_term_string}"},"query-input":"required name=search_term_string"}],"inLanguage":"sl-SI"}]}},"_links":{"self":[{"href":"https:\/\/fluterm.eu\/sl\/wp-json\/wp\/v2\/product\/15214","targetHints":{"allow":["GET"]}}],"collection":[{"href":"https:\/\/fluterm.eu\/sl\/wp-json\/wp\/v2\/product"}],"about":[{"href":"https:\/\/fluterm.eu\/sl\/wp-json\/wp\/v2\/types\/product"}],"replies":[{"embeddable":true,"href":"https:\/\/fluterm.eu\/sl\/wp-json\/wp\/v2\/comments?post=15214"}],"version-history":[{"count":0,"href":"https:\/\/fluterm.eu\/sl\/wp-json\/wp\/v2\/product\/15214\/revisions"}],"wp:featuredmedia":[{"embeddable":true,"href":"https:\/\/fluterm.eu\/sl\/wp-json\/wp\/v2\/media\/3399"}],"wp:attachment":[{"href":"https:\/\/fluterm.eu\/sl\/wp-json\/wp\/v2\/media?parent=15214"}],"wp:term":[{"taxonomy":"product_cat","embeddable":true,"href":"https:\/\/fluterm.eu\/sl\/wp-json\/wp\/v2\/product_cat?post=15214"},{"taxonomy":"product_tag","embeddable":true,"href":"https:\/\/fluterm.eu\/sl\/wp-json\/wp\/v2\/product_tag?post=15214"}],"curies":[{"name":"wp","href":"https:\/\/api.w.org\/{rel}","templated":true}]}}