{"id":15227,"date":"2023-07-12T19:44:16","date_gmt":"2023-07-12T16:44:16","guid":{"rendered":"https:\/\/fluterm.eu\/prod\/cev-za-talno-ogrevanje-s-kisikovo-pregrado-giacomini-pe-xb-extra-flex-16x2mm\/"},"modified":"2025-05-01T00:23:02","modified_gmt":"2025-04-30T21:23:02","slug":"cev-za-talno-ogrevanje-s-kisikovo-pregrado-giacomini-pe-xb-extra-flex-16x2mm","status":"publish","type":"product","link":"https:\/\/fluterm.eu\/sl\/prod\/cev-za-talno-ogrevanje-s-kisikovo-pregrado-giacomini-pe-xb-extra-flex-16x2mm\/","title":{"rendered":"Cev za talno ogrevanje s kisikovo pregrado Giacomini PE-Xb Extra Flex 16x2mm"},"content":{"rendered":"<div class=\"page\" title=\"Stran 1\">\n<div class=\"layoutArea\">\n<div class=\"column\">\n<p>                         <strong>50 let garancije<\/strong><\/p>\n<p>Cevi Giacomini PE-Xb s kisikovo bariero R996T so namenjene za ogrevalne ali hladilne sisteme.<\/p>\n<p>Njihova stopnja retikulacije presega 70 %, zaradi posebej za te cevi razvite zmesi pa so zelo pro\u017ene, kar omogo\u010da enostavno vgradnjo na plo\u0161\u010do z vozli ali na drugo podlago za talno gretje.<\/p>\n<p>Zagotavlja kisikovo pregrado v skladu s standardoma RN ISO 15875 in DIN 4726 ter \u017eivljenjsko dobo ve\u010d kot 50 let.<\/p>\n<p>Tehni\u010dne specifikacije:<br \/>\nPodro\u010dje uporabe: razred 4 (sistemi talnega ogrevanja) in razred 5 (sistemi radiatorskega ogrevanja)<br \/>\nCev ni namenjena za uporabo v sistemih za pitno vodo.<\/p>\n<p>&#8211; Gostota: 0,939 g \/ cm3<br \/>\n&#8211; Toplotna prevodnost: 0,38 W \/ (m K)<br \/>\n&#8211; Koeficient linearnega raztezanja: (1,9 x 10-4) \/ K<br \/>\n&#8211; Raztezek ob pretrgu: 520%<br \/>\n&#8211; Modul elasti\u010dnosti pri 23 \u00b0C: 540 MPa<br \/>\nUporaba: Talno ogrevanje<\/p>\n<p>Premer cevi: 16 mm<\/p>\n<p>Vrsta cevi: PE-Xb<\/p>\n<p>izrezati je mogo\u010de vse posnetke.<\/p>\n<\/div>\n<\/div>\n<\/div>\n<div id=\"jp-relatedposts\" class=\"jp-relatedposts\">\n<h3 class=\"jp-relatedposts-headline\"><\/h3>\n<div class=\"jp-relatedposts-items jp-relatedposts-items-minimal jp-relatedposts-grid \">\n<p class=\"jp-relatedposts-post jp-relatedposts-post0\" data-post-id=\"122\" data-post-format=\"false\">\n<\/div>\n<\/div>\n","protected":false},"excerpt":{"rendered":"<p>cev za talno ogrevanje<\/p>\n","protected":false},"featured_media":3336,"comment_status":"open","ping_status":"closed","template":"","meta":[],"product_cat":[860],"product_tag":[],"class_list":{"0":"post-15227","1":"product","2":"type-product","3":"status-publish","4":"has-post-thumbnail","6":"product_cat-cev-za-talno-ogrevanje","8":"first","9":"instock","10":"taxable","11":"shipping-taxable","12":"purchasable","13":"product-type-simple","14":"col-xs-6 col-sm-4","15":"col-md-4 col-lg-4","16":"un-3-cols"},"acf":[],"yoast_head":"<!-- This site is optimized with the Yoast SEO plugin v21.2 - https:\/\/yoast.com\/wordpress\/plugins\/seo\/ -->\n<title>Cev za talno ogrevanje s kisikovo pregrado Giacomini PE-Xb Extra Flex 16x2mm<\/title>\n<meta name=\"description\" content=\"Order Cev za talno ogrevanje s kisikovo pregrado Giacomini PE-Xb Extra Flex 16x2mm at a best price.\" \/>\n<meta name=\"robots\" content=\"index, follow, max-snippet:-1, max-image-preview:large, max-video-preview:-1\" \/>\n<link rel=\"canonical\" href=\"https:\/\/fluterm.eu\/sl\/prod\/cev-za-talno-ogrevanje-s-kisikovo-pregrado-giacomini-pe-xb-extra-flex-16x2mm\/\" \/>\n<meta property=\"og:locale\" content=\"sl_SI\" \/>\n<meta property=\"og:type\" content=\"article\" \/>\n<meta property=\"og:title\" content=\"Cev za talno ogrevanje s kisikovo pregrado Giacomini PE-Xb Extra Flex 16x2mm\" \/>\n<meta property=\"og:description\" content=\"Order Cev za talno ogrevanje s kisikovo pregrado Giacomini PE-Xb Extra Flex 16x2mm at a best price.\" \/>\n<meta property=\"og:url\" content=\"https:\/\/fluterm.eu\/sl\/prod\/cev-za-talno-ogrevanje-s-kisikovo-pregrado-giacomini-pe-xb-extra-flex-16x2mm\/\" \/>\n<meta property=\"og:site_name\" content=\"fluterm.eu\" \/>\n<meta property=\"article:modified_time\" content=\"2025-04-30T21:23:02+00:00\" \/>\n<meta property=\"og:image\" content=\"https:\/\/fluterm.eu\/wp-content\/uploads\/2023\/07\/12A5F521-8C25-422C-B15B-8035068EDE3C_4_5005_c.jpeg\" \/>\n\t<meta property=\"og:image:width\" content=\"224\" \/>\n\t<meta property=\"og:image:height\" content=\"224\" \/>\n\t<meta property=\"og:image:type\" content=\"image\/jpeg\" \/>\n<meta name=\"twitter:card\" content=\"summary_large_image\" \/>\n<meta name=\"twitter:label1\" content=\"Est. reading time\" \/>\n\t<meta name=\"twitter:data1\" content=\"1 minuta\" \/>\n<script type=\"application\/ld+json\" class=\"yoast-schema-graph\">{\"@context\":\"https:\/\/schema.org\",\"@graph\":[{\"@type\":\"WebPage\",\"@id\":\"https:\/\/fluterm.eu\/sl\/prod\/cev-za-talno-ogrevanje-s-kisikovo-pregrado-giacomini-pe-xb-extra-flex-16x2mm\/\",\"url\":\"https:\/\/fluterm.eu\/sl\/prod\/cev-za-talno-ogrevanje-s-kisikovo-pregrado-giacomini-pe-xb-extra-flex-16x2mm\/\",\"name\":\"Cev za talno ogrevanje s kisikovo pregrado Giacomini PE-Xb Extra Flex 16x2mm\",\"isPartOf\":{\"@id\":\"https:\/\/fluterm.eu\/#website\"},\"datePublished\":\"2023-07-12T16:44:16+00:00\",\"dateModified\":\"2025-04-30T21:23:02+00:00\",\"description\":\"Order Cev za talno ogrevanje s kisikovo pregrado Giacomini PE-Xb Extra Flex 16x2mm at a best price.\",\"breadcrumb\":{\"@id\":\"https:\/\/fluterm.eu\/sl\/prod\/cev-za-talno-ogrevanje-s-kisikovo-pregrado-giacomini-pe-xb-extra-flex-16x2mm\/#breadcrumb\"},\"inLanguage\":\"sl-SI\",\"potentialAction\":[{\"@type\":\"ReadAction\",\"target\":[\"https:\/\/fluterm.eu\/sl\/prod\/cev-za-talno-ogrevanje-s-kisikovo-pregrado-giacomini-pe-xb-extra-flex-16x2mm\/\"]}]},{\"@type\":\"BreadcrumbList\",\"@id\":\"https:\/\/fluterm.eu\/sl\/prod\/cev-za-talno-ogrevanje-s-kisikovo-pregrado-giacomini-pe-xb-extra-flex-16x2mm\/#breadcrumb\",\"itemListElement\":[{\"@type\":\"ListItem\",\"position\":1,\"name\":\"Home\",\"item\":\"https:\/\/fluterm.eu\/sl\/trgovina\/\"},{\"@type\":\"ListItem\",\"position\":2,\"name\":\"Trgovina\",\"item\":\"https:\/\/fluterm.eu\/sl\/trgovina\/\"},{\"@type\":\"ListItem\",\"position\":3,\"name\":\"Cev za talno ogrevanje s kisikovo pregrado Giacomini PE-Xb Extra Flex 16x2mm\"}]},{\"@type\":\"WebSite\",\"@id\":\"https:\/\/fluterm.eu\/#website\",\"url\":\"https:\/\/fluterm.eu\/\",\"name\":\"fluterm.eu\",\"description\":\"\",\"potentialAction\":[{\"@type\":\"SearchAction\",\"target\":{\"@type\":\"EntryPoint\",\"urlTemplate\":\"https:\/\/fluterm.eu\/?s={search_term_string}\"},\"query-input\":\"required name=search_term_string\"}],\"inLanguage\":\"sl-SI\"}]}<\/script>\n<!-- \/ Yoast SEO plugin. -->","yoast_head_json":{"title":"Cev za talno ogrevanje s kisikovo pregrado Giacomini PE-Xb Extra Flex 16x2mm","description":"Order Cev za talno ogrevanje s kisikovo pregrado Giacomini PE-Xb Extra Flex 16x2mm at a best price.","robots":{"index":"index","follow":"follow","max-snippet":"max-snippet:-1","max-image-preview":"max-image-preview:large","max-video-preview":"max-video-preview:-1"},"canonical":"https:\/\/fluterm.eu\/sl\/prod\/cev-za-talno-ogrevanje-s-kisikovo-pregrado-giacomini-pe-xb-extra-flex-16x2mm\/","og_locale":"sl_SI","og_type":"article","og_title":"Cev za talno ogrevanje s kisikovo pregrado Giacomini PE-Xb Extra Flex 16x2mm","og_description":"Order Cev za talno ogrevanje s kisikovo pregrado Giacomini PE-Xb Extra Flex 16x2mm at a best price.","og_url":"https:\/\/fluterm.eu\/sl\/prod\/cev-za-talno-ogrevanje-s-kisikovo-pregrado-giacomini-pe-xb-extra-flex-16x2mm\/","og_site_name":"fluterm.eu","article_modified_time":"2025-04-30T21:23:02+00:00","og_image":[{"width":224,"height":224,"url":"https:\/\/fluterm.eu\/wp-content\/uploads\/2023\/07\/12A5F521-8C25-422C-B15B-8035068EDE3C_4_5005_c.jpeg","type":"image\/jpeg"}],"twitter_card":"summary_large_image","twitter_misc":{"Est. reading time":"1 minuta"},"schema":{"@context":"https:\/\/schema.org","@graph":[{"@type":"WebPage","@id":"https:\/\/fluterm.eu\/sl\/prod\/cev-za-talno-ogrevanje-s-kisikovo-pregrado-giacomini-pe-xb-extra-flex-16x2mm\/","url":"https:\/\/fluterm.eu\/sl\/prod\/cev-za-talno-ogrevanje-s-kisikovo-pregrado-giacomini-pe-xb-extra-flex-16x2mm\/","name":"Cev za talno ogrevanje s kisikovo pregrado Giacomini PE-Xb Extra Flex 16x2mm","isPartOf":{"@id":"https:\/\/fluterm.eu\/#website"},"datePublished":"2023-07-12T16:44:16+00:00","dateModified":"2025-04-30T21:23:02+00:00","description":"Order Cev za talno ogrevanje s kisikovo pregrado Giacomini PE-Xb Extra Flex 16x2mm at a best price.","breadcrumb":{"@id":"https:\/\/fluterm.eu\/sl\/prod\/cev-za-talno-ogrevanje-s-kisikovo-pregrado-giacomini-pe-xb-extra-flex-16x2mm\/#breadcrumb"},"inLanguage":"sl-SI","potentialAction":[{"@type":"ReadAction","target":["https:\/\/fluterm.eu\/sl\/prod\/cev-za-talno-ogrevanje-s-kisikovo-pregrado-giacomini-pe-xb-extra-flex-16x2mm\/"]}]},{"@type":"BreadcrumbList","@id":"https:\/\/fluterm.eu\/sl\/prod\/cev-za-talno-ogrevanje-s-kisikovo-pregrado-giacomini-pe-xb-extra-flex-16x2mm\/#breadcrumb","itemListElement":[{"@type":"ListItem","position":1,"name":"Home","item":"https:\/\/fluterm.eu\/sl\/trgovina\/"},{"@type":"ListItem","position":2,"name":"Trgovina","item":"https:\/\/fluterm.eu\/sl\/trgovina\/"},{"@type":"ListItem","position":3,"name":"Cev za talno ogrevanje s kisikovo pregrado Giacomini PE-Xb Extra Flex 16x2mm"}]},{"@type":"WebSite","@id":"https:\/\/fluterm.eu\/#website","url":"https:\/\/fluterm.eu\/","name":"fluterm.eu","description":"","potentialAction":[{"@type":"SearchAction","target":{"@type":"EntryPoint","urlTemplate":"https:\/\/fluterm.eu\/?s={search_term_string}"},"query-input":"required name=search_term_string"}],"inLanguage":"sl-SI"}]}},"_links":{"self":[{"href":"https:\/\/fluterm.eu\/sl\/wp-json\/wp\/v2\/product\/15227","targetHints":{"allow":["GET"]}}],"collection":[{"href":"https:\/\/fluterm.eu\/sl\/wp-json\/wp\/v2\/product"}],"about":[{"href":"https:\/\/fluterm.eu\/sl\/wp-json\/wp\/v2\/types\/product"}],"replies":[{"embeddable":true,"href":"https:\/\/fluterm.eu\/sl\/wp-json\/wp\/v2\/comments?post=15227"}],"version-history":[{"count":0,"href":"https:\/\/fluterm.eu\/sl\/wp-json\/wp\/v2\/product\/15227\/revisions"}],"wp:featuredmedia":[{"embeddable":true,"href":"https:\/\/fluterm.eu\/sl\/wp-json\/wp\/v2\/media\/3336"}],"wp:attachment":[{"href":"https:\/\/fluterm.eu\/sl\/wp-json\/wp\/v2\/media?parent=15227"}],"wp:term":[{"taxonomy":"product_cat","embeddable":true,"href":"https:\/\/fluterm.eu\/sl\/wp-json\/wp\/v2\/product_cat?post=15227"},{"taxonomy":"product_tag","embeddable":true,"href":"https:\/\/fluterm.eu\/sl\/wp-json\/wp\/v2\/product_tag?post=15227"}],"curies":[{"name":"wp","href":"https:\/\/api.w.org\/{rel}","templated":true}]}}