{"id":15496,"date":"2023-06-10T14:51:29","date_gmt":"2023-06-10T11:51:29","guid":{"rendered":"https:\/\/fluterm.eu\/prod\/paket-talnega-ogrevanja-100m2\/"},"modified":"2023-06-10T14:51:29","modified_gmt":"2023-06-10T11:51:29","slug":"underfloor-heating-package-120-140-m2","status":"publish","type":"product","link":"https:\/\/fluterm.eu\/sl\/prod\/underfloor-heating-package-120-140-m2\/","title":{"rendered":"Paket talnega ogrevanja 100m2"},"content":{"rendered":"<div>Z na\u0161im popolnim sistemom toplovodnega talnega ogrevanja lahko ustvarite popoln sistem talnega ogrevanja za svoj dom ali poslovne prostore. Z zadostno dol\u017eino cevi za pokritje 100 m\u00b2 ima vse visokokakovostne izdelke in dele, ki jih pri\u010dakujete.<\/div>\n<div><\/div>\n<p>Sistem talnega ogrevanja Pipe &amp; Clip je enostaven za vgradnjo, saj se cev Pex vpne v izolacijski sloj, preden se nanese estrih ali vlije teko\u010di estrih.<\/p>\n<div>Vedno priporo\u010damo, da se cev natan\u010dno odre\u017ee in raz\u0161iri, da se zagotovi dobra povezava s fitingi in prepre\u010di pu\u0161\u010danje.<\/div>\n<div><\/div>\n<div><b>Komplet za ogrevanje &#8211; 100,0m\u00b2:<\/b><\/div>\n<div><\/div>\n<div>\n<ul>\n<li>800 metrov 16 mm cevi do\u017eivljenjska garancija<\/li>\n<li>\u010crpalka bio amg z nizko porabo energije &#8220;A&#8221; in samodejni me\u0161alni ventil thermomix<\/li>\n<li>Razdelilnik z 10 priklju\u010dki &#8211; visokokakovostna ponikljana medenina z dualmix razdelilnikom<\/li>\n<li>2 x ventila za izpust\/polnilo vode<\/li>\n<li>2 x krogli\u010dni ventili termometra<\/li>\n<li>2 x samodejni odzra\u010devalni ventili<\/li>\n<li>20 x 16 mm cevni priklju\u010dki (Eurocone)<\/li>\n<li>3000 sponke za cevi z visokim oprijemom<\/li>\n<li>750 Izolacija robov<\/li>\n<li>aluminijasta folija 100m2<\/li>\n<\/ul>\n<p>Pokritost tal: 100,0m\u00b2 &#8211; 120,0m\u00b2<br \/>\n&#8211; 100,0m\u00b2 @ 100mm razmik za obmo\u010dja z visokimi toplotnimi izgubami (zimski vrtovi)<br \/>\n&#8211; 120,0m\u00b2 @ razmik 200mm za primarno ogrevanje (dnevna soba, kopalnica, spalnice)<\/p>\n<\/div>\n","protected":false},"excerpt":{"rendered":"<p>Z na\u0161im popolnim sistemom toplovodnega talnega ogrevanja lahko ustvarite popoln sistem talnega ogrevanja za svoj dom ali poslovne prostore. Z zadostno dol\u017eino cevi za pokritje 100 m\u00b2 ima vse visokokakovostne izdelke in dele, ki jih pri\u010dakujete. Sistem talnega ogrevanja Pipe &amp; Clip je enostaven za vgradnjo, saj se cev Pex vpne v izolacijski sloj, preden&hellip;<\/p>\n","protected":false},"featured_media":4344,"comment_status":"open","ping_status":"closed","template":"","meta":[],"product_cat":[883],"product_tag":[],"class_list":{"0":"post-15496","1":"product","2":"type-product","3":"status-publish","4":"has-post-thumbnail","6":"product_cat-celoviti-paketi-talnega-ogrevanja","8":"first","9":"instock","10":"sale","11":"taxable","12":"shipping-taxable","13":"purchasable","14":"product-type-simple","15":"col-xs-6 col-sm-4","16":"col-md-4 col-lg-4","17":"un-3-cols"},"acf":[],"yoast_head":"<!-- This site is optimized with the Yoast SEO plugin v21.2 - https:\/\/yoast.com\/wordpress\/plugins\/seo\/ -->\n<title>Paket talnega ogrevanja 100m2<\/title>\n<meta name=\"description\" content=\"Order Paket talnega ogrevanja 100m2 at a best price.\" \/>\n<meta name=\"robots\" content=\"index, follow, max-snippet:-1, max-image-preview:large, max-video-preview:-1\" \/>\n<link rel=\"canonical\" href=\"https:\/\/fluterm.eu\/sl\/prod\/paket-talnega-ogrevanja-100m2\/\" \/>\n<meta property=\"og:locale\" content=\"sl_SI\" \/>\n<meta property=\"og:type\" content=\"article\" \/>\n<meta property=\"og:title\" content=\"Paket talnega ogrevanja 100m2\" \/>\n<meta property=\"og:description\" content=\"Order Paket talnega ogrevanja 100m2 at a best price.\" \/>\n<meta property=\"og:url\" content=\"https:\/\/fluterm.eu\/sl\/prod\/paket-talnega-ogrevanja-100m2\/\" \/>\n<meta property=\"og:site_name\" content=\"fluterm.eu\" \/>\n<meta property=\"og:image\" content=\"https:\/\/fluterm.eu\/wp-content\/uploads\/2023\/06\/61C3F3E1-9C0D-4E2C-947E-EA55D85A60BC-1.jpeg\" \/>\n\t<meta property=\"og:image:width\" content=\"1150\" \/>\n\t<meta property=\"og:image:height\" content=\"2048\" \/>\n\t<meta property=\"og:image:type\" content=\"image\/jpeg\" \/>\n<meta name=\"twitter:card\" content=\"summary_large_image\" \/>\n<meta name=\"twitter:label1\" content=\"Est. reading time\" \/>\n\t<meta name=\"twitter:data1\" content=\"1 minuta\" \/>\n<script type=\"application\/ld+json\" class=\"yoast-schema-graph\">{\"@context\":\"https:\/\/schema.org\",\"@graph\":[{\"@type\":\"WebPage\",\"@id\":\"https:\/\/fluterm.eu\/sl\/prod\/paket-talnega-ogrevanja-100m2\/\",\"url\":\"https:\/\/fluterm.eu\/sl\/prod\/paket-talnega-ogrevanja-100m2\/\",\"name\":\"Paket talnega ogrevanja 100m2\",\"isPartOf\":{\"@id\":\"https:\/\/fluterm.eu\/#website\"},\"datePublished\":\"2023-06-10T11:51:29+00:00\",\"dateModified\":\"2023-06-10T11:51:29+00:00\",\"description\":\"Order Paket talnega ogrevanja 100m2 at a best price.\",\"breadcrumb\":{\"@id\":\"https:\/\/fluterm.eu\/sl\/prod\/paket-talnega-ogrevanja-100m2\/#breadcrumb\"},\"inLanguage\":\"sl-SI\",\"potentialAction\":[{\"@type\":\"ReadAction\",\"target\":[\"https:\/\/fluterm.eu\/sl\/prod\/paket-talnega-ogrevanja-100m2\/\"]}]},{\"@type\":\"BreadcrumbList\",\"@id\":\"https:\/\/fluterm.eu\/sl\/prod\/paket-talnega-ogrevanja-100m2\/#breadcrumb\",\"itemListElement\":[{\"@type\":\"ListItem\",\"position\":1,\"name\":\"Home\",\"item\":\"https:\/\/fluterm.eu\/sl\/trgovina\/\"},{\"@type\":\"ListItem\",\"position\":2,\"name\":\"Trgovina\",\"item\":\"https:\/\/fluterm.eu\/sl\/trgovina\/\"},{\"@type\":\"ListItem\",\"position\":3,\"name\":\"Paket talnega ogrevanja 100m2\"}]},{\"@type\":\"WebSite\",\"@id\":\"https:\/\/fluterm.eu\/#website\",\"url\":\"https:\/\/fluterm.eu\/\",\"name\":\"fluterm.eu\",\"description\":\"\",\"potentialAction\":[{\"@type\":\"SearchAction\",\"target\":{\"@type\":\"EntryPoint\",\"urlTemplate\":\"https:\/\/fluterm.eu\/?s={search_term_string}\"},\"query-input\":\"required name=search_term_string\"}],\"inLanguage\":\"sl-SI\"}]}<\/script>\n<!-- \/ Yoast SEO plugin. -->","yoast_head_json":{"title":"Paket talnega ogrevanja 100m2","description":"Order Paket talnega ogrevanja 100m2 at a best price.","robots":{"index":"index","follow":"follow","max-snippet":"max-snippet:-1","max-image-preview":"max-image-preview:large","max-video-preview":"max-video-preview:-1"},"canonical":"https:\/\/fluterm.eu\/sl\/prod\/paket-talnega-ogrevanja-100m2\/","og_locale":"sl_SI","og_type":"article","og_title":"Paket talnega ogrevanja 100m2","og_description":"Order Paket talnega ogrevanja 100m2 at a best price.","og_url":"https:\/\/fluterm.eu\/sl\/prod\/paket-talnega-ogrevanja-100m2\/","og_site_name":"fluterm.eu","og_image":[{"width":1150,"height":2048,"url":"https:\/\/fluterm.eu\/wp-content\/uploads\/2023\/06\/61C3F3E1-9C0D-4E2C-947E-EA55D85A60BC-1.jpeg","type":"image\/jpeg"}],"twitter_card":"summary_large_image","twitter_misc":{"Est. reading time":"1 minuta"},"schema":{"@context":"https:\/\/schema.org","@graph":[{"@type":"WebPage","@id":"https:\/\/fluterm.eu\/sl\/prod\/paket-talnega-ogrevanja-100m2\/","url":"https:\/\/fluterm.eu\/sl\/prod\/paket-talnega-ogrevanja-100m2\/","name":"Paket talnega ogrevanja 100m2","isPartOf":{"@id":"https:\/\/fluterm.eu\/#website"},"datePublished":"2023-06-10T11:51:29+00:00","dateModified":"2023-06-10T11:51:29+00:00","description":"Order Paket talnega ogrevanja 100m2 at a best price.","breadcrumb":{"@id":"https:\/\/fluterm.eu\/sl\/prod\/paket-talnega-ogrevanja-100m2\/#breadcrumb"},"inLanguage":"sl-SI","potentialAction":[{"@type":"ReadAction","target":["https:\/\/fluterm.eu\/sl\/prod\/paket-talnega-ogrevanja-100m2\/"]}]},{"@type":"BreadcrumbList","@id":"https:\/\/fluterm.eu\/sl\/prod\/paket-talnega-ogrevanja-100m2\/#breadcrumb","itemListElement":[{"@type":"ListItem","position":1,"name":"Home","item":"https:\/\/fluterm.eu\/sl\/trgovina\/"},{"@type":"ListItem","position":2,"name":"Trgovina","item":"https:\/\/fluterm.eu\/sl\/trgovina\/"},{"@type":"ListItem","position":3,"name":"Paket talnega ogrevanja 100m2"}]},{"@type":"WebSite","@id":"https:\/\/fluterm.eu\/#website","url":"https:\/\/fluterm.eu\/","name":"fluterm.eu","description":"","potentialAction":[{"@type":"SearchAction","target":{"@type":"EntryPoint","urlTemplate":"https:\/\/fluterm.eu\/?s={search_term_string}"},"query-input":"required name=search_term_string"}],"inLanguage":"sl-SI"}]}},"_links":{"self":[{"href":"https:\/\/fluterm.eu\/sl\/wp-json\/wp\/v2\/product\/15496","targetHints":{"allow":["GET"]}}],"collection":[{"href":"https:\/\/fluterm.eu\/sl\/wp-json\/wp\/v2\/product"}],"about":[{"href":"https:\/\/fluterm.eu\/sl\/wp-json\/wp\/v2\/types\/product"}],"replies":[{"embeddable":true,"href":"https:\/\/fluterm.eu\/sl\/wp-json\/wp\/v2\/comments?post=15496"}],"version-history":[{"count":0,"href":"https:\/\/fluterm.eu\/sl\/wp-json\/wp\/v2\/product\/15496\/revisions"}],"wp:featuredmedia":[{"embeddable":true,"href":"https:\/\/fluterm.eu\/sl\/wp-json\/wp\/v2\/media\/4344"}],"wp:attachment":[{"href":"https:\/\/fluterm.eu\/sl\/wp-json\/wp\/v2\/media?parent=15496"}],"wp:term":[{"taxonomy":"product_cat","embeddable":true,"href":"https:\/\/fluterm.eu\/sl\/wp-json\/wp\/v2\/product_cat?post=15496"},{"taxonomy":"product_tag","embeddable":true,"href":"https:\/\/fluterm.eu\/sl\/wp-json\/wp\/v2\/product_tag?post=15496"}],"curies":[{"name":"wp","href":"https:\/\/api.w.org\/{rel}","templated":true}]}}