{"id":4504,"date":"2022-10-01T08:14:55","date_gmt":"2022-10-01T05:14:55","guid":{"rendered":"https:\/\/fluterm.eu\/aterbetalning-och-returpolicy\/"},"modified":"2024-02-18T16:13:25","modified_gmt":"2024-02-18T14:13:25","slug":"aterbetalning-och-returpolicy","status":"publish","type":"page","link":"https:\/\/fluterm.eu\/sv\/aterbetalning-och-returpolicy\/","title":{"rendered":"\u00c5terbetalning och returpolicy"},"content":{"rendered":"\r\n<p>&nbsp;<\/p>\r\n<h1><strong>Refund and returns policy<\/strong><\/h1>\r\n<p><br \/>V\u00e5r policy g\u00e4ller under en period av 14 kalenderdagar fr\u00e5n ink\u00f6psdatumet. Om du vill returnera produkten f\u00f6r \u00e5terbetalning under denna period kan du g\u00f6ra det f\u00f6rutsatt att villkoren nedan har uppfyllts. Observera att om 14-dagarsperioden har l\u00f6pt ut kan vi tyv\u00e4rr inte erbjuda dig n\u00e5gon \u00e5terbetalning.<\/p>\r\n<p>Krav p\u00e5 \u00e5terbetalning<\/p>\r\n<p>F\u00f6ljande kriterier m\u00e5ste uppfyllas f\u00f6r att du ska vara ber\u00e4ttigad till \u00e5terbetalning:<\/p>\r\n<p>&#8211; Produkten \u00e4r defekt<br \/>&#8211; Produkten motsvarar inte beskrivningen<br \/>&#8211; Produkten m\u00e5ste vara o\u00f6ppnad<br \/>&#8211; Produkten m\u00e5ste vara i originalf\u00f6rpackning<br \/>&#8211; Produkten m\u00e5ste vara oanv\u00e4nd<br \/>&#8211; Produkten f\u00e5r inte vara skadad<\/p>\r\n<p>F\u00f6r att s\u00e4kerst\u00e4lla att ovanst\u00e5ende kriterier har uppfyllts kommer alla returer att inspekteras. Om produkten inte uppfyller de angivna kriterierna f\u00f6rbeh\u00e5ller vi oss r\u00e4tten att inte utf\u00e4rda n\u00e5gon \u00e5terbetalning.<\/p>\r\n<p>Bevis p\u00e5 ink\u00f6p<\/p>\r\n<p>F\u00f6r att slutf\u00f6ra din \u00e5terbetalning beh\u00f6ver vi ett kvitto, ink\u00f6psorder eller annat bevis p\u00e5 k\u00f6pet. Observera att vi inte kommer att utf\u00e4rda n\u00e5gon \u00e5terbetalning utan ovan n\u00e4mnda ink\u00f6psbevis.<\/p>\r\n<p>Kontakta oss<\/p>\r\n<p>Om du har n\u00e5gra fr\u00e5gor, funderingar eller klagom\u00e5l ang\u00e5ende denna \u00e5terbetalningspolicy uppmanar vi dig att kontakta oss med hj\u00e4lp av uppgifterna nedan:<\/p>\r\n<p>contact@fluterm.eu<\/p>\r\n<p>Detta dokument uppdaterades senast den 26 juni 2023<\/p>\r\n","protected":false},"excerpt":{"rendered":"<p>&nbsp; Refund and returns policy V\u00e5r policy g\u00e4ller under en period av 14 kalenderdagar fr\u00e5n ink\u00f6psdatumet. Om du vill returnera produkten f\u00f6r \u00e5terbetalning under denna period kan du g\u00f6ra det f\u00f6rutsatt att villkoren nedan har uppfyllts. Observera att om 14-dagarsperioden har l\u00f6pt ut kan vi tyv\u00e4rr inte erbjuda dig n\u00e5gon \u00e5terbetalning. Krav p\u00e5 \u00e5terbetalning F\u00f6ljande&hellip;<\/p>\n","protected":false},"author":3,"featured_media":0,"parent":0,"menu_order":0,"comment_status":"closed","ping_status":"closed","template":"","meta":{"footnotes":""},"class_list":["post-4504","page","type-page","status-publish","hentry"],"acf":[],"yoast_head":"<!-- This site is optimized with the Yoast SEO plugin v21.2 - https:\/\/yoast.com\/wordpress\/plugins\/seo\/ -->\n<title>\u00c5terbetalning och returpolicy<\/title>\n<meta name=\"robots\" content=\"index, follow, max-snippet:-1, max-image-preview:large, max-video-preview:-1\" \/>\n<link rel=\"canonical\" href=\"https:\/\/fluterm.eu\/sv\/aterbetalning-och-returpolicy\/\" \/>\n<meta property=\"og:locale\" content=\"sv_SE\" \/>\n<meta property=\"og:type\" content=\"article\" \/>\n<meta property=\"og:title\" content=\"\u00c5terbetalning och returpolicy\" \/>\n<meta property=\"og:description\" content=\"&nbsp; Refund and returns policy V\u00e5r policy g\u00e4ller under en period av 14 kalenderdagar fr\u00e5n ink\u00f6psdatumet. Om du vill returnera produkten f\u00f6r \u00e5terbetalning under denna period kan du g\u00f6ra det f\u00f6rutsatt att villkoren nedan har uppfyllts. Observera att om 14-dagarsperioden har l\u00f6pt ut kan vi tyv\u00e4rr inte erbjuda dig n\u00e5gon \u00e5terbetalning. Krav p\u00e5 \u00e5terbetalning F\u00f6ljande&hellip;\" \/>\n<meta property=\"og:url\" content=\"https:\/\/fluterm.eu\/sv\/aterbetalning-och-returpolicy\/\" \/>\n<meta property=\"og:site_name\" content=\"fluterm.eu\" \/>\n<meta property=\"article:modified_time\" content=\"2024-02-18T14:13:25+00:00\" \/>\n<meta name=\"twitter:card\" content=\"summary_large_image\" \/>\n<meta name=\"twitter:label1\" content=\"Ber\u00e4knad l\u00e4stid\" \/>\n\t<meta name=\"twitter:data1\" content=\"1 minut\" \/>\n<script type=\"application\/ld+json\" class=\"yoast-schema-graph\">{\"@context\":\"https:\/\/schema.org\",\"@graph\":[{\"@type\":\"WebPage\",\"@id\":\"https:\/\/fluterm.eu\/sv\/aterbetalning-och-returpolicy\/\",\"url\":\"https:\/\/fluterm.eu\/sv\/aterbetalning-och-returpolicy\/\",\"name\":\"\u00c5terbetalning och returpolicy\",\"isPartOf\":{\"@id\":\"https:\/\/fluterm.eu\/#website\"},\"datePublished\":\"2022-10-01T05:14:55+00:00\",\"dateModified\":\"2024-02-18T14:13:25+00:00\",\"breadcrumb\":{\"@id\":\"https:\/\/fluterm.eu\/sv\/aterbetalning-och-returpolicy\/#breadcrumb\"},\"inLanguage\":\"sv-SE\",\"potentialAction\":[{\"@type\":\"ReadAction\",\"target\":[\"https:\/\/fluterm.eu\/sv\/aterbetalning-och-returpolicy\/\"]}]},{\"@type\":\"BreadcrumbList\",\"@id\":\"https:\/\/fluterm.eu\/sv\/aterbetalning-och-returpolicy\/#breadcrumb\",\"itemListElement\":[{\"@type\":\"ListItem\",\"position\":1,\"name\":\"Home\",\"item\":\"https:\/\/fluterm.eu\/sv\/butik\/\"},{\"@type\":\"ListItem\",\"position\":2,\"name\":\"\u00c5terbetalning och returpolicy\"}]},{\"@type\":\"WebSite\",\"@id\":\"https:\/\/fluterm.eu\/#website\",\"url\":\"https:\/\/fluterm.eu\/\",\"name\":\"fluterm.eu\",\"description\":\"\",\"potentialAction\":[{\"@type\":\"SearchAction\",\"target\":{\"@type\":\"EntryPoint\",\"urlTemplate\":\"https:\/\/fluterm.eu\/?s={search_term_string}\"},\"query-input\":\"required name=search_term_string\"}],\"inLanguage\":\"sv-SE\"}]}<\/script>\n<!-- \/ Yoast SEO plugin. -->","yoast_head_json":{"title":"\u00c5terbetalning och returpolicy","robots":{"index":"index","follow":"follow","max-snippet":"max-snippet:-1","max-image-preview":"max-image-preview:large","max-video-preview":"max-video-preview:-1"},"canonical":"https:\/\/fluterm.eu\/sv\/aterbetalning-och-returpolicy\/","og_locale":"sv_SE","og_type":"article","og_title":"\u00c5terbetalning och returpolicy","og_description":"&nbsp; Refund and returns policy V\u00e5r policy g\u00e4ller under en period av 14 kalenderdagar fr\u00e5n ink\u00f6psdatumet. Om du vill returnera produkten f\u00f6r \u00e5terbetalning under denna period kan du g\u00f6ra det f\u00f6rutsatt att villkoren nedan har uppfyllts. Observera att om 14-dagarsperioden har l\u00f6pt ut kan vi tyv\u00e4rr inte erbjuda dig n\u00e5gon \u00e5terbetalning. Krav p\u00e5 \u00e5terbetalning F\u00f6ljande&hellip;","og_url":"https:\/\/fluterm.eu\/sv\/aterbetalning-och-returpolicy\/","og_site_name":"fluterm.eu","article_modified_time":"2024-02-18T14:13:25+00:00","twitter_card":"summary_large_image","twitter_misc":{"Ber\u00e4knad l\u00e4stid":"1 minut"},"schema":{"@context":"https:\/\/schema.org","@graph":[{"@type":"WebPage","@id":"https:\/\/fluterm.eu\/sv\/aterbetalning-och-returpolicy\/","url":"https:\/\/fluterm.eu\/sv\/aterbetalning-och-returpolicy\/","name":"\u00c5terbetalning och returpolicy","isPartOf":{"@id":"https:\/\/fluterm.eu\/#website"},"datePublished":"2022-10-01T05:14:55+00:00","dateModified":"2024-02-18T14:13:25+00:00","breadcrumb":{"@id":"https:\/\/fluterm.eu\/sv\/aterbetalning-och-returpolicy\/#breadcrumb"},"inLanguage":"sv-SE","potentialAction":[{"@type":"ReadAction","target":["https:\/\/fluterm.eu\/sv\/aterbetalning-och-returpolicy\/"]}]},{"@type":"BreadcrumbList","@id":"https:\/\/fluterm.eu\/sv\/aterbetalning-och-returpolicy\/#breadcrumb","itemListElement":[{"@type":"ListItem","position":1,"name":"Home","item":"https:\/\/fluterm.eu\/sv\/butik\/"},{"@type":"ListItem","position":2,"name":"\u00c5terbetalning och returpolicy"}]},{"@type":"WebSite","@id":"https:\/\/fluterm.eu\/#website","url":"https:\/\/fluterm.eu\/","name":"fluterm.eu","description":"","potentialAction":[{"@type":"SearchAction","target":{"@type":"EntryPoint","urlTemplate":"https:\/\/fluterm.eu\/?s={search_term_string}"},"query-input":"required name=search_term_string"}],"inLanguage":"sv-SE"}]}},"_links":{"self":[{"href":"https:\/\/fluterm.eu\/sv\/wp-json\/wp\/v2\/pages\/4504","targetHints":{"allow":["GET"]}}],"collection":[{"href":"https:\/\/fluterm.eu\/sv\/wp-json\/wp\/v2\/pages"}],"about":[{"href":"https:\/\/fluterm.eu\/sv\/wp-json\/wp\/v2\/types\/page"}],"author":[{"embeddable":true,"href":"https:\/\/fluterm.eu\/sv\/wp-json\/wp\/v2\/users\/3"}],"replies":[{"embeddable":true,"href":"https:\/\/fluterm.eu\/sv\/wp-json\/wp\/v2\/comments?post=4504"}],"version-history":[{"count":4,"href":"https:\/\/fluterm.eu\/sv\/wp-json\/wp\/v2\/pages\/4504\/revisions"}],"predecessor-version":[{"id":17196,"href":"https:\/\/fluterm.eu\/sv\/wp-json\/wp\/v2\/pages\/4504\/revisions\/17196"}],"wp:attachment":[{"href":"https:\/\/fluterm.eu\/sv\/wp-json\/wp\/v2\/media?parent=4504"}],"curies":[{"name":"wp","href":"https:\/\/api.w.org\/{rel}","templated":true}]}}