{"id":4847,"date":"2023-07-03T11:04:14","date_gmt":"2023-07-03T08:04:14","guid":{"rendered":"https:\/\/fluterm.eu\/om-oss\/"},"modified":"2024-02-18T16:12:26","modified_gmt":"2024-02-18T14:12:26","slug":"om-oss","status":"publish","type":"page","link":"https:\/\/fluterm.eu\/sv\/om-oss\/","title":{"rendered":"Om oss"},"content":{"rendered":"\t\t<div data-elementor-type=\"wp-page\" data-elementor-id=\"4847\" class=\"elementor elementor-4847 elementor-1036\" data-elementor-post-type=\"page\">\n\t\t\t\t\t\t\t\t\t<section class=\"elementor-section elementor-top-section elementor-element elementor-element-18cab179 elementor-section-boxed elementor-section-height-default elementor-section-height-default\" data-id=\"18cab179\" data-element_type=\"section\">\n\t\t\t\t\t\t<div class=\"elementor-container elementor-column-gap-default\">\n\t\t\t\t\t<div class=\"elementor-column elementor-col-100 elementor-top-column elementor-element elementor-element-207ecfbd\" data-id=\"207ecfbd\" data-element_type=\"column\">\n\t\t\t<div class=\"elementor-widget-wrap elementor-element-populated\">\n\t\t\t\t\t\t\t\t<div class=\"elementor-element elementor-element-22bd2ad8 elementor-widget elementor-widget-text-editor\" data-id=\"22bd2ad8\" data-element_type=\"widget\" data-widget_type=\"text-editor.default\">\n\t\t\t\t<div class=\"elementor-widget-container\">\n\t\t\t<style>\/*! elementor - v3.16.0 - 14-09-2023 *\/\n.elementor-widget-text-editor.elementor-drop-cap-view-stacked .elementor-drop-cap{background-color:#69727d;color:#fff}.elementor-widget-text-editor.elementor-drop-cap-view-framed .elementor-drop-cap{color:#69727d;border:3px solid;background-color:transparent}.elementor-widget-text-editor:not(.elementor-drop-cap-view-default) .elementor-drop-cap{margin-top:8px}.elementor-widget-text-editor:not(.elementor-drop-cap-view-default) .elementor-drop-cap-letter{width:1em;height:1em}.elementor-widget-text-editor .elementor-drop-cap{float:left;text-align:center;line-height:1;font-size:50px}.elementor-widget-text-editor .elementor-drop-cap-letter{display:inline-block}<\/style>\t\t\t\t<h1>Om oss<\/h1><p>V\u00e4lkommen till COTERM LTD &#8211; leverant\u00f6r av v\u00e4rmeverktyg och tillbeh\u00f6r i Europa. Vi \u00e4r ett f\u00f6retag som tillhandah\u00e5ller f\u00f6rstklassiga v\u00e4rmeprodukter och tj\u00e4nster till v\u00e5ra kunder \u00f6ver hela landet.<\/p><p>I v\u00e5r onlinebutik fluterm.eu erbjuder vi ett brett sortiment av v\u00e4rmeprodukter f\u00f6r att tillgodose dina behov. V\u00e5ra produktkategorier omfattar olika alternativ som golvv\u00e4rmer\u00f6r, cirkulationspumpar, blandningsgrupper f\u00f6r golvv\u00e4rme, golvv\u00e4rmeautomatik, kompletta golvv\u00e4rmepaket, gaspannor, golvv\u00e4rmef\u00f6rdelare, solcellspaket, v\u00e4rmepumpar och annat.<\/p><p>P\u00e5 COTERM LTD \u00e4r vi fast beslutna att ge v\u00e5ra kunder utm\u00e4rkt service och h\u00f6gkvalitativa produkter som \u00e4r utformade f\u00f6r att h\u00e5lla l\u00e4nge. V\u00e5rt kunniga och v\u00e4nliga team finns alltid tillg\u00e4ngligt f\u00f6r att svara p\u00e5 eventuella fr\u00e5gor och v\u00e4gleda dig genom k\u00f6pprocessen.<\/p><p>Tack f\u00f6r att du v\u00e4ljer COTERM LTD f\u00f6r alla dina behov av v\u00e4rmeverktyg och tillbeh\u00f6r. Vi ser fram emot att hj\u00e4lpa dig och f\u00f6rse dig med de b\u00e4sta produkterna och den b\u00e4sta servicen i branschen.<\/p>\t\t\t\t\t\t<\/div>\n\t\t\t\t<\/div>\n\t\t\t\t\t<\/div>\n\t\t<\/div>\n\t\t\t\t\t\t\t<\/div>\n\t\t<\/section>\n\t\t\t\t\t\t\t<\/div>\n\t\t","protected":false},"excerpt":{"rendered":"<p>Om oss V\u00e4lkommen till COTERM LTD &#8211; leverant\u00f6r av v\u00e4rmeverktyg och tillbeh\u00f6r i Europa. Vi \u00e4r ett f\u00f6retag som tillhandah\u00e5ller f\u00f6rstklassiga v\u00e4rmeprodukter och tj\u00e4nster till v\u00e5ra kunder \u00f6ver hela landet. I v\u00e5r onlinebutik fluterm.eu erbjuder vi ett brett sortiment av v\u00e4rmeprodukter f\u00f6r att tillgodose dina behov. V\u00e5ra produktkategorier omfattar olika alternativ som golvv\u00e4rmer\u00f6r, cirkulationspumpar, blandningsgrupper&hellip;<\/p>\n","protected":false},"author":3,"featured_media":0,"parent":0,"menu_order":0,"comment_status":"closed","ping_status":"closed","template":"","meta":{"footnotes":""},"class_list":["post-4847","page","type-page","status-publish","hentry"],"acf":[],"yoast_head":"<!-- This site is optimized with the Yoast SEO plugin v21.2 - https:\/\/yoast.com\/wordpress\/plugins\/seo\/ -->\n<title>Om oss<\/title>\n<meta name=\"robots\" content=\"index, follow, max-snippet:-1, max-image-preview:large, max-video-preview:-1\" \/>\n<link rel=\"canonical\" href=\"https:\/\/fluterm.eu\/sv\/om-oss\/\" \/>\n<meta property=\"og:locale\" content=\"sv_SE\" \/>\n<meta property=\"og:type\" content=\"article\" \/>\n<meta property=\"og:title\" content=\"Om oss\" \/>\n<meta property=\"og:description\" content=\"Om oss V\u00e4lkommen till COTERM LTD &#8211; leverant\u00f6r av v\u00e4rmeverktyg och tillbeh\u00f6r i Europa. Vi \u00e4r ett f\u00f6retag som tillhandah\u00e5ller f\u00f6rstklassiga v\u00e4rmeprodukter och tj\u00e4nster till v\u00e5ra kunder \u00f6ver hela landet. I v\u00e5r onlinebutik fluterm.eu erbjuder vi ett brett sortiment av v\u00e4rmeprodukter f\u00f6r att tillgodose dina behov. V\u00e5ra produktkategorier omfattar olika alternativ som golvv\u00e4rmer\u00f6r, cirkulationspumpar, blandningsgrupper&hellip;\" \/>\n<meta property=\"og:url\" content=\"https:\/\/fluterm.eu\/sv\/om-oss\/\" \/>\n<meta property=\"og:site_name\" content=\"fluterm.eu\" \/>\n<meta property=\"article:modified_time\" content=\"2024-02-18T14:12:26+00:00\" \/>\n<meta name=\"twitter:card\" content=\"summary_large_image\" \/>\n<meta name=\"twitter:label1\" content=\"Ber\u00e4knad l\u00e4stid\" \/>\n\t<meta name=\"twitter:data1\" content=\"1 minut\" \/>\n<script type=\"application\/ld+json\" class=\"yoast-schema-graph\">{\"@context\":\"https:\/\/schema.org\",\"@graph\":[{\"@type\":\"WebPage\",\"@id\":\"https:\/\/fluterm.eu\/sv\/om-oss\/\",\"url\":\"https:\/\/fluterm.eu\/sv\/om-oss\/\",\"name\":\"Om oss\",\"isPartOf\":{\"@id\":\"https:\/\/fluterm.eu\/#website\"},\"datePublished\":\"2023-07-03T08:04:14+00:00\",\"dateModified\":\"2024-02-18T14:12:26+00:00\",\"breadcrumb\":{\"@id\":\"https:\/\/fluterm.eu\/sv\/om-oss\/#breadcrumb\"},\"inLanguage\":\"sv-SE\",\"potentialAction\":[{\"@type\":\"ReadAction\",\"target\":[\"https:\/\/fluterm.eu\/sv\/om-oss\/\"]}]},{\"@type\":\"BreadcrumbList\",\"@id\":\"https:\/\/fluterm.eu\/sv\/om-oss\/#breadcrumb\",\"itemListElement\":[{\"@type\":\"ListItem\",\"position\":1,\"name\":\"Home\",\"item\":\"https:\/\/fluterm.eu\/sv\/butik\/\"},{\"@type\":\"ListItem\",\"position\":2,\"name\":\"Om oss\"}]},{\"@type\":\"WebSite\",\"@id\":\"https:\/\/fluterm.eu\/#website\",\"url\":\"https:\/\/fluterm.eu\/\",\"name\":\"fluterm.eu\",\"description\":\"\",\"potentialAction\":[{\"@type\":\"SearchAction\",\"target\":{\"@type\":\"EntryPoint\",\"urlTemplate\":\"https:\/\/fluterm.eu\/?s={search_term_string}\"},\"query-input\":\"required name=search_term_string\"}],\"inLanguage\":\"sv-SE\"}]}<\/script>\n<!-- \/ Yoast SEO plugin. -->","yoast_head_json":{"title":"Om oss","robots":{"index":"index","follow":"follow","max-snippet":"max-snippet:-1","max-image-preview":"max-image-preview:large","max-video-preview":"max-video-preview:-1"},"canonical":"https:\/\/fluterm.eu\/sv\/om-oss\/","og_locale":"sv_SE","og_type":"article","og_title":"Om oss","og_description":"Om oss V\u00e4lkommen till COTERM LTD &#8211; leverant\u00f6r av v\u00e4rmeverktyg och tillbeh\u00f6r i Europa. Vi \u00e4r ett f\u00f6retag som tillhandah\u00e5ller f\u00f6rstklassiga v\u00e4rmeprodukter och tj\u00e4nster till v\u00e5ra kunder \u00f6ver hela landet. I v\u00e5r onlinebutik fluterm.eu erbjuder vi ett brett sortiment av v\u00e4rmeprodukter f\u00f6r att tillgodose dina behov. V\u00e5ra produktkategorier omfattar olika alternativ som golvv\u00e4rmer\u00f6r, cirkulationspumpar, blandningsgrupper&hellip;","og_url":"https:\/\/fluterm.eu\/sv\/om-oss\/","og_site_name":"fluterm.eu","article_modified_time":"2024-02-18T14:12:26+00:00","twitter_card":"summary_large_image","twitter_misc":{"Ber\u00e4knad l\u00e4stid":"1 minut"},"schema":{"@context":"https:\/\/schema.org","@graph":[{"@type":"WebPage","@id":"https:\/\/fluterm.eu\/sv\/om-oss\/","url":"https:\/\/fluterm.eu\/sv\/om-oss\/","name":"Om oss","isPartOf":{"@id":"https:\/\/fluterm.eu\/#website"},"datePublished":"2023-07-03T08:04:14+00:00","dateModified":"2024-02-18T14:12:26+00:00","breadcrumb":{"@id":"https:\/\/fluterm.eu\/sv\/om-oss\/#breadcrumb"},"inLanguage":"sv-SE","potentialAction":[{"@type":"ReadAction","target":["https:\/\/fluterm.eu\/sv\/om-oss\/"]}]},{"@type":"BreadcrumbList","@id":"https:\/\/fluterm.eu\/sv\/om-oss\/#breadcrumb","itemListElement":[{"@type":"ListItem","position":1,"name":"Home","item":"https:\/\/fluterm.eu\/sv\/butik\/"},{"@type":"ListItem","position":2,"name":"Om oss"}]},{"@type":"WebSite","@id":"https:\/\/fluterm.eu\/#website","url":"https:\/\/fluterm.eu\/","name":"fluterm.eu","description":"","potentialAction":[{"@type":"SearchAction","target":{"@type":"EntryPoint","urlTemplate":"https:\/\/fluterm.eu\/?s={search_term_string}"},"query-input":"required name=search_term_string"}],"inLanguage":"sv-SE"}]}},"_links":{"self":[{"href":"https:\/\/fluterm.eu\/sv\/wp-json\/wp\/v2\/pages\/4847","targetHints":{"allow":["GET"]}}],"collection":[{"href":"https:\/\/fluterm.eu\/sv\/wp-json\/wp\/v2\/pages"}],"about":[{"href":"https:\/\/fluterm.eu\/sv\/wp-json\/wp\/v2\/types\/page"}],"author":[{"embeddable":true,"href":"https:\/\/fluterm.eu\/sv\/wp-json\/wp\/v2\/users\/3"}],"replies":[{"embeddable":true,"href":"https:\/\/fluterm.eu\/sv\/wp-json\/wp\/v2\/comments?post=4847"}],"version-history":[{"count":7,"href":"https:\/\/fluterm.eu\/sv\/wp-json\/wp\/v2\/pages\/4847\/revisions"}],"predecessor-version":[{"id":17194,"href":"https:\/\/fluterm.eu\/sv\/wp-json\/wp\/v2\/pages\/4847\/revisions\/17194"}],"wp:attachment":[{"href":"https:\/\/fluterm.eu\/sv\/wp-json\/wp\/v2\/media?parent=4847"}],"curies":[{"name":"wp","href":"https:\/\/api.w.org\/{rel}","templated":true}]}}