{"id":10059,"date":"2023-08-26T10:11:27","date_gmt":"2023-08-26T07:11:27","guid":{"rendered":"https:\/\/fluterm.eu\/prod\/huawei-hybrid-sun2000-30ktl-m3-inverterar-30-000w-trefas\/"},"modified":"2023-09-06T13:41:21","modified_gmt":"2023-09-06T10:41:21","slug":"huawei-hybrid-sun2000-30ktl-m3-inverterar-30-000w-trefas","status":"publish","type":"product","link":"https:\/\/fluterm.eu\/sv\/prod\/huawei-hybrid-sun2000-30ktl-m3-inverterar-30-000w-trefas\/","title":{"rendered":"Huawei Hybrid SUN2000-30KTL-M3 Inverterar &#8211; 30.000W Trefas"},"content":{"rendered":"<p>Huawei <strong>SUN2000L-30KTL-M3<\/strong> hybridv\u00e4xelriktare \u00e4r en del av Huaweis innovativa nya sortiment av v\u00e4xelriktare f\u00f6r bost\u00e4der. Denna intelligenta v\u00e4xelriktare fr\u00e5n Huawei har aktivt skydd mot ljusb\u00e5gar, h\u00f6gre effektivitet med upp till 30% mer energi tack vare de nya SUN2000-450W-P-optimerarna och erbjuder ocks\u00e5 m\u00f6jligheten att ansluta litiumackumulatorbatterier som lg 10 charm eller det nya modul\u00e4ra batteriet fr\u00e5n Huawei LUNA2000-SO.<\/p>\n<div dir=\"ltr\">\n<p><span>Huawei SUN2000-30KTL-M3 inverter har 4 MPPT vilket g\u00f6r att panelerna kan installeras i fyra grupper s\u00e5 att varje grupp kan installeras med olika lutning, ett vanligt exempel \u00e4r installation av varje grupp i olika vingar av l\u00e4genhetens tak. Tack vare dessa integrerade MPPT-enheter maximerar Huawei SUN2000-30KTL-M3 v\u00e4xelriktaren solpanelernas effektivitet p\u00e5 ett s\u00e5dant s\u00e4tt att investeringen betalar sig snabbare eftersom maximal energi erbjuds till huset hela tiden beroende p\u00e5 antalet och typen av installerade solpaneler och den solstr\u00e5lning de tar emot.<\/span><\/p>\n<p><span>Dessutom har Huawei SUN2000-30KTL-M3-v\u00e4xelriktaren \u00e4ven en DC-fr\u00e5nskiljare, \u00f6-skydd, AC-\u00f6verstr\u00f6msskydd, DC-omv\u00e4nd polaritetsskydd och str\u00e4ng\u00f6vervakning. Huawei SUN2000-30KTL-M3-v\u00e4xelriktaren har ocks\u00e5 en enhet f\u00f6r detektering av DC-isolering och \u00f6vervakning av reststr\u00f6m. LCD-sk\u00e4rmen g\u00f6r det dessutom m\u00f6jligt att \u00f6vervaka systemets prestanda. V\u00e4xelriktaren kan arbeta mellan -25\u00baC och 60\u00baC och har kapslingsklass IP65.<\/span><\/p>\n<p><strong>Fysiska egenskaper Omriktare Huawei SUN2000-30KTL-M3 Trefas 33kVA<\/strong><\/p>\n<p><span>Huawei SUN2000-30KTL-M3 v\u00e4xelriktare har m\u00e5tten 930 x 550 x 283 mm och en vikt p\u00e5 62 kg, d\u00e4rf\u00f6r rekommenderas det att ha n\u00f6dv\u00e4ndiga medel f\u00f6r korrekt hantering och installation f\u00f6r att undvika skador. Denna v\u00e4xelriktare har en LCD-sk\u00e4rm som g\u00f6r att du kan se dess prestanda och drifthistorik.<\/span><\/p>\n<p>&nbsp;<\/p>\n<p><strong>Vanliga anv\u00e4ndningsomr\u00e5den Omriktare Huawei SUN2000-30KTL-M3 Trefas 33kVA<\/strong><\/p>\n<p><span>P\u00e5 s\u00e5 s\u00e4tt ger Huawei SUN2000-30KTL-M3-inverteraren betydande besparingar p\u00e5 elr\u00e4kningen f\u00f6r de hem som har sin vanliga f\u00f6rbrukning under dagen. Huawei SUN2000-30KTL-M3 v\u00e4xelriktare \u00e4r utformad f\u00f6r de n\u00e4tanslutningsinstallationer som inte har batterier.<\/span><\/p>\n<p>Installera v\u00e4xelriktare Huawei SUN2000-30KTL-M3 Trefas 30KTL-M3<\/p>\n<p><span>Med SUN2000-appen kan v\u00e4xelriktaren kommunicera med \u00f6vervakningssystemet via en USB-datakabel eller Bluetooth f\u00f6r att visa larm, konfigurera parametrar och utf\u00f6ra rutinm\u00e4ssiga underh\u00e5lls\u00e5tg\u00e4rder. SUN2000-applikationen \u00e4r en bekv\u00e4m plattform f\u00f6r lokal \u00f6vervakning och underh\u00e5ll.<\/span><\/p>\n<p><span>Det \u00e4r viktigt att notera att detta \u00e4r ett system som \u00e4r kompatibelt med mobiltelefoner: Android 4.0 eller senare och iOS 7.0 eller senare. Vid anv\u00e4ndning av iOS st\u00f6der applikationen endast Bluetooth-anslutning, s\u00e5 beroende p\u00e5 typ av smartphone m\u00e5ste du ansluta en USB-datakabel eller en Bluetooth-modul till omriktarens USB-port f\u00f6r att uppr\u00e4tta kommunikation mellan omriktaren och applikationen .<\/span><\/p>\n<p>F\u00f6r att ladda ner applikationen, bes\u00f6k Huawei App Store<a href=\"http:\/\/appstore.huawei.com\/\">(http:\/\/appstore.huawei.com<\/a>), Google Play<a href=\"https:\/\/play.google.com\/\">(https:\/\/play.google.com)<\/a> eller App Store (iOS), s\u00f6k efter SUN2000 och ladda ner installationspaketet f\u00f6r SUN2000-applikationen.<\/p>\n<\/div>\n","protected":false},"excerpt":{"rendered":"<p>Huawei SUN2000L-30KTL-M3 hybridv\u00e4xelriktare \u00e4r en del av Huaweis innovativa nya sortiment av v\u00e4xelriktare f\u00f6r bost\u00e4der. Denna intelligenta v\u00e4xelriktare fr\u00e5n Huawei har aktivt skydd mot ljusb\u00e5gar, h\u00f6gre effektivitet med upp till 30% mer energi tack vare de nya SUN2000-450W-P-optimerarna och erbjuder ocks\u00e5 m\u00f6jligheten att ansluta litiumackumulatorbatterier som lg 10 charm eller det nya modul\u00e4ra batteriet fr\u00e5n&hellip;<\/p>\n","protected":false},"featured_media":10065,"comment_status":"open","ping_status":"closed","template":"","meta":[],"product_cat":[776],"product_tag":[],"class_list":{"0":"post-10059","1":"product","2":"type-product","3":"status-publish","4":"has-post-thumbnail","6":"product_cat-fotovoltaiska-byggsatser","8":"first","9":"instock","10":"taxable","11":"shipping-taxable","12":"purchasable","13":"product-type-simple","14":"col-xs-6 col-sm-4","15":"col-md-4 col-lg-4","16":"un-3-cols"},"acf":[],"yoast_head":"<!-- This site is optimized with the Yoast SEO plugin v21.2 - https:\/\/yoast.com\/wordpress\/plugins\/seo\/ -->\n<title>Huawei Hybrid SUN2000-30KTL-M3 Inverterar - 30.000W Trefas<\/title>\n<meta name=\"description\" content=\"Order Huawei Hybrid SUN2000-30KTL-M3 Inverterar - 30.000W Trefas at a best price.\" \/>\n<meta name=\"robots\" content=\"index, follow, max-snippet:-1, max-image-preview:large, max-video-preview:-1\" \/>\n<link rel=\"canonical\" href=\"https:\/\/fluterm.eu\/sv\/prod\/huawei-hybrid-sun2000-30ktl-m3-inverterar-30-000w-trefas\/\" \/>\n<meta property=\"og:locale\" content=\"sv_SE\" \/>\n<meta property=\"og:type\" content=\"article\" \/>\n<meta property=\"og:title\" content=\"Huawei Hybrid SUN2000-30KTL-M3 Inverterar - 30.000W Trefas\" \/>\n<meta property=\"og:description\" content=\"Order Huawei Hybrid SUN2000-30KTL-M3 Inverterar - 30.000W Trefas at a best price.\" \/>\n<meta property=\"og:url\" content=\"https:\/\/fluterm.eu\/sv\/prod\/huawei-hybrid-sun2000-30ktl-m3-inverterar-30-000w-trefas\/\" \/>\n<meta property=\"og:site_name\" content=\"fluterm.eu\" \/>\n<meta property=\"article:modified_time\" content=\"2023-09-06T10:41:21+00:00\" \/>\n<meta property=\"og:image\" content=\"https:\/\/fluterm.eu\/wp-content\/uploads\/2023\/08\/1E9E838C-EACF-419A-B06B-AABF7CEF5CD9_4_5005_c.jpeg\" \/>\n\t<meta property=\"og:image:width\" content=\"296\" \/>\n\t<meta property=\"og:image:height\" content=\"296\" \/>\n\t<meta property=\"og:image:type\" content=\"image\/jpeg\" \/>\n<meta name=\"twitter:card\" content=\"summary_large_image\" \/>\n<meta name=\"twitter:label1\" content=\"Ber\u00e4knad l\u00e4stid\" \/>\n\t<meta name=\"twitter:data1\" content=\"3 minuter\" \/>\n<script type=\"application\/ld+json\" class=\"yoast-schema-graph\">{\"@context\":\"https:\/\/schema.org\",\"@graph\":[{\"@type\":\"WebPage\",\"@id\":\"https:\/\/fluterm.eu\/sv\/prod\/huawei-hybrid-sun2000-30ktl-m3-inverterar-30-000w-trefas\/\",\"url\":\"https:\/\/fluterm.eu\/sv\/prod\/huawei-hybrid-sun2000-30ktl-m3-inverterar-30-000w-trefas\/\",\"name\":\"Huawei Hybrid SUN2000-30KTL-M3 Inverterar - 30.000W Trefas\",\"isPartOf\":{\"@id\":\"https:\/\/fluterm.eu\/#website\"},\"datePublished\":\"2023-08-26T07:11:27+00:00\",\"dateModified\":\"2023-09-06T10:41:21+00:00\",\"description\":\"Order Huawei Hybrid SUN2000-30KTL-M3 Inverterar - 30.000W Trefas at a best price.\",\"breadcrumb\":{\"@id\":\"https:\/\/fluterm.eu\/sv\/prod\/huawei-hybrid-sun2000-30ktl-m3-inverterar-30-000w-trefas\/#breadcrumb\"},\"inLanguage\":\"sv-SE\",\"potentialAction\":[{\"@type\":\"ReadAction\",\"target\":[\"https:\/\/fluterm.eu\/sv\/prod\/huawei-hybrid-sun2000-30ktl-m3-inverterar-30-000w-trefas\/\"]}]},{\"@type\":\"BreadcrumbList\",\"@id\":\"https:\/\/fluterm.eu\/sv\/prod\/huawei-hybrid-sun2000-30ktl-m3-inverterar-30-000w-trefas\/#breadcrumb\",\"itemListElement\":[{\"@type\":\"ListItem\",\"position\":1,\"name\":\"Home\",\"item\":\"https:\/\/fluterm.eu\/sv\/butik\/\"},{\"@type\":\"ListItem\",\"position\":2,\"name\":\"Butik\",\"item\":\"https:\/\/fluterm.eu\/sv\/butik\/\"},{\"@type\":\"ListItem\",\"position\":3,\"name\":\"Huawei Hybrid SUN2000-30KTL-M3 Inverterar &#8211; 30.000W Trefas\"}]},{\"@type\":\"WebSite\",\"@id\":\"https:\/\/fluterm.eu\/#website\",\"url\":\"https:\/\/fluterm.eu\/\",\"name\":\"fluterm.eu\",\"description\":\"\",\"potentialAction\":[{\"@type\":\"SearchAction\",\"target\":{\"@type\":\"EntryPoint\",\"urlTemplate\":\"https:\/\/fluterm.eu\/?s={search_term_string}\"},\"query-input\":\"required name=search_term_string\"}],\"inLanguage\":\"sv-SE\"}]}<\/script>\n<!-- \/ Yoast SEO plugin. -->","yoast_head_json":{"title":"Huawei Hybrid SUN2000-30KTL-M3 Inverterar - 30.000W Trefas","description":"Order Huawei Hybrid SUN2000-30KTL-M3 Inverterar - 30.000W Trefas at a best price.","robots":{"index":"index","follow":"follow","max-snippet":"max-snippet:-1","max-image-preview":"max-image-preview:large","max-video-preview":"max-video-preview:-1"},"canonical":"https:\/\/fluterm.eu\/sv\/prod\/huawei-hybrid-sun2000-30ktl-m3-inverterar-30-000w-trefas\/","og_locale":"sv_SE","og_type":"article","og_title":"Huawei Hybrid SUN2000-30KTL-M3 Inverterar - 30.000W Trefas","og_description":"Order Huawei Hybrid SUN2000-30KTL-M3 Inverterar - 30.000W Trefas at a best price.","og_url":"https:\/\/fluterm.eu\/sv\/prod\/huawei-hybrid-sun2000-30ktl-m3-inverterar-30-000w-trefas\/","og_site_name":"fluterm.eu","article_modified_time":"2023-09-06T10:41:21+00:00","og_image":[{"width":296,"height":296,"url":"https:\/\/fluterm.eu\/wp-content\/uploads\/2023\/08\/1E9E838C-EACF-419A-B06B-AABF7CEF5CD9_4_5005_c.jpeg","type":"image\/jpeg"}],"twitter_card":"summary_large_image","twitter_misc":{"Ber\u00e4knad l\u00e4stid":"3 minuter"},"schema":{"@context":"https:\/\/schema.org","@graph":[{"@type":"WebPage","@id":"https:\/\/fluterm.eu\/sv\/prod\/huawei-hybrid-sun2000-30ktl-m3-inverterar-30-000w-trefas\/","url":"https:\/\/fluterm.eu\/sv\/prod\/huawei-hybrid-sun2000-30ktl-m3-inverterar-30-000w-trefas\/","name":"Huawei Hybrid SUN2000-30KTL-M3 Inverterar - 30.000W Trefas","isPartOf":{"@id":"https:\/\/fluterm.eu\/#website"},"datePublished":"2023-08-26T07:11:27+00:00","dateModified":"2023-09-06T10:41:21+00:00","description":"Order Huawei Hybrid SUN2000-30KTL-M3 Inverterar - 30.000W Trefas at a best price.","breadcrumb":{"@id":"https:\/\/fluterm.eu\/sv\/prod\/huawei-hybrid-sun2000-30ktl-m3-inverterar-30-000w-trefas\/#breadcrumb"},"inLanguage":"sv-SE","potentialAction":[{"@type":"ReadAction","target":["https:\/\/fluterm.eu\/sv\/prod\/huawei-hybrid-sun2000-30ktl-m3-inverterar-30-000w-trefas\/"]}]},{"@type":"BreadcrumbList","@id":"https:\/\/fluterm.eu\/sv\/prod\/huawei-hybrid-sun2000-30ktl-m3-inverterar-30-000w-trefas\/#breadcrumb","itemListElement":[{"@type":"ListItem","position":1,"name":"Home","item":"https:\/\/fluterm.eu\/sv\/butik\/"},{"@type":"ListItem","position":2,"name":"Butik","item":"https:\/\/fluterm.eu\/sv\/butik\/"},{"@type":"ListItem","position":3,"name":"Huawei Hybrid SUN2000-30KTL-M3 Inverterar &#8211; 30.000W Trefas"}]},{"@type":"WebSite","@id":"https:\/\/fluterm.eu\/#website","url":"https:\/\/fluterm.eu\/","name":"fluterm.eu","description":"","potentialAction":[{"@type":"SearchAction","target":{"@type":"EntryPoint","urlTemplate":"https:\/\/fluterm.eu\/?s={search_term_string}"},"query-input":"required name=search_term_string"}],"inLanguage":"sv-SE"}]}},"_links":{"self":[{"href":"https:\/\/fluterm.eu\/sv\/wp-json\/wp\/v2\/product\/10059","targetHints":{"allow":["GET"]}}],"collection":[{"href":"https:\/\/fluterm.eu\/sv\/wp-json\/wp\/v2\/product"}],"about":[{"href":"https:\/\/fluterm.eu\/sv\/wp-json\/wp\/v2\/types\/product"}],"replies":[{"embeddable":true,"href":"https:\/\/fluterm.eu\/sv\/wp-json\/wp\/v2\/comments?post=10059"}],"version-history":[{"count":1,"href":"https:\/\/fluterm.eu\/sv\/wp-json\/wp\/v2\/product\/10059\/revisions"}],"predecessor-version":[{"id":13925,"href":"https:\/\/fluterm.eu\/sv\/wp-json\/wp\/v2\/product\/10059\/revisions\/13925"}],"wp:featuredmedia":[{"embeddable":true,"href":"https:\/\/fluterm.eu\/sv\/wp-json\/wp\/v2\/media\/10065"}],"wp:attachment":[{"href":"https:\/\/fluterm.eu\/sv\/wp-json\/wp\/v2\/media?parent=10059"}],"wp:term":[{"taxonomy":"product_cat","embeddable":true,"href":"https:\/\/fluterm.eu\/sv\/wp-json\/wp\/v2\/product_cat?post=10059"},{"taxonomy":"product_tag","embeddable":true,"href":"https:\/\/fluterm.eu\/sv\/wp-json\/wp\/v2\/product_tag?post=10059"}],"curies":[{"name":"wp","href":"https:\/\/api.w.org\/{rel}","templated":true}]}}